{"id":621,"date":"2024-07-09T15:07:06","date_gmt":"2024-07-09T13:07:06","guid":{"rendered":"https:\/\/batir-en-alu-pro.local\/pros\/?page_id=621"},"modified":"2026-02-25T10:15:43","modified_gmt":"2026-02-25T09:15:43","slug":"demarches-environnementales","status":"publish","type":"page","link":"https:\/\/www.batir-en-alu.fr\/pros\/demarches-environnementales\/","title":{"rendered":"D\u00e9marches environnementales"},"content":{"rendered":"\n\n\n\t<div class=\"align wp-block-acf-layout-wrap\">\n\n\t\n\n\t\t<div class=\"layout-wrap\" >\n\t\t<div class=\"innerblock\">\n\n\n\n\t<div class=\"align wp-block-acf-paragraphs\">\n\n\t\n\n\t\t<div class=\"paragraphs container\">\n\n\t\t\t\t\t\t\t<div class=\"paragraphs__content\">\n\t\t\t\t\t\t\t\t\t\t\t\t\t\t\t\t\t\t\t\t<div class=\"paragraphs__content__text\"><p><strong>La RE2020 introduit des seuils obligatoires pour r\u00e9duire l\u2019empreinte carbone des b\u00e2timents. Ces exigences, au nombre de six, couvrent les aspects \u00e9nerg\u00e9tiques, les \u00e9missions de carbone et le confort d\u2019\u00e9t\u00e9. Parmi elles,\u00a0le seuil Ic construction \u00e9tablit des plafonds progressifs sur les \u00e9missions de CO<\/strong><strong>\u2082 li\u00e9es aux mat\u00e9riaux et aux processus de construction. Ce seuil est d\u00e9termin\u00e9 dans le cadre de la RE2020 \u00e0 partir de l\u2019Analyse de Cycle de Vie (ACV) des b\u00e2timents, r\u00e9alis\u00e9e \u00e0 l\u2019aide des donn\u00e9es environnementales fournies par les FDES des produits utilis\u00e9s.\u00a0<\/strong><\/p>\n<p>Les menuiseries en aluminium allient durabilit\u00e9, esth\u00e9tique et respect de l\u2019environnement. Fabriqu\u00e9es \u00e0 partir d\u2019un mat\u00e9riau recyclable \u00e0 l\u2019infini, elles int\u00e8grent une d\u00e9marche responsable sur l\u2019ensemble de leur cycle de vie. Les <strong>Fiches de D\u00e9clarations Environnementales et Sanitaires (FDES)<\/strong>, sp\u00e9cifiques \u00e0 chaque menuiserie, \u00e9valuent leur impact environnemental &#8211; incluant le poids carbone de l\u2019aluminium et sa recyclabilit\u00e9 \u2014 ainsi que leur contribution \u00e0 la qualit\u00e9 de vie int\u00e9rieure. D\u00e9couvrez comment ces solutions performantes r\u00e9pondent aux enjeux du b\u00e2timent durable, en conciliant innovation, efficacit\u00e9 \u00e9nerg\u00e9tique et pr\u00e9servation des ressources.<\/p>\n<\/div>\n\t\t\t\t\t\t\t\t\t\t\t\t\t\t\t\t\t\t\t\t\t\t<\/div>\n\t\t\t<\/div>\n\n\t<\/div>\n\n\n\n\n<style>\n\t#block_fcbaab721eb549cf6693c84ecdd2d3ea{height:16px;}\n<\/style>\n\n\t<div class=\"align wp-block-acf-spacer\" id=\"block_fcbaab721eb549cf6693c84ecdd2d3ea\">\n\n\t\n\n\t\t\n\t<\/div>\n\n\n\n\n\n\t<div class=\"align wp-block-acf-labels-grid\">\n\n\t\n\n\t\t<div class=\"cards container\">\n\t\t\t\t\t\t\t\t\t\t\t<div class=\"card has-title\">\n\t\t\t\t\t\t\t\t\t\t\t\t\t\t<figure class=\"card__image\">\n\t\t\t\t\t\t\t\t\t\t\t\t<a href=\"https:\/\/www.batir-en-alu.fr\/pros\/demarches-environnementales\/demarche-de-tracabilite-aluc\/\" target=\"\">\n\t\t\t\t\t\t\t\t\t\t\t\t\t\t\t\t<img decoding=\"async\" class=\"img\" src=\"https:\/\/www.batir-en-alu.fr\/pros\/wp-content\/uploads\/sites\/3\/2024\/07\/logo_aluC-_couleur@2x.png\" srcset=\"https:\/\/www.batir-en-alu.fr\/pros\/wp-content\/uploads\/sites\/3\/2024\/07\/logo_aluC-_couleur@2x.png 470w, https:\/\/www.batir-en-alu.fr\/pros\/wp-content\/uploads\/sites\/3\/2024\/07\/logo_aluC-_couleur@2x-300x202.png 300w\" sizes=\"(max-width: 470px) 100vw, 470px\" loading=\"lazy\" alt=\"alu+C-\"\/>\n\t\t\t\t\t\t\t\t\t\t\t\t\t\t\t\t\t\t\t\t<\/a>\n\t\t\t\t\t\t\t\t\t\t\t<\/figure>\n\t\t\t\t\t\t\t\t\t\t\t\t\t<h2 class=\"card__title h2\">D\u00e9marche de tra\u00e7abilit\u00e9 Alu+C-<\/h2>\n\t\t\t\t\t\t\t\t\t\t\t\t\t\t\t\t\t<div class=\"card__button\">\n\t\t\t\t\t\t\n\n<a href=\"https:\/\/www.batir-en-alu.fr\/pros\/demarches-environnementales\/demarche-de-tracabilite-aluc\/\" class=\"button-primary--outline\"  >\n\t\t\t<span class=\"button__text\">\n\t\t\t\t\t\tD\u00e9marche de tra\u00e7abilit\u00e9 Alu+C-\n\t\t<\/span>\n\t\t\t\t<span class=\"button__arrow\">\n\t\t\t<svg xmlns=\"http:\/\/www.w3.org\/2000\/svg\" viewBox=\"0 0 25.426 11.208\"><g data-name=\"Groupe 11\" fill=\"none\" stroke=\"#248cd9\" stroke-width=\"2\"><path data-name=\"Trac\u00e9 16\" d=\"m19.272 10.501 4.739-4.739L18.956.707\"\/><path data-name=\"Ligne 9\" d=\"M0 5.762h24.011\"\/><\/g><\/svg>\n\t\t<\/span>\n\t<\/a>\n\n\t\t\t\t\t<\/div>\n\t\t\t\t\n\n\t\t\t<\/div>\n\n\t\t\t\t\t\t\t\t\t\t\t<div class=\"card has-title\">\n\t\t\t\t\t\t\t\t\t\t\t\t\t\t<figure class=\"card__image\">\n\t\t\t\t\t\t\t\t\t\t\t\t\t\t\t\t<img decoding=\"async\" class=\"img\" src=\"https:\/\/www.batir-en-alu.fr\/pros\/wp-content\/uploads\/sites\/3\/2024\/07\/logo-FDES@2x.png\" srcset=\"https:\/\/www.batir-en-alu.fr\/pros\/wp-content\/uploads\/sites\/3\/2024\/07\/logo-FDES@2x.png 380w, https:\/\/www.batir-en-alu.fr\/pros\/wp-content\/uploads\/sites\/3\/2024\/07\/logo-FDES@2x-300x300.png 300w, https:\/\/www.batir-en-alu.fr\/pros\/wp-content\/uploads\/sites\/3\/2024\/07\/logo-FDES@2x-150x150.png 150w\" sizes=\"(max-width: 380px) 100vw, 380px\" loading=\"lazy\" alt=\"FDES - v\u00e9rifi\u00e9s inies\"\/>\n\t\t\t\t\t\t\t\t\t\t\t\t\t\t\t\t\t\t\t<\/figure>\n\t\t\t\t\t\t\t\t\t\t\t\t\t<h2 class=\"card__title h2\">FDES<\/h2>\n\t\t\t\t\t\t\t\t\t\t\t\t\t<div class=\"card__text\"><div class=\"card__button\"><a class=\"button-primary--outline\" href=\"https:\/\/www.batir-en-alu.fr\/pros\/demarches-environnementales\/analyse-du-cycle-de-vie-et-fdes\/\"><span class=\"button__text\">Analyse du cycle de vie et FDES<\/span> <\/a><\/div>\n<div class=\"card__button\"><a class=\"button-primary--outline\" href=\"https:\/\/www.batir-en-alu.fr\/pros\/demarches-environnementales\/fdes-collectives-disponibles\/\"><span class=\"button__text\">FDES collectives disponibles<\/span><\/a><\/div>\n<\/div>\n\t\t\t\t\t\t\t\t\n\n\t\t\t<\/div>\n\n\t\t\t<\/div>\n\n\t<\/div>\n\n\n\n\n\n\t<div class=\"align wp-block-acf-image-links\">\n\n\t\n\n\t\t<div class=\"image-links container\">\n\t\t\t\t\t<h2 class=\"image-links__title h2\">Configurer vos FDES chantiers<\/h2>\n\t\t\t\t<div class=\"image-links__buttons\">\n\t\t\t\t\t\t\t\t\t\t\t<div class=\"image-links__item\">\n\t\t\t\t\t<a href=\"https:\/\/configalu.batir-en-alu.fr\/\" class=\"image-link\" target=\"_blank\">\n\t\t\t\t\t\t\t\t\t<img decoding=\"async\" class=\"img\" src=\"https:\/\/www.batir-en-alu.fr\/pros\/wp-content\/uploads\/sites\/3\/2026\/01\/Configalu_blanc_RVB@2x-e1763033137685.webp\" srcset=\"https:\/\/www.batir-en-alu.fr\/pros\/wp-content\/uploads\/sites\/3\/2026\/01\/Configalu_blanc_RVB@2x-e1763033137685.webp 542w, https:\/\/www.batir-en-alu.fr\/pros\/wp-content\/uploads\/sites\/3\/2026\/01\/Configalu_blanc_RVB@2x-e1763033137685-300x83.webp 300w\" sizes=\"(max-width: 542px) 100vw, 542px\" loading=\"lazy\" alt=\"Config'Alu - Une initiative du SNFA\"\/>\n\t\t\t\t\t\t<\/a>\n\t\t\t\t<\/div>\n\t\t\t\t\t<\/div>\n\t<\/div>\n\n\t<\/div>\n\n<\/div>\n\t<\/div>\n\n\t<\/div>\n","protected":false},"excerpt":{"rendered":"","protected":false},"author":21,"featured_media":622,"parent":0,"menu_order":0,"comment_status":"closed","ping_status":"closed","template":"","meta":{"_acf_changed":false,"footnotes":""},"class_list":["post-621","page","type-page","status-publish","has-post-thumbnail","hentry"],"acf":[],"yoast_head":"<!-- This site is optimized with the Yoast SEO plugin v26.9 - https:\/\/yoast.com\/product\/yoast-seo-wordpress\/ -->\n<title>D\u00e9marches environnementales - B\u00e2tir en Alu.fr - Professionnels<\/title>\n<meta name=\"description\" content=\"D\u00e9marches environnementales de la menuiserie aluminium : RE2020, FDES, tra\u00e7abilit\u00e9 Alu+C- et analyse du cycle de vie. Conciliez performance et b\u00e2timent durable.\" \/>\n<meta name=\"robots\" content=\"index, follow, max-snippet:-1, max-image-preview:large, max-video-preview:-1\" \/>\n<link rel=\"canonical\" href=\"https:\/\/www.batir-en-alu.fr\/pros\/demarches-environnementales\/\" \/>\n<meta property=\"og:locale\" content=\"fr_FR\" \/>\n<meta property=\"og:type\" content=\"article\" \/>\n<meta property=\"og:title\" content=\"D\u00e9marches environnementales - B\u00e2tir en Alu.fr - Professionnels\" \/>\n<meta property=\"og:description\" content=\"D\u00e9marches environnementales de la menuiserie aluminium : RE2020, FDES, tra\u00e7abilit\u00e9 Alu+C- et analyse du cycle de vie. Conciliez performance et b\u00e2timent durable.\" \/>\n<meta property=\"og:url\" content=\"https:\/\/www.batir-en-alu.fr\/pros\/demarches-environnementales\/\" \/>\n<meta property=\"og:site_name\" content=\"B\u00e2tir en Alu.fr - Professionnels\" \/>\n<meta property=\"article:modified_time\" content=\"2026-02-25T09:15:43+00:00\" \/>\n<meta property=\"og:image\" content=\"https:\/\/www.batir-en-alu.fr\/pros\/wp-content\/uploads\/sites\/3\/2024\/07\/SEB0041-opt.png\" \/>\n\t<meta property=\"og:image:width\" content=\"1919\" \/>\n\t<meta property=\"og:image:height\" content=\"500\" \/>\n\t<meta property=\"og:image:type\" content=\"image\/png\" \/>\n<meta name=\"twitter:card\" content=\"summary_large_image\" \/>\n<meta name=\"twitter:label1\" content=\"Dur\u00e9e de lecture estim\u00e9e\" \/>\n\t<meta name=\"twitter:data1\" content=\"1 minute\" \/>\n<script type=\"application\/ld+json\" class=\"yoast-schema-graph\">{\"@context\":\"https:\/\/schema.org\",\"@graph\":[{\"@type\":\"WebPage\",\"@id\":\"https:\/\/www.batir-en-alu.fr\/pros\/demarches-environnementales\/\",\"url\":\"https:\/\/www.batir-en-alu.fr\/pros\/demarches-environnementales\/\",\"name\":\"D\u00e9marches environnementales - B\u00e2tir en Alu.fr - Professionnels\",\"isPartOf\":{\"@id\":\"https:\/\/www.batir-en-alu.fr\/pros\/#website\"},\"primaryImageOfPage\":{\"@id\":\"https:\/\/www.batir-en-alu.fr\/pros\/demarches-environnementales\/#primaryimage\"},\"image\":{\"@id\":\"https:\/\/www.batir-en-alu.fr\/pros\/demarches-environnementales\/#primaryimage\"},\"thumbnailUrl\":\"https:\/\/www.batir-en-alu.fr\/pros\/wp-content\/uploads\/sites\/3\/2024\/07\/SEB0041-opt.png\",\"datePublished\":\"2024-07-09T13:07:06+00:00\",\"dateModified\":\"2026-02-25T09:15:43+00:00\",\"description\":\"D\u00e9marches environnementales de la menuiserie aluminium : RE2020, FDES, tra\u00e7abilit\u00e9 Alu+C- et analyse du cycle de vie. Conciliez performance et b\u00e2timent durable.\",\"breadcrumb\":{\"@id\":\"https:\/\/www.batir-en-alu.fr\/pros\/demarches-environnementales\/#breadcrumb\"},\"inLanguage\":\"fr-FR\",\"potentialAction\":[{\"@type\":\"ReadAction\",\"target\":[\"https:\/\/www.batir-en-alu.fr\/pros\/demarches-environnementales\/\"]}]},{\"@type\":\"ImageObject\",\"inLanguage\":\"fr-FR\",\"@id\":\"https:\/\/www.batir-en-alu.fr\/pros\/demarches-environnementales\/#primaryimage\",\"url\":\"https:\/\/www.batir-en-alu.fr\/pros\/wp-content\/uploads\/sites\/3\/2024\/07\/SEB0041-opt.png\",\"contentUrl\":\"https:\/\/www.batir-en-alu.fr\/pros\/wp-content\/uploads\/sites\/3\/2024\/07\/SEB0041-opt.png\",\"width\":1919,\"height\":500},{\"@type\":\"BreadcrumbList\",\"@id\":\"https:\/\/www.batir-en-alu.fr\/pros\/demarches-environnementales\/#breadcrumb\",\"itemListElement\":[{\"@type\":\"ListItem\",\"position\":1,\"name\":\"\u00b7\u00b7\u00b7\",\"item\":\"https:\/\/www.batir-en-alu.fr\/pros\"},{\"@type\":\"ListItem\",\"position\":2,\"name\":\"B\u00e2tir En Alu\",\"item\":\"https:\/\/www.batir-en-alu.fr\/\"},{\"@type\":\"ListItem\",\"position\":3,\"name\":\"Professionnels\",\"item\":\"https:\/\/www.batir-en-alu.fr\/pros\/\"},{\"@type\":\"ListItem\",\"position\":4,\"name\":\"D\u00e9marches environnementales\"}]},{\"@type\":\"WebSite\",\"@id\":\"https:\/\/www.batir-en-alu.fr\/pros\/#website\",\"url\":\"https:\/\/www.batir-en-alu.fr\/pros\/\",\"name\":\"B\u00e2tir en alu Professionnels\",\"description\":\"Professionnels de la Menuiserie aluminium\",\"publisher\":{\"@id\":\"https:\/\/www.batir-en-alu.fr\/pros\/#organization\"},\"potentialAction\":[{\"@type\":\"SearchAction\",\"target\":{\"@type\":\"EntryPoint\",\"urlTemplate\":\"https:\/\/www.batir-en-alu.fr\/pros\/?s={search_term_string}\"},\"query-input\":{\"@type\":\"PropertyValueSpecification\",\"valueRequired\":true,\"valueName\":\"search_term_string\"}}],\"inLanguage\":\"fr-FR\"},{\"@type\":\"Organization\",\"@id\":\"https:\/\/www.batir-en-alu.fr\/pros\/#organization\",\"name\":\"B\u00e2tir en alu Professionnels\",\"url\":\"https:\/\/www.batir-en-alu.fr\/pros\/\",\"logo\":{\"@type\":\"ImageObject\",\"inLanguage\":\"fr-FR\",\"@id\":\"https:\/\/www.batir-en-alu.fr\/pros\/#\/schema\/logo\/image\/\",\"url\":\"https:\/\/www.batir-en-alu.fr\/pros\/wp-content\/uploads\/sites\/3\/2026\/03\/logo-batir-en-alu-pro.webp\",\"contentUrl\":\"https:\/\/www.batir-en-alu.fr\/pros\/wp-content\/uploads\/sites\/3\/2026\/03\/logo-batir-en-alu-pro.webp\",\"width\":276,\"height\":310,\"caption\":\"B\u00e2tir en alu Professionnels\"},\"image\":{\"@id\":\"https:\/\/www.batir-en-alu.fr\/pros\/#\/schema\/logo\/image\/\"}}]}<\/script>\n<!-- \/ Yoast SEO plugin. -->","yoast_head_json":{"title":"D\u00e9marches environnementales - B\u00e2tir en Alu.fr - Professionnels","description":"D\u00e9marches environnementales de la menuiserie aluminium : RE2020, FDES, tra\u00e7abilit\u00e9 Alu+C- et analyse du cycle de vie. Conciliez performance et b\u00e2timent durable.","robots":{"index":"index","follow":"follow","max-snippet":"max-snippet:-1","max-image-preview":"max-image-preview:large","max-video-preview":"max-video-preview:-1"},"canonical":"https:\/\/www.batir-en-alu.fr\/pros\/demarches-environnementales\/","og_locale":"fr_FR","og_type":"article","og_title":"D\u00e9marches environnementales - B\u00e2tir en Alu.fr - Professionnels","og_description":"D\u00e9marches environnementales de la menuiserie aluminium : RE2020, FDES, tra\u00e7abilit\u00e9 Alu+C- et analyse du cycle de vie. Conciliez performance et b\u00e2timent durable.","og_url":"https:\/\/www.batir-en-alu.fr\/pros\/demarches-environnementales\/","og_site_name":"B\u00e2tir en Alu.fr - Professionnels","article_modified_time":"2026-02-25T09:15:43+00:00","og_image":[{"width":1919,"height":500,"url":"https:\/\/www.batir-en-alu.fr\/pros\/wp-content\/uploads\/sites\/3\/2024\/07\/SEB0041-opt.png","type":"image\/png"}],"twitter_card":"summary_large_image","twitter_misc":{"Dur\u00e9e de lecture estim\u00e9e":"1 minute"},"schema":{"@context":"https:\/\/schema.org","@graph":[{"@type":"WebPage","@id":"https:\/\/www.batir-en-alu.fr\/pros\/demarches-environnementales\/","url":"https:\/\/www.batir-en-alu.fr\/pros\/demarches-environnementales\/","name":"D\u00e9marches environnementales - B\u00e2tir en Alu.fr - Professionnels","isPartOf":{"@id":"https:\/\/www.batir-en-alu.fr\/pros\/#website"},"primaryImageOfPage":{"@id":"https:\/\/www.batir-en-alu.fr\/pros\/demarches-environnementales\/#primaryimage"},"image":{"@id":"https:\/\/www.batir-en-alu.fr\/pros\/demarches-environnementales\/#primaryimage"},"thumbnailUrl":"https:\/\/www.batir-en-alu.fr\/pros\/wp-content\/uploads\/sites\/3\/2024\/07\/SEB0041-opt.png","datePublished":"2024-07-09T13:07:06+00:00","dateModified":"2026-02-25T09:15:43+00:00","description":"D\u00e9marches environnementales de la menuiserie aluminium : RE2020, FDES, tra\u00e7abilit\u00e9 Alu+C- et analyse du cycle de vie. Conciliez performance et b\u00e2timent durable.","breadcrumb":{"@id":"https:\/\/www.batir-en-alu.fr\/pros\/demarches-environnementales\/#breadcrumb"},"inLanguage":"fr-FR","potentialAction":[{"@type":"ReadAction","target":["https:\/\/www.batir-en-alu.fr\/pros\/demarches-environnementales\/"]}]},{"@type":"ImageObject","inLanguage":"fr-FR","@id":"https:\/\/www.batir-en-alu.fr\/pros\/demarches-environnementales\/#primaryimage","url":"https:\/\/www.batir-en-alu.fr\/pros\/wp-content\/uploads\/sites\/3\/2024\/07\/SEB0041-opt.png","contentUrl":"https:\/\/www.batir-en-alu.fr\/pros\/wp-content\/uploads\/sites\/3\/2024\/07\/SEB0041-opt.png","width":1919,"height":500},{"@type":"BreadcrumbList","@id":"https:\/\/www.batir-en-alu.fr\/pros\/demarches-environnementales\/#breadcrumb","itemListElement":[{"@type":"ListItem","position":1,"name":"\u00b7\u00b7\u00b7","item":"https:\/\/www.batir-en-alu.fr\/pros"},{"@type":"ListItem","position":2,"name":"B\u00e2tir En Alu","item":"https:\/\/www.batir-en-alu.fr\/"},{"@type":"ListItem","position":3,"name":"Professionnels","item":"https:\/\/www.batir-en-alu.fr\/pros\/"},{"@type":"ListItem","position":4,"name":"D\u00e9marches environnementales"}]},{"@type":"WebSite","@id":"https:\/\/www.batir-en-alu.fr\/pros\/#website","url":"https:\/\/www.batir-en-alu.fr\/pros\/","name":"B\u00e2tir en alu Professionnels","description":"Professionnels de la Menuiserie aluminium","publisher":{"@id":"https:\/\/www.batir-en-alu.fr\/pros\/#organization"},"potentialAction":[{"@type":"SearchAction","target":{"@type":"EntryPoint","urlTemplate":"https:\/\/www.batir-en-alu.fr\/pros\/?s={search_term_string}"},"query-input":{"@type":"PropertyValueSpecification","valueRequired":true,"valueName":"search_term_string"}}],"inLanguage":"fr-FR"},{"@type":"Organization","@id":"https:\/\/www.batir-en-alu.fr\/pros\/#organization","name":"B\u00e2tir en alu Professionnels","url":"https:\/\/www.batir-en-alu.fr\/pros\/","logo":{"@type":"ImageObject","inLanguage":"fr-FR","@id":"https:\/\/www.batir-en-alu.fr\/pros\/#\/schema\/logo\/image\/","url":"https:\/\/www.batir-en-alu.fr\/pros\/wp-content\/uploads\/sites\/3\/2026\/03\/logo-batir-en-alu-pro.webp","contentUrl":"https:\/\/www.batir-en-alu.fr\/pros\/wp-content\/uploads\/sites\/3\/2026\/03\/logo-batir-en-alu-pro.webp","width":276,"height":310,"caption":"B\u00e2tir en alu Professionnels"},"image":{"@id":"https:\/\/www.batir-en-alu.fr\/pros\/#\/schema\/logo\/image\/"}}]}},"_links":{"self":[{"href":"https:\/\/www.batir-en-alu.fr\/pros\/wp-json\/wp\/v2\/pages\/621","targetHints":{"allow":["GET"]}}],"collection":[{"href":"https:\/\/www.batir-en-alu.fr\/pros\/wp-json\/wp\/v2\/pages"}],"about":[{"href":"https:\/\/www.batir-en-alu.fr\/pros\/wp-json\/wp\/v2\/types\/page"}],"author":[{"embeddable":true,"href":"https:\/\/www.batir-en-alu.fr\/pros\/wp-json\/wp\/v2\/users\/21"}],"replies":[{"embeddable":true,"href":"https:\/\/www.batir-en-alu.fr\/pros\/wp-json\/wp\/v2\/comments?post=621"}],"version-history":[{"count":49,"href":"https:\/\/www.batir-en-alu.fr\/pros\/wp-json\/wp\/v2\/pages\/621\/revisions"}],"predecessor-version":[{"id":2341,"href":"https:\/\/www.batir-en-alu.fr\/pros\/wp-json\/wp\/v2\/pages\/621\/revisions\/2341"}],"wp:featuredmedia":[{"embeddable":true,"href":"https:\/\/www.batir-en-alu.fr\/pros\/wp-json\/wp\/v2\/media\/622"}],"wp:attachment":[{"href":"https:\/\/www.batir-en-alu.fr\/pros\/wp-json\/wp\/v2\/media?parent=621"}],"curies":[{"name":"wp","href":"https:\/\/api.w.org\/{rel}","templated":true}]}}