{"id":546,"date":"2024-07-01T13:25:28","date_gmt":"2024-07-01T11:25:28","guid":{"rendered":"https:\/\/batir-en-alu-pro.local\/pros\/?page_id=546"},"modified":"2026-02-25T11:14:48","modified_gmt":"2026-02-25T10:14:48","slug":"facades-en-aluminium","status":"publish","type":"page","link":"https:\/\/www.batir-en-alu.fr\/pros\/menuiserie-aluminium\/facades-en-aluminium\/","title":{"rendered":"La fa\u00e7ade l\u00e9g\u00e8re"},"content":{"rendered":"\n\n\n\t<div class=\"align wp-block-acf-layout-wrap\">\n\n\t\n\n\t\t<div class=\"layout-wrap\" >\n\t\t<div class=\"innerblock\">\n\n\n\n\t<div class=\"wp-block-acf-container\">\n\n\t\n\n\t\t<div class=\"container\" >\n\t\t<div class=\"innerblock\">\n\n<p>Les fa\u00e7ades l\u00e9g\u00e8res en aluminium jouent un r\u00f4le cl\u00e9 dans la conception moderne des b\u00e2timents : elles assurent la fermeture de l\u2019enveloppe tout en all\u00e9geant la structure, sans participer \u00e0 sa stabilit\u00e9. Gr\u00e2ce \u00e0 leur l\u00e9g\u00e8ret\u00e9, leur r\u00e9sistance et leur durabilit\u00e9, elles offrent une libert\u00e9 architecturale in\u00e9gal\u00e9e, tout en r\u00e9pondant aux exigences techniques et r\u00e9glementaires (RE2020, DTU, etc.).<\/p>\n\n\n\n<h2 class=\"wp-block-heading has-primary-alt-color has-text-color has-link-color wp-elements-b0e249c9f838a8fd1297ba6713724a03\" style=\"font-size:50px;font-style:normal;font-weight:400\"><strong>Les types de fa\u00e7ades l\u00e9g\u00e8res en aluminium<\/strong><\/h2>\n\n<\/div>\n\t<\/div>\n\n\t<\/div>\n\n\n\n\n\n\t<div class=\"align wp-block-acf-cascading-subtopics\">\n\n\t\n\n\t\t<div class=\"cascading-subtopics js-cascading-subtopics\">\n\t\t<div class=\"cascading-subtopics__image\">\n\t\t\t\t\t\t\t\t\t<img decoding=\"async\" class=\"img\" src=\"https:\/\/www.batir-en-alu.fr\/pros\/wp-content\/uploads\/sites\/3\/2025\/12\/poralu_Aluminium_CROIX-ROUSSE_Lyon-69_MOE-JP-PAGARDE-Architecte-1.jpg\" srcset=\"https:\/\/www.batir-en-alu.fr\/pros\/wp-content\/uploads\/sites\/3\/2025\/12\/poralu_Aluminium_CROIX-ROUSSE_Lyon-69_MOE-JP-PAGARDE-Architecte-1.jpg 1920w, https:\/\/www.batir-en-alu.fr\/pros\/wp-content\/uploads\/sites\/3\/2025\/12\/poralu_Aluminium_CROIX-ROUSSE_Lyon-69_MOE-JP-PAGARDE-Architecte-1-300x86.jpg 300w, https:\/\/www.batir-en-alu.fr\/pros\/wp-content\/uploads\/sites\/3\/2025\/12\/poralu_Aluminium_CROIX-ROUSSE_Lyon-69_MOE-JP-PAGARDE-Architecte-1-1024x293.jpg 1024w, https:\/\/www.batir-en-alu.fr\/pros\/wp-content\/uploads\/sites\/3\/2025\/12\/poralu_Aluminium_CROIX-ROUSSE_Lyon-69_MOE-JP-PAGARDE-Architecte-1-768x220.jpg 768w, https:\/\/www.batir-en-alu.fr\/pros\/wp-content\/uploads\/sites\/3\/2025\/12\/poralu_Aluminium_CROIX-ROUSSE_Lyon-69_MOE-JP-PAGARDE-Architecte-1-1536x440.jpg 1536w\" sizes=\"(max-width: 1920px) 100vw, 1920px\" loading=\"lazy\" alt=\"\"\/>\n\t\t\t<\/div>\n\t\t<div class=\"cascading-subtopics__cards container \">\n\t\t\t\t\t\t\t<div class=\"item-wrapper\">\n\t\t\t\t\t<div class=\"subtopic\">\n\t\t\t\t\t\t<div class=\"subtopic__content\">\n\t\t\t\t\t\t\t<h3 class=\"subtopic__title\">La fa\u00e7ade rideau : esth\u00e9tique et performance \u00e9nerg\u00e9tique <\/h3>\n\t\t\t\t\t\t\t<div class=\"subtopic__text\">La fa\u00e7ade rideau (ou &#8220;mur rideau&#8221;) est une solution phare pour les b\u00e2timents modernes.  <\/div>\n\t\t\t\t\t\t\t<div class=\"subtopic__button\">\n\t\t\t\t\t\t\t\t\n\n<a href=\"https:\/\/www.batir-en-alu.fr\/pros\/menuiserie-aluminium\/solutions-aluminium\/facades\/facade-rideau-ou-mur-rideau-en-aluminium\/\" class=\"button-primary\"  >\n\t\t\t<span class=\"button__text\">\n\t\t\t\t\t\tLa fa\u00e7ade rideau ou mur rideau en aluminium\n\t\t<\/span>\n\t\t\t\t<span class=\"button__arrow\">\n\t\t\t<svg xmlns=\"http:\/\/www.w3.org\/2000\/svg\" viewBox=\"0 0 25.426 11.208\"><g data-name=\"Groupe 11\" fill=\"none\" stroke=\"#248cd9\" stroke-width=\"2\"><path data-name=\"Trac\u00e9 16\" d=\"m19.272 10.501 4.739-4.739L18.956.707\"\/><path data-name=\"Ligne 9\" d=\"M0 5.762h24.011\"\/><\/g><\/svg>\n\t\t<\/span>\n\t<\/a>\n\n\t\t\t\t\t\t\t<\/div>\n\t\t\t\t\t\t<\/div>\n\t\t\t\t\t<\/div>\n\t\t\t\t<\/div>\n\t\t\t\t\t\t\t<div class=\"item-wrapper\">\n\t\t\t\t\t<div class=\"subtopic\">\n\t\t\t\t\t\t<div class=\"subtopic__content\">\n\t\t\t\t\t\t\t<h3 class=\"subtopic__title\">Fa\u00e7ades VEC, VEP et VEA : des techniques adapt\u00e9es \u00e0 chaque projet <\/h3>\n\t\t\t\t\t\t\t<div class=\"subtopic__text\">Les fa\u00e7ades vitr\u00e9es en aluminium se d\u00e9clinent en trois m\u00e9thodes d\u2019int\u00e9gration des vitrages, selon les besoins techniques et esth\u00e9tiques :\r\n<ul>\r\n<li>Verre ext\u00e9rieur coll\u00e9 (VEC)<\/li>\r\n<li>Parclos\u00e9 (VEP)<\/li>\r\n<li>Attach\u00e9 (VEA)<\/li>\r\n<\/ul>\r\n <\/div>\n\t\t\t\t\t\t\t<div class=\"subtopic__button\">\n\t\t\t\t\t\t\t\t\n\n<a href=\"https:\/\/www.batir-en-alu.fr\/pros\/menuiserie-aluminium\/solutions-aluminium\/facades-en-aluminium\/les-techniques-daccrochage-du-verre\/\" class=\"button-primary\"  >\n\t\t\t<span class=\"button__text\">\n\t\t\t\t\t\tLes techniques d\u2019accrochage du verre\n\t\t<\/span>\n\t\t\t\t<span class=\"button__arrow\">\n\t\t\t<svg xmlns=\"http:\/\/www.w3.org\/2000\/svg\" viewBox=\"0 0 25.426 11.208\"><g data-name=\"Groupe 11\" fill=\"none\" stroke=\"#248cd9\" stroke-width=\"2\"><path data-name=\"Trac\u00e9 16\" d=\"m19.272 10.501 4.739-4.739L18.956.707\"\/><path data-name=\"Ligne 9\" d=\"M0 5.762h24.011\"\/><\/g><\/svg>\n\t\t<\/span>\n\t<\/a>\n\n\t\t\t\t\t\t\t<\/div>\n\t\t\t\t\t\t<\/div>\n\t\t\t\t\t<\/div>\n\t\t\t\t<\/div>\n\t\t\t\t\t<\/div>\n\t<\/div>\n\n\t<\/div>\n\n\n\n\n<style>\n\t#block_54804d6229872f15c8bbbc410642dea8{height:24px;}@media(min-width:576px){#block_54804d6229872f15c8bbbc410642dea8{height:42px;}@media(min-width:1200px){#block_54804d6229872f15c8bbbc410642dea8{height:80px;}\n<\/style>\n\n\t<div class=\"align wp-block-acf-spacer\" id=\"block_54804d6229872f15c8bbbc410642dea8\">\n\n\t\n\n\t\t\n\t<\/div>\n\n\n\n\n\n\t<div class=\"align wp-block-acf-toolbox\">\n\n\t\n\n\t\t\n\n<div class=\"related-posts is-toolbox\">\n\t<div class=\"related-posts__inner container\">\n\t\t\t\t\t<p class=\"related-posts__title\">Votre bo\u00eete \u00e0 outils<\/p>\n\t\t\t\t<div class=\"related-posts__buttons\">\n\t\t\t\t\t\t\t\t\t\t\t<div class=\"related-posts__buttons__button\">\n\t\t\t\t\t\n\n<a href=\"https:\/\/www.batir-en-alu.fr\/pros\/annuaire-des-entreprises\/?univers=60\" class=\"button-secondary has-icon\"  >\n\t\t\t<span class=\"button__text\">\n\t\t\t\t\t\t\t<span class=\"button__icon\" style=\"background-image:url(https:\/\/www.batir-en-alu.fr\/pros\/wp-content\/uploads\/sites\/3\/2024\/07\/icon-handshake.svg)\"><\/span>\n\t\t\t\t\t\tTrouvez un professionnel des fa\u00e7ades aluminium\n\t\t<\/span>\n\t\t\t\t<span class=\"button__arrow\">\n\t\t\t<svg xmlns=\"http:\/\/www.w3.org\/2000\/svg\" viewBox=\"0 0 25.426 11.208\"><g data-name=\"Groupe 11\" fill=\"none\" stroke=\"#248cd9\" stroke-width=\"2\"><path data-name=\"Trac\u00e9 16\" d=\"m19.272 10.501 4.739-4.739L18.956.707\"\/><path data-name=\"Ligne 9\" d=\"M0 5.762h24.011\"\/><\/g><\/svg>\n\t\t<\/span>\n\t<\/a>\n\n\t\t\t\t<\/div>\n\t\t\t\t\t\t\t\t\t\t\t<div class=\"related-posts__buttons__button\">\n\t\t\t\t\t\n\n<a href=\"https:\/\/www.batir-en-alu.fr\/alutheque\/?produit=facades\" class=\"button-secondary has-icon\"  >\n\t\t\t<span class=\"button__text\">\n\t\t\t\t\t\t\t<span class=\"button__icon\" style=\"background-image:url(https:\/\/www.batir-en-alu.fr\/pros\/wp-content\/uploads\/sites\/3\/2024\/07\/icon-alutheque.svg)\"><\/span>\n\t\t\t\t\t\tAlu\u2019th\u00e8que sur les fa\u00e7ades aluminium\n\t\t<\/span>\n\t\t\t\t<span class=\"button__arrow\">\n\t\t\t<svg xmlns=\"http:\/\/www.w3.org\/2000\/svg\" viewBox=\"0 0 25.426 11.208\"><g data-name=\"Groupe 11\" fill=\"none\" stroke=\"#248cd9\" stroke-width=\"2\"><path data-name=\"Trac\u00e9 16\" d=\"m19.272 10.501 4.739-4.739L18.956.707\"\/><path data-name=\"Ligne 9\" d=\"M0 5.762h24.011\"\/><\/g><\/svg>\n\t\t<\/span>\n\t<\/a>\n\n\t\t\t\t<\/div>\n\t\t\t\t\t<\/div>\n\t<\/div>\n<\/div>\n\n\t<\/div>\n\n\n\n\n<style>\n\t#block_54804d6229872f15c8bbbc410642dea8{height:24px;}@media(min-width:576px){#block_54804d6229872f15c8bbbc410642dea8{height:42px;}@media(min-width:1200px){#block_54804d6229872f15c8bbbc410642dea8{height:80px;}\n<\/style>\n\n\t<div class=\"align wp-block-acf-spacer\" id=\"block_54804d6229872f15c8bbbc410642dea8\">\n\n\t\n\n\t\t\n\t<\/div>\n\n<\/div>\n\t<\/div>\n\n\t<\/div>\n","protected":false},"excerpt":{"rendered":"","protected":false},"author":21,"featured_media":1646,"parent":466,"menu_order":0,"comment_status":"closed","ping_status":"closed","template":"","meta":{"_acf_changed":false,"footnotes":""},"class_list":["post-546","page","type-page","status-publish","has-post-thumbnail","hentry"],"acf":[],"yoast_head":"<!-- This site is optimized with the Yoast SEO plugin v26.9 - https:\/\/yoast.com\/product\/yoast-seo-wordpress\/ -->\n<title>La fa\u00e7ade l\u00e9g\u00e8re - B\u00e2tir en Alu.fr - Professionnels<\/title>\n<meta name=\"description\" content=\"Fa\u00e7ades l\u00e9g\u00e8res en aluminium : mur rideau, VEC, VEP et VEA. Libert\u00e9 architecturale, performance \u00e9nerg\u00e9tique et conformit\u00e9 RE2020. Tout savoir sur les solutions pro.\" \/>\n<meta name=\"robots\" content=\"index, follow, max-snippet:-1, max-image-preview:large, max-video-preview:-1\" \/>\n<link rel=\"canonical\" href=\"https:\/\/www.batir-en-alu.fr\/pros\/menuiserie-aluminium\/facades-en-aluminium\/\" \/>\n<meta property=\"og:locale\" content=\"fr_FR\" \/>\n<meta property=\"og:type\" content=\"article\" \/>\n<meta property=\"og:title\" content=\"La fa\u00e7ade l\u00e9g\u00e8re - B\u00e2tir en Alu.fr - Professionnels\" \/>\n<meta property=\"og:description\" content=\"Fa\u00e7ades l\u00e9g\u00e8res en aluminium : mur rideau, VEC, VEP et VEA. Libert\u00e9 architecturale, performance \u00e9nerg\u00e9tique et conformit\u00e9 RE2020. Tout savoir sur les solutions pro.\" \/>\n<meta property=\"og:url\" content=\"https:\/\/www.batir-en-alu.fr\/pros\/menuiserie-aluminium\/facades-en-aluminium\/\" \/>\n<meta property=\"og:site_name\" content=\"B\u00e2tir en Alu.fr - Professionnels\" \/>\n<meta property=\"article:modified_time\" content=\"2026-02-25T10:14:48+00:00\" \/>\n<meta property=\"og:image\" content=\"https:\/\/www.batir-en-alu.fr\/pros\/wp-content\/uploads\/sites\/3\/2025\/11\/UFO-bureaux.jpg\" \/>\n\t<meta property=\"og:image:width\" content=\"1024\" \/>\n\t<meta property=\"og:image:height\" content=\"910\" \/>\n\t<meta property=\"og:image:type\" content=\"image\/jpeg\" \/>\n<meta name=\"twitter:card\" content=\"summary_large_image\" \/>\n<meta name=\"twitter:label1\" content=\"Dur\u00e9e de lecture estim\u00e9e\" \/>\n\t<meta name=\"twitter:data1\" content=\"1 minute\" \/>\n<script type=\"application\/ld+json\" class=\"yoast-schema-graph\">{\"@context\":\"https:\/\/schema.org\",\"@graph\":[{\"@type\":\"WebPage\",\"@id\":\"https:\/\/www.batir-en-alu.fr\/pros\/menuiserie-aluminium\/facades-en-aluminium\/\",\"url\":\"https:\/\/www.batir-en-alu.fr\/pros\/menuiserie-aluminium\/facades-en-aluminium\/\",\"name\":\"La fa\u00e7ade l\u00e9g\u00e8re - B\u00e2tir en Alu.fr - Professionnels\",\"isPartOf\":{\"@id\":\"https:\/\/www.batir-en-alu.fr\/pros\/#website\"},\"primaryImageOfPage\":{\"@id\":\"https:\/\/www.batir-en-alu.fr\/pros\/menuiserie-aluminium\/facades-en-aluminium\/#primaryimage\"},\"image\":{\"@id\":\"https:\/\/www.batir-en-alu.fr\/pros\/menuiserie-aluminium\/facades-en-aluminium\/#primaryimage\"},\"thumbnailUrl\":\"https:\/\/www.batir-en-alu.fr\/pros\/wp-content\/uploads\/sites\/3\/2025\/11\/UFO-bureaux.jpg\",\"datePublished\":\"2024-07-01T11:25:28+00:00\",\"dateModified\":\"2026-02-25T10:14:48+00:00\",\"description\":\"Fa\u00e7ades l\u00e9g\u00e8res en aluminium : mur rideau, VEC, VEP et VEA. Libert\u00e9 architecturale, performance \u00e9nerg\u00e9tique et conformit\u00e9 RE2020. Tout savoir sur les solutions pro.\",\"breadcrumb\":{\"@id\":\"https:\/\/www.batir-en-alu.fr\/pros\/menuiserie-aluminium\/facades-en-aluminium\/#breadcrumb\"},\"inLanguage\":\"fr-FR\",\"potentialAction\":[{\"@type\":\"ReadAction\",\"target\":[\"https:\/\/www.batir-en-alu.fr\/pros\/menuiserie-aluminium\/facades-en-aluminium\/\"]}]},{\"@type\":\"ImageObject\",\"inLanguage\":\"fr-FR\",\"@id\":\"https:\/\/www.batir-en-alu.fr\/pros\/menuiserie-aluminium\/facades-en-aluminium\/#primaryimage\",\"url\":\"https:\/\/www.batir-en-alu.fr\/pros\/wp-content\/uploads\/sites\/3\/2025\/11\/UFO-bureaux.jpg\",\"contentUrl\":\"https:\/\/www.batir-en-alu.fr\/pros\/wp-content\/uploads\/sites\/3\/2025\/11\/UFO-bureaux.jpg\",\"width\":1024,\"height\":910,\"caption\":\"Axel Schoenert \/ Raiffaisen : UFO, 24 rue des Je\u00fbneurs, 75002 Paris ; 18 juillet 2020.\"},{\"@type\":\"BreadcrumbList\",\"@id\":\"https:\/\/www.batir-en-alu.fr\/pros\/menuiserie-aluminium\/facades-en-aluminium\/#breadcrumb\",\"itemListElement\":[{\"@type\":\"ListItem\",\"position\":1,\"name\":\"\u00b7\u00b7\u00b7\",\"item\":\"https:\/\/www.batir-en-alu.fr\/pros\"},{\"@type\":\"ListItem\",\"position\":2,\"name\":\"B\u00e2tir En Alu\",\"item\":\"https:\/\/www.batir-en-alu.fr\/\"},{\"@type\":\"ListItem\",\"position\":3,\"name\":\"Professionnels\",\"item\":\"https:\/\/www.batir-en-alu.fr\/pros\/\"},{\"@type\":\"ListItem\",\"position\":4,\"name\":\"La menuiserie aluminium\",\"item\":\"https:\/\/www.batir-en-alu.fr\/pros\/menuiserie-aluminium\/\"},{\"@type\":\"ListItem\",\"position\":5,\"name\":\"La fa\u00e7ade l\u00e9g\u00e8re\"}]},{\"@type\":\"WebSite\",\"@id\":\"https:\/\/www.batir-en-alu.fr\/pros\/#website\",\"url\":\"https:\/\/www.batir-en-alu.fr\/pros\/\",\"name\":\"B\u00e2tir en alu Professionnels\",\"description\":\"Professionnels de la Menuiserie aluminium\",\"publisher\":{\"@id\":\"https:\/\/www.batir-en-alu.fr\/pros\/#organization\"},\"potentialAction\":[{\"@type\":\"SearchAction\",\"target\":{\"@type\":\"EntryPoint\",\"urlTemplate\":\"https:\/\/www.batir-en-alu.fr\/pros\/?s={search_term_string}\"},\"query-input\":{\"@type\":\"PropertyValueSpecification\",\"valueRequired\":true,\"valueName\":\"search_term_string\"}}],\"inLanguage\":\"fr-FR\"},{\"@type\":\"Organization\",\"@id\":\"https:\/\/www.batir-en-alu.fr\/pros\/#organization\",\"name\":\"B\u00e2tir en alu Professionnels\",\"url\":\"https:\/\/www.batir-en-alu.fr\/pros\/\",\"logo\":{\"@type\":\"ImageObject\",\"inLanguage\":\"fr-FR\",\"@id\":\"https:\/\/www.batir-en-alu.fr\/pros\/#\/schema\/logo\/image\/\",\"url\":\"https:\/\/www.batir-en-alu.fr\/pros\/wp-content\/uploads\/sites\/3\/2026\/03\/logo-batir-en-alu-pro.webp\",\"contentUrl\":\"https:\/\/www.batir-en-alu.fr\/pros\/wp-content\/uploads\/sites\/3\/2026\/03\/logo-batir-en-alu-pro.webp\",\"width\":276,\"height\":310,\"caption\":\"B\u00e2tir en alu Professionnels\"},\"image\":{\"@id\":\"https:\/\/www.batir-en-alu.fr\/pros\/#\/schema\/logo\/image\/\"}}]}<\/script>\n<!-- \/ Yoast SEO plugin. -->","yoast_head_json":{"title":"La fa\u00e7ade l\u00e9g\u00e8re - B\u00e2tir en Alu.fr - Professionnels","description":"Fa\u00e7ades l\u00e9g\u00e8res en aluminium : mur rideau, VEC, VEP et VEA. Libert\u00e9 architecturale, performance \u00e9nerg\u00e9tique et conformit\u00e9 RE2020. Tout savoir sur les solutions pro.","robots":{"index":"index","follow":"follow","max-snippet":"max-snippet:-1","max-image-preview":"max-image-preview:large","max-video-preview":"max-video-preview:-1"},"canonical":"https:\/\/www.batir-en-alu.fr\/pros\/menuiserie-aluminium\/facades-en-aluminium\/","og_locale":"fr_FR","og_type":"article","og_title":"La fa\u00e7ade l\u00e9g\u00e8re - B\u00e2tir en Alu.fr - Professionnels","og_description":"Fa\u00e7ades l\u00e9g\u00e8res en aluminium : mur rideau, VEC, VEP et VEA. Libert\u00e9 architecturale, performance \u00e9nerg\u00e9tique et conformit\u00e9 RE2020. Tout savoir sur les solutions pro.","og_url":"https:\/\/www.batir-en-alu.fr\/pros\/menuiserie-aluminium\/facades-en-aluminium\/","og_site_name":"B\u00e2tir en Alu.fr - Professionnels","article_modified_time":"2026-02-25T10:14:48+00:00","og_image":[{"width":1024,"height":910,"url":"https:\/\/www.batir-en-alu.fr\/pros\/wp-content\/uploads\/sites\/3\/2025\/11\/UFO-bureaux.jpg","type":"image\/jpeg"}],"twitter_card":"summary_large_image","twitter_misc":{"Dur\u00e9e de lecture estim\u00e9e":"1 minute"},"schema":{"@context":"https:\/\/schema.org","@graph":[{"@type":"WebPage","@id":"https:\/\/www.batir-en-alu.fr\/pros\/menuiserie-aluminium\/facades-en-aluminium\/","url":"https:\/\/www.batir-en-alu.fr\/pros\/menuiserie-aluminium\/facades-en-aluminium\/","name":"La fa\u00e7ade l\u00e9g\u00e8re - B\u00e2tir en Alu.fr - Professionnels","isPartOf":{"@id":"https:\/\/www.batir-en-alu.fr\/pros\/#website"},"primaryImageOfPage":{"@id":"https:\/\/www.batir-en-alu.fr\/pros\/menuiserie-aluminium\/facades-en-aluminium\/#primaryimage"},"image":{"@id":"https:\/\/www.batir-en-alu.fr\/pros\/menuiserie-aluminium\/facades-en-aluminium\/#primaryimage"},"thumbnailUrl":"https:\/\/www.batir-en-alu.fr\/pros\/wp-content\/uploads\/sites\/3\/2025\/11\/UFO-bureaux.jpg","datePublished":"2024-07-01T11:25:28+00:00","dateModified":"2026-02-25T10:14:48+00:00","description":"Fa\u00e7ades l\u00e9g\u00e8res en aluminium : mur rideau, VEC, VEP et VEA. Libert\u00e9 architecturale, performance \u00e9nerg\u00e9tique et conformit\u00e9 RE2020. Tout savoir sur les solutions pro.","breadcrumb":{"@id":"https:\/\/www.batir-en-alu.fr\/pros\/menuiserie-aluminium\/facades-en-aluminium\/#breadcrumb"},"inLanguage":"fr-FR","potentialAction":[{"@type":"ReadAction","target":["https:\/\/www.batir-en-alu.fr\/pros\/menuiserie-aluminium\/facades-en-aluminium\/"]}]},{"@type":"ImageObject","inLanguage":"fr-FR","@id":"https:\/\/www.batir-en-alu.fr\/pros\/menuiserie-aluminium\/facades-en-aluminium\/#primaryimage","url":"https:\/\/www.batir-en-alu.fr\/pros\/wp-content\/uploads\/sites\/3\/2025\/11\/UFO-bureaux.jpg","contentUrl":"https:\/\/www.batir-en-alu.fr\/pros\/wp-content\/uploads\/sites\/3\/2025\/11\/UFO-bureaux.jpg","width":1024,"height":910,"caption":"Axel Schoenert \/ Raiffaisen : UFO, 24 rue des Je\u00fbneurs, 75002 Paris ; 18 juillet 2020."},{"@type":"BreadcrumbList","@id":"https:\/\/www.batir-en-alu.fr\/pros\/menuiserie-aluminium\/facades-en-aluminium\/#breadcrumb","itemListElement":[{"@type":"ListItem","position":1,"name":"\u00b7\u00b7\u00b7","item":"https:\/\/www.batir-en-alu.fr\/pros"},{"@type":"ListItem","position":2,"name":"B\u00e2tir En Alu","item":"https:\/\/www.batir-en-alu.fr\/"},{"@type":"ListItem","position":3,"name":"Professionnels","item":"https:\/\/www.batir-en-alu.fr\/pros\/"},{"@type":"ListItem","position":4,"name":"La menuiserie aluminium","item":"https:\/\/www.batir-en-alu.fr\/pros\/menuiserie-aluminium\/"},{"@type":"ListItem","position":5,"name":"La fa\u00e7ade l\u00e9g\u00e8re"}]},{"@type":"WebSite","@id":"https:\/\/www.batir-en-alu.fr\/pros\/#website","url":"https:\/\/www.batir-en-alu.fr\/pros\/","name":"B\u00e2tir en alu Professionnels","description":"Professionnels de la Menuiserie aluminium","publisher":{"@id":"https:\/\/www.batir-en-alu.fr\/pros\/#organization"},"potentialAction":[{"@type":"SearchAction","target":{"@type":"EntryPoint","urlTemplate":"https:\/\/www.batir-en-alu.fr\/pros\/?s={search_term_string}"},"query-input":{"@type":"PropertyValueSpecification","valueRequired":true,"valueName":"search_term_string"}}],"inLanguage":"fr-FR"},{"@type":"Organization","@id":"https:\/\/www.batir-en-alu.fr\/pros\/#organization","name":"B\u00e2tir en alu Professionnels","url":"https:\/\/www.batir-en-alu.fr\/pros\/","logo":{"@type":"ImageObject","inLanguage":"fr-FR","@id":"https:\/\/www.batir-en-alu.fr\/pros\/#\/schema\/logo\/image\/","url":"https:\/\/www.batir-en-alu.fr\/pros\/wp-content\/uploads\/sites\/3\/2026\/03\/logo-batir-en-alu-pro.webp","contentUrl":"https:\/\/www.batir-en-alu.fr\/pros\/wp-content\/uploads\/sites\/3\/2026\/03\/logo-batir-en-alu-pro.webp","width":276,"height":310,"caption":"B\u00e2tir en alu Professionnels"},"image":{"@id":"https:\/\/www.batir-en-alu.fr\/pros\/#\/schema\/logo\/image\/"}}]}},"_links":{"self":[{"href":"https:\/\/www.batir-en-alu.fr\/pros\/wp-json\/wp\/v2\/pages\/546","targetHints":{"allow":["GET"]}}],"collection":[{"href":"https:\/\/www.batir-en-alu.fr\/pros\/wp-json\/wp\/v2\/pages"}],"about":[{"href":"https:\/\/www.batir-en-alu.fr\/pros\/wp-json\/wp\/v2\/types\/page"}],"author":[{"embeddable":true,"href":"https:\/\/www.batir-en-alu.fr\/pros\/wp-json\/wp\/v2\/users\/21"}],"replies":[{"embeddable":true,"href":"https:\/\/www.batir-en-alu.fr\/pros\/wp-json\/wp\/v2\/comments?post=546"}],"version-history":[{"count":33,"href":"https:\/\/www.batir-en-alu.fr\/pros\/wp-json\/wp\/v2\/pages\/546\/revisions"}],"predecessor-version":[{"id":2405,"href":"https:\/\/www.batir-en-alu.fr\/pros\/wp-json\/wp\/v2\/pages\/546\/revisions\/2405"}],"up":[{"embeddable":true,"href":"https:\/\/www.batir-en-alu.fr\/pros\/wp-json\/wp\/v2\/pages\/466"}],"wp:featuredmedia":[{"embeddable":true,"href":"https:\/\/www.batir-en-alu.fr\/pros\/wp-json\/wp\/v2\/media\/1646"}],"wp:attachment":[{"href":"https:\/\/www.batir-en-alu.fr\/pros\/wp-json\/wp\/v2\/media?parent=546"}],"curies":[{"name":"wp","href":"https:\/\/api.w.org\/{rel}","templated":true}]}}