{"id":544,"date":"2024-07-01T13:24:57","date_gmt":"2024-07-01T11:24:57","guid":{"rendered":"https:\/\/batir-en-alu-pro.local\/pros\/?page_id=544"},"modified":"2026-02-25T10:44:02","modified_gmt":"2026-02-25T09:44:02","slug":"garde-corps-en-aluminium","status":"publish","type":"page","link":"https:\/\/www.batir-en-alu.fr\/pros\/menuiserie-aluminium\/garde-corps-en-aluminium\/","title":{"rendered":"Le garde-corps en aluminium"},"content":{"rendered":"\n\n\n\t<div class=\"align wp-block-acf-layout-wrap\">\n\n\t\n\n\t\t<div class=\"layout-wrap\" >\n\t\t<div class=\"innerblock\">\n\n\n\n\t<div class=\"wp-block-acf-container\">\n\n\t\n\n\t\t<div class=\"container\" >\n\t\t<div class=\"innerblock\">\n\n<p>Que ce soit sur un balcon, une terrasse ou sur une fen\u00eatre, le garde-corps en aluminium s&#8217;impose naturellement pour prot\u00e9ger des risques de chutes des personnes. Durable, fiable, \u00e9l\u00e9gant et facile d&#8217;entretien, le garde-corps r\u00e9pond \u00e0 toutes les exigences de s\u00e9curit\u00e9 mais aussi d&#8217;esth\u00e9tique.<\/p>\n\n<\/div>\n\t<\/div>\n\n\t<\/div>\n\n\n\n\n\n\t<div class=\"align wp-block-acf-cascading-subtopics\">\n\n\t\n\n\t\t<div class=\"cascading-subtopics js-cascading-subtopics\">\n\t\t<div class=\"cascading-subtopics__image\">\n\t\t\t\t\t\t\t\t\t<img decoding=\"async\" class=\"img\" src=\"https:\/\/www.batir-en-alu.fr\/pros\/wp-content\/uploads\/sites\/3\/2024\/07\/balcons-garde-corps-en-aluminium.png\" srcset=\"https:\/\/www.batir-en-alu.fr\/pros\/wp-content\/uploads\/sites\/3\/2024\/07\/balcons-garde-corps-en-aluminium.png 1648w, https:\/\/www.batir-en-alu.fr\/pros\/wp-content\/uploads\/sites\/3\/2024\/07\/balcons-garde-corps-en-aluminium-300x100.png 300w, https:\/\/www.batir-en-alu.fr\/pros\/wp-content\/uploads\/sites\/3\/2024\/07\/balcons-garde-corps-en-aluminium-1024x342.png 1024w, https:\/\/www.batir-en-alu.fr\/pros\/wp-content\/uploads\/sites\/3\/2024\/07\/balcons-garde-corps-en-aluminium-768x256.png 768w, https:\/\/www.batir-en-alu.fr\/pros\/wp-content\/uploads\/sites\/3\/2024\/07\/balcons-garde-corps-en-aluminium-1536x513.png 1536w\" sizes=\"(max-width: 1648px) 100vw, 1648px\" loading=\"lazy\" alt=\"\"\/>\n\t\t\t<\/div>\n\t\t<div class=\"cascading-subtopics__cards container is-cascading\">\n\t\t\t\t\t\t\t<div class=\"item-wrapper\">\n\t\t\t\t\t<div class=\"subtopic\">\n\t\t\t\t\t\t<div class=\"subtopic__content\">\n\t\t\t\t\t\t\t<h3 class=\"subtopic__title\">Les types de garde-corps <\/h3>\n\t\t\t\t\t\t\t<div class=\"subtopic__text\">S\u00e9par\u00e9s en plusieurs familles, les garde-corps permettent de r\u00e9pondre \u00e0 toutes les exigences, tant en termes de s\u00e9curit\u00e9 que de confort et d&#8217;esth\u00e9tique. Bien les conna\u00eetre est primordial pour faire son choix en toute tranquillit\u00e9. <\/div>\n\t\t\t\t\t\t\t<div class=\"subtopic__button\">\n\t\t\t\t\t\t\t\t\n\n<a href=\"https:\/\/www.batir-en-alu.fr\/pros\/menuiserie-aluminium\/solutions-aluminium\/garde-corps-en-aluminium\/les-types-de-garde-corps-en-aluminium\/\" class=\"button-primary\"  >\n\t\t\t<span class=\"button__text\">\n\t\t\t\t\t\tEn savoir plus\n\t\t<\/span>\n\t\t\t\t<span class=\"button__arrow\">\n\t\t\t<svg xmlns=\"http:\/\/www.w3.org\/2000\/svg\" viewBox=\"0 0 25.426 11.208\"><g data-name=\"Groupe 11\" fill=\"none\" stroke=\"#248cd9\" stroke-width=\"2\"><path data-name=\"Trac\u00e9 16\" d=\"m19.272 10.501 4.739-4.739L18.956.707\"\/><path data-name=\"Ligne 9\" d=\"M0 5.762h24.011\"\/><\/g><\/svg>\n\t\t<\/span>\n\t<\/a>\n\n\t\t\t\t\t\t\t<\/div>\n\t\t\t\t\t\t<\/div>\n\t\t\t\t\t<\/div>\n\t\t\t\t<\/div>\n\t\t\t\t\t\t\t<div class=\"item-wrapper\">\n\t\t\t\t\t<div class=\"subtopic\">\n\t\t\t\t\t\t<div class=\"subtopic__content\">\n\t\t\t\t\t\t\t<h3 class=\"subtopic__title\">Multiplicit\u00e9 des formes et des couleurs <\/h3>\n\t\t\t\t\t\t\t<div class=\"subtopic__text\">Droits, cintr\u00e9, sur ou contre murets, inclin\u00e9s, principalement fabriqu\u00e9s sur mesure, les garde-corps en aluminium s\u2019adaptent avec \u00e9l\u00e9gance \u00e0 toutes les configurations, en neuf comme en r\u00e9novation. <\/div>\n\t\t\t\t\t\t\t<div class=\"subtopic__button\">\n\t\t\t\t\t\t\t\t\n\n<a href=\"https:\/\/www.batir-en-alu.fr\/pros\/menuiserie-aluminium\/solutions-aluminium\/garde-corps-en-aluminium\/les-garde-corps-alu-pour-une-multitude-de-formes-et-de-couleurs\/\" class=\"button-primary\"  >\n\t\t\t<span class=\"button__text\">\n\t\t\t\t\t\tEn savoir plus\n\t\t<\/span>\n\t\t\t\t<span class=\"button__arrow\">\n\t\t\t<svg xmlns=\"http:\/\/www.w3.org\/2000\/svg\" viewBox=\"0 0 25.426 11.208\"><g data-name=\"Groupe 11\" fill=\"none\" stroke=\"#248cd9\" stroke-width=\"2\"><path data-name=\"Trac\u00e9 16\" d=\"m19.272 10.501 4.739-4.739L18.956.707\"\/><path data-name=\"Ligne 9\" d=\"M0 5.762h24.011\"\/><\/g><\/svg>\n\t\t<\/span>\n\t<\/a>\n\n\t\t\t\t\t\t\t<\/div>\n\t\t\t\t\t\t<\/div>\n\t\t\t\t\t<\/div>\n\t\t\t\t<\/div>\n\t\t\t\t\t\t\t<div class=\"item-wrapper\">\n\t\t\t\t\t<div class=\"subtopic\">\n\t\t\t\t\t\t<div class=\"subtopic__content\">\n\t\t\t\t\t\t\t<h3 class=\"subtopic__title\">Le garde-corps, une solution r\u00e9glement\u00e9e <\/h3>\n\t\t\t\t\t\t\t<div class=\"subtopic__text\">S&#8217;agissant de la s\u00e9curit\u00e9, un certain nombre de r\u00e8gles et de normes sont \u00e0 respecter. Et pour les appliquer, des professionnels initi\u00e9s aux r\u00e8gles de l&#8217;art sont \u00e0 votre disposition. <\/div>\n\t\t\t\t\t\t\t<div class=\"subtopic__button\">\n\t\t\t\t\t\t\t\t\n\n<a href=\"https:\/\/www.batir-en-alu.fr\/pros\/menuiserie-aluminium\/solutions-aluminium\/garde-corps-en-aluminium\/les-regles-de-lart\/\" class=\"button-primary\"  >\n\t\t\t<span class=\"button__text\">\n\t\t\t\t\t\tEn savoir plus\n\t\t<\/span>\n\t\t\t\t<span class=\"button__arrow\">\n\t\t\t<svg xmlns=\"http:\/\/www.w3.org\/2000\/svg\" viewBox=\"0 0 25.426 11.208\"><g data-name=\"Groupe 11\" fill=\"none\" stroke=\"#248cd9\" stroke-width=\"2\"><path data-name=\"Trac\u00e9 16\" d=\"m19.272 10.501 4.739-4.739L18.956.707\"\/><path data-name=\"Ligne 9\" d=\"M0 5.762h24.011\"\/><\/g><\/svg>\n\t\t<\/span>\n\t<\/a>\n\n\t\t\t\t\t\t\t<\/div>\n\t\t\t\t\t\t<\/div>\n\t\t\t\t\t<\/div>\n\t\t\t\t<\/div>\n\t\t\t\t\t<\/div>\n\t<\/div>\n\n\t<\/div>\n\n\n\n\n\n\t<div class=\"align wp-block-acf-toolbox\">\n\n\t\n\n\t\t\n\n<div class=\"related-posts is-toolbox\">\n\t<div class=\"related-posts__inner container\">\n\t\t\t\t\t<p class=\"related-posts__title\">Votre bo\u00eete \u00e0 outils<\/p>\n\t\t\t\t<div class=\"related-posts__buttons\">\n\t\t\t\t\t\t\t\t\t\t\t<div class=\"related-posts__buttons__button\">\n\t\t\t\t\t\n\n<a href=\"\/alutheque?produit=garde-corps\" class=\"button-secondary has-icon\"  >\n\t\t\t<span class=\"button__text\">\n\t\t\t\t\t\t\t<span class=\"button__icon\" style=\"background-image:url(https:\/\/www.batir-en-alu.fr\/pros\/wp-content\/uploads\/sites\/3\/2024\/07\/icon-alutheque.svg)\"><\/span>\n\t\t\t\t\t\tAlu&#8217;th\u00e8que sur les garde-corps aluminium\n\t\t<\/span>\n\t\t\t\t<span class=\"button__arrow\">\n\t\t\t<svg xmlns=\"http:\/\/www.w3.org\/2000\/svg\" viewBox=\"0 0 25.426 11.208\"><g data-name=\"Groupe 11\" fill=\"none\" stroke=\"#248cd9\" stroke-width=\"2\"><path data-name=\"Trac\u00e9 16\" d=\"m19.272 10.501 4.739-4.739L18.956.707\"\/><path data-name=\"Ligne 9\" d=\"M0 5.762h24.011\"\/><\/g><\/svg>\n\t\t<\/span>\n\t<\/a>\n\n\t\t\t\t<\/div>\n\t\t\t\t\t\t\t\t\t\t\t<div class=\"related-posts__buttons__button\">\n\t\t\t\t\t\n\n<a href=\"https:\/\/www.batir-en-alu.fr\/pros\/annuaire-des-entreprises\/?univers=10\" class=\"button-secondary has-icon\"  >\n\t\t\t<span class=\"button__text\">\n\t\t\t\t\t\t\t<span class=\"button__icon\" style=\"background-image:url(https:\/\/www.batir-en-alu.fr\/pros\/wp-content\/uploads\/sites\/3\/2024\/07\/icon-handshake.svg)\"><\/span>\n\t\t\t\t\t\tTrouvez un professionnel de garde-corps aluminium\n\t\t<\/span>\n\t\t\t\t<span class=\"button__arrow\">\n\t\t\t<svg xmlns=\"http:\/\/www.w3.org\/2000\/svg\" viewBox=\"0 0 25.426 11.208\"><g data-name=\"Groupe 11\" fill=\"none\" stroke=\"#248cd9\" stroke-width=\"2\"><path data-name=\"Trac\u00e9 16\" d=\"m19.272 10.501 4.739-4.739L18.956.707\"\/><path data-name=\"Ligne 9\" d=\"M0 5.762h24.011\"\/><\/g><\/svg>\n\t\t<\/span>\n\t<\/a>\n\n\t\t\t\t<\/div>\n\t\t\t\t\t<\/div>\n\t<\/div>\n<\/div>\n\n\t<\/div>\n\n\n\n\n<style>\n\t#block_fd8ed99b2edb29b7b1043472c4e9ab85{height:24px;}@media(min-width:576px){#block_fd8ed99b2edb29b7b1043472c4e9ab85{height:42px;}@media(min-width:1200px){#block_fd8ed99b2edb29b7b1043472c4e9ab85{height:80px;}\n<\/style>\n\n\t<div class=\"align wp-block-acf-spacer\" id=\"block_fd8ed99b2edb29b7b1043472c4e9ab85\">\n\n\t\n\n\t\t\n\t<\/div>\n\n<\/div>\n\t<\/div>\n\n\t<\/div>\n","protected":false},"excerpt":{"rendered":"","protected":false},"author":21,"featured_media":552,"parent":466,"menu_order":0,"comment_status":"closed","ping_status":"closed","template":"","meta":{"_acf_changed":false,"footnotes":""},"class_list":["post-544","page","type-page","status-publish","has-post-thumbnail","hentry"],"acf":[],"yoast_head":"<!-- This site is optimized with the Yoast SEO plugin v26.9 - https:\/\/yoast.com\/product\/yoast-seo-wordpress\/ -->\n<title>Le garde-corps en aluminium - B\u00e2tir en Alu.fr - Professionnels<\/title>\n<meta name=\"description\" content=\"Garde-corps en aluminium : types, formes, couleurs et r\u00e9glementation. S\u00e9curit\u00e9, durabilit\u00e9 et esth\u00e9tique pour balcons, terrasses et fen\u00eatres. Guide pro par le SNFA.\" \/>\n<meta name=\"robots\" content=\"index, follow, max-snippet:-1, max-image-preview:large, max-video-preview:-1\" \/>\n<link rel=\"canonical\" href=\"https:\/\/www.batir-en-alu.fr\/pros\/menuiserie-aluminium\/garde-corps-en-aluminium\/\" \/>\n<meta property=\"og:locale\" content=\"fr_FR\" \/>\n<meta property=\"og:type\" content=\"article\" \/>\n<meta property=\"og:title\" content=\"Le garde-corps en aluminium - B\u00e2tir en Alu.fr - Professionnels\" \/>\n<meta property=\"og:description\" content=\"Garde-corps en aluminium : types, formes, couleurs et r\u00e9glementation. S\u00e9curit\u00e9, durabilit\u00e9 et esth\u00e9tique pour balcons, terrasses et fen\u00eatres. Guide pro par le SNFA.\" \/>\n<meta property=\"og:url\" content=\"https:\/\/www.batir-en-alu.fr\/pros\/menuiserie-aluminium\/garde-corps-en-aluminium\/\" \/>\n<meta property=\"og:site_name\" content=\"B\u00e2tir en Alu.fr - Professionnels\" \/>\n<meta property=\"article:modified_time\" content=\"2026-02-25T09:44:02+00:00\" \/>\n<meta property=\"og:image\" content=\"https:\/\/www.batir-en-alu.fr\/pros\/wp-content\/uploads\/sites\/3\/2024\/07\/garde-corps-aluminium.png\" \/>\n\t<meta property=\"og:image:width\" content=\"1920\" \/>\n\t<meta property=\"og:image:height\" content=\"500\" \/>\n\t<meta property=\"og:image:type\" content=\"image\/png\" \/>\n<meta name=\"twitter:card\" content=\"summary_large_image\" \/>\n<meta name=\"twitter:label1\" content=\"Dur\u00e9e de lecture estim\u00e9e\" \/>\n\t<meta name=\"twitter:data1\" content=\"1 minute\" \/>\n<script type=\"application\/ld+json\" class=\"yoast-schema-graph\">{\"@context\":\"https:\/\/schema.org\",\"@graph\":[{\"@type\":\"WebPage\",\"@id\":\"https:\/\/www.batir-en-alu.fr\/pros\/menuiserie-aluminium\/garde-corps-en-aluminium\/\",\"url\":\"https:\/\/www.batir-en-alu.fr\/pros\/menuiserie-aluminium\/garde-corps-en-aluminium\/\",\"name\":\"Le garde-corps en aluminium - B\u00e2tir en Alu.fr - Professionnels\",\"isPartOf\":{\"@id\":\"https:\/\/www.batir-en-alu.fr\/pros\/#website\"},\"primaryImageOfPage\":{\"@id\":\"https:\/\/www.batir-en-alu.fr\/pros\/menuiserie-aluminium\/garde-corps-en-aluminium\/#primaryimage\"},\"image\":{\"@id\":\"https:\/\/www.batir-en-alu.fr\/pros\/menuiserie-aluminium\/garde-corps-en-aluminium\/#primaryimage\"},\"thumbnailUrl\":\"https:\/\/www.batir-en-alu.fr\/pros\/wp-content\/uploads\/sites\/3\/2024\/07\/garde-corps-aluminium.png\",\"datePublished\":\"2024-07-01T11:24:57+00:00\",\"dateModified\":\"2026-02-25T09:44:02+00:00\",\"description\":\"Garde-corps en aluminium : types, formes, couleurs et r\u00e9glementation. S\u00e9curit\u00e9, durabilit\u00e9 et esth\u00e9tique pour balcons, terrasses et fen\u00eatres. Guide pro par le SNFA.\",\"breadcrumb\":{\"@id\":\"https:\/\/www.batir-en-alu.fr\/pros\/menuiserie-aluminium\/garde-corps-en-aluminium\/#breadcrumb\"},\"inLanguage\":\"fr-FR\",\"potentialAction\":[{\"@type\":\"ReadAction\",\"target\":[\"https:\/\/www.batir-en-alu.fr\/pros\/menuiserie-aluminium\/garde-corps-en-aluminium\/\"]}]},{\"@type\":\"ImageObject\",\"inLanguage\":\"fr-FR\",\"@id\":\"https:\/\/www.batir-en-alu.fr\/pros\/menuiserie-aluminium\/garde-corps-en-aluminium\/#primaryimage\",\"url\":\"https:\/\/www.batir-en-alu.fr\/pros\/wp-content\/uploads\/sites\/3\/2024\/07\/garde-corps-aluminium.png\",\"contentUrl\":\"https:\/\/www.batir-en-alu.fr\/pros\/wp-content\/uploads\/sites\/3\/2024\/07\/garde-corps-aluminium.png\",\"width\":1920,\"height\":500},{\"@type\":\"BreadcrumbList\",\"@id\":\"https:\/\/www.batir-en-alu.fr\/pros\/menuiserie-aluminium\/garde-corps-en-aluminium\/#breadcrumb\",\"itemListElement\":[{\"@type\":\"ListItem\",\"position\":1,\"name\":\"\u00b7\u00b7\u00b7\",\"item\":\"https:\/\/www.batir-en-alu.fr\/pros\"},{\"@type\":\"ListItem\",\"position\":2,\"name\":\"B\u00e2tir En Alu\",\"item\":\"https:\/\/www.batir-en-alu.fr\/\"},{\"@type\":\"ListItem\",\"position\":3,\"name\":\"Professionnels\",\"item\":\"https:\/\/www.batir-en-alu.fr\/pros\/\"},{\"@type\":\"ListItem\",\"position\":4,\"name\":\"La menuiserie aluminium\",\"item\":\"https:\/\/www.batir-en-alu.fr\/pros\/menuiserie-aluminium\/\"},{\"@type\":\"ListItem\",\"position\":5,\"name\":\"Le garde-corps en aluminium\"}]},{\"@type\":\"WebSite\",\"@id\":\"https:\/\/www.batir-en-alu.fr\/pros\/#website\",\"url\":\"https:\/\/www.batir-en-alu.fr\/pros\/\",\"name\":\"B\u00e2tir en alu Professionnels\",\"description\":\"Professionnels de la Menuiserie aluminium\",\"publisher\":{\"@id\":\"https:\/\/www.batir-en-alu.fr\/pros\/#organization\"},\"potentialAction\":[{\"@type\":\"SearchAction\",\"target\":{\"@type\":\"EntryPoint\",\"urlTemplate\":\"https:\/\/www.batir-en-alu.fr\/pros\/?s={search_term_string}\"},\"query-input\":{\"@type\":\"PropertyValueSpecification\",\"valueRequired\":true,\"valueName\":\"search_term_string\"}}],\"inLanguage\":\"fr-FR\"},{\"@type\":\"Organization\",\"@id\":\"https:\/\/www.batir-en-alu.fr\/pros\/#organization\",\"name\":\"B\u00e2tir en alu Professionnels\",\"url\":\"https:\/\/www.batir-en-alu.fr\/pros\/\",\"logo\":{\"@type\":\"ImageObject\",\"inLanguage\":\"fr-FR\",\"@id\":\"https:\/\/www.batir-en-alu.fr\/pros\/#\/schema\/logo\/image\/\",\"url\":\"https:\/\/www.batir-en-alu.fr\/pros\/wp-content\/uploads\/sites\/3\/2026\/03\/logo-batir-en-alu-pro.webp\",\"contentUrl\":\"https:\/\/www.batir-en-alu.fr\/pros\/wp-content\/uploads\/sites\/3\/2026\/03\/logo-batir-en-alu-pro.webp\",\"width\":276,\"height\":310,\"caption\":\"B\u00e2tir en alu Professionnels\"},\"image\":{\"@id\":\"https:\/\/www.batir-en-alu.fr\/pros\/#\/schema\/logo\/image\/\"}}]}<\/script>\n<!-- \/ Yoast SEO plugin. -->","yoast_head_json":{"title":"Le garde-corps en aluminium - B\u00e2tir en Alu.fr - Professionnels","description":"Garde-corps en aluminium : types, formes, couleurs et r\u00e9glementation. S\u00e9curit\u00e9, durabilit\u00e9 et esth\u00e9tique pour balcons, terrasses et fen\u00eatres. Guide pro par le SNFA.","robots":{"index":"index","follow":"follow","max-snippet":"max-snippet:-1","max-image-preview":"max-image-preview:large","max-video-preview":"max-video-preview:-1"},"canonical":"https:\/\/www.batir-en-alu.fr\/pros\/menuiserie-aluminium\/garde-corps-en-aluminium\/","og_locale":"fr_FR","og_type":"article","og_title":"Le garde-corps en aluminium - B\u00e2tir en Alu.fr - Professionnels","og_description":"Garde-corps en aluminium : types, formes, couleurs et r\u00e9glementation. S\u00e9curit\u00e9, durabilit\u00e9 et esth\u00e9tique pour balcons, terrasses et fen\u00eatres. Guide pro par le SNFA.","og_url":"https:\/\/www.batir-en-alu.fr\/pros\/menuiserie-aluminium\/garde-corps-en-aluminium\/","og_site_name":"B\u00e2tir en Alu.fr - Professionnels","article_modified_time":"2026-02-25T09:44:02+00:00","og_image":[{"width":1920,"height":500,"url":"https:\/\/www.batir-en-alu.fr\/pros\/wp-content\/uploads\/sites\/3\/2024\/07\/garde-corps-aluminium.png","type":"image\/png"}],"twitter_card":"summary_large_image","twitter_misc":{"Dur\u00e9e de lecture estim\u00e9e":"1 minute"},"schema":{"@context":"https:\/\/schema.org","@graph":[{"@type":"WebPage","@id":"https:\/\/www.batir-en-alu.fr\/pros\/menuiserie-aluminium\/garde-corps-en-aluminium\/","url":"https:\/\/www.batir-en-alu.fr\/pros\/menuiserie-aluminium\/garde-corps-en-aluminium\/","name":"Le garde-corps en aluminium - B\u00e2tir en Alu.fr - Professionnels","isPartOf":{"@id":"https:\/\/www.batir-en-alu.fr\/pros\/#website"},"primaryImageOfPage":{"@id":"https:\/\/www.batir-en-alu.fr\/pros\/menuiserie-aluminium\/garde-corps-en-aluminium\/#primaryimage"},"image":{"@id":"https:\/\/www.batir-en-alu.fr\/pros\/menuiserie-aluminium\/garde-corps-en-aluminium\/#primaryimage"},"thumbnailUrl":"https:\/\/www.batir-en-alu.fr\/pros\/wp-content\/uploads\/sites\/3\/2024\/07\/garde-corps-aluminium.png","datePublished":"2024-07-01T11:24:57+00:00","dateModified":"2026-02-25T09:44:02+00:00","description":"Garde-corps en aluminium : types, formes, couleurs et r\u00e9glementation. S\u00e9curit\u00e9, durabilit\u00e9 et esth\u00e9tique pour balcons, terrasses et fen\u00eatres. Guide pro par le SNFA.","breadcrumb":{"@id":"https:\/\/www.batir-en-alu.fr\/pros\/menuiserie-aluminium\/garde-corps-en-aluminium\/#breadcrumb"},"inLanguage":"fr-FR","potentialAction":[{"@type":"ReadAction","target":["https:\/\/www.batir-en-alu.fr\/pros\/menuiserie-aluminium\/garde-corps-en-aluminium\/"]}]},{"@type":"ImageObject","inLanguage":"fr-FR","@id":"https:\/\/www.batir-en-alu.fr\/pros\/menuiserie-aluminium\/garde-corps-en-aluminium\/#primaryimage","url":"https:\/\/www.batir-en-alu.fr\/pros\/wp-content\/uploads\/sites\/3\/2024\/07\/garde-corps-aluminium.png","contentUrl":"https:\/\/www.batir-en-alu.fr\/pros\/wp-content\/uploads\/sites\/3\/2024\/07\/garde-corps-aluminium.png","width":1920,"height":500},{"@type":"BreadcrumbList","@id":"https:\/\/www.batir-en-alu.fr\/pros\/menuiserie-aluminium\/garde-corps-en-aluminium\/#breadcrumb","itemListElement":[{"@type":"ListItem","position":1,"name":"\u00b7\u00b7\u00b7","item":"https:\/\/www.batir-en-alu.fr\/pros"},{"@type":"ListItem","position":2,"name":"B\u00e2tir En Alu","item":"https:\/\/www.batir-en-alu.fr\/"},{"@type":"ListItem","position":3,"name":"Professionnels","item":"https:\/\/www.batir-en-alu.fr\/pros\/"},{"@type":"ListItem","position":4,"name":"La menuiserie aluminium","item":"https:\/\/www.batir-en-alu.fr\/pros\/menuiserie-aluminium\/"},{"@type":"ListItem","position":5,"name":"Le garde-corps en aluminium"}]},{"@type":"WebSite","@id":"https:\/\/www.batir-en-alu.fr\/pros\/#website","url":"https:\/\/www.batir-en-alu.fr\/pros\/","name":"B\u00e2tir en alu Professionnels","description":"Professionnels de la Menuiserie aluminium","publisher":{"@id":"https:\/\/www.batir-en-alu.fr\/pros\/#organization"},"potentialAction":[{"@type":"SearchAction","target":{"@type":"EntryPoint","urlTemplate":"https:\/\/www.batir-en-alu.fr\/pros\/?s={search_term_string}"},"query-input":{"@type":"PropertyValueSpecification","valueRequired":true,"valueName":"search_term_string"}}],"inLanguage":"fr-FR"},{"@type":"Organization","@id":"https:\/\/www.batir-en-alu.fr\/pros\/#organization","name":"B\u00e2tir en alu Professionnels","url":"https:\/\/www.batir-en-alu.fr\/pros\/","logo":{"@type":"ImageObject","inLanguage":"fr-FR","@id":"https:\/\/www.batir-en-alu.fr\/pros\/#\/schema\/logo\/image\/","url":"https:\/\/www.batir-en-alu.fr\/pros\/wp-content\/uploads\/sites\/3\/2026\/03\/logo-batir-en-alu-pro.webp","contentUrl":"https:\/\/www.batir-en-alu.fr\/pros\/wp-content\/uploads\/sites\/3\/2026\/03\/logo-batir-en-alu-pro.webp","width":276,"height":310,"caption":"B\u00e2tir en alu Professionnels"},"image":{"@id":"https:\/\/www.batir-en-alu.fr\/pros\/#\/schema\/logo\/image\/"}}]}},"_links":{"self":[{"href":"https:\/\/www.batir-en-alu.fr\/pros\/wp-json\/wp\/v2\/pages\/544","targetHints":{"allow":["GET"]}}],"collection":[{"href":"https:\/\/www.batir-en-alu.fr\/pros\/wp-json\/wp\/v2\/pages"}],"about":[{"href":"https:\/\/www.batir-en-alu.fr\/pros\/wp-json\/wp\/v2\/types\/page"}],"author":[{"embeddable":true,"href":"https:\/\/www.batir-en-alu.fr\/pros\/wp-json\/wp\/v2\/users\/21"}],"replies":[{"embeddable":true,"href":"https:\/\/www.batir-en-alu.fr\/pros\/wp-json\/wp\/v2\/comments?post=544"}],"version-history":[{"count":54,"href":"https:\/\/www.batir-en-alu.fr\/pros\/wp-json\/wp\/v2\/pages\/544\/revisions"}],"predecessor-version":[{"id":1966,"href":"https:\/\/www.batir-en-alu.fr\/pros\/wp-json\/wp\/v2\/pages\/544\/revisions\/1966"}],"up":[{"embeddable":true,"href":"https:\/\/www.batir-en-alu.fr\/pros\/wp-json\/wp\/v2\/pages\/466"}],"wp:featuredmedia":[{"embeddable":true,"href":"https:\/\/www.batir-en-alu.fr\/pros\/wp-json\/wp\/v2\/media\/552"}],"wp:attachment":[{"href":"https:\/\/www.batir-en-alu.fr\/pros\/wp-json\/wp\/v2\/media?parent=544"}],"curies":[{"name":"wp","href":"https:\/\/api.w.org\/{rel}","templated":true}]}}