{"id":442,"date":"2024-06-28T14:18:41","date_gmt":"2024-06-28T12:18:41","guid":{"rendered":"https:\/\/batir-en-alu-pro.local\/pros\/?page_id=442"},"modified":"2026-02-25T11:05:14","modified_gmt":"2026-02-25T10:05:14","slug":"label-fenetrealu","status":"publish","type":"page","link":"https:\/\/www.batir-en-alu.fr\/pros\/demarches-qualite\/label-fenetrealu\/","title":{"rendered":"Le LABEL fen\u00eatrealu"},"content":{"rendered":"\n\n\n\t<div class=\"align wp-block-acf-layout-wrap\">\n\n\t\n\n\t\t<div class=\"layout-wrap\" >\n\t\t<div class=\"innerblock\">\n\n\n\n\t<div class=\"align wp-block-acf-paragraphs\">\n\n\t\n\n\t\t<div class=\"paragraphs container\">\n\n\t\t\t\t\t<div class=\"paragraphs__left\">\n\n\t\t\t\t\t\t\t\t\t<div class=\"paragraphs__image\">\n\t\t\t\t\t\t\t\t\t\t\t\t\t\t\t\t<img decoding=\"async\" class=\"img\" src=\"https:\/\/www.batir-en-alu.fr\/pros\/wp-content\/uploads\/sites\/3\/2026\/01\/Label_FenA_Qua.jpg\" srcset=\"https:\/\/www.batir-en-alu.fr\/pros\/wp-content\/uploads\/sites\/3\/2026\/01\/Label_FenA_Qua.jpg 1000w, https:\/\/www.batir-en-alu.fr\/pros\/wp-content\/uploads\/sites\/3\/2026\/01\/Label_FenA_Qua-300x140.jpg 300w, https:\/\/www.batir-en-alu.fr\/pros\/wp-content\/uploads\/sites\/3\/2026\/01\/Label_FenA_Qua-768x357.jpg 768w\" sizes=\"(max-width: 1000px) 100vw, 1000px\" loading=\"lazy\" alt=\"LABEL fen\u00eatre alu - Qualit\u00e9\"\/>\n\t\t\t\t\t\t\t\t\t\t\t\t<\/div>\n\t\t\t\t\n\t\t\t\t\t\t\t\t\t<div class=\"paragraphs__ctas\">\n\t\t\t\t\t\t\t\t\t\t\t\t\t\n\n<a href=\"https:\/\/www.batir-en-alu.fr\/pros\/demarches-qualite\/label-fenetrealu\/\" class=\"paragraphs__ctas__button button-primary--reversed\"  >\n\t\t\t<span class=\"button__text\">\n\t\t\t\t\t\tPr\u00e9sentation du LABEL\n\t\t<\/span>\n\t\t\t\t<span class=\"button__arrow\">\n\t\t\t<svg xmlns=\"http:\/\/www.w3.org\/2000\/svg\" viewBox=\"0 0 25.426 11.208\"><g data-name=\"Groupe 11\" fill=\"none\" stroke=\"#248cd9\" stroke-width=\"2\"><path data-name=\"Trac\u00e9 16\" d=\"m19.272 10.501 4.739-4.739L18.956.707\"\/><path data-name=\"Ligne 9\" d=\"M0 5.762h24.011\"\/><\/g><\/svg>\n\t\t<\/span>\n\t<\/a>\n\n\t\t\t\t\t\t\t\t\t\t\t\t\t\t\n\n<a href=\"https:\/\/www.batir-en-alu.fr\/pros\/wp-content\/uploads\/sites\/3\/2025\/12\/Referentiel-fenetrealu.pdf\" class=\"paragraphs__ctas__button button-primary--reversed\" target='_blank'  >\n\t\t\t<span class=\"button__text\">\n\t\t\t\t\t\tR\u00e9f\u00e9rentiel fen\u00eatrealu\n\t\t<\/span>\n\t\t\t\t<span class=\"button__arrow\">\n\t\t\t<svg xmlns=\"http:\/\/www.w3.org\/2000\/svg\" viewBox=\"0 0 25.426 11.208\"><g data-name=\"Groupe 11\" fill=\"none\" stroke=\"#248cd9\" stroke-width=\"2\"><path data-name=\"Trac\u00e9 16\" d=\"m19.272 10.501 4.739-4.739L18.956.707\"\/><path data-name=\"Ligne 9\" d=\"M0 5.762h24.011\"\/><\/g><\/svg>\n\t\t<\/span>\n\t<\/a>\n\n\t\t\t\t\t\t\t\t\t\t\t\t\t\t\n\n<a href=\"https:\/\/www.batir-en-alu.fr\/pros\/nos-labels\/fenetrealu\/les-entreprises-labellisees\/\" class=\"paragraphs__ctas__button button-primary--reversed\" target='_blank'  >\n\t\t\t<span class=\"button__text\">\n\t\t\t\t\t\tListe des titulaires <br>LABEL fen\u00eatrealu\n\t\t<\/span>\n\t\t\t\t<span class=\"button__arrow\">\n\t\t\t<svg xmlns=\"http:\/\/www.w3.org\/2000\/svg\" viewBox=\"0 0 25.426 11.208\"><g data-name=\"Groupe 11\" fill=\"none\" stroke=\"#248cd9\" stroke-width=\"2\"><path data-name=\"Trac\u00e9 16\" d=\"m19.272 10.501 4.739-4.739L18.956.707\"\/><path data-name=\"Ligne 9\" d=\"M0 5.762h24.011\"\/><\/g><\/svg>\n\t\t<\/span>\n\t<\/a>\n\n\t\t\t\t\t\t\t\t\t\t\t\t\t\n\n<a href=\"https:\/\/www.batir-en-alu.fr\/pros\/demarches-qualite\/label-fenetrealu\/demander-un-dossier-label-fenetrealu\/\" class=\"paragraphs__ctas__button button-primary--reversed\"  >\n\t\t\t<span class=\"button__text\">\n\t\t\t\t\t\tDemander un dossier <br>LABEL fen\u00eatrealu\n\t\t<\/span>\n\t\t\t\t<span class=\"button__arrow\">\n\t\t\t<svg xmlns=\"http:\/\/www.w3.org\/2000\/svg\" viewBox=\"0 0 25.426 11.208\"><g data-name=\"Groupe 11\" fill=\"none\" stroke=\"#248cd9\" stroke-width=\"2\"><path data-name=\"Trac\u00e9 16\" d=\"m19.272 10.501 4.739-4.739L18.956.707\"\/><path data-name=\"Ligne 9\" d=\"M0 5.762h24.011\"\/><\/g><\/svg>\n\t\t<\/span>\n\t<\/a>\n\n\t\t\t\t\t\t\t\t\t\t\t<\/div>\n\t\t\t\t\t\t\t<\/div>\n\t\t\t\t\t\t\t<div class=\"paragraphs__content\">\n\t\t\t\t\t\t\t\t\t\t\t\t\t\t\t\t\t\t\t\t<div class=\"paragraphs__content__text\"><p>Initiative qualit\u00e9 d\u00e9di\u00e9e \u00e0 la fabrication fran\u00e7aise de fen\u00eatres en aluminium, le LABEL fen\u00eatrealu, a \u00e9t\u00e9 con\u00e7ue par le SNFA pour ses membres. Ce label, bas\u00e9 sur un r\u00e9f\u00e9rentiel rigoureux et document\u00e9, certifie des produits de qualit\u00e9, assurant des performances fiables et reproductibles.<\/p>\n<p>Notre r\u00e9f\u00e9rentiel LABEL fen\u00eatrealu d\u00e9montre que les produits fabriqu\u00e9s respectent les normes NF EN 14351-1 et XP P 50-777, ainsi que les r\u00e8gles de conception et de durabilit\u00e9 du DTU 36.5. Un plan d&#8217;assurance qualit\u00e9 audit\u00e9 assure la constance des performances d\u00e9clar\u00e9es.<\/p>\n<p>Nos audits sont men\u00e9s par SOCOTEC, un organisme ind\u00e9pendant, couvrant les fen\u00eatres, portes-fen\u00eatres et ensembles similaires, avec ou sans syst\u00e8me de fermeture, destin\u00e9s aux ouvertures murales verticales.<\/p>\n<p>Pour b\u00e9n\u00e9ficier de ce label, les fabricants doivent \u00eatre membres du SNFA et utiliser des syst\u00e8mes approuv\u00e9s par ses membres. Les entreprises RGE installant des fen\u00eatres doivent \u00e9galement suivre le r\u00e9f\u00e9rentiel Qualibat 3511 &#8220;fourniture et pose de menuiseries ext\u00e9rieures&#8221;, assurant une qualit\u00e9 optimale tant dans la conception que dans la fabrication, \u00e0 laquelle r\u00e9pond le LABEL fen\u00eatrealu.<\/p>\n<p>SOCOTEC g\u00e8re l&#8217;instruction des dossiers, r\u00e9alise les audits initiaux et de suivi, et d\u00e9livre la conformit\u00e9 au r\u00e9f\u00e9rentiel.<\/p>\n<\/div>\n\t\t\t\t\t\t\t\t\t\t\t\t\t\t\t\t\t\t\t\t\t\t\t\t\t\t\t\t\t\t\t\t\t\t\t\t\t\t\t\t\t\t\t\t\t\t\t\t\t\t\t\t<div class=\"paragraphs__content__button\">\n\t\t\t\t\t\t\t\t\n\n<a href=\"https:\/\/www.batir-en-alu.fr\/pros\/wp-content\/uploads\/sites\/3\/2025\/12\/Referentiel-fenetrealu.pdf\" class=\"button-link\" target='_blank'  >\n\t\t\t<span class=\"button__text\">\n\t\t\t\t\t\t> Pour en savoir plus, t\u00e9l\u00e9chargez la note sur la d\u00e9marche qualit\u00e9 int\u00e9grant les justificatifs attestant la qualit\u00e9 de nos fen\u00eatres et portes.\n\t\t<\/span>\n\t\t\t\t<span class=\"button__arrow\">\n\t\t\t<svg xmlns=\"http:\/\/www.w3.org\/2000\/svg\" viewBox=\"0 0 25.426 11.208\"><g data-name=\"Groupe 11\" fill=\"none\" stroke=\"#248cd9\" stroke-width=\"2\"><path data-name=\"Trac\u00e9 16\" d=\"m19.272 10.501 4.739-4.739L18.956.707\"\/><path data-name=\"Ligne 9\" d=\"M0 5.762h24.011\"\/><\/g><\/svg>\n\t\t<\/span>\n\t<\/a>\n\n\t\t\t\t\t\t<\/div>\n\t\t\t\t\t\t\t\t\t\t\t\t\t\t\t\t\t<\/div>\n\t\t\t<\/div>\n\n\t<\/div>\n\n\n\n\n<style>\n\t#block_b8d2f0e279cea5a0ca16747906f09d63{height:16px;}@media(min-width:576px){#block_b8d2f0e279cea5a0ca16747906f09d63{height:24px;}\n<\/style>\n\n\t<div class=\"align wp-block-acf-spacer\" id=\"block_b8d2f0e279cea5a0ca16747906f09d63\">\n\n\t\n\n\t\t\n\t<\/div>\n\n<\/div>\n\t<\/div>\n\n\t<\/div>\n","protected":false},"excerpt":{"rendered":"","protected":false},"author":21,"featured_media":0,"parent":332,"menu_order":0,"comment_status":"closed","ping_status":"closed","template":"","meta":{"_acf_changed":false,"footnotes":""},"class_list":["post-442","page","type-page","status-publish","hentry"],"acf":[],"yoast_head":"<!-- This site is optimized with the Yoast SEO plugin v26.9 - https:\/\/yoast.com\/product\/yoast-seo-wordpress\/ -->\n<title>Le LABEL fen\u00eatrealu - B\u00e2tir en Alu.fr - Professionnels<\/title>\n<meta name=\"description\" content=\"LABEL fen\u00eatrealu : certification qualit\u00e9 SNFA pour fen\u00eatres aluminium. Conformit\u00e9 NF EN 14351-1, DTU 36.5, audits Socotec. R\u00e9f\u00e9rentiel et liste des titulaires.\" \/>\n<meta name=\"robots\" content=\"index, follow, max-snippet:-1, max-image-preview:large, max-video-preview:-1\" \/>\n<link rel=\"canonical\" href=\"https:\/\/www.batir-en-alu.fr\/pros\/demarches-qualite\/label-fenetrealu\/\" \/>\n<meta property=\"og:locale\" content=\"fr_FR\" \/>\n<meta property=\"og:type\" content=\"article\" \/>\n<meta property=\"og:title\" content=\"Le LABEL fen\u00eatrealu - B\u00e2tir en Alu.fr - Professionnels\" \/>\n<meta property=\"og:description\" content=\"LABEL fen\u00eatrealu : certification qualit\u00e9 SNFA pour fen\u00eatres aluminium. Conformit\u00e9 NF EN 14351-1, DTU 36.5, audits Socotec. R\u00e9f\u00e9rentiel et liste des titulaires.\" \/>\n<meta property=\"og:url\" content=\"https:\/\/www.batir-en-alu.fr\/pros\/demarches-qualite\/label-fenetrealu\/\" \/>\n<meta property=\"og:site_name\" content=\"B\u00e2tir en Alu.fr - Professionnels\" \/>\n<meta property=\"article:modified_time\" content=\"2026-02-25T10:05:14+00:00\" \/>\n<meta name=\"twitter:card\" content=\"summary_large_image\" \/>\n<script type=\"application\/ld+json\" class=\"yoast-schema-graph\">{\"@context\":\"https:\/\/schema.org\",\"@graph\":[{\"@type\":\"WebPage\",\"@id\":\"https:\/\/www.batir-en-alu.fr\/pros\/demarches-qualite\/label-fenetrealu\/\",\"url\":\"https:\/\/www.batir-en-alu.fr\/pros\/demarches-qualite\/label-fenetrealu\/\",\"name\":\"Le LABEL fen\u00eatrealu - B\u00e2tir en Alu.fr - Professionnels\",\"isPartOf\":{\"@id\":\"https:\/\/www.batir-en-alu.fr\/pros\/#website\"},\"datePublished\":\"2024-06-28T12:18:41+00:00\",\"dateModified\":\"2026-02-25T10:05:14+00:00\",\"description\":\"LABEL fen\u00eatrealu : certification qualit\u00e9 SNFA pour fen\u00eatres aluminium. Conformit\u00e9 NF EN 14351-1, DTU 36.5, audits Socotec. R\u00e9f\u00e9rentiel et liste des titulaires.\",\"breadcrumb\":{\"@id\":\"https:\/\/www.batir-en-alu.fr\/pros\/demarches-qualite\/label-fenetrealu\/#breadcrumb\"},\"inLanguage\":\"fr-FR\",\"potentialAction\":[{\"@type\":\"ReadAction\",\"target\":[\"https:\/\/www.batir-en-alu.fr\/pros\/demarches-qualite\/label-fenetrealu\/\"]}]},{\"@type\":\"BreadcrumbList\",\"@id\":\"https:\/\/www.batir-en-alu.fr\/pros\/demarches-qualite\/label-fenetrealu\/#breadcrumb\",\"itemListElement\":[{\"@type\":\"ListItem\",\"position\":1,\"name\":\"\u00b7\u00b7\u00b7\",\"item\":\"https:\/\/www.batir-en-alu.fr\/pros\"},{\"@type\":\"ListItem\",\"position\":2,\"name\":\"B\u00e2tir En Alu\",\"item\":\"https:\/\/www.batir-en-alu.fr\/\"},{\"@type\":\"ListItem\",\"position\":3,\"name\":\"Professionnels\",\"item\":\"https:\/\/www.batir-en-alu.fr\/pros\/\"},{\"@type\":\"ListItem\",\"position\":4,\"name\":\"Les 5 d\u00e9marches qualit\u00e9\",\"item\":\"https:\/\/www.batir-en-alu.fr\/pros\/demarches-qualite\/\"},{\"@type\":\"ListItem\",\"position\":5,\"name\":\"Fen\u00eatrealu\"}]},{\"@type\":\"WebSite\",\"@id\":\"https:\/\/www.batir-en-alu.fr\/pros\/#website\",\"url\":\"https:\/\/www.batir-en-alu.fr\/pros\/\",\"name\":\"B\u00e2tir en alu Professionnels\",\"description\":\"Professionnels de la Menuiserie aluminium\",\"publisher\":{\"@id\":\"https:\/\/www.batir-en-alu.fr\/pros\/#organization\"},\"potentialAction\":[{\"@type\":\"SearchAction\",\"target\":{\"@type\":\"EntryPoint\",\"urlTemplate\":\"https:\/\/www.batir-en-alu.fr\/pros\/?s={search_term_string}\"},\"query-input\":{\"@type\":\"PropertyValueSpecification\",\"valueRequired\":true,\"valueName\":\"search_term_string\"}}],\"inLanguage\":\"fr-FR\"},{\"@type\":\"Organization\",\"@id\":\"https:\/\/www.batir-en-alu.fr\/pros\/#organization\",\"name\":\"B\u00e2tir en alu Professionnels\",\"url\":\"https:\/\/www.batir-en-alu.fr\/pros\/\",\"logo\":{\"@type\":\"ImageObject\",\"inLanguage\":\"fr-FR\",\"@id\":\"https:\/\/www.batir-en-alu.fr\/pros\/#\/schema\/logo\/image\/\",\"url\":\"https:\/\/www.batir-en-alu.fr\/pros\/wp-content\/uploads\/sites\/3\/2026\/03\/logo-batir-en-alu-pro.webp\",\"contentUrl\":\"https:\/\/www.batir-en-alu.fr\/pros\/wp-content\/uploads\/sites\/3\/2026\/03\/logo-batir-en-alu-pro.webp\",\"width\":276,\"height\":310,\"caption\":\"B\u00e2tir en alu Professionnels\"},\"image\":{\"@id\":\"https:\/\/www.batir-en-alu.fr\/pros\/#\/schema\/logo\/image\/\"}}]}<\/script>\n<!-- \/ Yoast SEO plugin. -->","yoast_head_json":{"title":"Le LABEL fen\u00eatrealu - B\u00e2tir en Alu.fr - Professionnels","description":"LABEL fen\u00eatrealu : certification qualit\u00e9 SNFA pour fen\u00eatres aluminium. Conformit\u00e9 NF EN 14351-1, DTU 36.5, audits Socotec. R\u00e9f\u00e9rentiel et liste des titulaires.","robots":{"index":"index","follow":"follow","max-snippet":"max-snippet:-1","max-image-preview":"max-image-preview:large","max-video-preview":"max-video-preview:-1"},"canonical":"https:\/\/www.batir-en-alu.fr\/pros\/demarches-qualite\/label-fenetrealu\/","og_locale":"fr_FR","og_type":"article","og_title":"Le LABEL fen\u00eatrealu - B\u00e2tir en Alu.fr - Professionnels","og_description":"LABEL fen\u00eatrealu : certification qualit\u00e9 SNFA pour fen\u00eatres aluminium. Conformit\u00e9 NF EN 14351-1, DTU 36.5, audits Socotec. R\u00e9f\u00e9rentiel et liste des titulaires.","og_url":"https:\/\/www.batir-en-alu.fr\/pros\/demarches-qualite\/label-fenetrealu\/","og_site_name":"B\u00e2tir en Alu.fr - Professionnels","article_modified_time":"2026-02-25T10:05:14+00:00","twitter_card":"summary_large_image","schema":{"@context":"https:\/\/schema.org","@graph":[{"@type":"WebPage","@id":"https:\/\/www.batir-en-alu.fr\/pros\/demarches-qualite\/label-fenetrealu\/","url":"https:\/\/www.batir-en-alu.fr\/pros\/demarches-qualite\/label-fenetrealu\/","name":"Le LABEL fen\u00eatrealu - B\u00e2tir en Alu.fr - Professionnels","isPartOf":{"@id":"https:\/\/www.batir-en-alu.fr\/pros\/#website"},"datePublished":"2024-06-28T12:18:41+00:00","dateModified":"2026-02-25T10:05:14+00:00","description":"LABEL fen\u00eatrealu : certification qualit\u00e9 SNFA pour fen\u00eatres aluminium. Conformit\u00e9 NF EN 14351-1, DTU 36.5, audits Socotec. R\u00e9f\u00e9rentiel et liste des titulaires.","breadcrumb":{"@id":"https:\/\/www.batir-en-alu.fr\/pros\/demarches-qualite\/label-fenetrealu\/#breadcrumb"},"inLanguage":"fr-FR","potentialAction":[{"@type":"ReadAction","target":["https:\/\/www.batir-en-alu.fr\/pros\/demarches-qualite\/label-fenetrealu\/"]}]},{"@type":"BreadcrumbList","@id":"https:\/\/www.batir-en-alu.fr\/pros\/demarches-qualite\/label-fenetrealu\/#breadcrumb","itemListElement":[{"@type":"ListItem","position":1,"name":"\u00b7\u00b7\u00b7","item":"https:\/\/www.batir-en-alu.fr\/pros"},{"@type":"ListItem","position":2,"name":"B\u00e2tir En Alu","item":"https:\/\/www.batir-en-alu.fr\/"},{"@type":"ListItem","position":3,"name":"Professionnels","item":"https:\/\/www.batir-en-alu.fr\/pros\/"},{"@type":"ListItem","position":4,"name":"Les 5 d\u00e9marches qualit\u00e9","item":"https:\/\/www.batir-en-alu.fr\/pros\/demarches-qualite\/"},{"@type":"ListItem","position":5,"name":"Fen\u00eatrealu"}]},{"@type":"WebSite","@id":"https:\/\/www.batir-en-alu.fr\/pros\/#website","url":"https:\/\/www.batir-en-alu.fr\/pros\/","name":"B\u00e2tir en alu Professionnels","description":"Professionnels de la Menuiserie aluminium","publisher":{"@id":"https:\/\/www.batir-en-alu.fr\/pros\/#organization"},"potentialAction":[{"@type":"SearchAction","target":{"@type":"EntryPoint","urlTemplate":"https:\/\/www.batir-en-alu.fr\/pros\/?s={search_term_string}"},"query-input":{"@type":"PropertyValueSpecification","valueRequired":true,"valueName":"search_term_string"}}],"inLanguage":"fr-FR"},{"@type":"Organization","@id":"https:\/\/www.batir-en-alu.fr\/pros\/#organization","name":"B\u00e2tir en alu Professionnels","url":"https:\/\/www.batir-en-alu.fr\/pros\/","logo":{"@type":"ImageObject","inLanguage":"fr-FR","@id":"https:\/\/www.batir-en-alu.fr\/pros\/#\/schema\/logo\/image\/","url":"https:\/\/www.batir-en-alu.fr\/pros\/wp-content\/uploads\/sites\/3\/2026\/03\/logo-batir-en-alu-pro.webp","contentUrl":"https:\/\/www.batir-en-alu.fr\/pros\/wp-content\/uploads\/sites\/3\/2026\/03\/logo-batir-en-alu-pro.webp","width":276,"height":310,"caption":"B\u00e2tir en alu Professionnels"},"image":{"@id":"https:\/\/www.batir-en-alu.fr\/pros\/#\/schema\/logo\/image\/"}}]}},"_links":{"self":[{"href":"https:\/\/www.batir-en-alu.fr\/pros\/wp-json\/wp\/v2\/pages\/442","targetHints":{"allow":["GET"]}}],"collection":[{"href":"https:\/\/www.batir-en-alu.fr\/pros\/wp-json\/wp\/v2\/pages"}],"about":[{"href":"https:\/\/www.batir-en-alu.fr\/pros\/wp-json\/wp\/v2\/types\/page"}],"author":[{"embeddable":true,"href":"https:\/\/www.batir-en-alu.fr\/pros\/wp-json\/wp\/v2\/users\/21"}],"replies":[{"embeddable":true,"href":"https:\/\/www.batir-en-alu.fr\/pros\/wp-json\/wp\/v2\/comments?post=442"}],"version-history":[{"count":20,"href":"https:\/\/www.batir-en-alu.fr\/pros\/wp-json\/wp\/v2\/pages\/442\/revisions"}],"predecessor-version":[{"id":2257,"href":"https:\/\/www.batir-en-alu.fr\/pros\/wp-json\/wp\/v2\/pages\/442\/revisions\/2257"}],"up":[{"embeddable":true,"href":"https:\/\/www.batir-en-alu.fr\/pros\/wp-json\/wp\/v2\/pages\/332"}],"wp:attachment":[{"href":"https:\/\/www.batir-en-alu.fr\/pros\/wp-json\/wp\/v2\/media?parent=442"}],"curies":[{"name":"wp","href":"https:\/\/api.w.org\/{rel}","templated":true}]}}