{"id":440,"date":"2024-06-28T14:12:48","date_gmt":"2024-06-28T12:12:48","guid":{"rendered":"https:\/\/batir-en-alu-pro.local\/pros\/?page_id=440"},"modified":"2026-02-25T10:57:57","modified_gmt":"2026-02-25T09:57:57","slug":"label-facadealu","status":"publish","type":"page","link":"https:\/\/www.batir-en-alu.fr\/pros\/demarches-qualite\/label-facadealu\/","title":{"rendered":"Le LABEL fa\u00e7adealu"},"content":{"rendered":"\n\n\n\t<div class=\"align wp-block-acf-layout-wrap\">\n\n\t\n\n\t\t<div class=\"layout-wrap\" >\n\t\t<div class=\"innerblock\">\n\n\n\n\t<div class=\"align wp-block-acf-paragraphs\">\n\n\t\n\n\t\t<div class=\"paragraphs container\">\n\n\t\t\t\t\t<div class=\"paragraphs__left\">\n\n\t\t\t\t\t\t\t\t\t<div class=\"paragraphs__image\">\n\t\t\t\t\t\t\t\t\t\t\t\t\t\t\t\t<img decoding=\"async\" class=\"img\" src=\"https:\/\/www.batir-en-alu.fr\/pros\/wp-content\/uploads\/sites\/3\/2026\/01\/Label_FacA_Qua.jpg\" srcset=\"https:\/\/www.batir-en-alu.fr\/pros\/wp-content\/uploads\/sites\/3\/2026\/01\/Label_FacA_Qua.jpg 1000w, https:\/\/www.batir-en-alu.fr\/pros\/wp-content\/uploads\/sites\/3\/2026\/01\/Label_FacA_Qua-300x145.jpg 300w, https:\/\/www.batir-en-alu.fr\/pros\/wp-content\/uploads\/sites\/3\/2026\/01\/Label_FacA_Qua-768x372.jpg 768w\" sizes=\"(max-width: 1000px) 100vw, 1000px\" loading=\"lazy\" alt=\"LABEL fa\u00e7ade alu - Qualit\u00e9\"\/>\n\t\t\t\t\t\t\t\t\t\t\t\t<\/div>\n\t\t\t\t\n\t\t\t\t\t\t\t\t\t<div class=\"paragraphs__ctas\">\n\t\t\t\t\t\t\t\t\t\t\t\t\t\n\n<a href=\"https:\/\/www.batir-en-alu.fr\/pros\/demarches-qualite\/label-facadealu\/\" class=\"paragraphs__ctas__button button-primary--reversed\"  >\n\t\t\t<span class=\"button__text\">\n\t\t\t\t\t\tPr\u00e9sentation du LABEL\n\t\t<\/span>\n\t\t\t\t<span class=\"button__arrow\">\n\t\t\t<svg xmlns=\"http:\/\/www.w3.org\/2000\/svg\" viewBox=\"0 0 25.426 11.208\"><g data-name=\"Groupe 11\" fill=\"none\" stroke=\"#248cd9\" stroke-width=\"2\"><path data-name=\"Trac\u00e9 16\" d=\"m19.272 10.501 4.739-4.739L18.956.707\"\/><path data-name=\"Ligne 9\" d=\"M0 5.762h24.011\"\/><\/g><\/svg>\n\t\t<\/span>\n\t<\/a>\n\n\t\t\t\t\t\t\t\t\t\t\t\t\t\t\n\n<a href=\"https:\/\/www.batir-en-alu.fr\/pros\/wp-content\/uploads\/sites\/3\/2025\/12\/Referentiel-facadealu.pdf\" class=\"paragraphs__ctas__button button-primary--reversed\" target='_blank'  >\n\t\t\t<span class=\"button__text\">\n\t\t\t\t\t\tR\u00e9f\u00e9rentiel fa\u00e7adealu\n\t\t<\/span>\n\t\t\t\t<span class=\"button__arrow\">\n\t\t\t<svg xmlns=\"http:\/\/www.w3.org\/2000\/svg\" viewBox=\"0 0 25.426 11.208\"><g data-name=\"Groupe 11\" fill=\"none\" stroke=\"#248cd9\" stroke-width=\"2\"><path data-name=\"Trac\u00e9 16\" d=\"m19.272 10.501 4.739-4.739L18.956.707\"\/><path data-name=\"Ligne 9\" d=\"M0 5.762h24.011\"\/><\/g><\/svg>\n\t\t<\/span>\n\t<\/a>\n\n\t\t\t\t\t\t\t\t\t\t\t\t\t\t\n\n<a href=\"https:\/\/www.batir-en-alu.fr\/pros\/nos-labels\/fenetrealu\/les-entreprises-labellisees\/\" class=\"paragraphs__ctas__button button-primary--reversed\" target='_blank'  >\n\t\t\t<span class=\"button__text\">\n\t\t\t\t\t\tListe des titulaires <br>LABEL fa\u00e7adealu\n\t\t<\/span>\n\t\t\t\t<span class=\"button__arrow\">\n\t\t\t<svg xmlns=\"http:\/\/www.w3.org\/2000\/svg\" viewBox=\"0 0 25.426 11.208\"><g data-name=\"Groupe 11\" fill=\"none\" stroke=\"#248cd9\" stroke-width=\"2\"><path data-name=\"Trac\u00e9 16\" d=\"m19.272 10.501 4.739-4.739L18.956.707\"\/><path data-name=\"Ligne 9\" d=\"M0 5.762h24.011\"\/><\/g><\/svg>\n\t\t<\/span>\n\t<\/a>\n\n\t\t\t\t\t\t\t\t\t\t\t\t\t\n\n<a href=\"https:\/\/www.batir-en-alu.fr\/pros\/demarches-qualite\/label-facadealu\/demander-un-dossier-label-facadealu\/\" class=\"paragraphs__ctas__button button-primary--reversed\"  >\n\t\t\t<span class=\"button__text\">\n\t\t\t\t\t\tDemander un dossier <br>LABEL fa\u00e7adealu\n\t\t<\/span>\n\t\t\t\t<span class=\"button__arrow\">\n\t\t\t<svg xmlns=\"http:\/\/www.w3.org\/2000\/svg\" viewBox=\"0 0 25.426 11.208\"><g data-name=\"Groupe 11\" fill=\"none\" stroke=\"#248cd9\" stroke-width=\"2\"><path data-name=\"Trac\u00e9 16\" d=\"m19.272 10.501 4.739-4.739L18.956.707\"\/><path data-name=\"Ligne 9\" d=\"M0 5.762h24.011\"\/><\/g><\/svg>\n\t\t<\/span>\n\t<\/a>\n\n\t\t\t\t\t\t\t\t\t\t\t<\/div>\n\t\t\t\t\t\t\t<\/div>\n\t\t\t\t\t\t\t<div class=\"paragraphs__content\">\n\t\t\t\t\t\t\t\t\t\t\t\t\t\t\t\t\t\t\t\t<div class=\"paragraphs__content__text\"><p>Cr\u00e9\u00e9 en 2017, \u00e0 l&#8217;initiative du SNFA, le LABEL fa\u00e7adealu offre, aux adh\u00e9rents, la possibilit\u00e9 de disposer d&#8217;un syst\u00e8me qualit\u00e9\/environnement adapt\u00e9 \u00e0 la profession et d&#8217;un outil global d&#8217;am\u00e9lioration continue.<\/p>\n<p>Il permet, aux ma\u00eetres d&#8217;ouvrage et aux ma\u00eetres d&#8217;\u0153uvre d&#8217;identifier facilement les entreprises qualifi\u00e9es dans notre domaine d&#8217;activit\u00e9.<\/p>\n<p>LABEL fa\u00e7adealu est une d\u00e9marche qualit\u00e9 rigoureuse, bas\u00e9e sur un r\u00e9f\u00e9rentiel qui d\u00e9finit une organisation rigoureuse et document\u00e9, s&#8217;appuyant sur des moyens adapt\u00e9s pour obtenir, de mani\u00e8re fiable et reproductible, des ouvrages de qualit\u00e9 aux performances reconnues. SOCOTEC, en tant qu&#8217;auditeur tierce partie ind\u00e9pendante, g\u00e8re l&#8217;instruction des dossiers, r\u00e9alise les audits initiaux et de suivi, et d\u00e9livre la conformit\u00e9 au r\u00e9f\u00e9rentiel.<\/p>\n<p>Il se distingue par :<\/p>\n<ul>\n<li>La prise en compte de la diversit\u00e9 et de la complexit\u00e9 des fen\u00eatres et fa\u00e7ades en aluminium, couvrant l&#8217;ensemble des r\u00e9alisations.<\/li>\n<li>La valorisation d&#8217;un savoir-faire technique exceptionnel, de la conception \u00e0 l&#8217;installation, incluant un service de maintenance pour les ma\u00eetres d&#8217;ouvrage.<\/li>\n<\/ul>\n<p>Ce label s&#8217;applique aux menuiseries ext\u00e9rieures en aluminium et aux fa\u00e7ades rideaux, conformes aux normes NF DTU 36.5, NF DTU 33.1, ainsi qu&#8217;aux r\u00e8gles professionnelles pour les verri\u00e8res et les fa\u00e7ades multiples.<\/p>\n<p>Pour obtenir le droit d&#8217;usage de ce label, le fabricant doit \u00eatre membre du SNFA et utiliser un syst\u00e8me \u00e9galement issu d&#8217;un membre du SNFA.<\/p>\n<\/div>\n\t\t\t\t\t\t\t\t\t\t\t\t\t\t\t\t\t\t\t\t\t\t\t\t\t\t\t\t\t\t<h4 class=\"paragraphs__content__title h3\">D\u00e9couvrez le LABEL fa\u00e7adealu en vid\u00e9o<\/h4>\n\t\t\t\t\t\t\t\t\t\t\t\t\t\t\t\t\t\t\t\t\t\t\t\t\t\t\t\t\t\t\t\t\t\t\t\t\t\t\t\t\t\t\t\t\t\t\t\t\t\t<div class=\"paragraphs__content__youtube-video\">\n\t\t\t\t\t\t\t<iframe loading=\"lazy\" width=\"640\" height=\"360\" src=\"https:\/\/www.youtube.com\/embed\/QmczmrDUlT8?feature=oembed\" frameborder=\"0\" allow=\"accelerometer; autoplay; clipboard-write; encrypted-media; gyroscope; picture-in-picture; web-share\" referrerpolicy=\"strict-origin-when-cross-origin\" allowfullscreen title=\"#1 LABEL fa\u00e7adealu - Pour qui pour quoi ?\"><\/iframe>\n\t\t\t\t\t\t<\/div>\n\t\t\t\t\t\t\t\t\t\t\t\t\t\t\t\t\t\t\t\t\t\t\t\t\t\t\t\t\t\t\t\t\t\t\t<div class=\"paragraphs__content__youtube-video\">\n\t\t\t\t\t\t\t<iframe loading=\"lazy\" width=\"640\" height=\"360\" src=\"https:\/\/www.youtube.com\/embed\/cQkVOWqTn50?feature=oembed\" frameborder=\"0\" allow=\"accelerometer; autoplay; clipboard-write; encrypted-media; gyroscope; picture-in-picture; web-share\" referrerpolicy=\"strict-origin-when-cross-origin\" allowfullscreen title=\"#2 LABEL fa\u00e7adealu  : Quels avantages pour les ma\u00eetres d&#39;ouvrages ?\"><\/iframe>\n\t\t\t\t\t\t<\/div>\n\t\t\t\t\t\t\t\t\t\t\t\t\t\t\t\t\t\t\t\t\t\t\t\t\t\t\t\t\t\t\t\t\t\t\t<div class=\"paragraphs__content__youtube-video\">\n\t\t\t\t\t\t\t<iframe loading=\"lazy\" width=\"640\" height=\"360\" src=\"https:\/\/www.youtube.com\/embed\/lH36BCsTVNE?feature=oembed\" frameborder=\"0\" allow=\"accelerometer; autoplay; clipboard-write; encrypted-media; gyroscope; picture-in-picture; web-share\" referrerpolicy=\"strict-origin-when-cross-origin\" allowfullscreen title=\"#3 LABEL fa\u00e7adealu : Quel int\u00e9r\u00eat pour mon entreprise ?\"><\/iframe>\n\t\t\t\t\t\t<\/div>\n\t\t\t\t\t\t\t\t\t\t\t\t\t\t\t\t\t\t\t\t\t\t\t\t\t\t\t\t\t\t\t\t\t\t\t<div class=\"paragraphs__content__youtube-video\">\n\t\t\t\t\t\t\t<iframe loading=\"lazy\" width=\"640\" height=\"360\" src=\"https:\/\/www.youtube.com\/embed\/OOn9jceGYzY?feature=oembed\" frameborder=\"0\" allow=\"accelerometer; autoplay; clipboard-write; encrypted-media; gyroscope; picture-in-picture; web-share\" referrerpolicy=\"strict-origin-when-cross-origin\" allowfullscreen title=\"#4 LABEL fa\u00e7adealu : Comment devenir labellis\u00e9 ?\"><\/iframe>\n\t\t\t\t\t\t<\/div>\n\t\t\t\t\t\t\t\t\t\t\t\t<\/div>\n\t\t\t<\/div>\n\n\t<\/div>\n\n\n\n\n<style>\n\t#block_62d4b9e9db02ea46abee7aedcd704e00{height:16px;}@media(min-width:576px){#block_62d4b9e9db02ea46abee7aedcd704e00{height:24px;}\n<\/style>\n\n\t<div class=\"align wp-block-acf-spacer\" id=\"block_62d4b9e9db02ea46abee7aedcd704e00\">\n\n\t\n\n\t\t\n\t<\/div>\n\n\n\n\n<style>\n\t#block_62d4b9e9db02ea46abee7aedcd704e00{height:16px;}@media(min-width:576px){#block_62d4b9e9db02ea46abee7aedcd704e00{height:24px;}\n<\/style>\n\n\t<div class=\"align wp-block-acf-spacer\" id=\"block_62d4b9e9db02ea46abee7aedcd704e00\">\n\n\t\n\n\t\t\n\t<\/div>\n\n\n\n\n\n\t<div class=\"align wp-block-acf-paragraphs\">\n\n\t\n\n\t\t<div class=\"paragraphs container\">\n\n\t\t\t\t\t\t\t<div class=\"paragraphs__content\">\n\t\t\t\t\t\t\t\t\t\t\t\t\t\t\t\t\t\t\t\t\t\t\t\t\t\t\t\t\t\t\t\t\t\t\t\t\t<div class=\"paragraphs__content__button\">\n\t\t\t\t\t\t\t\t\n\n<a href=\"https:\/\/www.batir-en-alu.fr\/pros\/wp-content\/uploads\/sites\/3\/2025\/12\/Referentiel-facadealu.pdf\" class=\"button-link\" target='_blank'  >\n\t\t\t<span class=\"button__text\">\n\t\t\t\t\t\t> Pour en savoir plus, t\u00e9l\u00e9chargez la note sur la d\u00e9marche qualit\u00e9 int\u00e9grant les justificatifs attestant la qualit\u00e9 de nos fen\u00eatres et portes.\n\t\t<\/span>\n\t\t\t\t<span class=\"button__arrow\">\n\t\t\t<svg xmlns=\"http:\/\/www.w3.org\/2000\/svg\" viewBox=\"0 0 25.426 11.208\"><g data-name=\"Groupe 11\" fill=\"none\" stroke=\"#248cd9\" stroke-width=\"2\"><path data-name=\"Trac\u00e9 16\" d=\"m19.272 10.501 4.739-4.739L18.956.707\"\/><path data-name=\"Ligne 9\" d=\"M0 5.762h24.011\"\/><\/g><\/svg>\n\t\t<\/span>\n\t<\/a>\n\n\t\t\t\t\t\t<\/div>\n\t\t\t\t\t\t\t\t\t\t\t\t\t\t\t\t\t<\/div>\n\t\t\t<\/div>\n\n\t<\/div>\n\n<\/div>\n\t<\/div>\n\n\t<\/div>\n\n\n\n<p><\/p>\n","protected":false},"excerpt":{"rendered":"","protected":false},"author":21,"featured_media":0,"parent":332,"menu_order":0,"comment_status":"closed","ping_status":"closed","template":"","meta":{"_acf_changed":false,"footnotes":""},"class_list":["post-440","page","type-page","status-publish","hentry"],"acf":[],"yoast_head":"<!-- This site is optimized with the Yoast SEO plugin v26.9 - https:\/\/yoast.com\/product\/yoast-seo-wordpress\/ -->\n<title>Le LABEL fa\u00e7adealu - B\u00e2tir en Alu.fr - Professionnels<\/title>\n<meta name=\"description\" content=\"LABEL fa\u00e7adealu : d\u00e9marche qualit\u00e9 du SNFA pour les fa\u00e7ades et menuiseries aluminium. R\u00e9f\u00e9rentiel audit\u00e9 par Socotec, conformit\u00e9 DTU 33.1 et DTU 36.5. En savoir plus.\" \/>\n<meta name=\"robots\" content=\"index, follow, max-snippet:-1, max-image-preview:large, max-video-preview:-1\" \/>\n<link rel=\"canonical\" href=\"https:\/\/www.batir-en-alu.fr\/pros\/demarches-qualite\/label-facadealu\/\" \/>\n<meta property=\"og:locale\" content=\"fr_FR\" \/>\n<meta property=\"og:type\" content=\"article\" \/>\n<meta property=\"og:title\" content=\"Le LABEL fa\u00e7adealu - B\u00e2tir en Alu.fr - Professionnels\" \/>\n<meta property=\"og:description\" content=\"LABEL fa\u00e7adealu : d\u00e9marche qualit\u00e9 du SNFA pour les fa\u00e7ades et menuiseries aluminium. R\u00e9f\u00e9rentiel audit\u00e9 par Socotec, conformit\u00e9 DTU 33.1 et DTU 36.5. En savoir plus.\" \/>\n<meta property=\"og:url\" content=\"https:\/\/www.batir-en-alu.fr\/pros\/demarches-qualite\/label-facadealu\/\" \/>\n<meta property=\"og:site_name\" content=\"B\u00e2tir en Alu.fr - Professionnels\" \/>\n<meta property=\"article:modified_time\" content=\"2026-02-25T09:57:57+00:00\" \/>\n<meta name=\"twitter:card\" content=\"summary_large_image\" \/>\n<script type=\"application\/ld+json\" class=\"yoast-schema-graph\">{\"@context\":\"https:\/\/schema.org\",\"@graph\":[{\"@type\":\"WebPage\",\"@id\":\"https:\/\/www.batir-en-alu.fr\/pros\/demarches-qualite\/label-facadealu\/\",\"url\":\"https:\/\/www.batir-en-alu.fr\/pros\/demarches-qualite\/label-facadealu\/\",\"name\":\"Le LABEL fa\u00e7adealu - B\u00e2tir en Alu.fr - Professionnels\",\"isPartOf\":{\"@id\":\"https:\/\/www.batir-en-alu.fr\/pros\/#website\"},\"datePublished\":\"2024-06-28T12:12:48+00:00\",\"dateModified\":\"2026-02-25T09:57:57+00:00\",\"description\":\"LABEL fa\u00e7adealu : d\u00e9marche qualit\u00e9 du SNFA pour les fa\u00e7ades et menuiseries aluminium. R\u00e9f\u00e9rentiel audit\u00e9 par Socotec, conformit\u00e9 DTU 33.1 et DTU 36.5. En savoir plus.\",\"breadcrumb\":{\"@id\":\"https:\/\/www.batir-en-alu.fr\/pros\/demarches-qualite\/label-facadealu\/#breadcrumb\"},\"inLanguage\":\"fr-FR\",\"potentialAction\":[{\"@type\":\"ReadAction\",\"target\":[\"https:\/\/www.batir-en-alu.fr\/pros\/demarches-qualite\/label-facadealu\/\"]}]},{\"@type\":\"BreadcrumbList\",\"@id\":\"https:\/\/www.batir-en-alu.fr\/pros\/demarches-qualite\/label-facadealu\/#breadcrumb\",\"itemListElement\":[{\"@type\":\"ListItem\",\"position\":1,\"name\":\"\u00b7\u00b7\u00b7\",\"item\":\"https:\/\/www.batir-en-alu.fr\/pros\"},{\"@type\":\"ListItem\",\"position\":2,\"name\":\"B\u00e2tir En Alu\",\"item\":\"https:\/\/www.batir-en-alu.fr\/\"},{\"@type\":\"ListItem\",\"position\":3,\"name\":\"Professionnels\",\"item\":\"https:\/\/www.batir-en-alu.fr\/pros\/\"},{\"@type\":\"ListItem\",\"position\":4,\"name\":\"Les 5 d\u00e9marches qualit\u00e9\",\"item\":\"https:\/\/www.batir-en-alu.fr\/pros\/demarches-qualite\/\"},{\"@type\":\"ListItem\",\"position\":5,\"name\":\"Le LABEL fa\u00e7adealu\"}]},{\"@type\":\"WebSite\",\"@id\":\"https:\/\/www.batir-en-alu.fr\/pros\/#website\",\"url\":\"https:\/\/www.batir-en-alu.fr\/pros\/\",\"name\":\"B\u00e2tir en alu Professionnels\",\"description\":\"Professionnels de la Menuiserie aluminium\",\"publisher\":{\"@id\":\"https:\/\/www.batir-en-alu.fr\/pros\/#organization\"},\"potentialAction\":[{\"@type\":\"SearchAction\",\"target\":{\"@type\":\"EntryPoint\",\"urlTemplate\":\"https:\/\/www.batir-en-alu.fr\/pros\/?s={search_term_string}\"},\"query-input\":{\"@type\":\"PropertyValueSpecification\",\"valueRequired\":true,\"valueName\":\"search_term_string\"}}],\"inLanguage\":\"fr-FR\"},{\"@type\":\"Organization\",\"@id\":\"https:\/\/www.batir-en-alu.fr\/pros\/#organization\",\"name\":\"B\u00e2tir en alu Professionnels\",\"url\":\"https:\/\/www.batir-en-alu.fr\/pros\/\",\"logo\":{\"@type\":\"ImageObject\",\"inLanguage\":\"fr-FR\",\"@id\":\"https:\/\/www.batir-en-alu.fr\/pros\/#\/schema\/logo\/image\/\",\"url\":\"https:\/\/www.batir-en-alu.fr\/pros\/wp-content\/uploads\/sites\/3\/2026\/03\/logo-batir-en-alu-pro.webp\",\"contentUrl\":\"https:\/\/www.batir-en-alu.fr\/pros\/wp-content\/uploads\/sites\/3\/2026\/03\/logo-batir-en-alu-pro.webp\",\"width\":276,\"height\":310,\"caption\":\"B\u00e2tir en alu Professionnels\"},\"image\":{\"@id\":\"https:\/\/www.batir-en-alu.fr\/pros\/#\/schema\/logo\/image\/\"}}]}<\/script>\n<!-- \/ Yoast SEO plugin. -->","yoast_head_json":{"title":"Le LABEL fa\u00e7adealu - B\u00e2tir en Alu.fr - Professionnels","description":"LABEL fa\u00e7adealu : d\u00e9marche qualit\u00e9 du SNFA pour les fa\u00e7ades et menuiseries aluminium. R\u00e9f\u00e9rentiel audit\u00e9 par Socotec, conformit\u00e9 DTU 33.1 et DTU 36.5. En savoir plus.","robots":{"index":"index","follow":"follow","max-snippet":"max-snippet:-1","max-image-preview":"max-image-preview:large","max-video-preview":"max-video-preview:-1"},"canonical":"https:\/\/www.batir-en-alu.fr\/pros\/demarches-qualite\/label-facadealu\/","og_locale":"fr_FR","og_type":"article","og_title":"Le LABEL fa\u00e7adealu - B\u00e2tir en Alu.fr - Professionnels","og_description":"LABEL fa\u00e7adealu : d\u00e9marche qualit\u00e9 du SNFA pour les fa\u00e7ades et menuiseries aluminium. R\u00e9f\u00e9rentiel audit\u00e9 par Socotec, conformit\u00e9 DTU 33.1 et DTU 36.5. En savoir plus.","og_url":"https:\/\/www.batir-en-alu.fr\/pros\/demarches-qualite\/label-facadealu\/","og_site_name":"B\u00e2tir en Alu.fr - Professionnels","article_modified_time":"2026-02-25T09:57:57+00:00","twitter_card":"summary_large_image","schema":{"@context":"https:\/\/schema.org","@graph":[{"@type":"WebPage","@id":"https:\/\/www.batir-en-alu.fr\/pros\/demarches-qualite\/label-facadealu\/","url":"https:\/\/www.batir-en-alu.fr\/pros\/demarches-qualite\/label-facadealu\/","name":"Le LABEL fa\u00e7adealu - B\u00e2tir en Alu.fr - Professionnels","isPartOf":{"@id":"https:\/\/www.batir-en-alu.fr\/pros\/#website"},"datePublished":"2024-06-28T12:12:48+00:00","dateModified":"2026-02-25T09:57:57+00:00","description":"LABEL fa\u00e7adealu : d\u00e9marche qualit\u00e9 du SNFA pour les fa\u00e7ades et menuiseries aluminium. R\u00e9f\u00e9rentiel audit\u00e9 par Socotec, conformit\u00e9 DTU 33.1 et DTU 36.5. En savoir plus.","breadcrumb":{"@id":"https:\/\/www.batir-en-alu.fr\/pros\/demarches-qualite\/label-facadealu\/#breadcrumb"},"inLanguage":"fr-FR","potentialAction":[{"@type":"ReadAction","target":["https:\/\/www.batir-en-alu.fr\/pros\/demarches-qualite\/label-facadealu\/"]}]},{"@type":"BreadcrumbList","@id":"https:\/\/www.batir-en-alu.fr\/pros\/demarches-qualite\/label-facadealu\/#breadcrumb","itemListElement":[{"@type":"ListItem","position":1,"name":"\u00b7\u00b7\u00b7","item":"https:\/\/www.batir-en-alu.fr\/pros"},{"@type":"ListItem","position":2,"name":"B\u00e2tir En Alu","item":"https:\/\/www.batir-en-alu.fr\/"},{"@type":"ListItem","position":3,"name":"Professionnels","item":"https:\/\/www.batir-en-alu.fr\/pros\/"},{"@type":"ListItem","position":4,"name":"Les 5 d\u00e9marches qualit\u00e9","item":"https:\/\/www.batir-en-alu.fr\/pros\/demarches-qualite\/"},{"@type":"ListItem","position":5,"name":"Le LABEL fa\u00e7adealu"}]},{"@type":"WebSite","@id":"https:\/\/www.batir-en-alu.fr\/pros\/#website","url":"https:\/\/www.batir-en-alu.fr\/pros\/","name":"B\u00e2tir en alu Professionnels","description":"Professionnels de la Menuiserie aluminium","publisher":{"@id":"https:\/\/www.batir-en-alu.fr\/pros\/#organization"},"potentialAction":[{"@type":"SearchAction","target":{"@type":"EntryPoint","urlTemplate":"https:\/\/www.batir-en-alu.fr\/pros\/?s={search_term_string}"},"query-input":{"@type":"PropertyValueSpecification","valueRequired":true,"valueName":"search_term_string"}}],"inLanguage":"fr-FR"},{"@type":"Organization","@id":"https:\/\/www.batir-en-alu.fr\/pros\/#organization","name":"B\u00e2tir en alu Professionnels","url":"https:\/\/www.batir-en-alu.fr\/pros\/","logo":{"@type":"ImageObject","inLanguage":"fr-FR","@id":"https:\/\/www.batir-en-alu.fr\/pros\/#\/schema\/logo\/image\/","url":"https:\/\/www.batir-en-alu.fr\/pros\/wp-content\/uploads\/sites\/3\/2026\/03\/logo-batir-en-alu-pro.webp","contentUrl":"https:\/\/www.batir-en-alu.fr\/pros\/wp-content\/uploads\/sites\/3\/2026\/03\/logo-batir-en-alu-pro.webp","width":276,"height":310,"caption":"B\u00e2tir en alu Professionnels"},"image":{"@id":"https:\/\/www.batir-en-alu.fr\/pros\/#\/schema\/logo\/image\/"}}]}},"_links":{"self":[{"href":"https:\/\/www.batir-en-alu.fr\/pros\/wp-json\/wp\/v2\/pages\/440","targetHints":{"allow":["GET"]}}],"collection":[{"href":"https:\/\/www.batir-en-alu.fr\/pros\/wp-json\/wp\/v2\/pages"}],"about":[{"href":"https:\/\/www.batir-en-alu.fr\/pros\/wp-json\/wp\/v2\/types\/page"}],"author":[{"embeddable":true,"href":"https:\/\/www.batir-en-alu.fr\/pros\/wp-json\/wp\/v2\/users\/21"}],"replies":[{"embeddable":true,"href":"https:\/\/www.batir-en-alu.fr\/pros\/wp-json\/wp\/v2\/comments?post=440"}],"version-history":[{"count":29,"href":"https:\/\/www.batir-en-alu.fr\/pros\/wp-json\/wp\/v2\/pages\/440\/revisions"}],"predecessor-version":[{"id":2259,"href":"https:\/\/www.batir-en-alu.fr\/pros\/wp-json\/wp\/v2\/pages\/440\/revisions\/2259"}],"up":[{"embeddable":true,"href":"https:\/\/www.batir-en-alu.fr\/pros\/wp-json\/wp\/v2\/pages\/332"}],"wp:attachment":[{"href":"https:\/\/www.batir-en-alu.fr\/pros\/wp-json\/wp\/v2\/media?parent=440"}],"curies":[{"name":"wp","href":"https:\/\/api.w.org\/{rel}","templated":true}]}}