{"id":334,"date":"2024-06-19T16:00:11","date_gmt":"2024-06-19T14:00:11","guid":{"rendered":"https:\/\/batir-en-alu-pro.local\/pros\/?page_id=334"},"modified":"2026-02-25T11:01:03","modified_gmt":"2026-02-25T10:01:03","slug":"demarches-qualite-entreprises-qualibat","status":"publish","type":"page","link":"https:\/\/www.batir-en-alu.fr\/pros\/demarches-qualite\/demarches-qualite-entreprises-qualibat\/","title":{"rendered":"Les d\u00e9marches qualit\u00e9 entreprises"},"content":{"rendered":"\n\n\n\t<div class=\"align wp-block-acf-layout-wrap\">\n\n\t\n\n\t\t<div class=\"layout-wrap\" >\n\t\t<div class=\"innerblock\">\n\n\n\n\t<div class=\"align wp-block-acf-paragraphs\">\n\n\t\n\n\t\t<div class=\"paragraphs container\">\n\n\t\t\t\t\t<div class=\"paragraphs__left\">\n\n\t\t\t\t\t\t\t\t\t<div class=\"paragraphs__image\">\n\t\t\t\t\t\t\t\t\t\t\t\t\t\t\t\t<img decoding=\"async\" class=\"img\" src=\"https:\/\/www.batir-en-alu.fr\/pros\/wp-content\/uploads\/sites\/3\/2024\/06\/logo-qualibat.png\" srcset=\"https:\/\/www.batir-en-alu.fr\/pros\/wp-content\/uploads\/sites\/3\/2024\/06\/logo-qualibat.png 554w, https:\/\/www.batir-en-alu.fr\/pros\/wp-content\/uploads\/sites\/3\/2024\/06\/logo-qualibat-291x300.png 291w\" sizes=\"(max-width: 554px) 100vw, 554px\" loading=\"lazy\" alt=\"logo Qualibat\"\/>\n\t\t\t\t\t\t\t\t\t\t\t\t<\/div>\n\t\t\t\t\n\t\t\t\t\t\t\t<\/div>\n\t\t\t\t\t\t\t<div class=\"paragraphs__content\">\n\t\t\t\t\t\t\t\t\t\t\t\t\t\t\t<h2 class=\"paragraphs__content__title h3\">La qualification QUALIBAT\u00a02.1<\/h2>\n\t\t\t\t\t\t\t\t\t\t\t\t\t\t\t\t\t\t\t\t\t\t\t\t\t\t\t\t\t\t\t\t\t\t\t\t\t\t\t\t<div class=\"paragraphs__content__text\"><p>Qualibat est un organisme de qualification ind\u00e9pendant et accr\u00e9dit\u00e9 par le COFRAC, d\u00e9di\u00e9 aux acteurs de la construction. Sa mission est d&#8217;aider les particuliers \u00e0 choisir l&#8217;entreprise la mieux adapt\u00e9e \u00e0 leurs projets en fournissant des informations objectives.<\/p>\n<p>La qualification Qualibat atteste des comp\u00e9tences et de la fiabilit\u00e9 d&#8217;un professionnel, v\u00e9rifiant sa situation administrative, sa capacit\u00e9 technique et financi\u00e8re, ainsi que ses moyens humains et mat\u00e9riels. Elle exige \u00e9galement des chantiers de r\u00e9f\u00e9rence et une assurance responsabilit\u00e9 civile d\u00e9cennale.<\/p>\n<p>Valable quatre ans, cette qualification est d\u00e9livr\u00e9e apr\u00e8s examen devant une commission et peut \u00eatre r\u00e9voqu\u00e9e en cas de manquement.<\/p>\n<\/div>\n\t\t\t\t\t\t\t\t\t\t\t\t\t\t\t\t\t\t\t\t\t\t<\/div>\n\t\t\t<\/div>\n\n\t<\/div>\n\n\n\n\n\n\t<div class=\"align wp-block-acf-accordion\">\n\n\t\n\n\t\t\t\t<div class=\"accordion\">\n\t\t\t\t\t\t\t\t\t\t<details class=\"accordion-item\" data-js-accordion>\n\t\t\t\t\t<summary class=\"accordion-item__header\">\n\t\t\t\t\t\t<div class=\"container\">\n\t\t\t\t\t\t\t<h3 class=\"accordion-item__title h4\">Qualibat 35<\/h3>\n\t\t\t\t\t\t\t<div class=\"accordion-item__icon\"><\/div>\n\t\t\t\t\t\t<\/div>\n\t\t\t\t\t<\/summary>\n\t\t\t\t\t<div class=\"accordion-item__content container\">\n\t\t\t\t\t\t\t\t\t\t\t\t\t\t\t\t\t\t\t\t\t\t\t\t\t\t\t\t\t\t\t\t\t\t\t\t\t\t\t\t\t\t\t\t\t\t\t\t\n\t\t\t\t\t\t\t<div class=\"accordion-item__content__row paragraph\">\n\t\t\t\t\t\t\t\t\t\t\t\t\t\t\t\t\t\t\t\t\t\t\t\t\t\t\t\t\t\t\t\t\t\t<div class=\"content-text\">\n\t\t\t\t\t\t\t\t\t\t<p>Les qualifications Qualibat 351 et 352 concernent sp\u00e9cifiquement les menuiseries ext\u00e9rieures en aluminium. Elles v\u00e9rifient la capacit\u00e9 technique des entreprises \u00e0 diagnostiquer, proposer et installer des fen\u00eatres conformes aux crit\u00e8res de performance \u00e9nerg\u00e9tique.<\/p>\n<ul>\n<li>La <strong>qualification 351<\/strong> concerne la fourniture et la pose de menuiseries ext\u00e9rieures. L&#8217;entreprise qualifi\u00e9e doit utiliser des fen\u00eatres sous d\u00e9marches qualit\u00e9 LABEL fen\u00eatrealu ou NF Fen\u00eatres.<\/li>\n<li>La <strong>qualification 352<\/strong> s&#8217;applique \u00e0 leur fabrication et pose. L&#8217;entreprise doit fabriquer des fen\u00eatres \u00e0 partir des syst\u00e8mes sous Document Technique d&#8217;Application (DTA).<\/li>\n<\/ul>\n\n\t\t\t\t\t\t\t\t\t\t\n\t\t\t\t\t\t\t\t\t<\/div>\n\t\t\t\t\t\t\t\t\t\t\t\t\t\t\t\t\t\t\t\t\t\t\t<\/div>\n\n\t\t\t\t\t\t\t\t\t\t\t\t\t\t\t\t\t\t\t\t\t\t\t\t\t\t\t\n\t\t\t\t\t\t\t<div class=\"accordion-item__content__row button\">\n\t\t\t\t\t\t\t\t\t\t\t\t\t\t\t\t\t\t\t\t\t\t\t\t\t<div class=\"content-button\">\n\t\t\t\t\t\t\t\t\t\t\t\t\t\t\t\t\t\t\t\t\t\n\n<a href=\"https:\/\/www.batir-en-alu.fr\/pros\/wp-content\/uploads\/sites\/3\/2025\/11\/schema-signes-qualite-fenetre-aluminium.pdf\" class=\"button-primary\" target='_blank'  >\n\t\t\t<span class=\"button__text\">\n\t\t\t\t\t\t>> T\u00e9l\u00e9charger le sch\u00e9ma sur les signes de qualit\u00e9 de la fen\u00eatre aluminium\n\t\t<\/span>\n\t\t\t\t<span class=\"button__arrow\">\n\t\t\t<svg xmlns=\"http:\/\/www.w3.org\/2000\/svg\" viewBox=\"0 0 25.426 11.208\"><g data-name=\"Groupe 11\" fill=\"none\" stroke=\"#248cd9\" stroke-width=\"2\"><path data-name=\"Trac\u00e9 16\" d=\"m19.272 10.501 4.739-4.739L18.956.707\"\/><path data-name=\"Ligne 9\" d=\"M0 5.762h24.011\"\/><\/g><\/svg>\n\t\t<\/span>\n\t<\/a>\n\n\t\t\t\t\t\t\t\t\t<\/div>\n\t\t\t\t\t\t\t\t\t\t\t\t\t\t\t<\/div>\n\n\t\t\t\t\t\t\t\t\t\t\t\t\t\t\t\t\t\t\t\t\t\t\t\t\t\t\t\t\t\t\t\t\t\t\t\t\t\t\t\t\t\t\n\t\t\t\t\t\t\t<div class=\"accordion-item__content__row paragraph\">\n\t\t\t\t\t\t\t\t\t\t\t\t\t\t\t\t\t\t\t\t\t\t\t\t\t\t\t\t\t\t\t\t\t\t<div class=\"content-text\">\n\t\t\t\t\t\t\t\t\t\t<p>Les entreprises RGE doivent respecter le r\u00e9f\u00e9rentiel Qualibat 3511, garantissant la qualit\u00e9 de la conception et de la fabrication des menuiseries ext\u00e9rieures.<\/p>\n\n\t\t\t\t\t\t\t\t\t\t\n\t\t\t\t\t\t\t\t\t<\/div>\n\t\t\t\t\t\t\t\t\t\t\t\t\t\t\t\t\t\t\t\t\t\t\t<\/div>\n\n\t\t\t\t\t\t\t\t\t\t\t\t\t\t\t\t\t\t\t\t\t\t\t\t\t\t\t\n\t\t\t\t\t\t\t<div class=\"accordion-item__content__row button\">\n\t\t\t\t\t\t\t\t\t\t\t\t\t\t\t\t\t\t\t\t\t\t\t\t\t<div class=\"content-button\">\n\t\t\t\t\t\t\t\t\t\t\t\t\t\t\t\t\t\t\t\t\t\n\n<a href=\"https:\/\/www.batir-en-alu.fr\/pros\/wp-content\/uploads\/sites\/3\/2025\/11\/demarche-qualite-justificatifs-permettent-attester-qualite-fenetres-portes.pdf\" class=\"button-primary\" target='_blank'  >\n\t\t\t<span class=\"button__text\">\n\t\t\t\t\t\tT\u00e9l\u00e9charger la note P\u00f4le Fen\u00eatre FFB pr\u00e9cisant la liste des d\u00e9marches qualit\u00e9 qui r\u00e9pondent aux 2 exigences\n\t\t<\/span>\n\t\t\t\t<span class=\"button__arrow\">\n\t\t\t<svg xmlns=\"http:\/\/www.w3.org\/2000\/svg\" viewBox=\"0 0 25.426 11.208\"><g data-name=\"Groupe 11\" fill=\"none\" stroke=\"#248cd9\" stroke-width=\"2\"><path data-name=\"Trac\u00e9 16\" d=\"m19.272 10.501 4.739-4.739L18.956.707\"\/><path data-name=\"Ligne 9\" d=\"M0 5.762h24.011\"\/><\/g><\/svg>\n\t\t<\/span>\n\t<\/a>\n\n\t\t\t\t\t\t\t\t\t<\/div>\n\t\t\t\t\t\t\t\t\t\t\t\t\t\t\t<\/div>\n\n\t\t\t\t\t\t\t\t\t\t\t\t\t\t\t\t\t\t\t\t\t\t\t\t\t\t\t\t\t\t\t\t\t\t\t\t\t\t\t\t\t\t\n\t\t\t\t\t\t\t<div class=\"accordion-item__content__row paragraph\">\n\t\t\t\t\t\t\t\t\t\t\t\t\t\t\t\t\t\t\t\t\t\t\t\t\t\t\t\t\t\t\t\t\t\t<div class=\"content-text\">\n\t\t\t\t\t\t\t\t\t\t<p><strong>\u00catre titulaire de la qualification Qualibat engage les fournisseurs, fabricants et installateurs de menuiseries ext\u00e9rieures en aluminium \u00e0 concevoir et installer des produits conform\u00e9ment au DTU 36.5.<\/strong><\/p>\n\n\t\t\t\t\t\t\t\t\t\t\t\t\t\t\t\t\t\t\t\t\t<div class=\"content-button\">\n\t\t\t\t\t\t\t\t\t\t\t\t\t\n\n<a href=\"https:\/\/www.qualibat.com\/annuaire-entreprises-qualifiees?form_society_user_type%5buser_type%5d=professional\" class=\"button-primary--outline\" target='_blank'  >\n\t\t\t<span class=\"button__text\">\n\t\t\t\t\t\tTrouvez une entreprise certifi\u00e9e Qualibat\n\t\t<\/span>\n\t\t\t\t<span class=\"button__arrow\">\n\t\t\t<svg xmlns=\"http:\/\/www.w3.org\/2000\/svg\" viewBox=\"0 0 25.426 11.208\"><g data-name=\"Groupe 11\" fill=\"none\" stroke=\"#248cd9\" stroke-width=\"2\"><path data-name=\"Trac\u00e9 16\" d=\"m19.272 10.501 4.739-4.739L18.956.707\"\/><path data-name=\"Ligne 9\" d=\"M0 5.762h24.011\"\/><\/g><\/svg>\n\t\t<\/span>\n\t<\/a>\n\n\t\t\t\t\t\t\t\t\t\t\t<\/div>\n\t\t\t\t\t\t\t\t\t\t\n\t\t\t\t\t\t\t\t\t<\/div>\n\t\t\t\t\t\t\t\t\t\t\t\t\t\t\t\t\t\t\t\t\t\t\t<\/div>\n\n\t\t\t\t\t\t\t\t\t\t\t<\/div>\n\t\t\t\t<\/details>\n\t\t\t\t\t<\/div>\n\t\t\t<div class=\"accordion\">\n\t\t\t\t\t\t\t\t\t\t<details class=\"accordion-item\" data-js-accordion>\n\t\t\t\t\t<summary class=\"accordion-item__header\">\n\t\t\t\t\t\t<div class=\"container\">\n\t\t\t\t\t\t\t<h3 class=\"accordion-item__title h4\">Qualibat 37<\/h3>\n\t\t\t\t\t\t\t<div class=\"accordion-item__icon\"><\/div>\n\t\t\t\t\t\t<\/div>\n\t\t\t\t\t<\/summary>\n\t\t\t\t\t<div class=\"accordion-item__content container\">\n\t\t\t\t\t\t\t\t\t\t\t\t\t\t\t\t\t\t\t\t\t\t\t\t\t\t\t\t\t\t\t\t\t\t\t\t\t\t\t\t\t\t\t\t\t\t\t\t\n\t\t\t\t\t\t\t<div class=\"accordion-item__content__row paragraph has-image\">\n\t\t\t\t\t\t\t\t\t\t\t\t\t\t\t\t\t\t\t\t\t\t\t\t\t\t\t\t\t\t\t\t\t\t\t\t\t\t\t\t\t\t\t\t\t<div class=\"content-image\">\n\t\t\t\t\t\t\t\t\t\t\t\t\t\t<img decoding=\"async\" class=\"img\" src=\"https:\/\/www.batir-en-alu.fr\/pros\/wp-content\/uploads\/sites\/3\/2024\/06\/logo-qualibat.png\" srcset=\"https:\/\/www.batir-en-alu.fr\/pros\/wp-content\/uploads\/sites\/3\/2024\/06\/logo-qualibat.png 554w, https:\/\/www.batir-en-alu.fr\/pros\/wp-content\/uploads\/sites\/3\/2024\/06\/logo-qualibat-291x300.png 291w\" sizes=\"(max-width: 554px) 100vw, 554px\" loading=\"lazy\" alt=\"logo Qualibat\"\/>\n\t\t\t\t\t\t\t\t\t\t\t<\/div>\n\t\t\t\t\t\t\t\t\t\t\t\t\t\t\t\t\t\t<div class=\"content-text\">\n\t\t\t\t\t\t\t\t\t\t<p>Tout professionnel comp\u00e9tent dans le domaine des menuiseries ext\u00e9rieures en aluminium (fa\u00e7ades- rideaux m\u00e9talliques) poss\u00e8de l\u2019une des qualifications suivantes :<\/p>\n<ul>\n<li><strong>371, pour la fourniture et la pose de fa\u00e7ades-rideaux m\u00e9talliques<\/strong><\/li>\n<li><strong>372, pour la fabrication et la pose de fa\u00e7ades-rideaux m\u00e9talliques<\/strong> : Qualibat v\u00e9rifie que l\u2019entreprise fabrique des fa\u00e7ades \u00e0 partir de syst\u00e8mes sous DTA (Document Technique d\u2019Application).<\/li>\n<\/ul>\n\n\t\t\t\t\t\t\t\t\t\t\t\t\t\t\t\t\t\t\t\t\t<div class=\"content-button\">\n\t\t\t\t\t\t\t\t\t\t\t\t\n\n<a href=\"https:\/\/www.batir-en-alu.fr\/pros\/demarches-qualite\/la-demarche-qualite-systeme\/\" class=\"button-primary--outline\"  >\n\t\t\t<span class=\"button__text\">\n\t\t\t\t\t\tEn savoir plus\n\t\t<\/span>\n\t\t\t\t<span class=\"button__arrow\">\n\t\t\t<svg xmlns=\"http:\/\/www.w3.org\/2000\/svg\" viewBox=\"0 0 25.426 11.208\"><g data-name=\"Groupe 11\" fill=\"none\" stroke=\"#248cd9\" stroke-width=\"2\"><path data-name=\"Trac\u00e9 16\" d=\"m19.272 10.501 4.739-4.739L18.956.707\"\/><path data-name=\"Ligne 9\" d=\"M0 5.762h24.011\"\/><\/g><\/svg>\n\t\t<\/span>\n\t<\/a>\n\n\t\t\t\t\t\t\t\t\t\t\t<\/div>\n\t\t\t\t\t\t\t\t\t\t\n\t\t\t\t\t\t\t\t\t<\/div>\n\t\t\t\t\t\t\t\t\t\t\t\t\t\t\t\t\t\t\t\t\t\t\t<\/div>\n\n\t\t\t\t\t\t\t\t\t\t\t<\/div>\n\t\t\t\t<\/details>\n\t\t\t\t\t<\/div>\n\t\t\t<div class=\"accordion\">\n\t\t\t\t\t\t\t\t\t\t<details class=\"accordion-item\" data-js-accordion>\n\t\t\t\t\t<summary class=\"accordion-item__header\">\n\t\t\t\t\t\t<div class=\"container\">\n\t\t\t\t\t\t\t<h3 class=\"accordion-item__title h4\">QUALIBAT 42<\/h3>\n\t\t\t\t\t\t\t<div class=\"accordion-item__icon\"><\/div>\n\t\t\t\t\t\t<\/div>\n\t\t\t\t\t<\/summary>\n\t\t\t\t\t<div class=\"accordion-item__content container\">\n\t\t\t\t\t\t\t\t\t\t\t\t\t\t\t\t\t\t\t\t\t\t\t\t\t\t\t\t\t\t\t\t\t\t\t\t\t\t\t\t\t\t\t\t\t\t\t\t\n\t\t\t\t\t\t\t<div class=\"accordion-item__content__row paragraph\">\n\t\t\t\t\t\t\t\t\t\t\t\t\t\t\t\t\t\t\t\t\t\t\t\t\t\t\t\t\t\t\t\t\t\t<div class=\"content-text\">\n\t\t\t\t\t\t\t\t\t\t<p>Tout professionnel comp\u00e9tent dans le domaine des menuiseries int\u00e9rieures en aluminium (cloisons \u00e0 structure m\u00e9talliques) poss\u00e8de l\u2019une des qualifications suivantes\u00a0:<\/p>\n<ul>\n<li><strong>4211\u00a0<\/strong>: fourniture et pose de cloisons d\u00e9montables, amovibles ou mobiles<\/li>\n<li><strong>4212\u00a0<\/strong>: fabrication et pose de cloisons d\u00e9montables, amovibles ou mobiles<\/li>\n<\/ul>\n\n\t\t\t\t\t\t\t\t\t\t\n\t\t\t\t\t\t\t\t\t<\/div>\n\t\t\t\t\t\t\t\t\t\t\t\t\t\t\t\t\t\t\t\t\t\t\t<\/div>\n\n\t\t\t\t\t\t\t\t\t\t\t<\/div>\n\t\t\t\t<\/details>\n\t\t\t\t\t<\/div>\n\t\t\t<div class=\"accordion\">\n\t\t\t\t\t\t\t\t\t\t<details class=\"accordion-item\" data-js-accordion>\n\t\t\t\t\t<summary class=\"accordion-item__header\">\n\t\t\t\t\t\t<div class=\"container\">\n\t\t\t\t\t\t\t<h3 class=\"accordion-item__title h4\">QUALIBAT 91<\/h3>\n\t\t\t\t\t\t\t<div class=\"accordion-item__icon\"><\/div>\n\t\t\t\t\t\t<\/div>\n\t\t\t\t\t<\/summary>\n\t\t\t\t\t<div class=\"accordion-item__content container\">\n\t\t\t\t\t\t\t\t\t\t\t\t\t\t\t\t\t\t\t\t\t\t\t\t\t\t\t\t\t\t\t\t\t\t\t\t\t\t\t\t\t\t\t\t\t\t\t\t\n\t\t\t\t\t\t\t<div class=\"accordion-item__content__row paragraph\">\n\t\t\t\t\t\t\t\t\t\t\t\t\t\t\t\t\t\t\t\t\t\t\t\t\t\t\t\t\t\t\t\t\t\t<div class=\"content-text\">\n\t\t\t\t\t\t\t\t\t\t<p>Tout professionnel comp\u00e9tent dans le domaine des menuiseries ext\u00e9rieures en aluminium (v\u00e9randa \u00e0 structure aluminium) poss\u00e8de l\u2019une des qualifications suivantes\u00a0:<\/p>\n<ul>\n<li><strong>9141\u00a0<\/strong>: Fourniture et pose de v\u00e9randas \u00e0 structure aluminium<\/li>\n<li><strong>9142\u00a0<\/strong>: fabrication et pose de v\u00e9randas \u00e0 structure aluminium<\/li>\n<\/ul>\n\n\t\t\t\t\t\t\t\t\t\t\n\t\t\t\t\t\t\t\t\t<\/div>\n\t\t\t\t\t\t\t\t\t\t\t\t\t\t\t\t\t\t\t\t\t\t\t<\/div>\n\n\t\t\t\t\t\t\t\t\t\t\t<\/div>\n\t\t\t\t<\/details>\n\t\t\t\t\t<\/div>\n\t\n\t<\/div>\n\n<\/div>\n\t<\/div>\n\n\t<\/div>\n","protected":false},"excerpt":{"rendered":"","protected":false},"author":21,"featured_media":0,"parent":332,"menu_order":0,"comment_status":"closed","ping_status":"closed","template":"","meta":{"_acf_changed":false,"footnotes":""},"class_list":["post-334","page","type-page","status-publish","hentry"],"acf":[],"yoast_head":"<!-- This site is optimized with the Yoast SEO plugin v26.9 - https:\/\/yoast.com\/product\/yoast-seo-wordpress\/ -->\n<title>Les d\u00e9marches qualit\u00e9 entreprises - B\u00e2tir en Alu.fr - Professionnels<\/title>\n<meta name=\"description\" content=\"Qualifications Qualibat menuiserie aluminium : 351\/352 fen\u00eatres, 371\/372 fa\u00e7ades rideaux, 4211\/4212 cloisons, 9141\/9142 v\u00e9randas. Exigences RGE et DTU 36.5.\" \/>\n<meta name=\"robots\" content=\"index, follow, max-snippet:-1, max-image-preview:large, max-video-preview:-1\" \/>\n<link rel=\"canonical\" href=\"https:\/\/www.batir-en-alu.fr\/pros\/demarches-qualite\/demarches-qualite-entreprises-qualibat\/\" \/>\n<meta property=\"og:locale\" content=\"fr_FR\" \/>\n<meta property=\"og:type\" content=\"article\" \/>\n<meta property=\"og:title\" content=\"Les d\u00e9marches qualit\u00e9 entreprises - B\u00e2tir en Alu.fr - Professionnels\" \/>\n<meta property=\"og:description\" content=\"Qualifications Qualibat menuiserie aluminium : 351\/352 fen\u00eatres, 371\/372 fa\u00e7ades rideaux, 4211\/4212 cloisons, 9141\/9142 v\u00e9randas. Exigences RGE et DTU 36.5.\" \/>\n<meta property=\"og:url\" content=\"https:\/\/www.batir-en-alu.fr\/pros\/demarches-qualite\/demarches-qualite-entreprises-qualibat\/\" \/>\n<meta property=\"og:site_name\" content=\"B\u00e2tir en Alu.fr - Professionnels\" \/>\n<meta property=\"article:modified_time\" content=\"2026-02-25T10:01:03+00:00\" \/>\n<meta name=\"twitter:card\" content=\"summary_large_image\" \/>\n<script type=\"application\/ld+json\" class=\"yoast-schema-graph\">{\"@context\":\"https:\/\/schema.org\",\"@graph\":[{\"@type\":\"WebPage\",\"@id\":\"https:\/\/www.batir-en-alu.fr\/pros\/demarches-qualite\/demarches-qualite-entreprises-qualibat\/\",\"url\":\"https:\/\/www.batir-en-alu.fr\/pros\/demarches-qualite\/demarches-qualite-entreprises-qualibat\/\",\"name\":\"Les d\u00e9marches qualit\u00e9 entreprises - B\u00e2tir en Alu.fr - Professionnels\",\"isPartOf\":{\"@id\":\"https:\/\/www.batir-en-alu.fr\/pros\/#website\"},\"datePublished\":\"2024-06-19T14:00:11+00:00\",\"dateModified\":\"2026-02-25T10:01:03+00:00\",\"description\":\"Qualifications Qualibat menuiserie aluminium : 351\/352 fen\u00eatres, 371\/372 fa\u00e7ades rideaux, 4211\/4212 cloisons, 9141\/9142 v\u00e9randas. Exigences RGE et DTU 36.5.\",\"breadcrumb\":{\"@id\":\"https:\/\/www.batir-en-alu.fr\/pros\/demarches-qualite\/demarches-qualite-entreprises-qualibat\/#breadcrumb\"},\"inLanguage\":\"fr-FR\",\"potentialAction\":[{\"@type\":\"ReadAction\",\"target\":[\"https:\/\/www.batir-en-alu.fr\/pros\/demarches-qualite\/demarches-qualite-entreprises-qualibat\/\"]}]},{\"@type\":\"BreadcrumbList\",\"@id\":\"https:\/\/www.batir-en-alu.fr\/pros\/demarches-qualite\/demarches-qualite-entreprises-qualibat\/#breadcrumb\",\"itemListElement\":[{\"@type\":\"ListItem\",\"position\":1,\"name\":\"\u00b7\u00b7\u00b7\",\"item\":\"https:\/\/www.batir-en-alu.fr\/pros\"},{\"@type\":\"ListItem\",\"position\":2,\"name\":\"B\u00e2tir En Alu\",\"item\":\"https:\/\/www.batir-en-alu.fr\/\"},{\"@type\":\"ListItem\",\"position\":3,\"name\":\"Professionnels\",\"item\":\"https:\/\/www.batir-en-alu.fr\/pros\/\"},{\"@type\":\"ListItem\",\"position\":4,\"name\":\"Les 5 d\u00e9marches qualit\u00e9\",\"item\":\"https:\/\/www.batir-en-alu.fr\/pros\/demarches-qualite\/\"},{\"@type\":\"ListItem\",\"position\":5,\"name\":\"Les d\u00e9marches qualit\u00e9 entreprises\"}]},{\"@type\":\"WebSite\",\"@id\":\"https:\/\/www.batir-en-alu.fr\/pros\/#website\",\"url\":\"https:\/\/www.batir-en-alu.fr\/pros\/\",\"name\":\"B\u00e2tir en alu Professionnels\",\"description\":\"Professionnels de la Menuiserie aluminium\",\"publisher\":{\"@id\":\"https:\/\/www.batir-en-alu.fr\/pros\/#organization\"},\"potentialAction\":[{\"@type\":\"SearchAction\",\"target\":{\"@type\":\"EntryPoint\",\"urlTemplate\":\"https:\/\/www.batir-en-alu.fr\/pros\/?s={search_term_string}\"},\"query-input\":{\"@type\":\"PropertyValueSpecification\",\"valueRequired\":true,\"valueName\":\"search_term_string\"}}],\"inLanguage\":\"fr-FR\"},{\"@type\":\"Organization\",\"@id\":\"https:\/\/www.batir-en-alu.fr\/pros\/#organization\",\"name\":\"B\u00e2tir en alu Professionnels\",\"url\":\"https:\/\/www.batir-en-alu.fr\/pros\/\",\"logo\":{\"@type\":\"ImageObject\",\"inLanguage\":\"fr-FR\",\"@id\":\"https:\/\/www.batir-en-alu.fr\/pros\/#\/schema\/logo\/image\/\",\"url\":\"https:\/\/www.batir-en-alu.fr\/pros\/wp-content\/uploads\/sites\/3\/2026\/03\/logo-batir-en-alu-pro.webp\",\"contentUrl\":\"https:\/\/www.batir-en-alu.fr\/pros\/wp-content\/uploads\/sites\/3\/2026\/03\/logo-batir-en-alu-pro.webp\",\"width\":276,\"height\":310,\"caption\":\"B\u00e2tir en alu Professionnels\"},\"image\":{\"@id\":\"https:\/\/www.batir-en-alu.fr\/pros\/#\/schema\/logo\/image\/\"}}]}<\/script>\n<!-- \/ Yoast SEO plugin. -->","yoast_head_json":{"title":"Les d\u00e9marches qualit\u00e9 entreprises - B\u00e2tir en Alu.fr - Professionnels","description":"Qualifications Qualibat menuiserie aluminium : 351\/352 fen\u00eatres, 371\/372 fa\u00e7ades rideaux, 4211\/4212 cloisons, 9141\/9142 v\u00e9randas. Exigences RGE et DTU 36.5.","robots":{"index":"index","follow":"follow","max-snippet":"max-snippet:-1","max-image-preview":"max-image-preview:large","max-video-preview":"max-video-preview:-1"},"canonical":"https:\/\/www.batir-en-alu.fr\/pros\/demarches-qualite\/demarches-qualite-entreprises-qualibat\/","og_locale":"fr_FR","og_type":"article","og_title":"Les d\u00e9marches qualit\u00e9 entreprises - B\u00e2tir en Alu.fr - Professionnels","og_description":"Qualifications Qualibat menuiserie aluminium : 351\/352 fen\u00eatres, 371\/372 fa\u00e7ades rideaux, 4211\/4212 cloisons, 9141\/9142 v\u00e9randas. Exigences RGE et DTU 36.5.","og_url":"https:\/\/www.batir-en-alu.fr\/pros\/demarches-qualite\/demarches-qualite-entreprises-qualibat\/","og_site_name":"B\u00e2tir en Alu.fr - Professionnels","article_modified_time":"2026-02-25T10:01:03+00:00","twitter_card":"summary_large_image","schema":{"@context":"https:\/\/schema.org","@graph":[{"@type":"WebPage","@id":"https:\/\/www.batir-en-alu.fr\/pros\/demarches-qualite\/demarches-qualite-entreprises-qualibat\/","url":"https:\/\/www.batir-en-alu.fr\/pros\/demarches-qualite\/demarches-qualite-entreprises-qualibat\/","name":"Les d\u00e9marches qualit\u00e9 entreprises - B\u00e2tir en Alu.fr - Professionnels","isPartOf":{"@id":"https:\/\/www.batir-en-alu.fr\/pros\/#website"},"datePublished":"2024-06-19T14:00:11+00:00","dateModified":"2026-02-25T10:01:03+00:00","description":"Qualifications Qualibat menuiserie aluminium : 351\/352 fen\u00eatres, 371\/372 fa\u00e7ades rideaux, 4211\/4212 cloisons, 9141\/9142 v\u00e9randas. Exigences RGE et DTU 36.5.","breadcrumb":{"@id":"https:\/\/www.batir-en-alu.fr\/pros\/demarches-qualite\/demarches-qualite-entreprises-qualibat\/#breadcrumb"},"inLanguage":"fr-FR","potentialAction":[{"@type":"ReadAction","target":["https:\/\/www.batir-en-alu.fr\/pros\/demarches-qualite\/demarches-qualite-entreprises-qualibat\/"]}]},{"@type":"BreadcrumbList","@id":"https:\/\/www.batir-en-alu.fr\/pros\/demarches-qualite\/demarches-qualite-entreprises-qualibat\/#breadcrumb","itemListElement":[{"@type":"ListItem","position":1,"name":"\u00b7\u00b7\u00b7","item":"https:\/\/www.batir-en-alu.fr\/pros"},{"@type":"ListItem","position":2,"name":"B\u00e2tir En Alu","item":"https:\/\/www.batir-en-alu.fr\/"},{"@type":"ListItem","position":3,"name":"Professionnels","item":"https:\/\/www.batir-en-alu.fr\/pros\/"},{"@type":"ListItem","position":4,"name":"Les 5 d\u00e9marches qualit\u00e9","item":"https:\/\/www.batir-en-alu.fr\/pros\/demarches-qualite\/"},{"@type":"ListItem","position":5,"name":"Les d\u00e9marches qualit\u00e9 entreprises"}]},{"@type":"WebSite","@id":"https:\/\/www.batir-en-alu.fr\/pros\/#website","url":"https:\/\/www.batir-en-alu.fr\/pros\/","name":"B\u00e2tir en alu Professionnels","description":"Professionnels de la Menuiserie aluminium","publisher":{"@id":"https:\/\/www.batir-en-alu.fr\/pros\/#organization"},"potentialAction":[{"@type":"SearchAction","target":{"@type":"EntryPoint","urlTemplate":"https:\/\/www.batir-en-alu.fr\/pros\/?s={search_term_string}"},"query-input":{"@type":"PropertyValueSpecification","valueRequired":true,"valueName":"search_term_string"}}],"inLanguage":"fr-FR"},{"@type":"Organization","@id":"https:\/\/www.batir-en-alu.fr\/pros\/#organization","name":"B\u00e2tir en alu Professionnels","url":"https:\/\/www.batir-en-alu.fr\/pros\/","logo":{"@type":"ImageObject","inLanguage":"fr-FR","@id":"https:\/\/www.batir-en-alu.fr\/pros\/#\/schema\/logo\/image\/","url":"https:\/\/www.batir-en-alu.fr\/pros\/wp-content\/uploads\/sites\/3\/2026\/03\/logo-batir-en-alu-pro.webp","contentUrl":"https:\/\/www.batir-en-alu.fr\/pros\/wp-content\/uploads\/sites\/3\/2026\/03\/logo-batir-en-alu-pro.webp","width":276,"height":310,"caption":"B\u00e2tir en alu Professionnels"},"image":{"@id":"https:\/\/www.batir-en-alu.fr\/pros\/#\/schema\/logo\/image\/"}}]}},"_links":{"self":[{"href":"https:\/\/www.batir-en-alu.fr\/pros\/wp-json\/wp\/v2\/pages\/334","targetHints":{"allow":["GET"]}}],"collection":[{"href":"https:\/\/www.batir-en-alu.fr\/pros\/wp-json\/wp\/v2\/pages"}],"about":[{"href":"https:\/\/www.batir-en-alu.fr\/pros\/wp-json\/wp\/v2\/types\/page"}],"author":[{"embeddable":true,"href":"https:\/\/www.batir-en-alu.fr\/pros\/wp-json\/wp\/v2\/users\/21"}],"replies":[{"embeddable":true,"href":"https:\/\/www.batir-en-alu.fr\/pros\/wp-json\/wp\/v2\/comments?post=334"}],"version-history":[{"count":66,"href":"https:\/\/www.batir-en-alu.fr\/pros\/wp-json\/wp\/v2\/pages\/334\/revisions"}],"predecessor-version":[{"id":2173,"href":"https:\/\/www.batir-en-alu.fr\/pros\/wp-json\/wp\/v2\/pages\/334\/revisions\/2173"}],"up":[{"embeddable":true,"href":"https:\/\/www.batir-en-alu.fr\/pros\/wp-json\/wp\/v2\/pages\/332"}],"wp:attachment":[{"href":"https:\/\/www.batir-en-alu.fr\/pros\/wp-json\/wp\/v2\/media?parent=334"}],"curies":[{"name":"wp","href":"https:\/\/api.w.org\/{rel}","templated":true}]}}