{"id":1781,"date":"2025-11-14T11:24:46","date_gmt":"2025-11-14T10:24:46","guid":{"rendered":"https:\/\/snfa.grouperougevif.fr\/pros\/?page_id=1781"},"modified":"2026-02-25T10:40:24","modified_gmt":"2026-02-25T09:40:24","slug":"les-cloisons-demontables","status":"publish","type":"page","link":"https:\/\/www.batir-en-alu.fr\/pros\/menuiserie-aluminium\/la-cloison-modulaire\/les-cloisons-demontables\/","title":{"rendered":"Les cloisons d\u00e9montables"},"content":{"rendered":"\n\n\n\t<div class=\"align wp-block-acf-layout-wrap\">\n\n\t\n\n\t\t<div class=\"layout-wrap\" >\n\t\t<div class=\"innerblock\">\n\n\n\n\t<div class=\"align wp-block-acf-paragraphs\">\n\n\t\n\n\t\t<div class=\"paragraphs container\">\n\n\t\t\t\t\t<div class=\"paragraphs__left\">\n\n\t\t\t\t\t\t\t\t\t<div class=\"paragraphs__image\">\n\t\t\t\t\t\t\t\t\t\t\t\t\t\t\t\t<img decoding=\"async\" class=\"img\" src=\"https:\/\/www.batir-en-alu.fr\/pros\/wp-content\/uploads\/sites\/3\/2025\/12\/SEB1253.png\" srcset=\"https:\/\/www.batir-en-alu.fr\/pros\/wp-content\/uploads\/sites\/3\/2025\/12\/SEB1253.png 480w, https:\/\/www.batir-en-alu.fr\/pros\/wp-content\/uploads\/sites\/3\/2025\/12\/SEB1253-200x300.png 200w\" sizes=\"(max-width: 480px) 100vw, 480px\" loading=\"lazy\" alt=\"Cloison modulaire\"\/>\n\t\t\t\t\t\t\t\t\t\t\t\t<\/div>\n\t\t\t\t\n\t\t\t\t\t\t\t<\/div>\n\t\t\t\t\t\t\t<div class=\"paragraphs__content\">\n\t\t\t\t\t\t\t\t\t\t\t\t\t\t\t\t\t\t\t\t<div class=\"paragraphs__content__text\"><p><strong>Les cloisons d\u00e9montables sont fortement pl\u00e9biscit\u00e9es dans le tertiaire pour moduler des espaces de travail rapidement et \u00e0 moindre co\u00fbt. Elles ont l&#8217;avantage d&#8217;\u00eatre facilement interchangeables. Leur conception et mise en \u0153uvre fait l&#8217;objet d&#8217;une d\u00e9marche qualit\u00e9.<\/strong><\/p>\n<\/div>\n\t\t\t\t\t\t\t\t\t\t\t\t\t\t\t\t\t\t\t\t\t\t\t\t\t\t\t\t\t\t<h2 class=\"paragraphs__content__title h3\">Un ensemble d&#8217;\u00e9l\u00e9ments constructifs interchangeables<\/h2>\n\t\t\t\t\t\t\t\t\t\t\t\t\t\t\t\t\t\t\t\t\t\t\t\t\t\t\t\t\t\t\t\t\t\t\t\t\t\t\t\t<div class=\"paragraphs__content__text\"><p>A l&#8217;instar des cloisons traditionnelles, les cloisons d\u00e9montables sont des parois de faible \u00e9paisseur utilis\u00e9es pour (r\u00e9)organiser les espaces. Elles sont non porteuses et r\u00e8gnent sur la hauteur entre le plancher et le plafond. Leur ossature, g\u00e9n\u00e9ralement con\u00e7ue avec des profil\u00e9s en aluminium, assemble des modules qui sont rempla\u00e7ables individuellement sans d\u00e9gradation ni des \u00e9l\u00e9ments de la cloison ni de l&#8217;environnement. Ceux-ci sont con\u00e7us pour une commodit\u00e9 de la pose, de la d\u00e9pose, de la repose ou de la transformation de la cloison dans la dur\u00e9e. Pratique pour renouveler les espaces en fonction des besoins !<br \/>\nLes syst\u00e8mes de cloisons d\u00e9montables permettent d\u2019agencer les espaces, tout en conservant la possibilit\u00e9 de modifier le cloisonnement dans le temps \u00e0 partir des \u00e9l\u00e9ments ou modules des cloisons existantes.<\/p>\n<p><strong>Les cloisons d\u00e9montables dites amovibles<\/strong><br \/>\nUne cloison d\u00e9montable est dite amovible si lors d&#8217;une modification de cloisonnement, les constituants de cette cloison (ensemble vitr\u00e9, plein, bloc-porte, ensemble d&#8217;ossature, etc.) <strong>peuvent \u00eatre permut\u00e9s sans red\u00e9coupe et sans remplacement<\/strong>.<\/p>\n<p><strong>Les cloisons d\u00e9montables<\/strong><br \/>\nUne cloison est dite d\u00e9montable si lors d&#8217;une modification du cloisonnement, les constituants de cette cloison (ensemble vitr\u00e9, plein, bloc-porte, ensemble d&#8217;ossature, etc.) <strong>peuvent \u00eatre permut\u00e9s, red\u00e9coup\u00e9s, ou encore remplac\u00e9s<\/strong>.<\/p>\n<\/div>\n\t\t\t\t\t\t\t\t\t\t\t\t\t\t\t\t\t\t\t\t\t\t<\/div>\n\t\t\t<\/div>\n\n\t<\/div>\n\n\n\n\n\n\t<div class=\"align wp-block-acf-paragraphs\">\n\n\t\n\n\t\t<div class=\"paragraphs container\">\n\n\t\t\t\t\t\t\t<div class=\"paragraphs__content\">\n\t\t\t\t\t\t\t\t\t\t\t\t\t\t\t<h2 class=\"paragraphs__content__title h3\">Types et compositions des cloisons d\u00e9montables<\/h2>\n\t\t\t\t\t\t\t\t\t\t\t\t\t\t\t\t\t\t\t\t\t\t\t\t\t\t\t\t\t\t\t\t\t\t\t\t\t\t\t\t<div class=\"paragraphs__content__text\"><p>Il existe plusieurs types de cloisons d\u00e9montables. Entre \u00e9l\u00e9ments modulaires pleins, vitr\u00e9s et panneaux portes, chaque fabricant propose ses propres mod\u00e8les et peut, gr\u00e2ce au sur-mesure, r\u00e9pondre pr\u00e9cis\u00e9ment \u00e0 tous les projets. A vous de d\u00e9finir vos priorit\u00e9s !<\/p>\n<\/div>\n\t\t\t\t\t\t\t\t\t\t\t\t\t\t\t\t\t\t\t\t\t\t<\/div>\n\t\t\t<\/div>\n\n\t<\/div>\n\n\n\n\n\n\t<div class=\"align wp-block-acf-accordion\">\n\n\t\n\n\t\t\t\t<div class=\"accordion\">\n\t\t\t\t\t\t\t\t\t\t<details class=\"accordion-item\" data-js-accordion>\n\t\t\t\t\t<summary class=\"accordion-item__header\">\n\t\t\t\t\t\t<div class=\"container\">\n\t\t\t\t\t\t\t<h3 class=\"accordion-item__title h4\">Cloison vitr\u00e9e<\/h3>\n\t\t\t\t\t\t\t<div class=\"accordion-item__icon\"><\/div>\n\t\t\t\t\t\t<\/div>\n\t\t\t\t\t<\/summary>\n\t\t\t\t\t<div class=\"accordion-item__content container\">\n\t\t\t\t\t\t\t\t\t\t\t\t\t\t\t\t\t\t\t\t\t\t\t\t\t\t\t\t\t\t\t\t\t\t\t\t\t\t\t\t\t\t\t\t\t\t\t\t\n\t\t\t\t\t\t\t<div class=\"accordion-item__content__row paragraph\">\n\t\t\t\t\t\t\t\t\t\t\t\t\t\t\t\t\t\t\t\t\t\t\t\t\t\t\t\t\t\t\t\t\t\t<div class=\"content-text\">\n\t\t\t\t\t\t\t\t\t\t<p>Les modules vitr\u00e9s\u00a0favorisent le passage de la lumi\u00e8re naturelle et l&#8217;isolation acoustique entre les espaces. Le verre peut \u00eatre sabl\u00e9, grenaill\u00e9, s\u00e9rigraphi\u00e9 ou film\u00e9, tandis que des stores v\u00e9nitiens pr\u00e9serveront l&#8217;intimit\u00e9 visuelle.<\/p>\n\n\t\t\t\t\t\t\t\t\t\t\n\t\t\t\t\t\t\t\t\t<\/div>\n\t\t\t\t\t\t\t\t\t\t\t\t\t\t\t\t\t\t\t\t\t\t\t<\/div>\n\n\t\t\t\t\t\t\t\t\t\t\t<\/div>\n\t\t\t\t<\/details>\n\t\t\t\t\t<\/div>\n\t\t\t<div class=\"accordion\">\n\t\t\t\t\t\t\t\t\t\t<details class=\"accordion-item\" data-js-accordion>\n\t\t\t\t\t<summary class=\"accordion-item__header\">\n\t\t\t\t\t\t<div class=\"container\">\n\t\t\t\t\t\t\t<h3 class=\"accordion-item__title h4\">Cloison pleine<\/h3>\n\t\t\t\t\t\t\t<div class=\"accordion-item__icon\"><\/div>\n\t\t\t\t\t\t<\/div>\n\t\t\t\t\t<\/summary>\n\t\t\t\t\t<div class=\"accordion-item__content container\">\n\t\t\t\t\t\t\t\t\t\t\t\t\t\t\t\t\t\t\t\t\t\t\t\t\t\t\t\t\t\t\t\t\t\t\t\t\t\t\t\t\t\t\t\t\t\t\t\t\n\t\t\t\t\t\t\t<div class=\"accordion-item__content__row paragraph\">\n\t\t\t\t\t\t\t\t\t\t\t\t\t\t\t\t\t\t\t\t\t\t\t\t\t\t\t\t\t\t\t\t\t\t<div class=\"content-text\">\n\t\t\t\t\t\t\t\t\t\t<p>Les modules pleins assurent la meilleure confidentialit\u00e9 entre les espaces. Ils se constituent de 2 panneaux en pl\u00e2tre cartonn\u00e9 ou de 2 panneaux d&#8217;agglom\u00e9r\u00e9 m\u00e9lamin\u00e9 enveloppant une couche isolante. Les fabricants proposent des aspects et finitions vari\u00e9s.<\/p>\n\n\t\t\t\t\t\t\t\t\t\t\n\t\t\t\t\t\t\t\t\t<\/div>\n\t\t\t\t\t\t\t\t\t\t\t\t\t\t\t\t\t\t\t\t\t\t\t<\/div>\n\n\t\t\t\t\t\t\t\t\t\t\t<\/div>\n\t\t\t\t<\/details>\n\t\t\t\t\t<\/div>\n\t\t\t<div class=\"accordion\">\n\t\t\t\t\t\t\t\t\t\t<details class=\"accordion-item\" data-js-accordion>\n\t\t\t\t\t<summary class=\"accordion-item__header\">\n\t\t\t\t\t\t<div class=\"container\">\n\t\t\t\t\t\t\t<h3 class=\"accordion-item__title h4\">Bloc-porte<\/h3>\n\t\t\t\t\t\t\t<div class=\"accordion-item__icon\"><\/div>\n\t\t\t\t\t\t<\/div>\n\t\t\t\t\t<\/summary>\n\t\t\t\t\t<div class=\"accordion-item__content container\">\n\t\t\t\t\t\t\t\t\t\t\t\t\t\t\t\t\t\t\t\t\t\t\t\t\t\t\t\t\t\t\t\t\t\t\t\t\t\t\t\t\t\t\t\t\t\t\t\t\n\t\t\t\t\t\t\t<div class=\"accordion-item__content__row paragraph\">\n\t\t\t\t\t\t\t\t\t\t\t\t\t\t\t\t\t\t\t\t\t\t\t\t\t\t\t\t\t\t\t\t\t\t<div class=\"content-text\">\n\t\t\t\t\t\t\t\t\t\t<p>Les cloisons amovibles ou d\u00e9montables \u00e0 structure aluminium peuvent int\u00e9grer un bloc-porte. Les portes sont mont\u00e9es sur un cadre monobloc r\u00e9versible en aluminium, dont l&#8217;ouverture est battante ou coulissante. Il existe plusieurs mod\u00e8les (portes pleines, portes vitr\u00e9es, porte affleurante, portes en verre s\u00e9rigraphi\u00e9, sabl\u00e9, teint\u00e9, etc.).<\/p>\n\n\t\t\t\t\t\t\t\t\t\t\n\t\t\t\t\t\t\t\t\t<\/div>\n\t\t\t\t\t\t\t\t\t\t\t\t\t\t\t\t\t\t\t\t\t\t\t<\/div>\n\n\t\t\t\t\t\t\t\t\t\t\t<\/div>\n\t\t\t\t<\/details>\n\t\t\t\t\t<\/div>\n\t\n\t<\/div>\n\n<\/div>\n\t<\/div>\n\n\t<\/div>\n","protected":false},"excerpt":{"rendered":"","protected":false},"author":21,"featured_media":1767,"parent":1775,"menu_order":0,"comment_status":"closed","ping_status":"closed","template":"","meta":{"_acf_changed":false,"footnotes":""},"class_list":["post-1781","page","type-page","status-publish","has-post-thumbnail","hentry"],"acf":[],"yoast_head":"<!-- This site is optimized with the Yoast SEO plugin v26.9 - https:\/\/yoast.com\/product\/yoast-seo-wordpress\/ -->\n<title>Les cloisons d\u00e9montables - B\u00e2tir en Alu.fr - Professionnels<\/title>\n<meta name=\"description\" content=\"Cloisons d\u00e9montables en aluminium : amovibles ou reconfigurables, vitr\u00e9es, pleines ou avec bloc-porte. Modulez vos espaces tertiaires rapidement et \u00e0 moindre co\u00fbt.\" \/>\n<meta name=\"robots\" content=\"index, follow, max-snippet:-1, max-image-preview:large, max-video-preview:-1\" \/>\n<link rel=\"canonical\" href=\"https:\/\/www.batir-en-alu.fr\/pros\/menuiserie-aluminium\/la-cloison-modulaire\/les-cloisons-demontables\/\" \/>\n<meta property=\"og:locale\" content=\"fr_FR\" \/>\n<meta property=\"og:type\" content=\"article\" \/>\n<meta property=\"og:title\" content=\"Les cloisons d\u00e9montables - B\u00e2tir en Alu.fr - Professionnels\" \/>\n<meta property=\"og:description\" content=\"Cloisons d\u00e9montables en aluminium : amovibles ou reconfigurables, vitr\u00e9es, pleines ou avec bloc-porte. Modulez vos espaces tertiaires rapidement et \u00e0 moindre co\u00fbt.\" \/>\n<meta property=\"og:url\" content=\"https:\/\/www.batir-en-alu.fr\/pros\/menuiserie-aluminium\/la-cloison-modulaire\/les-cloisons-demontables\/\" \/>\n<meta property=\"og:site_name\" content=\"B\u00e2tir en Alu.fr - Professionnels\" \/>\n<meta property=\"article:modified_time\" content=\"2026-02-25T09:40:24+00:00\" \/>\n<meta property=\"og:image\" content=\"https:\/\/www.batir-en-alu.fr\/pros\/wp-content\/uploads\/sites\/3\/2025\/11\/SEB1146.jpg\" \/>\n\t<meta property=\"og:image:width\" content=\"1024\" \/>\n\t<meta property=\"og:image:height\" content=\"683\" \/>\n\t<meta property=\"og:image:type\" content=\"image\/jpeg\" \/>\n<meta name=\"twitter:card\" content=\"summary_large_image\" \/>\n<meta name=\"twitter:label1\" content=\"Dur\u00e9e de lecture estim\u00e9e\" \/>\n\t<meta name=\"twitter:data1\" content=\"1 minute\" \/>\n<script type=\"application\/ld+json\" class=\"yoast-schema-graph\">{\"@context\":\"https:\/\/schema.org\",\"@graph\":[{\"@type\":\"WebPage\",\"@id\":\"https:\/\/www.batir-en-alu.fr\/pros\/menuiserie-aluminium\/la-cloison-modulaire\/les-cloisons-demontables\/\",\"url\":\"https:\/\/www.batir-en-alu.fr\/pros\/menuiserie-aluminium\/la-cloison-modulaire\/les-cloisons-demontables\/\",\"name\":\"Les cloisons d\u00e9montables - B\u00e2tir en Alu.fr - Professionnels\",\"isPartOf\":{\"@id\":\"https:\/\/www.batir-en-alu.fr\/pros\/#website\"},\"primaryImageOfPage\":{\"@id\":\"https:\/\/www.batir-en-alu.fr\/pros\/menuiserie-aluminium\/la-cloison-modulaire\/les-cloisons-demontables\/#primaryimage\"},\"image\":{\"@id\":\"https:\/\/www.batir-en-alu.fr\/pros\/menuiserie-aluminium\/la-cloison-modulaire\/les-cloisons-demontables\/#primaryimage\"},\"thumbnailUrl\":\"https:\/\/www.batir-en-alu.fr\/pros\/wp-content\/uploads\/sites\/3\/2025\/11\/SEB1146.jpg\",\"datePublished\":\"2025-11-14T10:24:46+00:00\",\"dateModified\":\"2026-02-25T09:40:24+00:00\",\"description\":\"Cloisons d\u00e9montables en aluminium : amovibles ou reconfigurables, vitr\u00e9es, pleines ou avec bloc-porte. Modulez vos espaces tertiaires rapidement et \u00e0 moindre co\u00fbt.\",\"breadcrumb\":{\"@id\":\"https:\/\/www.batir-en-alu.fr\/pros\/menuiserie-aluminium\/la-cloison-modulaire\/les-cloisons-demontables\/#breadcrumb\"},\"inLanguage\":\"fr-FR\",\"potentialAction\":[{\"@type\":\"ReadAction\",\"target\":[\"https:\/\/www.batir-en-alu.fr\/pros\/menuiserie-aluminium\/la-cloison-modulaire\/les-cloisons-demontables\/\"]}]},{\"@type\":\"ImageObject\",\"inLanguage\":\"fr-FR\",\"@id\":\"https:\/\/www.batir-en-alu.fr\/pros\/menuiserie-aluminium\/la-cloison-modulaire\/les-cloisons-demontables\/#primaryimage\",\"url\":\"https:\/\/www.batir-en-alu.fr\/pros\/wp-content\/uploads\/sites\/3\/2025\/11\/SEB1146.jpg\",\"contentUrl\":\"https:\/\/www.batir-en-alu.fr\/pros\/wp-content\/uploads\/sites\/3\/2025\/11\/SEB1146.jpg\",\"width\":1024,\"height\":683},{\"@type\":\"BreadcrumbList\",\"@id\":\"https:\/\/www.batir-en-alu.fr\/pros\/menuiserie-aluminium\/la-cloison-modulaire\/les-cloisons-demontables\/#breadcrumb\",\"itemListElement\":[{\"@type\":\"ListItem\",\"position\":1,\"name\":\"\u00b7\u00b7\u00b7\",\"item\":\"https:\/\/www.batir-en-alu.fr\/pros\"},{\"@type\":\"ListItem\",\"position\":2,\"name\":\"B\u00e2tir En Alu\",\"item\":\"https:\/\/www.batir-en-alu.fr\/\"},{\"@type\":\"ListItem\",\"position\":3,\"name\":\"Professionnels\",\"item\":\"https:\/\/www.batir-en-alu.fr\/pros\/\"},{\"@type\":\"ListItem\",\"position\":4,\"name\":\"La menuiserie aluminium\",\"item\":\"https:\/\/www.batir-en-alu.fr\/pros\/menuiserie-aluminium\/\"},{\"@type\":\"ListItem\",\"position\":5,\"name\":\"La cloison modulaire\",\"item\":\"https:\/\/www.batir-en-alu.fr\/pros\/menuiserie-aluminium\/la-cloison-modulaire\/\"},{\"@type\":\"ListItem\",\"position\":6,\"name\":\"Les cloisons d\u00e9montables\"}]},{\"@type\":\"WebSite\",\"@id\":\"https:\/\/www.batir-en-alu.fr\/pros\/#website\",\"url\":\"https:\/\/www.batir-en-alu.fr\/pros\/\",\"name\":\"B\u00e2tir en alu Professionnels\",\"description\":\"Professionnels de la Menuiserie aluminium\",\"publisher\":{\"@id\":\"https:\/\/www.batir-en-alu.fr\/pros\/#organization\"},\"potentialAction\":[{\"@type\":\"SearchAction\",\"target\":{\"@type\":\"EntryPoint\",\"urlTemplate\":\"https:\/\/www.batir-en-alu.fr\/pros\/?s={search_term_string}\"},\"query-input\":{\"@type\":\"PropertyValueSpecification\",\"valueRequired\":true,\"valueName\":\"search_term_string\"}}],\"inLanguage\":\"fr-FR\"},{\"@type\":\"Organization\",\"@id\":\"https:\/\/www.batir-en-alu.fr\/pros\/#organization\",\"name\":\"B\u00e2tir en alu Professionnels\",\"url\":\"https:\/\/www.batir-en-alu.fr\/pros\/\",\"logo\":{\"@type\":\"ImageObject\",\"inLanguage\":\"fr-FR\",\"@id\":\"https:\/\/www.batir-en-alu.fr\/pros\/#\/schema\/logo\/image\/\",\"url\":\"https:\/\/www.batir-en-alu.fr\/pros\/wp-content\/uploads\/sites\/3\/2026\/03\/logo-batir-en-alu-pro.webp\",\"contentUrl\":\"https:\/\/www.batir-en-alu.fr\/pros\/wp-content\/uploads\/sites\/3\/2026\/03\/logo-batir-en-alu-pro.webp\",\"width\":276,\"height\":310,\"caption\":\"B\u00e2tir en alu Professionnels\"},\"image\":{\"@id\":\"https:\/\/www.batir-en-alu.fr\/pros\/#\/schema\/logo\/image\/\"}}]}<\/script>\n<!-- \/ Yoast SEO plugin. -->","yoast_head_json":{"title":"Les cloisons d\u00e9montables - B\u00e2tir en Alu.fr - Professionnels","description":"Cloisons d\u00e9montables en aluminium : amovibles ou reconfigurables, vitr\u00e9es, pleines ou avec bloc-porte. Modulez vos espaces tertiaires rapidement et \u00e0 moindre co\u00fbt.","robots":{"index":"index","follow":"follow","max-snippet":"max-snippet:-1","max-image-preview":"max-image-preview:large","max-video-preview":"max-video-preview:-1"},"canonical":"https:\/\/www.batir-en-alu.fr\/pros\/menuiserie-aluminium\/la-cloison-modulaire\/les-cloisons-demontables\/","og_locale":"fr_FR","og_type":"article","og_title":"Les cloisons d\u00e9montables - B\u00e2tir en Alu.fr - Professionnels","og_description":"Cloisons d\u00e9montables en aluminium : amovibles ou reconfigurables, vitr\u00e9es, pleines ou avec bloc-porte. Modulez vos espaces tertiaires rapidement et \u00e0 moindre co\u00fbt.","og_url":"https:\/\/www.batir-en-alu.fr\/pros\/menuiserie-aluminium\/la-cloison-modulaire\/les-cloisons-demontables\/","og_site_name":"B\u00e2tir en Alu.fr - Professionnels","article_modified_time":"2026-02-25T09:40:24+00:00","og_image":[{"width":1024,"height":683,"url":"https:\/\/www.batir-en-alu.fr\/pros\/wp-content\/uploads\/sites\/3\/2025\/11\/SEB1146.jpg","type":"image\/jpeg"}],"twitter_card":"summary_large_image","twitter_misc":{"Dur\u00e9e de lecture estim\u00e9e":"1 minute"},"schema":{"@context":"https:\/\/schema.org","@graph":[{"@type":"WebPage","@id":"https:\/\/www.batir-en-alu.fr\/pros\/menuiserie-aluminium\/la-cloison-modulaire\/les-cloisons-demontables\/","url":"https:\/\/www.batir-en-alu.fr\/pros\/menuiserie-aluminium\/la-cloison-modulaire\/les-cloisons-demontables\/","name":"Les cloisons d\u00e9montables - B\u00e2tir en Alu.fr - Professionnels","isPartOf":{"@id":"https:\/\/www.batir-en-alu.fr\/pros\/#website"},"primaryImageOfPage":{"@id":"https:\/\/www.batir-en-alu.fr\/pros\/menuiserie-aluminium\/la-cloison-modulaire\/les-cloisons-demontables\/#primaryimage"},"image":{"@id":"https:\/\/www.batir-en-alu.fr\/pros\/menuiserie-aluminium\/la-cloison-modulaire\/les-cloisons-demontables\/#primaryimage"},"thumbnailUrl":"https:\/\/www.batir-en-alu.fr\/pros\/wp-content\/uploads\/sites\/3\/2025\/11\/SEB1146.jpg","datePublished":"2025-11-14T10:24:46+00:00","dateModified":"2026-02-25T09:40:24+00:00","description":"Cloisons d\u00e9montables en aluminium : amovibles ou reconfigurables, vitr\u00e9es, pleines ou avec bloc-porte. Modulez vos espaces tertiaires rapidement et \u00e0 moindre co\u00fbt.","breadcrumb":{"@id":"https:\/\/www.batir-en-alu.fr\/pros\/menuiserie-aluminium\/la-cloison-modulaire\/les-cloisons-demontables\/#breadcrumb"},"inLanguage":"fr-FR","potentialAction":[{"@type":"ReadAction","target":["https:\/\/www.batir-en-alu.fr\/pros\/menuiserie-aluminium\/la-cloison-modulaire\/les-cloisons-demontables\/"]}]},{"@type":"ImageObject","inLanguage":"fr-FR","@id":"https:\/\/www.batir-en-alu.fr\/pros\/menuiserie-aluminium\/la-cloison-modulaire\/les-cloisons-demontables\/#primaryimage","url":"https:\/\/www.batir-en-alu.fr\/pros\/wp-content\/uploads\/sites\/3\/2025\/11\/SEB1146.jpg","contentUrl":"https:\/\/www.batir-en-alu.fr\/pros\/wp-content\/uploads\/sites\/3\/2025\/11\/SEB1146.jpg","width":1024,"height":683},{"@type":"BreadcrumbList","@id":"https:\/\/www.batir-en-alu.fr\/pros\/menuiserie-aluminium\/la-cloison-modulaire\/les-cloisons-demontables\/#breadcrumb","itemListElement":[{"@type":"ListItem","position":1,"name":"\u00b7\u00b7\u00b7","item":"https:\/\/www.batir-en-alu.fr\/pros"},{"@type":"ListItem","position":2,"name":"B\u00e2tir En Alu","item":"https:\/\/www.batir-en-alu.fr\/"},{"@type":"ListItem","position":3,"name":"Professionnels","item":"https:\/\/www.batir-en-alu.fr\/pros\/"},{"@type":"ListItem","position":4,"name":"La menuiserie aluminium","item":"https:\/\/www.batir-en-alu.fr\/pros\/menuiserie-aluminium\/"},{"@type":"ListItem","position":5,"name":"La cloison modulaire","item":"https:\/\/www.batir-en-alu.fr\/pros\/menuiserie-aluminium\/la-cloison-modulaire\/"},{"@type":"ListItem","position":6,"name":"Les cloisons d\u00e9montables"}]},{"@type":"WebSite","@id":"https:\/\/www.batir-en-alu.fr\/pros\/#website","url":"https:\/\/www.batir-en-alu.fr\/pros\/","name":"B\u00e2tir en alu Professionnels","description":"Professionnels de la Menuiserie aluminium","publisher":{"@id":"https:\/\/www.batir-en-alu.fr\/pros\/#organization"},"potentialAction":[{"@type":"SearchAction","target":{"@type":"EntryPoint","urlTemplate":"https:\/\/www.batir-en-alu.fr\/pros\/?s={search_term_string}"},"query-input":{"@type":"PropertyValueSpecification","valueRequired":true,"valueName":"search_term_string"}}],"inLanguage":"fr-FR"},{"@type":"Organization","@id":"https:\/\/www.batir-en-alu.fr\/pros\/#organization","name":"B\u00e2tir en alu Professionnels","url":"https:\/\/www.batir-en-alu.fr\/pros\/","logo":{"@type":"ImageObject","inLanguage":"fr-FR","@id":"https:\/\/www.batir-en-alu.fr\/pros\/#\/schema\/logo\/image\/","url":"https:\/\/www.batir-en-alu.fr\/pros\/wp-content\/uploads\/sites\/3\/2026\/03\/logo-batir-en-alu-pro.webp","contentUrl":"https:\/\/www.batir-en-alu.fr\/pros\/wp-content\/uploads\/sites\/3\/2026\/03\/logo-batir-en-alu-pro.webp","width":276,"height":310,"caption":"B\u00e2tir en alu Professionnels"},"image":{"@id":"https:\/\/www.batir-en-alu.fr\/pros\/#\/schema\/logo\/image\/"}}]}},"_links":{"self":[{"href":"https:\/\/www.batir-en-alu.fr\/pros\/wp-json\/wp\/v2\/pages\/1781","targetHints":{"allow":["GET"]}}],"collection":[{"href":"https:\/\/www.batir-en-alu.fr\/pros\/wp-json\/wp\/v2\/pages"}],"about":[{"href":"https:\/\/www.batir-en-alu.fr\/pros\/wp-json\/wp\/v2\/types\/page"}],"author":[{"embeddable":true,"href":"https:\/\/www.batir-en-alu.fr\/pros\/wp-json\/wp\/v2\/users\/21"}],"replies":[{"embeddable":true,"href":"https:\/\/www.batir-en-alu.fr\/pros\/wp-json\/wp\/v2\/comments?post=1781"}],"version-history":[{"count":18,"href":"https:\/\/www.batir-en-alu.fr\/pros\/wp-json\/wp\/v2\/pages\/1781\/revisions"}],"predecessor-version":[{"id":2399,"href":"https:\/\/www.batir-en-alu.fr\/pros\/wp-json\/wp\/v2\/pages\/1781\/revisions\/2399"}],"up":[{"embeddable":true,"href":"https:\/\/www.batir-en-alu.fr\/pros\/wp-json\/wp\/v2\/pages\/1775"}],"wp:featuredmedia":[{"embeddable":true,"href":"https:\/\/www.batir-en-alu.fr\/pros\/wp-json\/wp\/v2\/media\/1767"}],"wp:attachment":[{"href":"https:\/\/www.batir-en-alu.fr\/pros\/wp-json\/wp\/v2\/media?parent=1781"}],"curies":[{"name":"wp","href":"https:\/\/api.w.org\/{rel}","templated":true}]}}