{"id":1775,"date":"2025-11-14T11:04:30","date_gmt":"2025-11-14T10:04:30","guid":{"rendered":"https:\/\/snfa.grouperougevif.fr\/pros\/?page_id=1775"},"modified":"2026-02-25T11:22:35","modified_gmt":"2026-02-25T10:22:35","slug":"la-cloison-modulaire","status":"publish","type":"page","link":"https:\/\/www.batir-en-alu.fr\/pros\/menuiserie-aluminium\/la-cloison-modulaire\/","title":{"rendered":"La cloison modulaire"},"content":{"rendered":"\n\n\n\t<div class=\"align wp-block-acf-layout-wrap\">\n\n\t\n\n\t\t<div class=\"layout-wrap\" >\n\t\t<div class=\"innerblock\">\n\n\n\n\t<div class=\"align wp-block-acf-paragraphs\">\n\n\t\n\n\t\t<div class=\"paragraphs container\">\n\n\t\t\t\t\t\t\t<div class=\"paragraphs__content\">\n\t\t\t\t\t\t\t\t\t\t\t\t\t\t\t\t\t\t\t\t<div class=\"paragraphs__content__text\"><p>Les cloisons d\u00e9montables ou mobiles sont tr\u00e8s utilis\u00e9es dans les b\u00e2timents tertiaires. Elles permettent d&#8217;am\u00e9nager et de moduler des espaces de travail ou de vie rapidement et \u00e0 moindre co\u00fbt. La fili\u00e8re a \u00e9labor\u00e9 une d\u00e9marche qualit\u00e9 compl\u00e8te couvrant la conception et mise en \u0153uvre de chaque type de cloison modulaire.<\/p>\n<\/div>\n\t\t\t\t\t\t\t\t\t\t\t\t\t\t\t\t\t\t\t\t\t\t<\/div>\n\t\t\t<\/div>\n\n\t<\/div>\n\n\n\n\n\n\t<div class=\"align wp-block-acf-cascading-subtopics\">\n\n\t\n\n\t\t<div class=\"cascading-subtopics js-cascading-subtopics\">\n\t\t<div class=\"cascading-subtopics__image\">\n\t\t\t\t\t\t\t\t\t<img decoding=\"async\" class=\"img\" src=\"https:\/\/www.batir-en-alu.fr\/pros\/wp-content\/uploads\/sites\/3\/2025\/11\/SEB1146.jpg\" srcset=\"https:\/\/www.batir-en-alu.fr\/pros\/wp-content\/uploads\/sites\/3\/2025\/11\/SEB1146.jpg 1024w, https:\/\/www.batir-en-alu.fr\/pros\/wp-content\/uploads\/sites\/3\/2025\/11\/SEB1146-300x200.jpg 300w, https:\/\/www.batir-en-alu.fr\/pros\/wp-content\/uploads\/sites\/3\/2025\/11\/SEB1146-768x512.jpg 768w\" sizes=\"(max-width: 1024px) 100vw, 1024px\" loading=\"lazy\" alt=\"\"\/>\n\t\t\t<\/div>\n\t\t<div class=\"cascading-subtopics__cards container is-cascading\">\n\t\t\t\t\t\t\t<div class=\"item-wrapper\">\n\t\t\t\t\t<div class=\"subtopic\">\n\t\t\t\t\t\t<div class=\"subtopic__content\">\n\t\t\t\t\t\t\t<h3 class=\"subtopic__title\">Les cloisons d\u00e9montables <\/h3>\n\t\t\t\t\t\t\t<div class=\"subtopic__text\">Les cloisons d\u00e9montables sont pl\u00e9biscit\u00e9es pour moduler des espaces de travail rapidement et \u00e0 moindre co\u00fbt. On distingue les mod\u00e8les d\u00e9montables dits amovibles des cloisons classiques fixes par la facilit\u00e9 d\u2019interchangeabilit\u00e9 des constituants de la cloison. <\/div>\n\t\t\t\t\t\t\t<div class=\"subtopic__button\">\n\t\t\t\t\t\t\t\t\n\n<a href=\"https:\/\/www.batir-en-alu.fr\/pros\/menuiserie-aluminium\/solutions-aluminium\/la-cloison-modulaire\/les-cloisons-demontables\/\" class=\"button-primary\"  >\n\t\t\t<span class=\"button__text\">\n\t\t\t\t\t\tEn savoir plus \n\t\t<\/span>\n\t\t\t\t<span class=\"button__arrow\">\n\t\t\t<svg xmlns=\"http:\/\/www.w3.org\/2000\/svg\" viewBox=\"0 0 25.426 11.208\"><g data-name=\"Groupe 11\" fill=\"none\" stroke=\"#248cd9\" stroke-width=\"2\"><path data-name=\"Trac\u00e9 16\" d=\"m19.272 10.501 4.739-4.739L18.956.707\"\/><path data-name=\"Ligne 9\" d=\"M0 5.762h24.011\"\/><\/g><\/svg>\n\t\t<\/span>\n\t<\/a>\n\n\t\t\t\t\t\t\t<\/div>\n\t\t\t\t\t\t<\/div>\n\t\t\t\t\t<\/div>\n\t\t\t\t<\/div>\n\t\t\t\t\t\t\t<div class=\"item-wrapper\">\n\t\t\t\t\t<div class=\"subtopic\">\n\t\t\t\t\t\t<div class=\"subtopic__content\">\n\t\t\t\t\t\t\t<h3 class=\"subtopic__title\">Les cloisons mobiles <\/h3>\n\t\t\t\t\t\t\t<div class=\"subtopic__text\">Les cloisons mobiles compos\u00e9es de panneaux ind\u00e9pendants facilement man\u0153uvrables permettent de s\u00e9parer ou de r\u00e9unir quasi instantan\u00e9ment des locaux contigus. Les r\u00e8gles techniques de conception, de fabrication et d\u2019installation ont \u00e9t\u00e9 r\u00e9dig\u00e9es par le SNFA et approuv\u00e9es par l\u2019AQC. <\/div>\n\t\t\t\t\t\t\t<div class=\"subtopic__button\">\n\t\t\t\t\t\t\t\t\n\n<a href=\"https:\/\/www.batir-en-alu.fr\/pros\/menuiserie-aluminium\/solutions-aluminium\/la-cloison-modulaire\/les-cloisons-mobiles\/\" class=\"button-primary\"  >\n\t\t\t<span class=\"button__text\">\n\t\t\t\t\t\tEn savoir plus \n\t\t<\/span>\n\t\t\t\t<span class=\"button__arrow\">\n\t\t\t<svg xmlns=\"http:\/\/www.w3.org\/2000\/svg\" viewBox=\"0 0 25.426 11.208\"><g data-name=\"Groupe 11\" fill=\"none\" stroke=\"#248cd9\" stroke-width=\"2\"><path data-name=\"Trac\u00e9 16\" d=\"m19.272 10.501 4.739-4.739L18.956.707\"\/><path data-name=\"Ligne 9\" d=\"M0 5.762h24.011\"\/><\/g><\/svg>\n\t\t<\/span>\n\t<\/a>\n\n\t\t\t\t\t\t\t<\/div>\n\t\t\t\t\t\t<\/div>\n\t\t\t\t\t<\/div>\n\t\t\t\t<\/div>\n\t\t\t\t\t\t\t<div class=\"item-wrapper\">\n\t\t\t\t\t<div class=\"subtopic\">\n\t\t\t\t\t\t<div class=\"subtopic__content\">\n\t\t\t\t\t\t\t<h3 class=\"subtopic__title\">Les d\u00e9marches qualit\u00e9 des cloisons <\/h3>\n\t\t\t\t\t\t\t<div class=\"subtopic__text\">Les concepteurs, fabricants et installateurs de cloisons mobiles et d\u00e9montables ont mis en place une politique de qualit\u00e9 couvrant la conception et mise en \u0153uvre des cloisons d\u00e9montables et murs mobiles dans le respect des r\u00e8gles professionnelles. Cette d\u00e9marche encadre la conformit\u00e9 des produits et la comp\u00e9tence des professionnels.\r\n<br><br>\r\n<center><img decoding=\"async\" class=\"img img-desktop\" src=\"https:\/\/www.batir-en-alu.fr\/pros\/wp-content\/uploads\/sites\/3\/2026\/01\/cerff.png\" srcset=\"\" sizes=\"(max-width: 300px) 100vw, 300px\" loading=\"lazy\" alt=\"CERFF\"><\/center>\r\n<br>\r\nL\u2019attestation CER.F.F garantit la performance des produits et vaut la preuve de la conformit\u00e9 aux exigences du NF DTU 35.1 <\/div>\n\t\t\t\t\t\t\t<div class=\"subtopic__button\">\n\t\t\t\t\t\t\t\t\t\n\n<a href=\"https:\/\/cerffassociation.fr\/\" class=\"button-primary\" target='_blank'  >\n\t\t\t<span class=\"button__text\">\n\t\t\t\t\t\tEn savoir plus sur le site officiel du CER.F.F\n\t\t<\/span>\n\t\t\t\t<span class=\"button__arrow\">\n\t\t\t<svg xmlns=\"http:\/\/www.w3.org\/2000\/svg\" viewBox=\"0 0 25.426 11.208\"><g data-name=\"Groupe 11\" fill=\"none\" stroke=\"#248cd9\" stroke-width=\"2\"><path data-name=\"Trac\u00e9 16\" d=\"m19.272 10.501 4.739-4.739L18.956.707\"\/><path data-name=\"Ligne 9\" d=\"M0 5.762h24.011\"\/><\/g><\/svg>\n\t\t<\/span>\n\t<\/a>\n\n\t\t\t\t\t\t\t<\/div>\n\t\t\t\t\t\t<\/div>\n\t\t\t\t\t<\/div>\n\t\t\t\t<\/div>\n\t\t\t\t\t<\/div>\n\t<\/div>\n\n\t<\/div>\n\n\n\n\n<style>\n\t#block_09c7f36fd054f0e9ccf8ffb2a6accc8b{height:20px;}\n<\/style>\n\n\t<div class=\"align wp-block-acf-spacer\" id=\"block_09c7f36fd054f0e9ccf8ffb2a6accc8b\">\n\n\t\n\n\t\t\n\t<\/div>\n\n\n\n\n\n\t<div class=\"align wp-block-acf-toolbox\">\n\n\t\n\n\t\t\n\n<div class=\"related-posts is-toolbox\">\n\t<div class=\"related-posts__inner container\">\n\t\t\t\t\t<p class=\"related-posts__title\">Votre bo\u00eete \u00e0 outils<\/p>\n\t\t\t\t<div class=\"related-posts__buttons\">\n\t\t\t\t\t\t\t\t\t\t\t<div class=\"related-posts__buttons__button\">\n\t\t\t\t\t\n\n<a href=\"https:\/\/www.batir-en-alu.fr\/alutheque?produit=fenetres\" class=\"button-secondary has-icon\"  >\n\t\t\t<span class=\"button__text\">\n\t\t\t\t\t\t\t<span class=\"button__icon\" style=\"background-image:url(https:\/\/www.batir-en-alu.fr\/pros\/wp-content\/uploads\/sites\/3\/2024\/07\/icon-alutheque.svg)\"><\/span>\n\t\t\t\t\t\tAlu&#8217;th\u00e8que sur les cloisons\n\t\t<\/span>\n\t\t\t\t<span class=\"button__arrow\">\n\t\t\t<svg xmlns=\"http:\/\/www.w3.org\/2000\/svg\" viewBox=\"0 0 25.426 11.208\"><g data-name=\"Groupe 11\" fill=\"none\" stroke=\"#248cd9\" stroke-width=\"2\"><path data-name=\"Trac\u00e9 16\" d=\"m19.272 10.501 4.739-4.739L18.956.707\"\/><path data-name=\"Ligne 9\" d=\"M0 5.762h24.011\"\/><\/g><\/svg>\n\t\t<\/span>\n\t<\/a>\n\n\t\t\t\t<\/div>\n\t\t\t\t\t\t\t\t\t\t\t<div class=\"related-posts__buttons__button\">\n\t\t\t\t\t\n\n<a href=\"https:\/\/www.batir-en-alu.fr\/pros\/annuaire-des-entreprises\/?univers=9\" class=\"button-secondary has-icon\"  >\n\t\t\t<span class=\"button__text\">\n\t\t\t\t\t\t\t<span class=\"button__icon\" style=\"background-image:url(https:\/\/www.batir-en-alu.fr\/pros\/wp-content\/uploads\/sites\/3\/2024\/07\/icon-handshake.svg)\"><\/span>\n\t\t\t\t\t\tTrouvez un professionnel de cloisons modulaires\n\t\t<\/span>\n\t\t\t\t<span class=\"button__arrow\">\n\t\t\t<svg xmlns=\"http:\/\/www.w3.org\/2000\/svg\" viewBox=\"0 0 25.426 11.208\"><g data-name=\"Groupe 11\" fill=\"none\" stroke=\"#248cd9\" stroke-width=\"2\"><path data-name=\"Trac\u00e9 16\" d=\"m19.272 10.501 4.739-4.739L18.956.707\"\/><path data-name=\"Ligne 9\" d=\"M0 5.762h24.011\"\/><\/g><\/svg>\n\t\t<\/span>\n\t<\/a>\n\n\t\t\t\t<\/div>\n\t\t\t\t\t<\/div>\n\t<\/div>\n<\/div>\n\n\t<\/div>\n\n\n\n\n<style>\n\t#block_09c7f36fd054f0e9ccf8ffb2a6accc8b{height:20px;}\n<\/style>\n\n\t<div class=\"align wp-block-acf-spacer\" id=\"block_09c7f36fd054f0e9ccf8ffb2a6accc8b\">\n\n\t\n\n\t\t\n\t<\/div>\n\n<\/div>\n\t<\/div>\n\n\t<\/div>\n","protected":false},"excerpt":{"rendered":"","protected":false},"author":21,"featured_media":1772,"parent":466,"menu_order":0,"comment_status":"closed","ping_status":"closed","template":"","meta":{"_acf_changed":false,"footnotes":""},"class_list":["post-1775","page","type-page","status-publish","has-post-thumbnail","hentry"],"acf":[],"yoast_head":"<!-- This site is optimized with the Yoast SEO plugin v26.9 - https:\/\/yoast.com\/product\/yoast-seo-wordpress\/ -->\n<title>La cloison modulaire - B\u00e2tir en Alu.fr - Professionnels<\/title>\n<meta name=\"description\" content=\"Cloisons modulaires en aluminium : d\u00e9montables et mobiles pour l&#039;am\u00e9nagement tertiaire. Modularit\u00e9, d\u00e9marche qualit\u00e9 CER.F.F et conformit\u00e9 NF DTU 35.1. Guide SNFA.\" \/>\n<meta name=\"robots\" content=\"index, follow, max-snippet:-1, max-image-preview:large, max-video-preview:-1\" \/>\n<link rel=\"canonical\" href=\"https:\/\/www.batir-en-alu.fr\/pros\/menuiserie-aluminium\/la-cloison-modulaire\/\" \/>\n<meta property=\"og:locale\" content=\"fr_FR\" \/>\n<meta property=\"og:type\" content=\"article\" \/>\n<meta property=\"og:title\" content=\"La cloison modulaire - B\u00e2tir en Alu.fr - Professionnels\" \/>\n<meta property=\"og:description\" content=\"Cloisons modulaires en aluminium : d\u00e9montables et mobiles pour l&#039;am\u00e9nagement tertiaire. Modularit\u00e9, d\u00e9marche qualit\u00e9 CER.F.F et conformit\u00e9 NF DTU 35.1. Guide SNFA.\" \/>\n<meta property=\"og:url\" content=\"https:\/\/www.batir-en-alu.fr\/pros\/menuiserie-aluminium\/la-cloison-modulaire\/\" \/>\n<meta property=\"og:site_name\" content=\"B\u00e2tir en Alu.fr - Professionnels\" \/>\n<meta property=\"article:modified_time\" content=\"2026-02-25T10:22:35+00:00\" \/>\n<meta property=\"og:image\" content=\"https:\/\/www.batir-en-alu.fr\/pros\/wp-content\/uploads\/sites\/3\/2025\/11\/P1019603-Algaflex-libre-droit.jpg\" \/>\n\t<meta property=\"og:image:width\" content=\"1024\" \/>\n\t<meta property=\"og:image:height\" content=\"768\" \/>\n\t<meta property=\"og:image:type\" content=\"image\/jpeg\" \/>\n<meta name=\"twitter:card\" content=\"summary_large_image\" \/>\n<meta name=\"twitter:label1\" content=\"Dur\u00e9e de lecture estim\u00e9e\" \/>\n\t<meta name=\"twitter:data1\" content=\"1 minute\" \/>\n<script type=\"application\/ld+json\" class=\"yoast-schema-graph\">{\"@context\":\"https:\/\/schema.org\",\"@graph\":[{\"@type\":\"WebPage\",\"@id\":\"https:\/\/www.batir-en-alu.fr\/pros\/menuiserie-aluminium\/la-cloison-modulaire\/\",\"url\":\"https:\/\/www.batir-en-alu.fr\/pros\/menuiserie-aluminium\/la-cloison-modulaire\/\",\"name\":\"La cloison modulaire - B\u00e2tir en Alu.fr - Professionnels\",\"isPartOf\":{\"@id\":\"https:\/\/www.batir-en-alu.fr\/pros\/#website\"},\"primaryImageOfPage\":{\"@id\":\"https:\/\/www.batir-en-alu.fr\/pros\/menuiserie-aluminium\/la-cloison-modulaire\/#primaryimage\"},\"image\":{\"@id\":\"https:\/\/www.batir-en-alu.fr\/pros\/menuiserie-aluminium\/la-cloison-modulaire\/#primaryimage\"},\"thumbnailUrl\":\"https:\/\/www.batir-en-alu.fr\/pros\/wp-content\/uploads\/sites\/3\/2025\/11\/P1019603-Algaflex-libre-droit.jpg\",\"datePublished\":\"2025-11-14T10:04:30+00:00\",\"dateModified\":\"2026-02-25T10:22:35+00:00\",\"description\":\"Cloisons modulaires en aluminium : d\u00e9montables et mobiles pour l'am\u00e9nagement tertiaire. Modularit\u00e9, d\u00e9marche qualit\u00e9 CER.F.F et conformit\u00e9 NF DTU 35.1. Guide SNFA.\",\"breadcrumb\":{\"@id\":\"https:\/\/www.batir-en-alu.fr\/pros\/menuiserie-aluminium\/la-cloison-modulaire\/#breadcrumb\"},\"inLanguage\":\"fr-FR\",\"potentialAction\":[{\"@type\":\"ReadAction\",\"target\":[\"https:\/\/www.batir-en-alu.fr\/pros\/menuiserie-aluminium\/la-cloison-modulaire\/\"]}]},{\"@type\":\"ImageObject\",\"inLanguage\":\"fr-FR\",\"@id\":\"https:\/\/www.batir-en-alu.fr\/pros\/menuiserie-aluminium\/la-cloison-modulaire\/#primaryimage\",\"url\":\"https:\/\/www.batir-en-alu.fr\/pros\/wp-content\/uploads\/sites\/3\/2025\/11\/P1019603-Algaflex-libre-droit.jpg\",\"contentUrl\":\"https:\/\/www.batir-en-alu.fr\/pros\/wp-content\/uploads\/sites\/3\/2025\/11\/P1019603-Algaflex-libre-droit.jpg\",\"width\":1024,\"height\":768,\"caption\":\"OLYMPUS DIGITAL CAMERA\"},{\"@type\":\"BreadcrumbList\",\"@id\":\"https:\/\/www.batir-en-alu.fr\/pros\/menuiserie-aluminium\/la-cloison-modulaire\/#breadcrumb\",\"itemListElement\":[{\"@type\":\"ListItem\",\"position\":1,\"name\":\"\u00b7\u00b7\u00b7\",\"item\":\"https:\/\/www.batir-en-alu.fr\/pros\"},{\"@type\":\"ListItem\",\"position\":2,\"name\":\"B\u00e2tir En Alu\",\"item\":\"https:\/\/www.batir-en-alu.fr\/\"},{\"@type\":\"ListItem\",\"position\":3,\"name\":\"Professionnels\",\"item\":\"https:\/\/www.batir-en-alu.fr\/pros\/\"},{\"@type\":\"ListItem\",\"position\":4,\"name\":\"La menuiserie aluminium\",\"item\":\"https:\/\/www.batir-en-alu.fr\/pros\/menuiserie-aluminium\/\"},{\"@type\":\"ListItem\",\"position\":5,\"name\":\"La cloison modulaire\"}]},{\"@type\":\"WebSite\",\"@id\":\"https:\/\/www.batir-en-alu.fr\/pros\/#website\",\"url\":\"https:\/\/www.batir-en-alu.fr\/pros\/\",\"name\":\"B\u00e2tir en alu Professionnels\",\"description\":\"Professionnels de la Menuiserie aluminium\",\"publisher\":{\"@id\":\"https:\/\/www.batir-en-alu.fr\/pros\/#organization\"},\"potentialAction\":[{\"@type\":\"SearchAction\",\"target\":{\"@type\":\"EntryPoint\",\"urlTemplate\":\"https:\/\/www.batir-en-alu.fr\/pros\/?s={search_term_string}\"},\"query-input\":{\"@type\":\"PropertyValueSpecification\",\"valueRequired\":true,\"valueName\":\"search_term_string\"}}],\"inLanguage\":\"fr-FR\"},{\"@type\":\"Organization\",\"@id\":\"https:\/\/www.batir-en-alu.fr\/pros\/#organization\",\"name\":\"B\u00e2tir en alu Professionnels\",\"url\":\"https:\/\/www.batir-en-alu.fr\/pros\/\",\"logo\":{\"@type\":\"ImageObject\",\"inLanguage\":\"fr-FR\",\"@id\":\"https:\/\/www.batir-en-alu.fr\/pros\/#\/schema\/logo\/image\/\",\"url\":\"https:\/\/www.batir-en-alu.fr\/pros\/wp-content\/uploads\/sites\/3\/2026\/03\/logo-batir-en-alu-pro.webp\",\"contentUrl\":\"https:\/\/www.batir-en-alu.fr\/pros\/wp-content\/uploads\/sites\/3\/2026\/03\/logo-batir-en-alu-pro.webp\",\"width\":276,\"height\":310,\"caption\":\"B\u00e2tir en alu Professionnels\"},\"image\":{\"@id\":\"https:\/\/www.batir-en-alu.fr\/pros\/#\/schema\/logo\/image\/\"}}]}<\/script>\n<!-- \/ Yoast SEO plugin. -->","yoast_head_json":{"title":"La cloison modulaire - B\u00e2tir en Alu.fr - Professionnels","description":"Cloisons modulaires en aluminium : d\u00e9montables et mobiles pour l'am\u00e9nagement tertiaire. Modularit\u00e9, d\u00e9marche qualit\u00e9 CER.F.F et conformit\u00e9 NF DTU 35.1. Guide SNFA.","robots":{"index":"index","follow":"follow","max-snippet":"max-snippet:-1","max-image-preview":"max-image-preview:large","max-video-preview":"max-video-preview:-1"},"canonical":"https:\/\/www.batir-en-alu.fr\/pros\/menuiserie-aluminium\/la-cloison-modulaire\/","og_locale":"fr_FR","og_type":"article","og_title":"La cloison modulaire - B\u00e2tir en Alu.fr - Professionnels","og_description":"Cloisons modulaires en aluminium : d\u00e9montables et mobiles pour l'am\u00e9nagement tertiaire. Modularit\u00e9, d\u00e9marche qualit\u00e9 CER.F.F et conformit\u00e9 NF DTU 35.1. Guide SNFA.","og_url":"https:\/\/www.batir-en-alu.fr\/pros\/menuiserie-aluminium\/la-cloison-modulaire\/","og_site_name":"B\u00e2tir en Alu.fr - Professionnels","article_modified_time":"2026-02-25T10:22:35+00:00","og_image":[{"width":1024,"height":768,"url":"https:\/\/www.batir-en-alu.fr\/pros\/wp-content\/uploads\/sites\/3\/2025\/11\/P1019603-Algaflex-libre-droit.jpg","type":"image\/jpeg"}],"twitter_card":"summary_large_image","twitter_misc":{"Dur\u00e9e de lecture estim\u00e9e":"1 minute"},"schema":{"@context":"https:\/\/schema.org","@graph":[{"@type":"WebPage","@id":"https:\/\/www.batir-en-alu.fr\/pros\/menuiserie-aluminium\/la-cloison-modulaire\/","url":"https:\/\/www.batir-en-alu.fr\/pros\/menuiserie-aluminium\/la-cloison-modulaire\/","name":"La cloison modulaire - B\u00e2tir en Alu.fr - Professionnels","isPartOf":{"@id":"https:\/\/www.batir-en-alu.fr\/pros\/#website"},"primaryImageOfPage":{"@id":"https:\/\/www.batir-en-alu.fr\/pros\/menuiserie-aluminium\/la-cloison-modulaire\/#primaryimage"},"image":{"@id":"https:\/\/www.batir-en-alu.fr\/pros\/menuiserie-aluminium\/la-cloison-modulaire\/#primaryimage"},"thumbnailUrl":"https:\/\/www.batir-en-alu.fr\/pros\/wp-content\/uploads\/sites\/3\/2025\/11\/P1019603-Algaflex-libre-droit.jpg","datePublished":"2025-11-14T10:04:30+00:00","dateModified":"2026-02-25T10:22:35+00:00","description":"Cloisons modulaires en aluminium : d\u00e9montables et mobiles pour l'am\u00e9nagement tertiaire. Modularit\u00e9, d\u00e9marche qualit\u00e9 CER.F.F et conformit\u00e9 NF DTU 35.1. Guide SNFA.","breadcrumb":{"@id":"https:\/\/www.batir-en-alu.fr\/pros\/menuiserie-aluminium\/la-cloison-modulaire\/#breadcrumb"},"inLanguage":"fr-FR","potentialAction":[{"@type":"ReadAction","target":["https:\/\/www.batir-en-alu.fr\/pros\/menuiserie-aluminium\/la-cloison-modulaire\/"]}]},{"@type":"ImageObject","inLanguage":"fr-FR","@id":"https:\/\/www.batir-en-alu.fr\/pros\/menuiserie-aluminium\/la-cloison-modulaire\/#primaryimage","url":"https:\/\/www.batir-en-alu.fr\/pros\/wp-content\/uploads\/sites\/3\/2025\/11\/P1019603-Algaflex-libre-droit.jpg","contentUrl":"https:\/\/www.batir-en-alu.fr\/pros\/wp-content\/uploads\/sites\/3\/2025\/11\/P1019603-Algaflex-libre-droit.jpg","width":1024,"height":768,"caption":"OLYMPUS DIGITAL CAMERA"},{"@type":"BreadcrumbList","@id":"https:\/\/www.batir-en-alu.fr\/pros\/menuiserie-aluminium\/la-cloison-modulaire\/#breadcrumb","itemListElement":[{"@type":"ListItem","position":1,"name":"\u00b7\u00b7\u00b7","item":"https:\/\/www.batir-en-alu.fr\/pros"},{"@type":"ListItem","position":2,"name":"B\u00e2tir En Alu","item":"https:\/\/www.batir-en-alu.fr\/"},{"@type":"ListItem","position":3,"name":"Professionnels","item":"https:\/\/www.batir-en-alu.fr\/pros\/"},{"@type":"ListItem","position":4,"name":"La menuiserie aluminium","item":"https:\/\/www.batir-en-alu.fr\/pros\/menuiserie-aluminium\/"},{"@type":"ListItem","position":5,"name":"La cloison modulaire"}]},{"@type":"WebSite","@id":"https:\/\/www.batir-en-alu.fr\/pros\/#website","url":"https:\/\/www.batir-en-alu.fr\/pros\/","name":"B\u00e2tir en alu Professionnels","description":"Professionnels de la Menuiserie aluminium","publisher":{"@id":"https:\/\/www.batir-en-alu.fr\/pros\/#organization"},"potentialAction":[{"@type":"SearchAction","target":{"@type":"EntryPoint","urlTemplate":"https:\/\/www.batir-en-alu.fr\/pros\/?s={search_term_string}"},"query-input":{"@type":"PropertyValueSpecification","valueRequired":true,"valueName":"search_term_string"}}],"inLanguage":"fr-FR"},{"@type":"Organization","@id":"https:\/\/www.batir-en-alu.fr\/pros\/#organization","name":"B\u00e2tir en alu Professionnels","url":"https:\/\/www.batir-en-alu.fr\/pros\/","logo":{"@type":"ImageObject","inLanguage":"fr-FR","@id":"https:\/\/www.batir-en-alu.fr\/pros\/#\/schema\/logo\/image\/","url":"https:\/\/www.batir-en-alu.fr\/pros\/wp-content\/uploads\/sites\/3\/2026\/03\/logo-batir-en-alu-pro.webp","contentUrl":"https:\/\/www.batir-en-alu.fr\/pros\/wp-content\/uploads\/sites\/3\/2026\/03\/logo-batir-en-alu-pro.webp","width":276,"height":310,"caption":"B\u00e2tir en alu Professionnels"},"image":{"@id":"https:\/\/www.batir-en-alu.fr\/pros\/#\/schema\/logo\/image\/"}}]}},"_links":{"self":[{"href":"https:\/\/www.batir-en-alu.fr\/pros\/wp-json\/wp\/v2\/pages\/1775","targetHints":{"allow":["GET"]}}],"collection":[{"href":"https:\/\/www.batir-en-alu.fr\/pros\/wp-json\/wp\/v2\/pages"}],"about":[{"href":"https:\/\/www.batir-en-alu.fr\/pros\/wp-json\/wp\/v2\/types\/page"}],"author":[{"embeddable":true,"href":"https:\/\/www.batir-en-alu.fr\/pros\/wp-json\/wp\/v2\/users\/21"}],"replies":[{"embeddable":true,"href":"https:\/\/www.batir-en-alu.fr\/pros\/wp-json\/wp\/v2\/comments?post=1775"}],"version-history":[{"count":24,"href":"https:\/\/www.batir-en-alu.fr\/pros\/wp-json\/wp\/v2\/pages\/1775\/revisions"}],"predecessor-version":[{"id":2409,"href":"https:\/\/www.batir-en-alu.fr\/pros\/wp-json\/wp\/v2\/pages\/1775\/revisions\/2409"}],"up":[{"embeddable":true,"href":"https:\/\/www.batir-en-alu.fr\/pros\/wp-json\/wp\/v2\/pages\/466"}],"wp:featuredmedia":[{"embeddable":true,"href":"https:\/\/www.batir-en-alu.fr\/pros\/wp-json\/wp\/v2\/media\/1772"}],"wp:attachment":[{"href":"https:\/\/www.batir-en-alu.fr\/pros\/wp-json\/wp\/v2\/media?parent=1775"}],"curies":[{"name":"wp","href":"https:\/\/api.w.org\/{rel}","templated":true}]}}