{"id":1754,"date":"2025-11-14T10:44:32","date_gmt":"2025-11-14T09:44:32","guid":{"rendered":"https:\/\/snfa.grouperougevif.fr\/pros\/?page_id=1754"},"modified":"2025-12-03T15:49:50","modified_gmt":"2025-12-03T14:49:50","slug":"demander-un-dossier-label-facadealu","status":"publish","type":"page","link":"https:\/\/www.batir-en-alu.fr\/pros\/demarches-qualite\/label-facadealu\/demander-un-dossier-label-facadealu\/","title":{"rendered":"Demander un dossier LABEL fa\u00e7adealu"},"content":{"rendered":"\n\n\n\t<div class=\"align wp-block-acf-layout-wrap\">\n\n\t\n\n\t\t<div class=\"layout-wrap\" >\n\t\t<div class=\"innerblock\">\n\n\n\n\t<div class=\"align wp-block-acf-paragraphs\">\n\n\t\n\n\t\t<div class=\"paragraphs container\">\n\n\t\t\t\t\t<div class=\"paragraphs__left\">\n\n\t\t\t\t\t\t\t\t\t<div class=\"paragraphs__image\">\n\t\t\t\t\t\t\t\t\t\t\t\t\t\t\t\t<img decoding=\"async\" class=\"img\" src=\"https:\/\/www.batir-en-alu.fr\/pros\/wp-content\/uploads\/sites\/3\/2025\/10\/logo-facadealu.png\" srcset=\"https:\/\/www.batir-en-alu.fr\/pros\/wp-content\/uploads\/sites\/3\/2025\/10\/logo-facadealu.png 592w, https:\/\/www.batir-en-alu.fr\/pros\/wp-content\/uploads\/sites\/3\/2025\/10\/logo-facadealu-300x131.png 300w\" sizes=\"(max-width: 592px) 100vw, 592px\" loading=\"lazy\" alt=\"logo LABEL Fa\u00e7adealu\"\/>\n\t\t\t\t\t\t\t\t\t\t\t\t<\/div>\n\t\t\t\t\n\t\t\t\t\t\t\t\t\t<div class=\"paragraphs__ctas\">\n\t\t\t\t\t\t\t\t\t\t\t\t\t\n\n<a href=\"https:\/\/www.batir-en-alu.fr\/pros\/demarches-qualite\/label-facadealu\/\" class=\"paragraphs__ctas__button button-primary--reversed\"  >\n\t\t\t<span class=\"button__text\">\n\t\t\t\t\t\tPr\u00e9sentation du LABEL\n\t\t<\/span>\n\t\t\t\t<span class=\"button__arrow\">\n\t\t\t<svg xmlns=\"http:\/\/www.w3.org\/2000\/svg\" viewBox=\"0 0 25.426 11.208\"><g data-name=\"Groupe 11\" fill=\"none\" stroke=\"#248cd9\" stroke-width=\"2\"><path data-name=\"Trac\u00e9 16\" d=\"m19.272 10.501 4.739-4.739L18.956.707\"\/><path data-name=\"Ligne 9\" d=\"M0 5.762h24.011\"\/><\/g><\/svg>\n\t\t<\/span>\n\t<\/a>\n\n\t\t\t\t\t\t\t\t\t\t\t\t\t\t\n\n<a href=\"https:\/\/www.batir-en-alu.fr\/pros\/wp-content\/uploads\/sites\/3\/2025\/12\/Referentiel-facadealu.pdf\" class=\"paragraphs__ctas__button button-primary--reversed\" target='_blank'  >\n\t\t\t<span class=\"button__text\">\n\t\t\t\t\t\tR\u00e9f\u00e9rentiel fa\u00e7adealu\n\t\t<\/span>\n\t\t\t\t<span class=\"button__arrow\">\n\t\t\t<svg xmlns=\"http:\/\/www.w3.org\/2000\/svg\" viewBox=\"0 0 25.426 11.208\"><g data-name=\"Groupe 11\" fill=\"none\" stroke=\"#248cd9\" stroke-width=\"2\"><path data-name=\"Trac\u00e9 16\" d=\"m19.272 10.501 4.739-4.739L18.956.707\"\/><path data-name=\"Ligne 9\" d=\"M0 5.762h24.011\"\/><\/g><\/svg>\n\t\t<\/span>\n\t<\/a>\n\n\t\t\t\t\t\t\t\t\t\t\t\t\t\t\n\n<a href=\"https:\/\/www.batir-en-alu.fr\/pros\/nos-labels\/fenetrealu\/les-entreprises-labellisees\/\" class=\"paragraphs__ctas__button button-primary--reversed\" target='_blank'  >\n\t\t\t<span class=\"button__text\">\n\t\t\t\t\t\tListe des titulaires <br>LABEL fa\u00e7adealu\n\t\t<\/span>\n\t\t\t\t<span class=\"button__arrow\">\n\t\t\t<svg xmlns=\"http:\/\/www.w3.org\/2000\/svg\" viewBox=\"0 0 25.426 11.208\"><g data-name=\"Groupe 11\" fill=\"none\" stroke=\"#248cd9\" stroke-width=\"2\"><path data-name=\"Trac\u00e9 16\" d=\"m19.272 10.501 4.739-4.739L18.956.707\"\/><path data-name=\"Ligne 9\" d=\"M0 5.762h24.011\"\/><\/g><\/svg>\n\t\t<\/span>\n\t<\/a>\n\n\t\t\t\t\t\t\t\t\t\t\t\t\t\n\n<a href=\"https:\/\/www.batir-en-alu.fr\/pros\/demarches-qualite\/label-facadealu\/demander-un-dossier-label-facadealu\/\" class=\"paragraphs__ctas__button button-primary--reversed\"  >\n\t\t\t<span class=\"button__text\">\n\t\t\t\t\t\tDemander un dossier <br>LABEL fa\u00e7adealu\n\t\t<\/span>\n\t\t\t\t<span class=\"button__arrow\">\n\t\t\t<svg xmlns=\"http:\/\/www.w3.org\/2000\/svg\" viewBox=\"0 0 25.426 11.208\"><g data-name=\"Groupe 11\" fill=\"none\" stroke=\"#248cd9\" stroke-width=\"2\"><path data-name=\"Trac\u00e9 16\" d=\"m19.272 10.501 4.739-4.739L18.956.707\"\/><path data-name=\"Ligne 9\" d=\"M0 5.762h24.011\"\/><\/g><\/svg>\n\t\t<\/span>\n\t<\/a>\n\n\t\t\t\t\t\t\t\t\t\t\t<\/div>\n\t\t\t\t\t\t\t<\/div>\n\t\t\t\t\t\t\t<div class=\"paragraphs__content\">\n\t\t\t\t\t\t\t\t\t\t\t\t\t\t\t\t\t\t\t\t<div class=\"paragraphs__content__text\">\n<div class=\"wpcf7 no-js\" id=\"wpcf7-f1762-o1\" lang=\"fr-FR\" dir=\"ltr\" data-wpcf7-id=\"1762\">\n<div class=\"screen-reader-response\"><p role=\"status\" aria-live=\"polite\" aria-atomic=\"true\"><\/p> <ul><\/ul><\/div>\n<form action=\"\/pros\/wp-json\/wp\/v2\/pages\/1754#wpcf7-f1762-o1\" method=\"post\" class=\"wpcf7-form init\" aria-label=\"Formulaire de contact\" novalidate=\"novalidate\" data-status=\"init\">\n<fieldset class=\"hidden-fields-container\"><input type=\"hidden\" name=\"_wpcf7\" value=\"1762\" \/><input type=\"hidden\" name=\"_wpcf7_version\" value=\"6.1.4\" \/><input type=\"hidden\" name=\"_wpcf7_locale\" value=\"fr_FR\" \/><input type=\"hidden\" name=\"_wpcf7_unit_tag\" value=\"wpcf7-f1762-o1\" \/><input type=\"hidden\" name=\"_wpcf7_container_post\" value=\"0\" \/><input type=\"hidden\" name=\"_wpcf7_posted_data_hash\" value=\"\" \/><input type=\"hidden\" name=\"_wpcf7_recaptcha_response\" value=\"\" \/>\n<\/fieldset>\n<p><label> Votre nom *<br \/>\n<span class=\"wpcf7-form-control-wrap\" data-name=\"your-name\"><input size=\"40\" maxlength=\"400\" class=\"wpcf7-form-control wpcf7-text wpcf7-validates-as-required\" autocomplete=\"name\" aria-required=\"true\" aria-invalid=\"false\" value=\"\" type=\"text\" name=\"your-name\" \/><\/span> <\/label>\n<\/p>\n<p><label> Votre e-mail *<br \/>\n<span class=\"wpcf7-form-control-wrap\" data-name=\"your-email\"><input size=\"40\" maxlength=\"400\" class=\"wpcf7-form-control wpcf7-email wpcf7-validates-as-required wpcf7-text wpcf7-validates-as-email\" autocomplete=\"email\" aria-required=\"true\" aria-invalid=\"false\" value=\"\" type=\"email\" name=\"your-email\" \/><\/span> <\/label>\n<\/p>\n<p><label> Entreprise\/Organisation *<br \/>\n<span class=\"wpcf7-form-control-wrap\" data-name=\"your-entreprise\"><input size=\"40\" maxlength=\"400\" class=\"wpcf7-form-control wpcf7-text wpcf7-validates-as-required\" aria-required=\"true\" aria-invalid=\"false\" value=\"\" type=\"text\" name=\"your-entreprise\" \/><\/span> <\/label>\n<\/p>\n<p><label> Votre message (facultatif)<br \/>\n<span class=\"wpcf7-form-control-wrap\" data-name=\"your-message\"><textarea cols=\"40\" rows=\"10\" maxlength=\"2000\" class=\"wpcf7-form-control wpcf7-textarea\" aria-invalid=\"false\" name=\"your-message\"><\/textarea><\/span> <\/label>\n<\/p>\n<p><input class=\"wpcf7-form-control wpcf7-submit has-spinner\" type=\"submit\" value=\"Envoyer\" \/>\n<\/p><div class=\"wpcf7-response-output\" aria-hidden=\"true\"><\/div>\n<\/form>\n<\/div>\n\n<\/div>\n\t\t\t\t\t\t\t\t\t\t\t\t\t\t\t\t\t\t\t\t\t\t<\/div>\n\t\t\t<\/div>\n\n\t<\/div>\n\n\n\n\n<style>\n\t#block_3704804ce883f2cc50d8b6c76ee9ea94{height:16px;}@media(min-width:576px){#block_3704804ce883f2cc50d8b6c76ee9ea94{height:24px;}\n<\/style>\n\n\t<div class=\"align wp-block-acf-spacer\" id=\"block_3704804ce883f2cc50d8b6c76ee9ea94\">\n\n\t\n\n\t\t\n\t<\/div>\n\n<\/div>\n\t<\/div>\n\n\t<\/div>\n","protected":false},"excerpt":{"rendered":"","protected":false},"author":21,"featured_media":0,"parent":440,"menu_order":0,"comment_status":"closed","ping_status":"closed","template":"","meta":{"_acf_changed":false,"footnotes":""},"class_list":["post-1754","page","type-page","status-publish","hentry"],"acf":[],"yoast_head":"<!-- This site is optimized with the Yoast SEO plugin v26.9 - https:\/\/yoast.com\/product\/yoast-seo-wordpress\/ -->\n<title>Demander un dossier LABEL fa\u00e7adealu - B\u00e2tir en Alu.fr - Professionnels<\/title>\n<meta name=\"robots\" content=\"index, follow, max-snippet:-1, max-image-preview:large, max-video-preview:-1\" \/>\n<link rel=\"canonical\" href=\"https:\/\/www.batir-en-alu.fr\/pros\/demarches-qualite\/label-facadealu\/demander-un-dossier-label-facadealu\/\" \/>\n<meta property=\"og:locale\" content=\"fr_FR\" \/>\n<meta property=\"og:type\" content=\"article\" \/>\n<meta property=\"og:title\" content=\"Demander un dossier LABEL fa\u00e7adealu - B\u00e2tir en Alu.fr - Professionnels\" \/>\n<meta property=\"og:url\" content=\"https:\/\/www.batir-en-alu.fr\/pros\/demarches-qualite\/label-facadealu\/demander-un-dossier-label-facadealu\/\" \/>\n<meta property=\"og:site_name\" content=\"B\u00e2tir en Alu.fr - Professionnels\" \/>\n<meta property=\"article:modified_time\" content=\"2025-12-03T14:49:50+00:00\" \/>\n<meta name=\"twitter:card\" content=\"summary_large_image\" \/>\n<script type=\"application\/ld+json\" class=\"yoast-schema-graph\">{\"@context\":\"https:\/\/schema.org\",\"@graph\":[{\"@type\":\"WebPage\",\"@id\":\"https:\/\/www.batir-en-alu.fr\/pros\/demarches-qualite\/label-facadealu\/demander-un-dossier-label-facadealu\/\",\"url\":\"https:\/\/www.batir-en-alu.fr\/pros\/demarches-qualite\/label-facadealu\/demander-un-dossier-label-facadealu\/\",\"name\":\"Demander un dossier LABEL fa\u00e7adealu - B\u00e2tir en Alu.fr - Professionnels\",\"isPartOf\":{\"@id\":\"https:\/\/www.batir-en-alu.fr\/pros\/#website\"},\"datePublished\":\"2025-11-14T09:44:32+00:00\",\"dateModified\":\"2025-12-03T14:49:50+00:00\",\"breadcrumb\":{\"@id\":\"https:\/\/www.batir-en-alu.fr\/pros\/demarches-qualite\/label-facadealu\/demander-un-dossier-label-facadealu\/#breadcrumb\"},\"inLanguage\":\"fr-FR\",\"potentialAction\":[{\"@type\":\"ReadAction\",\"target\":[\"https:\/\/www.batir-en-alu.fr\/pros\/demarches-qualite\/label-facadealu\/demander-un-dossier-label-facadealu\/\"]}]},{\"@type\":\"BreadcrumbList\",\"@id\":\"https:\/\/www.batir-en-alu.fr\/pros\/demarches-qualite\/label-facadealu\/demander-un-dossier-label-facadealu\/#breadcrumb\",\"itemListElement\":[{\"@type\":\"ListItem\",\"position\":1,\"name\":\"\u00b7\u00b7\u00b7\",\"item\":\"https:\/\/www.batir-en-alu.fr\/pros\"},{\"@type\":\"ListItem\",\"position\":2,\"name\":\"B\u00e2tir En Alu\",\"item\":\"https:\/\/www.batir-en-alu.fr\/\"},{\"@type\":\"ListItem\",\"position\":3,\"name\":\"Professionnels\",\"item\":\"https:\/\/www.batir-en-alu.fr\/pros\/\"},{\"@type\":\"ListItem\",\"position\":4,\"name\":\"Les 5 d\u00e9marches qualit\u00e9\",\"item\":\"https:\/\/www.batir-en-alu.fr\/pros\/demarches-qualite\/\"},{\"@type\":\"ListItem\",\"position\":5,\"name\":\"Le LABEL fa\u00e7adealu\",\"item\":\"https:\/\/www.batir-en-alu.fr\/pros\/demarches-qualite\/label-facadealu\/\"},{\"@type\":\"ListItem\",\"position\":6,\"name\":\"Demander un dossier LABEL fa\u00e7adealu\"}]},{\"@type\":\"WebSite\",\"@id\":\"https:\/\/www.batir-en-alu.fr\/pros\/#website\",\"url\":\"https:\/\/www.batir-en-alu.fr\/pros\/\",\"name\":\"B\u00e2tir en alu Professionnels\",\"description\":\"Professionnels de la Menuiserie aluminium\",\"publisher\":{\"@id\":\"https:\/\/www.batir-en-alu.fr\/pros\/#organization\"},\"potentialAction\":[{\"@type\":\"SearchAction\",\"target\":{\"@type\":\"EntryPoint\",\"urlTemplate\":\"https:\/\/www.batir-en-alu.fr\/pros\/?s={search_term_string}\"},\"query-input\":{\"@type\":\"PropertyValueSpecification\",\"valueRequired\":true,\"valueName\":\"search_term_string\"}}],\"inLanguage\":\"fr-FR\"},{\"@type\":\"Organization\",\"@id\":\"https:\/\/www.batir-en-alu.fr\/pros\/#organization\",\"name\":\"B\u00e2tir en alu Professionnels\",\"url\":\"https:\/\/www.batir-en-alu.fr\/pros\/\",\"logo\":{\"@type\":\"ImageObject\",\"inLanguage\":\"fr-FR\",\"@id\":\"https:\/\/www.batir-en-alu.fr\/pros\/#\/schema\/logo\/image\/\",\"url\":\"https:\/\/www.batir-en-alu.fr\/pros\/wp-content\/uploads\/sites\/3\/2026\/03\/logo-batir-en-alu-pro.webp\",\"contentUrl\":\"https:\/\/www.batir-en-alu.fr\/pros\/wp-content\/uploads\/sites\/3\/2026\/03\/logo-batir-en-alu-pro.webp\",\"width\":276,\"height\":310,\"caption\":\"B\u00e2tir en alu Professionnels\"},\"image\":{\"@id\":\"https:\/\/www.batir-en-alu.fr\/pros\/#\/schema\/logo\/image\/\"}}]}<\/script>\n<!-- \/ Yoast SEO plugin. -->","yoast_head_json":{"title":"Demander un dossier LABEL fa\u00e7adealu - B\u00e2tir en Alu.fr - Professionnels","robots":{"index":"index","follow":"follow","max-snippet":"max-snippet:-1","max-image-preview":"max-image-preview:large","max-video-preview":"max-video-preview:-1"},"canonical":"https:\/\/www.batir-en-alu.fr\/pros\/demarches-qualite\/label-facadealu\/demander-un-dossier-label-facadealu\/","og_locale":"fr_FR","og_type":"article","og_title":"Demander un dossier LABEL fa\u00e7adealu - B\u00e2tir en Alu.fr - Professionnels","og_url":"https:\/\/www.batir-en-alu.fr\/pros\/demarches-qualite\/label-facadealu\/demander-un-dossier-label-facadealu\/","og_site_name":"B\u00e2tir en Alu.fr - Professionnels","article_modified_time":"2025-12-03T14:49:50+00:00","twitter_card":"summary_large_image","schema":{"@context":"https:\/\/schema.org","@graph":[{"@type":"WebPage","@id":"https:\/\/www.batir-en-alu.fr\/pros\/demarches-qualite\/label-facadealu\/demander-un-dossier-label-facadealu\/","url":"https:\/\/www.batir-en-alu.fr\/pros\/demarches-qualite\/label-facadealu\/demander-un-dossier-label-facadealu\/","name":"Demander un dossier LABEL fa\u00e7adealu - B\u00e2tir en Alu.fr - Professionnels","isPartOf":{"@id":"https:\/\/www.batir-en-alu.fr\/pros\/#website"},"datePublished":"2025-11-14T09:44:32+00:00","dateModified":"2025-12-03T14:49:50+00:00","breadcrumb":{"@id":"https:\/\/www.batir-en-alu.fr\/pros\/demarches-qualite\/label-facadealu\/demander-un-dossier-label-facadealu\/#breadcrumb"},"inLanguage":"fr-FR","potentialAction":[{"@type":"ReadAction","target":["https:\/\/www.batir-en-alu.fr\/pros\/demarches-qualite\/label-facadealu\/demander-un-dossier-label-facadealu\/"]}]},{"@type":"BreadcrumbList","@id":"https:\/\/www.batir-en-alu.fr\/pros\/demarches-qualite\/label-facadealu\/demander-un-dossier-label-facadealu\/#breadcrumb","itemListElement":[{"@type":"ListItem","position":1,"name":"\u00b7\u00b7\u00b7","item":"https:\/\/www.batir-en-alu.fr\/pros"},{"@type":"ListItem","position":2,"name":"B\u00e2tir En Alu","item":"https:\/\/www.batir-en-alu.fr\/"},{"@type":"ListItem","position":3,"name":"Professionnels","item":"https:\/\/www.batir-en-alu.fr\/pros\/"},{"@type":"ListItem","position":4,"name":"Les 5 d\u00e9marches qualit\u00e9","item":"https:\/\/www.batir-en-alu.fr\/pros\/demarches-qualite\/"},{"@type":"ListItem","position":5,"name":"Le LABEL fa\u00e7adealu","item":"https:\/\/www.batir-en-alu.fr\/pros\/demarches-qualite\/label-facadealu\/"},{"@type":"ListItem","position":6,"name":"Demander un dossier LABEL fa\u00e7adealu"}]},{"@type":"WebSite","@id":"https:\/\/www.batir-en-alu.fr\/pros\/#website","url":"https:\/\/www.batir-en-alu.fr\/pros\/","name":"B\u00e2tir en alu Professionnels","description":"Professionnels de la Menuiserie aluminium","publisher":{"@id":"https:\/\/www.batir-en-alu.fr\/pros\/#organization"},"potentialAction":[{"@type":"SearchAction","target":{"@type":"EntryPoint","urlTemplate":"https:\/\/www.batir-en-alu.fr\/pros\/?s={search_term_string}"},"query-input":{"@type":"PropertyValueSpecification","valueRequired":true,"valueName":"search_term_string"}}],"inLanguage":"fr-FR"},{"@type":"Organization","@id":"https:\/\/www.batir-en-alu.fr\/pros\/#organization","name":"B\u00e2tir en alu Professionnels","url":"https:\/\/www.batir-en-alu.fr\/pros\/","logo":{"@type":"ImageObject","inLanguage":"fr-FR","@id":"https:\/\/www.batir-en-alu.fr\/pros\/#\/schema\/logo\/image\/","url":"https:\/\/www.batir-en-alu.fr\/pros\/wp-content\/uploads\/sites\/3\/2026\/03\/logo-batir-en-alu-pro.webp","contentUrl":"https:\/\/www.batir-en-alu.fr\/pros\/wp-content\/uploads\/sites\/3\/2026\/03\/logo-batir-en-alu-pro.webp","width":276,"height":310,"caption":"B\u00e2tir en alu Professionnels"},"image":{"@id":"https:\/\/www.batir-en-alu.fr\/pros\/#\/schema\/logo\/image\/"}}]}},"_links":{"self":[{"href":"https:\/\/www.batir-en-alu.fr\/pros\/wp-json\/wp\/v2\/pages\/1754","targetHints":{"allow":["GET"]}}],"collection":[{"href":"https:\/\/www.batir-en-alu.fr\/pros\/wp-json\/wp\/v2\/pages"}],"about":[{"href":"https:\/\/www.batir-en-alu.fr\/pros\/wp-json\/wp\/v2\/types\/page"}],"author":[{"embeddable":true,"href":"https:\/\/www.batir-en-alu.fr\/pros\/wp-json\/wp\/v2\/users\/21"}],"replies":[{"embeddable":true,"href":"https:\/\/www.batir-en-alu.fr\/pros\/wp-json\/wp\/v2\/comments?post=1754"}],"version-history":[{"count":5,"href":"https:\/\/www.batir-en-alu.fr\/pros\/wp-json\/wp\/v2\/pages\/1754\/revisions"}],"predecessor-version":[{"id":2000,"href":"https:\/\/www.batir-en-alu.fr\/pros\/wp-json\/wp\/v2\/pages\/1754\/revisions\/2000"}],"up":[{"embeddable":true,"href":"https:\/\/www.batir-en-alu.fr\/pros\/wp-json\/wp\/v2\/pages\/440"}],"wp:attachment":[{"href":"https:\/\/www.batir-en-alu.fr\/pros\/wp-json\/wp\/v2\/media?parent=1754"}],"curies":[{"name":"wp","href":"https:\/\/api.w.org\/{rel}","templated":true}]}}