{"id":1613,"date":"2025-11-13T16:44:30","date_gmt":"2025-11-13T15:44:30","guid":{"rendered":"https:\/\/snfa.grouperougevif.fr\/pros\/?page_id=1613"},"modified":"2026-02-25T10:43:26","modified_gmt":"2026-02-25T09:43:26","slug":"les-techniques-daccrochage-du-verre","status":"publish","type":"page","link":"https:\/\/www.batir-en-alu.fr\/pros\/menuiserie-aluminium\/facades-en-aluminium\/les-techniques-daccrochage-du-verre\/","title":{"rendered":"Les techniques d&#8217;accrochage du verre"},"content":{"rendered":"\n\n\n\t<div class=\"align wp-block-acf-layout-wrap\">\n\n\t\n\n\t\t<div class=\"layout-wrap\" >\n\t\t<div class=\"innerblock\">\n\n\n\n\t<div class=\"align wp-block-acf-paragraphs\">\n\n\t\n\n\t\t<div class=\"paragraphs container\">\n\n\t\t\t\t\t\t\t<div class=\"paragraphs__content\">\n\t\t\t\t\t\t\t\t\t\t\t\t\t\t\t\t\t\t\t\t<div class=\"paragraphs__content__text\"><p>La &#8220;fa\u00e7ade vitr\u00e9e&#8221; une fa\u00e7ade rideau g\u00e9n\u00e9reusement constitu\u00e9e de vitrages. Les remplissages vitr\u00e9s sont mis en \u0153uvre soit directement dans la grille, soit dans les fen\u00eatres plac\u00e9es dans cette grille (fen\u00eatre \u00e0 la fran\u00e7aise, oscillo-battante, \u00e0 ouvrant cach\u00e9, etc.). L&#8217;int\u00e9gration se r\u00e9alise selon trois m\u00e9thodes : par verre ext\u00e9rieur coll\u00e9 (VEC), parclos\u00e9 (VEP) ou attach\u00e9 (VEA).<\/p>\n<\/div>\n\t\t\t\t\t\t\t\t\t\t\t\t\t\t\t\t\t\t\t\t\t\t<\/div>\n\t\t\t<\/div>\n\n\t<\/div>\n\n\n\n\n\n\t<div class=\"align wp-block-acf-responsive-image\">\n\n\t\n\n\t<div class=\"responsive-image\">\n\t\t\t\t<img decoding=\"async\" class=\"img img-mobile\" src=\"https:\/\/www.batir-en-alu.fr\/pros\/wp-content\/uploads\/sites\/3\/2025\/12\/Tours-Duo-1-e1771497755615.jpg\" srcset=\"\" sizes=\"(max-width: 400px) 100vw, 400px\" loading=\"lazy\" alt=\"Tours Duo - fa\u00e7ade rideau aluminium\"\/>\n\t\t\t\t\t<img decoding=\"async\" class=\"img img-desktop\" src=\"https:\/\/www.batir-en-alu.fr\/pros\/wp-content\/uploads\/sites\/3\/2025\/12\/Tours-Duo-1-e1771497755615.jpg\" srcset=\"\" sizes=\"(max-width: 400px) 100vw, 400px\" loading=\"lazy\" alt=\"Tours Duo - fa\u00e7ade rideau aluminium\"\/>\n\t<\/div>\n\n\t<\/div>\n\n\n\n\n<style>\n\t#block_cff01b98eea0c6a79a2387dd46caf42b{height:40px;}\n<\/style>\n\n\t<div class=\"align wp-block-acf-spacer\" id=\"block_cff01b98eea0c6a79a2387dd46caf42b\">\n\n\t\n\n\t\t\n\t<\/div>\n\n\n\n\n\n\t<div class=\"align wp-block-acf-accordion\">\n\n\t\n\n\t\t\t\t<div class=\"accordion\">\n\t\t\t\t\t\t\t\t\t\t<details class=\"accordion-item\" data-js-accordion>\n\t\t\t\t\t<summary class=\"accordion-item__header\">\n\t\t\t\t\t\t<div class=\"container\">\n\t\t\t\t\t\t\t<h2 class=\"accordion-item__title h4\">La fa\u00e7ade VEP<\/h2>\n\t\t\t\t\t\t\t<div class=\"accordion-item__icon\"><\/div>\n\t\t\t\t\t\t<\/div>\n\t\t\t\t\t<\/summary>\n\t\t\t\t\t<div class=\"accordion-item__content container\">\n\t\t\t\t\t\t\t\t\t\t\t\t\t\t\t\t\t\t\t\t\t\t\t\t\t\t\t\t\t\t\t\t\t\t\t\t\t\t\t\t\t\t\t\t\t\t\t\t\n\t\t\t\t\t\t\t<div class=\"accordion-item__content__row paragraph\">\n\t\t\t\t\t\t\t\t\t\t\t\t\t\t\t\t\t\t\t\t\t\t\t\t\t\t\t\t\t\t\t\t\t\t<div class=\"content-text\">\n\t\t\t\t\t\t\t\t\t\t<p>Une fa\u00e7ade VEP est une fa\u00e7ade l\u00e9g\u00e8re en structure aluminium dont les vitrages, pos\u00e9s de l&#8217;ext\u00e9rieur, sont maintenus par des parcloses. Cette m\u00e9thode d&#8217;assemblage permet, comme la fa\u00e7ade VEC, d&#8217;int\u00e9grer des ouvertures \u00e0 la fran\u00e7aise et oscillo-battantes \u00e0 ouvrants cach\u00e9s, ou des fen\u00eatres \u00e0 l&#8217;italienne.<\/p>\n\n\t\t\t\t\t\t\t\t\t\t\n\t\t\t\t\t\t\t\t\t<\/div>\n\t\t\t\t\t\t\t\t\t\t\t\t\t\t\t\t\t\t\t\t\t\t\t<\/div>\n\n\t\t\t\t\t\t\t\t\t\t\t\t\t\t\t\t\t\t\t\t\t\t\t\t\t\t\t\n\t\t\t\t\t\t\t<div class=\"accordion-item__content__row subtitle\">\n\t\t\t\t\t\t\t\t\t\t\t\t\t\t\t\t\t\t\t\t\t\t\t\t\t<h3 class=\"content-subtitle h5\">Une fa\u00e7ade alu \u00e0 l&#8217;aspect &#8220;damiers&#8221;<\/h3>\n\n\t\t\t\t\t\t\t\t\t\t\t\t\t\t\t\t\t\t\t\t\t\t\t<\/div>\n\n\t\t\t\t\t\t\t\t\t\t\t\t\t\t\t\t\t\t\t\t\t\t\t\t\t\t\t\t\t\t\t\t\t\t\t\t\t\t\t\t\t\t\n\t\t\t\t\t\t\t<div class=\"accordion-item__content__row paragraph\">\n\t\t\t\t\t\t\t\t\t\t\t\t\t\t\t\t\t\t\t\t\t\t\t\t\t\t\t\t\t\t\t\t\t\t<div class=\"content-text\">\n\t\t\t\t\t\t\t\t\t\t<p>Une fa\u00e7ade VEP (vitrage ext\u00e9rieur coll\u00e9) est une fa\u00e7ade l\u00e9g\u00e8re en structure aluminium dont les vitrages, pos\u00e9s de l&#8217;ext\u00e9rieur, sont maintenus par des parcloses. Cette m\u00e9thode d&#8217;assemblage permet, comme pour une fa\u00e7ade VEC, d&#8217;alterner des panneaux fixes avec des ouvrants \u2013 \u00e0 la fran\u00e7aise, oscillo-battants, \u00e0 l&#8217;anglaise, \u00e0 l&#8217;italienne\u00a0\u2013\u00a0tout en pr\u00e9servant un aspect\u00a0int\u00e9rieur\/ext\u00e9rieur uniforme.<\/p>\n\n\t\t\t\t\t\t\t\t\t\t\n\t\t\t\t\t\t\t\t\t<\/div>\n\t\t\t\t\t\t\t\t\t\t\t\t\t\t\t\t\t\t\t\t\t\t\t<\/div>\n\n\t\t\t\t\t\t\t\t\t\t\t\t\t\t\t\t\t\t\t\t\t\t\t\t\t\t\t\t\t\t\t\t\t\t\t\t\t\t\t\t\t\t\n\t\t\t\t\t\t\t<div class=\"accordion-item__content__row paragraph\">\n\t\t\t\t\t\t\t\t\t\t\t\t\t\t\t\t\t\t\t\t\t\t\t\t\t\t\t\t\t\t\t\t\t\t<div class=\"content-text\">\n\t\t\t\t\t\t\t\t\t\t<p>Un mur rideau aspect VEP se reconna\u00eet \u00e0 son effet de damier ou de cadres. Ses panneaux vitr\u00e9s sont maintenus par des parcloses sur des profil\u00e9s aluminium ouvrants ou fixes, et s\u00e9par\u00e9s par des joints creux. Chaque cadre est ind\u00e9pendant et dispose de sa propre barri\u00e8re d&#8217;\u00e9tanch\u00e9it\u00e9 \u00e0 l&#8217;eau, \u00e0 l&#8217;air et au vent. Les \u00e9l\u00e9ments de remplissage ne sont donc pas plaqu\u00e9s contre la structure porteuse mais mont\u00e9s de l&#8217;ext\u00e9rieur. Le r\u00e9f\u00e9rentiel technique encadrant la conception des fa\u00e7ades en aluminium (DTU 33.1) impose de pr\u00e9voir un syst\u00e8me anti-d\u00e9pose afin d&#8217;\u00e9viter le d\u00e9montage intempestif de ces remplissages.<\/p>\n<p>En mati\u00e8re de performance \u00e9nerg\u00e9tique, une double peau ventil\u00e9e et occult\u00e9e est le compl\u00e9ment parfait d&#8217;une fa\u00e7ade VEP. Elle am\u00e9liore grandement le bilan thermique d&#8217;un b\u00e2timent en r\u00e9duisant sa consommation de chauffage en hiver et son besoin de climatiser en \u00e9t\u00e9 (fonction de volume tampon). Ce b\u00e9n\u00e9fice passe par l&#8217;utilisation de syst\u00e8mes de ventilation int\u00e9gr\u00e9s voire de stores v\u00e9nitiens plac\u00e9s entre la paroi int\u00e9rieure et la paroi ext\u00e9rieure de la fa\u00e7ade vitr\u00e9e.<\/p>\n\n\t\t\t\t\t\t\t\t\t\t\n\t\t\t\t\t\t\t\t\t<\/div>\n\t\t\t\t\t\t\t\t\t\t\t\t\t\t\t\t\t\t\t\t\t\t\t<\/div>\n\n\t\t\t\t\t\t\t\t\t\t\t<\/div>\n\t\t\t\t<\/details>\n\t\t\t\t\t<\/div>\n\t\t\t<div class=\"accordion\">\n\t\t\t\t\t\t\t\t\t\t<details class=\"accordion-item\" data-js-accordion>\n\t\t\t\t\t<summary class=\"accordion-item__header\">\n\t\t\t\t\t\t<div class=\"container\">\n\t\t\t\t\t\t\t<h2 class=\"accordion-item__title h4\">La fa\u00e7ade VEC<\/h2>\n\t\t\t\t\t\t\t<div class=\"accordion-item__icon\"><\/div>\n\t\t\t\t\t\t<\/div>\n\t\t\t\t\t<\/summary>\n\t\t\t\t\t<div class=\"accordion-item__content container\">\n\t\t\t\t\t\t\t\t\t\t\t\t\t\t\t\t\t\t\t\t\t\t\t\t\t\t\t\t\t\t\t\t\t\t\t\t\t\t\t\t\t\t\t\t\t\t\t\t\n\t\t\t\t\t\t\t<div class=\"accordion-item__content__row paragraph\">\n\t\t\t\t\t\t\t\t\t\t\t\t\t\t\t\t\t\t\t\t\t\t\t\t\t\t\t\t\t\t\t\t\t\t<div class=\"content-text\">\n\t\t\t\t\t\t\t\t\t\t<p><strong>Exclusivement en verre, une fa\u00e7ade VEC est un type de fa\u00e7ade rideau formant l&#8217;enveloppe ext\u00e9rieure d&#8217;un b\u00e2timent dont les \u00e9l\u00e9ments de fixation sont rendus invisibles. Elle met en \u0153uvre des vitrages fix\u00e9s par collage dans un cadre ou sur un profil\u00e9 m\u00e9tallique, le plus souvent fabriqu\u00e9 en aluminium.<\/strong><\/p>\n<p>Tr\u00e8s proche de la fa\u00e7ade VEP \u2013 dont l&#8217;enveloppe ext\u00e9rieure est constitu\u00e9e de panneaux en verre maintenus par des parcloses \u2013 le mur rideau VEC utilise des vitrages coll\u00e9s sur des cadres aluminium ouvrants ou fixes. Sa devanture est lisse, les volumes verriers \u00e9tant bord\u00e9s par des joints creux. Les mastics (silicone) permettent la fixation des vitrages sur l&#8217;ossature et absorbent parall\u00e8lement les vibrations et les contraintes ext\u00e9rieures (neige, vent, forte temp\u00e9rature impactant les mat\u00e9riaux).<\/p>\n\n\t\t\t\t\t\t\t\t\t\t\n\t\t\t\t\t\t\t\t\t<\/div>\n\t\t\t\t\t\t\t\t\t\t\t\t\t\t\t\t\t\t\t\t\t\t\t<\/div>\n\n\t\t\t\t\t\t\t\t\t\t\t\t\t\t\t\t\t\t\t\t\t\t\t\t\t\t\t\t\t\t\t\t\t\t\t\t\t\t\t\t\t\t\n\t\t\t\t\t\t\t<div class=\"accordion-item__content__row paragraph\">\n\t\t\t\t\t\t\t\t\t\t\t\t\t\t\t\t\t\t\t\t\t\t\t\t\t\t\t\t\t\t\t\t\t\t<div class=\"content-text\">\n\t\t\t\t\t\t\t\t\t\t<p>La fa\u00e7ade VEC peut int\u00e9grer de nombreux vitrages, tels que des verres feuillet\u00e9s de s\u00e9curit\u00e9 ou des verres tremp\u00e9s, mont\u00e9s sur des doubles ou triples vitrages isolants. En compl\u00e9ment, une &#8220;double peau&#8221; est int\u00e9ressante pour accroitre les performances \u00e9nerg\u00e9tiques du b\u00e2timent. Cette fa\u00e7ade dite &#8220;ventilante&#8221; int\u00e8gre une occulation invisible, lui permettant d&#8217;appr\u00e9hender intelligemment les apports de chaleur et de lumi\u00e8re. Les cadres en aluminium associent \u00e0 la fois un double vitrage et un espace d&#8217;air de 3 \u00e0 4 cm, dans lequel sont int\u00e9gr\u00e9s un store v\u00e9nitien et un simple vitrage. Un peu plus cher, ce type de montage rel\u00e8ve d&#8217;une grande technicit\u00e9 mais permet de satisfaire aux nouvelles exigences thermiques concernant les B\u00e2timents Basse Consommation (BBC).<\/p>\n\n\t\t\t\t\t\t\t\t\t\t\n\t\t\t\t\t\t\t\t\t<\/div>\n\t\t\t\t\t\t\t\t\t\t\t\t\t\t\t\t\t\t\t\t\t\t\t<\/div>\n\n\t\t\t\t\t\t\t\t\t\t\t<\/div>\n\t\t\t\t<\/details>\n\t\t\t\t\t<\/div>\n\t\t\t<div class=\"accordion\">\n\t\t\t\t\t\t\t\t\t\t<details class=\"accordion-item\" data-js-accordion>\n\t\t\t\t\t<summary class=\"accordion-item__header\">\n\t\t\t\t\t\t<div class=\"container\">\n\t\t\t\t\t\t\t<h2 class=\"accordion-item__title h4\">La fa\u00e7ade VEA<\/h2>\n\t\t\t\t\t\t\t<div class=\"accordion-item__icon\"><\/div>\n\t\t\t\t\t\t<\/div>\n\t\t\t\t\t<\/summary>\n\t\t\t\t\t<div class=\"accordion-item__content container\">\n\t\t\t\t\t\t\t\t\t\t\t\t\t\t\t\t\t\t\t\t\t\t\t\t\t\t\t\t\t\t\t\t\t\t\t\t\t\t\t\t\t\t\t\t\t\t\t\t\n\t\t\t\t\t\t\t<div class=\"accordion-item__content__row paragraph\">\n\t\t\t\t\t\t\t\t\t\t\t\t\t\t\t\t\t\t\t\t\t\t\t\t\t\t\t\t\t\t\t\t\t\t<div class=\"content-text\">\n\t\t\t\t\t\t\t\t\t\t<p><strong>Constitu\u00e9e de panneaux vitr\u00e9s attach\u00e9s, souvent par des fixations traversantes que l&#8217;on place \u00e0 chaque angle du vitrage, une fa\u00e7ade VEA offre transparence et sensation de l\u00e9g\u00e8ret\u00e9 au b\u00e2timent qu&#8217;elle prot\u00e8ge. Ce type de fa\u00e7ade l\u00e9g\u00e8re s&#8217;installe en int\u00e9rieur et en ext\u00e9rieur.<\/strong><\/p>\n\n\t\t\t\t\t\t\t\t\t\t\n\t\t\t\t\t\t\t\t\t<\/div>\n\t\t\t\t\t\t\t\t\t\t\t\t\t\t\t\t\t\t\t\t\t\t\t<\/div>\n\n\t\t\t\t\t\t\t\t\t\t\t\t\t\t\t\t\t\t\t\t\t\t\t\t\t\t\t\t\t\t\t\t\t\t\t\t\t\t\t\t\t\t\n\t\t\t\t\t\t\t<div class=\"accordion-item__content__row paragraph\">\n\t\t\t\t\t\t\t\t\t\t\t\t\t\t\t\t\t\t\t\t\t\t\t\t\t\t\t\t\t\t\t\t\t\t<div class=\"content-text\">\n\t\t\t\t\t\t\t\t\t\t<p>La fa\u00e7ade rideau VEA utilise des grands panneaux vitr\u00e9s, qui sont assembl\u00e9s bord \u00e0 bord et maintenus par des fixations ponctuelles. Ces fixations m\u00e9caniques permettent d&#8217;articuler librement la paroi vitr\u00e9e sur l&#8217;ossature aluminium, de sorte \u00e0 supporter les charges du vent, de la neige et du poids m\u00eame des vitrages. Chaque liaison est dot\u00e9e de syst\u00e8mes de r\u00e9glage. En mati\u00e8re d&#8217;isolation et d&#8217;\u00e9tanch\u00e9it\u00e9, les vitrages d&#8217;une fa\u00e7ade VEA sont le plus souvent des vitrages isolants en verre tremp\u00e9, s\u00e9par\u00e9s par des joints de type silicone.<br \/>\nUn vitrage ext\u00e9rieur attach\u00e9 (VEA) peut \u00eatre mis en \u0153uvre sur toutes sortes de supports : raidisseurs en verre, structure b\u00e9ton, charpente m\u00e9tallique, ossature en c\u00e2bles&#8230; Ce type de fa\u00e7ade l\u00e9g\u00e8re reste id\u00e9al pour une verri\u00e8re ou un hall d&#8217;entr\u00e9e.<\/p>\n\n\t\t\t\t\t\t\t\t\t\t\n\t\t\t\t\t\t\t\t\t<\/div>\n\t\t\t\t\t\t\t\t\t\t\t\t\t\t\t\t\t\t\t\t\t\t\t<\/div>\n\n\t\t\t\t\t\t\t\t\t\t\t<\/div>\n\t\t\t\t<\/details>\n\t\t\t\t\t<\/div>\n\t\n\t<\/div>\n\n<\/div>\n\t<\/div>\n\n\t<\/div>\n","protected":false},"excerpt":{"rendered":"","protected":false},"author":21,"featured_media":2092,"parent":546,"menu_order":0,"comment_status":"closed","ping_status":"closed","template":"","meta":{"_acf_changed":false,"footnotes":""},"class_list":["post-1613","page","type-page","status-publish","has-post-thumbnail","hentry"],"acf":[],"yoast_head":"<!-- This site is optimized with the Yoast SEO plugin v26.9 - https:\/\/yoast.com\/product\/yoast-seo-wordpress\/ -->\n<title>Les techniques d&#039;accrochage du verre - B\u00e2tir en Alu.fr - Professionnels<\/title>\n<meta name=\"description\" content=\"Techniques d&#039;accrochage du verre sur fa\u00e7ade aluminium : VEP (parclos\u00e9), VEC (coll\u00e9) et VEA (attach\u00e9). Principes, performances et mise en \u0153uvre. Guide technique SNFA.\" \/>\n<meta name=\"robots\" content=\"index, follow, max-snippet:-1, max-image-preview:large, max-video-preview:-1\" \/>\n<link rel=\"canonical\" href=\"https:\/\/www.batir-en-alu.fr\/pros\/menuiserie-aluminium\/facades-en-aluminium\/les-techniques-daccrochage-du-verre\/\" \/>\n<meta property=\"og:locale\" content=\"fr_FR\" \/>\n<meta property=\"og:type\" content=\"article\" \/>\n<meta property=\"og:title\" content=\"Les techniques d&#039;accrochage du verre - B\u00e2tir en Alu.fr - Professionnels\" \/>\n<meta property=\"og:description\" content=\"Techniques d&#039;accrochage du verre sur fa\u00e7ade aluminium : VEP (parclos\u00e9), VEC (coll\u00e9) et VEA (attach\u00e9). Principes, performances et mise en \u0153uvre. Guide technique SNFA.\" \/>\n<meta property=\"og:url\" content=\"https:\/\/www.batir-en-alu.fr\/pros\/menuiserie-aluminium\/facades-en-aluminium\/les-techniques-daccrochage-du-verre\/\" \/>\n<meta property=\"og:site_name\" content=\"B\u00e2tir en Alu.fr - Professionnels\" \/>\n<meta property=\"article:modified_time\" content=\"2026-02-25T09:43:26+00:00\" \/>\n<meta property=\"og:image\" content=\"https:\/\/www.batir-en-alu.fr\/pros\/wp-content\/uploads\/sites\/3\/2025\/12\/photo-facade-rideau.jpg\" \/>\n\t<meta property=\"og:image:width\" content=\"1920\" \/>\n\t<meta property=\"og:image:height\" content=\"887\" \/>\n\t<meta property=\"og:image:type\" content=\"image\/jpeg\" \/>\n<meta name=\"twitter:card\" content=\"summary_large_image\" \/>\n<meta name=\"twitter:label1\" content=\"Dur\u00e9e de lecture estim\u00e9e\" \/>\n\t<meta name=\"twitter:data1\" content=\"1 minute\" \/>\n<script type=\"application\/ld+json\" class=\"yoast-schema-graph\">{\"@context\":\"https:\/\/schema.org\",\"@graph\":[{\"@type\":\"WebPage\",\"@id\":\"https:\/\/www.batir-en-alu.fr\/pros\/menuiserie-aluminium\/facades-en-aluminium\/les-techniques-daccrochage-du-verre\/\",\"url\":\"https:\/\/www.batir-en-alu.fr\/pros\/menuiserie-aluminium\/facades-en-aluminium\/les-techniques-daccrochage-du-verre\/\",\"name\":\"Les techniques d'accrochage du verre - B\u00e2tir en Alu.fr - Professionnels\",\"isPartOf\":{\"@id\":\"https:\/\/www.batir-en-alu.fr\/pros\/#website\"},\"primaryImageOfPage\":{\"@id\":\"https:\/\/www.batir-en-alu.fr\/pros\/menuiserie-aluminium\/facades-en-aluminium\/les-techniques-daccrochage-du-verre\/#primaryimage\"},\"image\":{\"@id\":\"https:\/\/www.batir-en-alu.fr\/pros\/menuiserie-aluminium\/facades-en-aluminium\/les-techniques-daccrochage-du-verre\/#primaryimage\"},\"thumbnailUrl\":\"https:\/\/www.batir-en-alu.fr\/pros\/wp-content\/uploads\/sites\/3\/2025\/12\/photo-facade-rideau.jpg\",\"datePublished\":\"2025-11-13T15:44:30+00:00\",\"dateModified\":\"2026-02-25T09:43:26+00:00\",\"description\":\"Techniques d'accrochage du verre sur fa\u00e7ade aluminium : VEP (parclos\u00e9), VEC (coll\u00e9) et VEA (attach\u00e9). Principes, performances et mise en \u0153uvre. Guide technique SNFA.\",\"breadcrumb\":{\"@id\":\"https:\/\/www.batir-en-alu.fr\/pros\/menuiserie-aluminium\/facades-en-aluminium\/les-techniques-daccrochage-du-verre\/#breadcrumb\"},\"inLanguage\":\"fr-FR\",\"potentialAction\":[{\"@type\":\"ReadAction\",\"target\":[\"https:\/\/www.batir-en-alu.fr\/pros\/menuiserie-aluminium\/facades-en-aluminium\/les-techniques-daccrochage-du-verre\/\"]}]},{\"@type\":\"ImageObject\",\"inLanguage\":\"fr-FR\",\"@id\":\"https:\/\/www.batir-en-alu.fr\/pros\/menuiserie-aluminium\/facades-en-aluminium\/les-techniques-daccrochage-du-verre\/#primaryimage\",\"url\":\"https:\/\/www.batir-en-alu.fr\/pros\/wp-content\/uploads\/sites\/3\/2025\/12\/photo-facade-rideau.jpg\",\"contentUrl\":\"https:\/\/www.batir-en-alu.fr\/pros\/wp-content\/uploads\/sites\/3\/2025\/12\/photo-facade-rideau.jpg\",\"width\":1920,\"height\":887},{\"@type\":\"BreadcrumbList\",\"@id\":\"https:\/\/www.batir-en-alu.fr\/pros\/menuiserie-aluminium\/facades-en-aluminium\/les-techniques-daccrochage-du-verre\/#breadcrumb\",\"itemListElement\":[{\"@type\":\"ListItem\",\"position\":1,\"name\":\"\u00b7\u00b7\u00b7\",\"item\":\"https:\/\/www.batir-en-alu.fr\/pros\"},{\"@type\":\"ListItem\",\"position\":2,\"name\":\"B\u00e2tir En Alu\",\"item\":\"https:\/\/www.batir-en-alu.fr\/\"},{\"@type\":\"ListItem\",\"position\":3,\"name\":\"Professionnels\",\"item\":\"https:\/\/www.batir-en-alu.fr\/pros\/\"},{\"@type\":\"ListItem\",\"position\":4,\"name\":\"La menuiserie aluminium\",\"item\":\"https:\/\/www.batir-en-alu.fr\/pros\/menuiserie-aluminium\/\"},{\"@type\":\"ListItem\",\"position\":5,\"name\":\"La fa\u00e7ade l\u00e9g\u00e8re\",\"item\":\"https:\/\/www.batir-en-alu.fr\/pros\/menuiserie-aluminium\/facades-en-aluminium\/\"},{\"@type\":\"ListItem\",\"position\":6,\"name\":\"Les techniques d&#8217;accrochage du verre\"}]},{\"@type\":\"WebSite\",\"@id\":\"https:\/\/www.batir-en-alu.fr\/pros\/#website\",\"url\":\"https:\/\/www.batir-en-alu.fr\/pros\/\",\"name\":\"B\u00e2tir en alu Professionnels\",\"description\":\"Professionnels de la Menuiserie aluminium\",\"publisher\":{\"@id\":\"https:\/\/www.batir-en-alu.fr\/pros\/#organization\"},\"potentialAction\":[{\"@type\":\"SearchAction\",\"target\":{\"@type\":\"EntryPoint\",\"urlTemplate\":\"https:\/\/www.batir-en-alu.fr\/pros\/?s={search_term_string}\"},\"query-input\":{\"@type\":\"PropertyValueSpecification\",\"valueRequired\":true,\"valueName\":\"search_term_string\"}}],\"inLanguage\":\"fr-FR\"},{\"@type\":\"Organization\",\"@id\":\"https:\/\/www.batir-en-alu.fr\/pros\/#organization\",\"name\":\"B\u00e2tir en alu Professionnels\",\"url\":\"https:\/\/www.batir-en-alu.fr\/pros\/\",\"logo\":{\"@type\":\"ImageObject\",\"inLanguage\":\"fr-FR\",\"@id\":\"https:\/\/www.batir-en-alu.fr\/pros\/#\/schema\/logo\/image\/\",\"url\":\"https:\/\/www.batir-en-alu.fr\/pros\/wp-content\/uploads\/sites\/3\/2026\/03\/logo-batir-en-alu-pro.webp\",\"contentUrl\":\"https:\/\/www.batir-en-alu.fr\/pros\/wp-content\/uploads\/sites\/3\/2026\/03\/logo-batir-en-alu-pro.webp\",\"width\":276,\"height\":310,\"caption\":\"B\u00e2tir en alu Professionnels\"},\"image\":{\"@id\":\"https:\/\/www.batir-en-alu.fr\/pros\/#\/schema\/logo\/image\/\"}}]}<\/script>\n<!-- \/ Yoast SEO plugin. -->","yoast_head_json":{"title":"Les techniques d'accrochage du verre - B\u00e2tir en Alu.fr - Professionnels","description":"Techniques d'accrochage du verre sur fa\u00e7ade aluminium : VEP (parclos\u00e9), VEC (coll\u00e9) et VEA (attach\u00e9). Principes, performances et mise en \u0153uvre. Guide technique SNFA.","robots":{"index":"index","follow":"follow","max-snippet":"max-snippet:-1","max-image-preview":"max-image-preview:large","max-video-preview":"max-video-preview:-1"},"canonical":"https:\/\/www.batir-en-alu.fr\/pros\/menuiserie-aluminium\/facades-en-aluminium\/les-techniques-daccrochage-du-verre\/","og_locale":"fr_FR","og_type":"article","og_title":"Les techniques d'accrochage du verre - B\u00e2tir en Alu.fr - Professionnels","og_description":"Techniques d'accrochage du verre sur fa\u00e7ade aluminium : VEP (parclos\u00e9), VEC (coll\u00e9) et VEA (attach\u00e9). Principes, performances et mise en \u0153uvre. Guide technique SNFA.","og_url":"https:\/\/www.batir-en-alu.fr\/pros\/menuiserie-aluminium\/facades-en-aluminium\/les-techniques-daccrochage-du-verre\/","og_site_name":"B\u00e2tir en Alu.fr - Professionnels","article_modified_time":"2026-02-25T09:43:26+00:00","og_image":[{"width":1920,"height":887,"url":"https:\/\/www.batir-en-alu.fr\/pros\/wp-content\/uploads\/sites\/3\/2025\/12\/photo-facade-rideau.jpg","type":"image\/jpeg"}],"twitter_card":"summary_large_image","twitter_misc":{"Dur\u00e9e de lecture estim\u00e9e":"1 minute"},"schema":{"@context":"https:\/\/schema.org","@graph":[{"@type":"WebPage","@id":"https:\/\/www.batir-en-alu.fr\/pros\/menuiserie-aluminium\/facades-en-aluminium\/les-techniques-daccrochage-du-verre\/","url":"https:\/\/www.batir-en-alu.fr\/pros\/menuiserie-aluminium\/facades-en-aluminium\/les-techniques-daccrochage-du-verre\/","name":"Les techniques d'accrochage du verre - B\u00e2tir en Alu.fr - Professionnels","isPartOf":{"@id":"https:\/\/www.batir-en-alu.fr\/pros\/#website"},"primaryImageOfPage":{"@id":"https:\/\/www.batir-en-alu.fr\/pros\/menuiserie-aluminium\/facades-en-aluminium\/les-techniques-daccrochage-du-verre\/#primaryimage"},"image":{"@id":"https:\/\/www.batir-en-alu.fr\/pros\/menuiserie-aluminium\/facades-en-aluminium\/les-techniques-daccrochage-du-verre\/#primaryimage"},"thumbnailUrl":"https:\/\/www.batir-en-alu.fr\/pros\/wp-content\/uploads\/sites\/3\/2025\/12\/photo-facade-rideau.jpg","datePublished":"2025-11-13T15:44:30+00:00","dateModified":"2026-02-25T09:43:26+00:00","description":"Techniques d'accrochage du verre sur fa\u00e7ade aluminium : VEP (parclos\u00e9), VEC (coll\u00e9) et VEA (attach\u00e9). Principes, performances et mise en \u0153uvre. Guide technique SNFA.","breadcrumb":{"@id":"https:\/\/www.batir-en-alu.fr\/pros\/menuiserie-aluminium\/facades-en-aluminium\/les-techniques-daccrochage-du-verre\/#breadcrumb"},"inLanguage":"fr-FR","potentialAction":[{"@type":"ReadAction","target":["https:\/\/www.batir-en-alu.fr\/pros\/menuiserie-aluminium\/facades-en-aluminium\/les-techniques-daccrochage-du-verre\/"]}]},{"@type":"ImageObject","inLanguage":"fr-FR","@id":"https:\/\/www.batir-en-alu.fr\/pros\/menuiserie-aluminium\/facades-en-aluminium\/les-techniques-daccrochage-du-verre\/#primaryimage","url":"https:\/\/www.batir-en-alu.fr\/pros\/wp-content\/uploads\/sites\/3\/2025\/12\/photo-facade-rideau.jpg","contentUrl":"https:\/\/www.batir-en-alu.fr\/pros\/wp-content\/uploads\/sites\/3\/2025\/12\/photo-facade-rideau.jpg","width":1920,"height":887},{"@type":"BreadcrumbList","@id":"https:\/\/www.batir-en-alu.fr\/pros\/menuiserie-aluminium\/facades-en-aluminium\/les-techniques-daccrochage-du-verre\/#breadcrumb","itemListElement":[{"@type":"ListItem","position":1,"name":"\u00b7\u00b7\u00b7","item":"https:\/\/www.batir-en-alu.fr\/pros"},{"@type":"ListItem","position":2,"name":"B\u00e2tir En Alu","item":"https:\/\/www.batir-en-alu.fr\/"},{"@type":"ListItem","position":3,"name":"Professionnels","item":"https:\/\/www.batir-en-alu.fr\/pros\/"},{"@type":"ListItem","position":4,"name":"La menuiserie aluminium","item":"https:\/\/www.batir-en-alu.fr\/pros\/menuiserie-aluminium\/"},{"@type":"ListItem","position":5,"name":"La fa\u00e7ade l\u00e9g\u00e8re","item":"https:\/\/www.batir-en-alu.fr\/pros\/menuiserie-aluminium\/facades-en-aluminium\/"},{"@type":"ListItem","position":6,"name":"Les techniques d&#8217;accrochage du verre"}]},{"@type":"WebSite","@id":"https:\/\/www.batir-en-alu.fr\/pros\/#website","url":"https:\/\/www.batir-en-alu.fr\/pros\/","name":"B\u00e2tir en alu Professionnels","description":"Professionnels de la Menuiserie aluminium","publisher":{"@id":"https:\/\/www.batir-en-alu.fr\/pros\/#organization"},"potentialAction":[{"@type":"SearchAction","target":{"@type":"EntryPoint","urlTemplate":"https:\/\/www.batir-en-alu.fr\/pros\/?s={search_term_string}"},"query-input":{"@type":"PropertyValueSpecification","valueRequired":true,"valueName":"search_term_string"}}],"inLanguage":"fr-FR"},{"@type":"Organization","@id":"https:\/\/www.batir-en-alu.fr\/pros\/#organization","name":"B\u00e2tir en alu Professionnels","url":"https:\/\/www.batir-en-alu.fr\/pros\/","logo":{"@type":"ImageObject","inLanguage":"fr-FR","@id":"https:\/\/www.batir-en-alu.fr\/pros\/#\/schema\/logo\/image\/","url":"https:\/\/www.batir-en-alu.fr\/pros\/wp-content\/uploads\/sites\/3\/2026\/03\/logo-batir-en-alu-pro.webp","contentUrl":"https:\/\/www.batir-en-alu.fr\/pros\/wp-content\/uploads\/sites\/3\/2026\/03\/logo-batir-en-alu-pro.webp","width":276,"height":310,"caption":"B\u00e2tir en alu Professionnels"},"image":{"@id":"https:\/\/www.batir-en-alu.fr\/pros\/#\/schema\/logo\/image\/"}}]}},"_links":{"self":[{"href":"https:\/\/www.batir-en-alu.fr\/pros\/wp-json\/wp\/v2\/pages\/1613","targetHints":{"allow":["GET"]}}],"collection":[{"href":"https:\/\/www.batir-en-alu.fr\/pros\/wp-json\/wp\/v2\/pages"}],"about":[{"href":"https:\/\/www.batir-en-alu.fr\/pros\/wp-json\/wp\/v2\/types\/page"}],"author":[{"embeddable":true,"href":"https:\/\/www.batir-en-alu.fr\/pros\/wp-json\/wp\/v2\/users\/21"}],"replies":[{"embeddable":true,"href":"https:\/\/www.batir-en-alu.fr\/pros\/wp-json\/wp\/v2\/comments?post=1613"}],"version-history":[{"count":17,"href":"https:\/\/www.batir-en-alu.fr\/pros\/wp-json\/wp\/v2\/pages\/1613\/revisions"}],"predecessor-version":[{"id":2336,"href":"https:\/\/www.batir-en-alu.fr\/pros\/wp-json\/wp\/v2\/pages\/1613\/revisions\/2336"}],"up":[{"embeddable":true,"href":"https:\/\/www.batir-en-alu.fr\/pros\/wp-json\/wp\/v2\/pages\/546"}],"wp:featuredmedia":[{"embeddable":true,"href":"https:\/\/www.batir-en-alu.fr\/pros\/wp-json\/wp\/v2\/media\/2092"}],"wp:attachment":[{"href":"https:\/\/www.batir-en-alu.fr\/pros\/wp-json\/wp\/v2\/media?parent=1613"}],"curies":[{"name":"wp","href":"https:\/\/api.w.org\/{rel}","templated":true}]}}