{"id":1396,"date":"2025-10-31T11:57:02","date_gmt":"2025-10-31T10:57:02","guid":{"rendered":"https:\/\/snfa.grouperougevif.fr\/pros\/?page_id=1396"},"modified":"2026-02-25T10:38:48","modified_gmt":"2026-02-25T09:38:48","slug":"fenetres-coulissantes-et-a-galandage","status":"publish","type":"page","link":"https:\/\/www.batir-en-alu.fr\/pros\/menuiserie-aluminium\/fenetres-en-aluminium-elegance-performance-et-durabilite\/fenetres-coulissantes-et-a-galandage\/","title":{"rendered":"Fen\u00eatres Coulissantes et \u00e0 Galandage"},"content":{"rendered":"\n\n\n\t<div class=\"align wp-block-acf-layout-wrap\">\n\n\t\n\n\t\t<div class=\"layout-wrap\" >\n\t\t<div class=\"innerblock\">\n\n\n\n\t<div class=\"align wp-block-acf-paragraphs\">\n\n\t\n\n\t\t<div class=\"paragraphs container\">\n\n\t\t\t\t\t\t\t<div class=\"paragraphs__content\">\n\t\t\t\t\t\t\t\t\t\t\t\t\t\t\t\t\t\t\t\t<div class=\"paragraphs__content__text\"><p>Sp\u00e9cialit\u00e9s de l&#8217;aluminium, la baie coulissante et le coulissant \u00e0 galandage permettent la r\u00e9alisation de grandes surfaces vitr\u00e9es et de nombreuses ouvertures sans encombrer l&#8217;int\u00e9rieur. A la fois simple et ing\u00e9nieuse, une baie vitr\u00e9e coulissante est tr\u00e8s confortable et ouvre aux \u00e9conomies d&#8217;\u00e9nergie ; bien orient\u00e9e, ses apports en chaleur et en lumi\u00e8re compensent largement sa moindre capacit\u00e9 \u00e0 conserver la temp\u00e9rature int\u00e9rieure.<\/p>\n<\/div>\n\t\t\t\t\t\t\t\t\t\t\t\t\t\t\t\t\t\t\t\t\t\t<\/div>\n\t\t\t<\/div>\n\n\t<\/div>\n\n\n\n\n\n\t<div class=\"align wp-block-acf-accordion\">\n\n\t\n\n\t\t\t\t<div class=\"accordion\">\n\t\t\t\t\t\t\t\t\t\t<details class=\"accordion-item\" data-js-accordion>\n\t\t\t\t\t<summary class=\"accordion-item__header\">\n\t\t\t\t\t\t<div class=\"container\">\n\t\t\t\t\t\t\t<h2 class=\"accordion-item__title h4\">Fen\u00eatre coulissante : ouverture fluide et gain de place<\/h2>\n\t\t\t\t\t\t\t<div class=\"accordion-item__icon\"><\/div>\n\t\t\t\t\t\t<\/div>\n\t\t\t\t\t<\/summary>\n\t\t\t\t\t<div class=\"accordion-item__content container\">\n\t\t\t\t\t\t\t\t\t\t\t\t\t\t\t\t\t\t\t\t\t\t\t\t\t\t\t\t\t\t\t\t\t\t\t\t\t\t\t\t\t\t\t\t\t\t\t\t\n\t\t\t\t\t\t\t<div class=\"accordion-item__content__row paragraph has-image\">\n\t\t\t\t\t\t\t\t\t\t\t\t\t\t\t\t\t\t\t\t\t\t\t\t\t\t\t\t\t\t\t\t\t\t\t\t\t\t\t\t\t\t\t\t\t<div class=\"content-image\">\n\t\t\t\t\t\t\t\t\t\t\t\t\t\t<img decoding=\"async\" class=\"img\" src=\"https:\/\/www.batir-en-alu.fr\/pros\/wp-content\/uploads\/sites\/3\/2025\/10\/fenetre-coulissante-e1768904631179.png\" srcset=\"\" sizes=\"(max-width: 400px) 100vw, 400px\" loading=\"lazy\" alt=\"fen\u00eatre coulissante\"\/>\n\t\t\t\t\t\t\t\t\t\t\t<\/div>\n\t\t\t\t\t\t\t\t\t\t\t\t\t\t\t\t\t\t<div class=\"content-text\">\n\t\t\t\t\t\t\t\t\t\t<p>La fen\u00eatre coulissante est une baie vitr\u00e9e qui s&#8217;ouvre lat\u00e9ralement, par glissement de son vantail sur un rail. Elle peut se constituer de plusieurs vantaux (entre 2 et 8), se r\u00e9partissant sur 2, 3 voire 4 rails. Pratique et fonctionnel, ce syst\u00e8me offre un gain de place important.<\/p>\n\n\t\t\t\t\t\t\t\t\t\t\n\t\t\t\t\t\t\t\t\t<\/div>\n\t\t\t\t\t\t\t\t\t\t\t\t\t\t\t\t\t\t\t\t\t\t\t<\/div>\n\n\t\t\t\t\t\t\t\t\t\t\t\t\t\t\t\t\t\t\t\t\t\t\t\t\t\t\t\t\t\t\t\t\t\t\t\t\t\t\t\t\t\t\n\t\t\t\t\t\t\t<div class=\"accordion-item__content__row paragraph\">\n\t\t\t\t\t\t\t\t\t\t\t\t\t\t\t\t\t\t\t\t\t\t\t\t\t\t\t\t\t\t\t\t\t\t<div class=\"content-text\">\n\t\t\t\t\t\t\t\t\t\t<p>Ouverture centrale, coulissant \u00e0 droite, \u00e0 gauche ou des deux c\u00f4t\u00e9s&#8230; deux coulissants pos\u00e9s dans l\u2019angle d\u2019une pi\u00e8ce d\u00e9multiplient les perspectives.<\/p>\n<p>Gr\u00e2ce \u00e0 leur roulement \u00e0 aiguilles, les vantaux d&#8217;une baie coulissante alu glissent facilement et sans bruit. Des syst\u00e8mes anti-d\u00e9raillement fiabilisent les mouvements d\u2019ouverture\/fermeture.<\/p>\n\n\t\t\t\t\t\t\t\t\t\t\n\t\t\t\t\t\t\t\t\t<\/div>\n\t\t\t\t\t\t\t\t\t\t\t\t\t\t\t\t\t\t\t\t\t\t\t<\/div>\n\n\t\t\t\t\t\t\t\t\t\t\t<\/div>\n\t\t\t\t<\/details>\n\t\t\t\t\t<\/div>\n\t\t\t<div class=\"accordion\">\n\t\t\t\t\t\t\t\t\t\t<details class=\"accordion-item\" data-js-accordion>\n\t\t\t\t\t<summary class=\"accordion-item__header\">\n\t\t\t\t\t\t<div class=\"container\">\n\t\t\t\t\t\t\t<h2 class=\"accordion-item__title h4\">Fen\u00eatre \u00e0 galandage : discr\u00e9tion et \u00e9l\u00e9gance<\/h2>\n\t\t\t\t\t\t\t<div class=\"accordion-item__icon\"><\/div>\n\t\t\t\t\t\t<\/div>\n\t\t\t\t\t<\/summary>\n\t\t\t\t\t<div class=\"accordion-item__content container\">\n\t\t\t\t\t\t\t\t\t\t\t\t\t\t\t\t\t\t\t\t\t\t\t\t\t\t\t\t\t\t\t\t\t\t\t\t\t\t\t\t\t\t\t\t\t\t\t\t\n\t\t\t\t\t\t\t<div class=\"accordion-item__content__row paragraph\">\n\t\t\t\t\t\t\t\t\t\t\t\t\t\t\t\t\t\t\t\t\t\t\t\t\t\t\t\t\t\t\t\t\t\t<div class=\"content-text\">\n\t\t\t\t\t\t\t\t\t\t<p>La fen\u00eatre \u00e0 galandage est une solution haut de gamme o\u00f9 les vantaux s\u2019effacent totalement dans doublage des murs adjacents en position d\u2019ouverture.<\/p>\n<p>Elle se compose d&#8217;un \u00e0 quatre vantaux maximums qui peuvent s\u2019effacer soit d\u2019un seul c\u00f4t\u00e9 soit de part et d\u2019autre de la baie, et d\u00e9gagent compl\u00e8tement l&#8217;ouverture lorsque la porte fen\u00eatre est ouverte. Elle offre une ouverture compl\u00e8te et un design \u00e9pur\u00e9, id\u00e9al pour les projets contemporains ou les espaces \u00e0 optimiser.<\/p>\n<p>Le coulissant \u00e0 galandage est l&#8217;ouverture id\u00e9ale entre la maison et la v\u00e9randa. Il permet d&#8217;appr\u00e9hender au mieux les variations climatiques en ouvrant ou fermant les vantaux pour a\u00e9rer ou chauffer la maison.<\/p>\n\n\t\t\t\t\t\t\t\t\t\t\n\t\t\t\t\t\t\t\t\t<\/div>\n\t\t\t\t\t\t\t\t\t\t\t\t\t\t\t\t\t\t\t\t\t\t\t<\/div>\n\n\t\t\t\t\t\t\t\t\t\t\t<\/div>\n\t\t\t\t<\/details>\n\t\t\t\t\t<\/div>\n\t\t\t<div class=\"accordion\">\n\t\t\t\t\t\t\t\t\t\t<details class=\"accordion-item\" data-js-accordion>\n\t\t\t\t\t<summary class=\"accordion-item__header\">\n\t\t\t\t\t\t<div class=\"container\">\n\t\t\t\t\t\t\t<h2 class=\"accordion-item__title h4\">Bloc baie en aluminium : Performance et simplicit\u00e9<\/h2>\n\t\t\t\t\t\t\t<div class=\"accordion-item__icon\"><\/div>\n\t\t\t\t\t\t<\/div>\n\t\t\t\t\t<\/summary>\n\t\t\t\t\t<div class=\"accordion-item__content container\">\n\t\t\t\t\t\t\t\t\t\t\t\t\t\t\t\t\t\t\t\t\t\t\t\t\t\t\t\t\t\t\t\t\t\t\t\t\t\t\t\t\t\t\t\t\t\t\t\t\n\t\t\t\t\t\t\t<div class=\"accordion-item__content__row paragraph\">\n\t\t\t\t\t\t\t\t\t\t\t\t\t\t\t\t\t\t\t\t\t\t\t\t\t\t\t\t\t\t\t\t\t\t<div class=\"content-text\">\n\t\t\t\t\t\t\t\t\t\t<p>Le bloc-baie aluminium int\u00e8gre une fen\u00eatre et sa fermeture (volet roulant motorisable) dans un seul ensemble. Il garantit une isolation thermique et phonique optimale, tout en simplifiant la pose. Id\u00e9al pour la r\u00e9novation, il s\u2019adapte \u00e0 tous les types d\u2019ouvrants.<\/p>\n\n\t\t\t\t\t\t\t\t\t\t\n\t\t\t\t\t\t\t\t\t<\/div>\n\t\t\t\t\t\t\t\t\t\t\t\t\t\t\t\t\t\t\t\t\t\t\t<\/div>\n\n\t\t\t\t\t\t\t\t\t\t\t<\/div>\n\t\t\t\t<\/details>\n\t\t\t\t\t<\/div>\n\t\n\t<\/div>\n\n<\/div>\n\t<\/div>\n\n\t<\/div>\n","protected":false},"excerpt":{"rendered":"","protected":false},"author":21,"featured_media":0,"parent":1383,"menu_order":0,"comment_status":"closed","ping_status":"closed","template":"","meta":{"_acf_changed":false,"footnotes":""},"class_list":["post-1396","page","type-page","status-publish","hentry"],"acf":[],"yoast_head":"<!-- This site is optimized with the Yoast SEO plugin v26.9 - https:\/\/yoast.com\/product\/yoast-seo-wordpress\/ -->\n<title>Fen\u00eatres Coulissantes et \u00e0 Galandage - B\u00e2tir en Alu.fr - Professionnels<\/title>\n<meta name=\"description\" content=\"Fen\u00eatres coulissantes et \u00e0 galandage en aluminium : grandes baies vitr\u00e9es, gain de place et ouverture totale. Bloc baie et solutions multi-vantaux pour le b\u00e2timent.\" \/>\n<meta name=\"robots\" content=\"index, follow, max-snippet:-1, max-image-preview:large, max-video-preview:-1\" \/>\n<link rel=\"canonical\" href=\"https:\/\/www.batir-en-alu.fr\/pros\/menuiserie-aluminium\/fenetres-en-aluminium-elegance-performance-et-durabilite\/fenetres-coulissantes-et-a-galandage\/\" \/>\n<meta property=\"og:locale\" content=\"fr_FR\" \/>\n<meta property=\"og:type\" content=\"article\" \/>\n<meta property=\"og:title\" content=\"Fen\u00eatres Coulissantes et \u00e0 Galandage - B\u00e2tir en Alu.fr - Professionnels\" \/>\n<meta property=\"og:description\" content=\"Fen\u00eatres coulissantes et \u00e0 galandage en aluminium : grandes baies vitr\u00e9es, gain de place et ouverture totale. Bloc baie et solutions multi-vantaux pour le b\u00e2timent.\" \/>\n<meta property=\"og:url\" content=\"https:\/\/www.batir-en-alu.fr\/pros\/menuiserie-aluminium\/fenetres-en-aluminium-elegance-performance-et-durabilite\/fenetres-coulissantes-et-a-galandage\/\" \/>\n<meta property=\"og:site_name\" content=\"B\u00e2tir en Alu.fr - Professionnels\" \/>\n<meta property=\"article:modified_time\" content=\"2026-02-25T09:38:48+00:00\" \/>\n<meta name=\"twitter:card\" content=\"summary_large_image\" \/>\n<script type=\"application\/ld+json\" class=\"yoast-schema-graph\">{\"@context\":\"https:\/\/schema.org\",\"@graph\":[{\"@type\":\"WebPage\",\"@id\":\"https:\/\/www.batir-en-alu.fr\/pros\/menuiserie-aluminium\/fenetres-en-aluminium-elegance-performance-et-durabilite\/fenetres-coulissantes-et-a-galandage\/\",\"url\":\"https:\/\/www.batir-en-alu.fr\/pros\/menuiserie-aluminium\/fenetres-en-aluminium-elegance-performance-et-durabilite\/fenetres-coulissantes-et-a-galandage\/\",\"name\":\"Fen\u00eatres Coulissantes et \u00e0 Galandage - B\u00e2tir en Alu.fr - Professionnels\",\"isPartOf\":{\"@id\":\"https:\/\/www.batir-en-alu.fr\/pros\/#website\"},\"datePublished\":\"2025-10-31T10:57:02+00:00\",\"dateModified\":\"2026-02-25T09:38:48+00:00\",\"description\":\"Fen\u00eatres coulissantes et \u00e0 galandage en aluminium : grandes baies vitr\u00e9es, gain de place et ouverture totale. Bloc baie et solutions multi-vantaux pour le b\u00e2timent.\",\"breadcrumb\":{\"@id\":\"https:\/\/www.batir-en-alu.fr\/pros\/menuiserie-aluminium\/fenetres-en-aluminium-elegance-performance-et-durabilite\/fenetres-coulissantes-et-a-galandage\/#breadcrumb\"},\"inLanguage\":\"fr-FR\",\"potentialAction\":[{\"@type\":\"ReadAction\",\"target\":[\"https:\/\/www.batir-en-alu.fr\/pros\/menuiserie-aluminium\/fenetres-en-aluminium-elegance-performance-et-durabilite\/fenetres-coulissantes-et-a-galandage\/\"]}]},{\"@type\":\"BreadcrumbList\",\"@id\":\"https:\/\/www.batir-en-alu.fr\/pros\/menuiserie-aluminium\/fenetres-en-aluminium-elegance-performance-et-durabilite\/fenetres-coulissantes-et-a-galandage\/#breadcrumb\",\"itemListElement\":[{\"@type\":\"ListItem\",\"position\":1,\"name\":\"\u00b7\u00b7\u00b7\",\"item\":\"https:\/\/www.batir-en-alu.fr\/pros\"},{\"@type\":\"ListItem\",\"position\":2,\"name\":\"B\u00e2tir En Alu\",\"item\":\"https:\/\/www.batir-en-alu.fr\/\"},{\"@type\":\"ListItem\",\"position\":3,\"name\":\"Professionnels\",\"item\":\"https:\/\/www.batir-en-alu.fr\/pros\/\"},{\"@type\":\"ListItem\",\"position\":4,\"name\":\"La menuiserie aluminium\",\"item\":\"https:\/\/www.batir-en-alu.fr\/pros\/menuiserie-aluminium\/\"},{\"@type\":\"ListItem\",\"position\":5,\"name\":\"Fen\u00eatres en aluminium\",\"item\":\"https:\/\/www.batir-en-alu.fr\/pros\/menuiserie-aluminium\/fenetres-en-aluminium-elegance-performance-et-durabilite\/\"},{\"@type\":\"ListItem\",\"position\":6,\"name\":\"Fen\u00eatres Coulissantes et \u00e0 Galandage\"}]},{\"@type\":\"WebSite\",\"@id\":\"https:\/\/www.batir-en-alu.fr\/pros\/#website\",\"url\":\"https:\/\/www.batir-en-alu.fr\/pros\/\",\"name\":\"B\u00e2tir en alu Professionnels\",\"description\":\"Professionnels de la Menuiserie aluminium\",\"publisher\":{\"@id\":\"https:\/\/www.batir-en-alu.fr\/pros\/#organization\"},\"potentialAction\":[{\"@type\":\"SearchAction\",\"target\":{\"@type\":\"EntryPoint\",\"urlTemplate\":\"https:\/\/www.batir-en-alu.fr\/pros\/?s={search_term_string}\"},\"query-input\":{\"@type\":\"PropertyValueSpecification\",\"valueRequired\":true,\"valueName\":\"search_term_string\"}}],\"inLanguage\":\"fr-FR\"},{\"@type\":\"Organization\",\"@id\":\"https:\/\/www.batir-en-alu.fr\/pros\/#organization\",\"name\":\"B\u00e2tir en alu Professionnels\",\"url\":\"https:\/\/www.batir-en-alu.fr\/pros\/\",\"logo\":{\"@type\":\"ImageObject\",\"inLanguage\":\"fr-FR\",\"@id\":\"https:\/\/www.batir-en-alu.fr\/pros\/#\/schema\/logo\/image\/\",\"url\":\"https:\/\/www.batir-en-alu.fr\/pros\/wp-content\/uploads\/sites\/3\/2026\/03\/logo-batir-en-alu-pro.webp\",\"contentUrl\":\"https:\/\/www.batir-en-alu.fr\/pros\/wp-content\/uploads\/sites\/3\/2026\/03\/logo-batir-en-alu-pro.webp\",\"width\":276,\"height\":310,\"caption\":\"B\u00e2tir en alu Professionnels\"},\"image\":{\"@id\":\"https:\/\/www.batir-en-alu.fr\/pros\/#\/schema\/logo\/image\/\"}}]}<\/script>\n<!-- \/ Yoast SEO plugin. -->","yoast_head_json":{"title":"Fen\u00eatres Coulissantes et \u00e0 Galandage - B\u00e2tir en Alu.fr - Professionnels","description":"Fen\u00eatres coulissantes et \u00e0 galandage en aluminium : grandes baies vitr\u00e9es, gain de place et ouverture totale. Bloc baie et solutions multi-vantaux pour le b\u00e2timent.","robots":{"index":"index","follow":"follow","max-snippet":"max-snippet:-1","max-image-preview":"max-image-preview:large","max-video-preview":"max-video-preview:-1"},"canonical":"https:\/\/www.batir-en-alu.fr\/pros\/menuiserie-aluminium\/fenetres-en-aluminium-elegance-performance-et-durabilite\/fenetres-coulissantes-et-a-galandage\/","og_locale":"fr_FR","og_type":"article","og_title":"Fen\u00eatres Coulissantes et \u00e0 Galandage - B\u00e2tir en Alu.fr - Professionnels","og_description":"Fen\u00eatres coulissantes et \u00e0 galandage en aluminium : grandes baies vitr\u00e9es, gain de place et ouverture totale. Bloc baie et solutions multi-vantaux pour le b\u00e2timent.","og_url":"https:\/\/www.batir-en-alu.fr\/pros\/menuiserie-aluminium\/fenetres-en-aluminium-elegance-performance-et-durabilite\/fenetres-coulissantes-et-a-galandage\/","og_site_name":"B\u00e2tir en Alu.fr - Professionnels","article_modified_time":"2026-02-25T09:38:48+00:00","twitter_card":"summary_large_image","schema":{"@context":"https:\/\/schema.org","@graph":[{"@type":"WebPage","@id":"https:\/\/www.batir-en-alu.fr\/pros\/menuiserie-aluminium\/fenetres-en-aluminium-elegance-performance-et-durabilite\/fenetres-coulissantes-et-a-galandage\/","url":"https:\/\/www.batir-en-alu.fr\/pros\/menuiserie-aluminium\/fenetres-en-aluminium-elegance-performance-et-durabilite\/fenetres-coulissantes-et-a-galandage\/","name":"Fen\u00eatres Coulissantes et \u00e0 Galandage - B\u00e2tir en Alu.fr - Professionnels","isPartOf":{"@id":"https:\/\/www.batir-en-alu.fr\/pros\/#website"},"datePublished":"2025-10-31T10:57:02+00:00","dateModified":"2026-02-25T09:38:48+00:00","description":"Fen\u00eatres coulissantes et \u00e0 galandage en aluminium : grandes baies vitr\u00e9es, gain de place et ouverture totale. Bloc baie et solutions multi-vantaux pour le b\u00e2timent.","breadcrumb":{"@id":"https:\/\/www.batir-en-alu.fr\/pros\/menuiserie-aluminium\/fenetres-en-aluminium-elegance-performance-et-durabilite\/fenetres-coulissantes-et-a-galandage\/#breadcrumb"},"inLanguage":"fr-FR","potentialAction":[{"@type":"ReadAction","target":["https:\/\/www.batir-en-alu.fr\/pros\/menuiserie-aluminium\/fenetres-en-aluminium-elegance-performance-et-durabilite\/fenetres-coulissantes-et-a-galandage\/"]}]},{"@type":"BreadcrumbList","@id":"https:\/\/www.batir-en-alu.fr\/pros\/menuiserie-aluminium\/fenetres-en-aluminium-elegance-performance-et-durabilite\/fenetres-coulissantes-et-a-galandage\/#breadcrumb","itemListElement":[{"@type":"ListItem","position":1,"name":"\u00b7\u00b7\u00b7","item":"https:\/\/www.batir-en-alu.fr\/pros"},{"@type":"ListItem","position":2,"name":"B\u00e2tir En Alu","item":"https:\/\/www.batir-en-alu.fr\/"},{"@type":"ListItem","position":3,"name":"Professionnels","item":"https:\/\/www.batir-en-alu.fr\/pros\/"},{"@type":"ListItem","position":4,"name":"La menuiserie aluminium","item":"https:\/\/www.batir-en-alu.fr\/pros\/menuiserie-aluminium\/"},{"@type":"ListItem","position":5,"name":"Fen\u00eatres en aluminium","item":"https:\/\/www.batir-en-alu.fr\/pros\/menuiserie-aluminium\/fenetres-en-aluminium-elegance-performance-et-durabilite\/"},{"@type":"ListItem","position":6,"name":"Fen\u00eatres Coulissantes et \u00e0 Galandage"}]},{"@type":"WebSite","@id":"https:\/\/www.batir-en-alu.fr\/pros\/#website","url":"https:\/\/www.batir-en-alu.fr\/pros\/","name":"B\u00e2tir en alu Professionnels","description":"Professionnels de la Menuiserie aluminium","publisher":{"@id":"https:\/\/www.batir-en-alu.fr\/pros\/#organization"},"potentialAction":[{"@type":"SearchAction","target":{"@type":"EntryPoint","urlTemplate":"https:\/\/www.batir-en-alu.fr\/pros\/?s={search_term_string}"},"query-input":{"@type":"PropertyValueSpecification","valueRequired":true,"valueName":"search_term_string"}}],"inLanguage":"fr-FR"},{"@type":"Organization","@id":"https:\/\/www.batir-en-alu.fr\/pros\/#organization","name":"B\u00e2tir en alu Professionnels","url":"https:\/\/www.batir-en-alu.fr\/pros\/","logo":{"@type":"ImageObject","inLanguage":"fr-FR","@id":"https:\/\/www.batir-en-alu.fr\/pros\/#\/schema\/logo\/image\/","url":"https:\/\/www.batir-en-alu.fr\/pros\/wp-content\/uploads\/sites\/3\/2026\/03\/logo-batir-en-alu-pro.webp","contentUrl":"https:\/\/www.batir-en-alu.fr\/pros\/wp-content\/uploads\/sites\/3\/2026\/03\/logo-batir-en-alu-pro.webp","width":276,"height":310,"caption":"B\u00e2tir en alu Professionnels"},"image":{"@id":"https:\/\/www.batir-en-alu.fr\/pros\/#\/schema\/logo\/image\/"}}]}},"_links":{"self":[{"href":"https:\/\/www.batir-en-alu.fr\/pros\/wp-json\/wp\/v2\/pages\/1396","targetHints":{"allow":["GET"]}}],"collection":[{"href":"https:\/\/www.batir-en-alu.fr\/pros\/wp-json\/wp\/v2\/pages"}],"about":[{"href":"https:\/\/www.batir-en-alu.fr\/pros\/wp-json\/wp\/v2\/types\/page"}],"author":[{"embeddable":true,"href":"https:\/\/www.batir-en-alu.fr\/pros\/wp-json\/wp\/v2\/users\/21"}],"replies":[{"embeddable":true,"href":"https:\/\/www.batir-en-alu.fr\/pros\/wp-json\/wp\/v2\/comments?post=1396"}],"version-history":[{"count":12,"href":"https:\/\/www.batir-en-alu.fr\/pros\/wp-json\/wp\/v2\/pages\/1396\/revisions"}],"predecessor-version":[{"id":2389,"href":"https:\/\/www.batir-en-alu.fr\/pros\/wp-json\/wp\/v2\/pages\/1396\/revisions\/2389"}],"up":[{"embeddable":true,"href":"https:\/\/www.batir-en-alu.fr\/pros\/wp-json\/wp\/v2\/pages\/1383"}],"wp:attachment":[{"href":"https:\/\/www.batir-en-alu.fr\/pros\/wp-json\/wp\/v2\/media?parent=1396"}],"curies":[{"name":"wp","href":"https:\/\/api.w.org\/{rel}","templated":true}]}}