{"id":1393,"date":"2025-10-31T11:56:41","date_gmt":"2025-10-31T10:56:41","guid":{"rendered":"https:\/\/snfa.grouperougevif.fr\/pros\/?page_id=1393"},"modified":"2026-02-25T10:37:56","modified_gmt":"2026-02-25T09:37:56","slug":"fenetres-battantes-en-aluminium","status":"publish","type":"page","link":"https:\/\/www.batir-en-alu.fr\/pros\/menuiserie-aluminium\/fenetres-en-aluminium-elegance-performance-et-durabilite\/fenetres-battantes-en-aluminium\/","title":{"rendered":"Fen\u00eatres Battantes en Aluminium"},"content":{"rendered":"\n\n\n\t<div class=\"align wp-block-acf-layout-wrap\">\n\n\t\n\n\t\t<div class=\"layout-wrap\" >\n\t\t<div class=\"innerblock\">\n\n\n\n\t<div class=\"align wp-block-acf-paragraphs\">\n\n\t\n\n\t\t<div class=\"paragraphs container\">\n\n\t\t\t\t\t\t\t<div class=\"paragraphs__content\">\n\t\t\t\t\t\t\t\t\t\t\t\t\t\t\t\t\t\t\t\t<div class=\"paragraphs__content__text\"><p>Il existe aujourd&#8217;hui une large gamme de fen\u00eatres et portes-fen\u00eatres en aluminium, con\u00e7ues pour optimiser l\u2019isolation thermique, les apports de lumi\u00e8re naturelle et la s\u00e9curit\u00e9 l&#8217;habitat : fen\u00eatres battantes, coulissantes, oscillo-battantes et bien plus encore, pour s\u2019adapter parfaitement aux besoins.<\/p>\n<\/div>\n\t\t\t\t\t\t\t\t\t\t\t\t\t\t\t\t\t\t\t\t\t\t<\/div>\n\t\t\t<\/div>\n\n\t<\/div>\n\n\n\n\n\n\t<div class=\"align wp-block-acf-accordion\">\n\n\t\n\n\t\t\t\t<div class=\"accordion\">\n\t\t\t\t\t\t\t\t\t\t<details class=\"accordion-item\" data-js-accordion>\n\t\t\t\t\t<summary class=\"accordion-item__header\">\n\t\t\t\t\t\t<div class=\"container\">\n\t\t\t\t\t\t\t<h2 class=\"accordion-item__title h4\">Fen\u00eatre \u00e0 la fran\u00e7aise : L\u2019\u00e9l\u00e9gance intemporelle<\/h2>\n\t\t\t\t\t\t\t<div class=\"accordion-item__icon\"><\/div>\n\t\t\t\t\t\t<\/div>\n\t\t\t\t\t<\/summary>\n\t\t\t\t\t<div class=\"accordion-item__content container\">\n\t\t\t\t\t\t\t\t\t\t\t\t\t\t\t\t\t\t\t\t\t\t\t\t\t\t\t\t\t\t\t\t\t\t\t\t\t\t\t\t\t\t\t\t\t\t\t\t\n\t\t\t\t\t\t\t<div class=\"accordion-item__content__row paragraph has-image\">\n\t\t\t\t\t\t\t\t\t\t\t\t\t\t\t\t\t\t\t\t\t\t\t\t\t\t\t\t\t\t\t\t\t\t\t\t\t\t\t\t\t\t\t\t\t<div class=\"content-image\">\n\t\t\t\t\t\t\t\t\t\t\t\t\t\t<img decoding=\"async\" class=\"img\" src=\"https:\/\/www.batir-en-alu.fr\/pros\/wp-content\/uploads\/sites\/3\/2025\/11\/2018_Amb-KUBIK-4095-2.jpg\" srcset=\"https:\/\/www.batir-en-alu.fr\/pros\/wp-content\/uploads\/sites\/3\/2025\/11\/2018_Amb-KUBIK-4095-2.jpg 683w, https:\/\/www.batir-en-alu.fr\/pros\/wp-content\/uploads\/sites\/3\/2025\/11\/2018_Amb-KUBIK-4095-2-200x300.jpg 200w\" sizes=\"(max-width: 683px) 100vw, 683px\" loading=\"lazy\" alt=\"Fen\u00eatre \u00e0 la fran\u00e7aise\"\/>\n\t\t\t\t\t\t\t\t\t\t\t<\/div>\n\t\t\t\t\t\t\t\t\t\t\t\t\t\t\t\t\t\t<div class=\"content-text\">\n\t\t\t\t\t\t\t\t\t\t<p>La fen\u00eatre &#8220;\u00e0 la fran\u00e7aise&#8221; est parmi les plus pris\u00e9es du march\u00e9. ll s&#8217;agit d&#8217;une fen\u00eatre \u00e0 frappe classique form\u00e9e d&#8217;un ou deux vantaux qui combine parfaitement luminosit\u00e9, isolation et s\u00e9curit\u00e9. Compos\u00e9e d&#8217;un ou deux vantaux, la fen\u00eatre (ou porte fen\u00eatre) \u00e0 la fran\u00e7aise s&#8217;actionne sur un axe vertical et s&#8217;ouvre vers l&#8217;int\u00e9rieur.<\/p>\n\n\t\t\t\t\t\t\t\t\t\t\n\t\t\t\t\t\t\t\t\t<\/div>\n\t\t\t\t\t\t\t\t\t\t\t\t\t\t\t\t\t\t\t\t\t\t\t<\/div>\n\n\t\t\t\t\t\t\t\t\t\t\t<\/div>\n\t\t\t\t<\/details>\n\t\t\t\t\t<\/div>\n\t\t\t<div class=\"accordion\">\n\t\t\t\t\t\t\t\t\t\t<details class=\"accordion-item\" data-js-accordion>\n\t\t\t\t\t<summary class=\"accordion-item__header\">\n\t\t\t\t\t\t<div class=\"container\">\n\t\t\t\t\t\t\t<h2 class=\"accordion-item__title h4\">Fen\u00eatre oscillo-battante : Ventilation intelligente<\/h2>\n\t\t\t\t\t\t\t<div class=\"accordion-item__icon\"><\/div>\n\t\t\t\t\t\t<\/div>\n\t\t\t\t\t<\/summary>\n\t\t\t\t\t<div class=\"accordion-item__content container\">\n\t\t\t\t\t\t\t\t\t\t\t\t\t\t\t\t\t\t\t\t\t\t\t\t\t\t\t\t\t\t\t\t\t\t\t\t\t\t\t\t\t\t\t\t\t\t\t\t\n\t\t\t\t\t\t\t<div class=\"accordion-item__content__row paragraph has-image\">\n\t\t\t\t\t\t\t\t\t\t\t\t\t\t\t\t\t\t\t\t\t\t\t\t\t\t\t\t\t\t\t\t\t\t\t\t\t\t\t\t\t\t\t\t\t<div class=\"content-image\">\n\t\t\t\t\t\t\t\t\t\t\t\t\t\t<img decoding=\"async\" class=\"img\" src=\"https:\/\/www.batir-en-alu.fr\/pros\/wp-content\/uploads\/sites\/3\/2025\/11\/9A4199b.jpg\" srcset=\"https:\/\/www.batir-en-alu.fr\/pros\/wp-content\/uploads\/sites\/3\/2025\/11\/9A4199b.jpg 683w, https:\/\/www.batir-en-alu.fr\/pros\/wp-content\/uploads\/sites\/3\/2025\/11\/9A4199b-200x300.jpg 200w\" sizes=\"(max-width: 683px) 100vw, 683px\" loading=\"lazy\" alt=\"Fen\u00eatre oscillo-battante\"\/>\n\t\t\t\t\t\t\t\t\t\t\t<\/div>\n\t\t\t\t\t\t\t\t\t\t\t\t\t\t\t\t\t\t<div class=\"content-text\">\n\t\t\t\t\t\t\t\t\t\t<p>Id\u00e9ale pour les pi\u00e8ces humides comme la cuisine ou la salle de bain, la fen\u00eatre oscillo-battante combine les avantages d\u2019une ouverture totale et d\u2019une a\u00e9ration discr\u00e8te gr\u00e2ce \u00e0 son syst\u00e8me de basculement. Elle offre une ouverture totale dans la largeur ou une position inclin\u00e9e des vantaux basculants horizontalement vers l&#8217;int\u00e9rieur. Parfaite pour renouveler l\u2019air sans encombrer l\u2019espace.<\/p>\n\n\t\t\t\t\t\t\t\t\t\t\n\t\t\t\t\t\t\t\t\t<\/div>\n\t\t\t\t\t\t\t\t\t\t\t\t\t\t\t\t\t\t\t\t\t\t\t<\/div>\n\n\t\t\t\t\t\t\t\t\t\t\t<\/div>\n\t\t\t\t<\/details>\n\t\t\t\t\t<\/div>\n\t\t\t<div class=\"accordion\">\n\t\t\t\t\t\t\t\t\t\t<details class=\"accordion-item\" data-js-accordion>\n\t\t\t\t\t<summary class=\"accordion-item__header\">\n\t\t\t\t\t\t<div class=\"container\">\n\t\t\t\t\t\t\t<h2 class=\"accordion-item__title h4\">Fen\u00eatre \u00e0 l&#8217;ouvrant cach\u00e9 : Design \u00e9pur\u00e9 et luminosit\u00e9 accrue<\/h2>\n\t\t\t\t\t\t\t<div class=\"accordion-item__icon\"><\/div>\n\t\t\t\t\t\t<\/div>\n\t\t\t\t\t<\/summary>\n\t\t\t\t\t<div class=\"accordion-item__content container\">\n\t\t\t\t\t\t\t\t\t\t\t\t\t\t\t\t\t\t\t\t\t\t\t\t\t\t\t\t\t\t\t\t\t\t\t\t\t\t\t\t\t\t\t\t\t\t\t\t\n\t\t\t\t\t\t\t<div class=\"accordion-item__content__row paragraph\">\n\t\t\t\t\t\t\t\t\t\t\t\t\t\t\t\t\t\t\t\t\t\t\t\t\t\t\t\t\t\t\t\t\t\t<div class=\"content-text\">\n\t\t\t\t\t\t\t\t\t\t<p>Exclusivit\u00e9 aluminium : l\u2019ouvrant cach\u00e9 permet de gagner 20% de lumi\u00e8re suppl\u00e9mentaire en masquant le cadre de l\u2019ouvrant int\u00e9rieur derri\u00e8re le dormant, laissant seulement le vitrage appara\u00eetre depuis l&#8217;ext\u00e9rieur. Une solution id\u00e9ale pour les petites fen\u00eatres ou les projets de r\u00e9novation.<\/p>\n\n\t\t\t\t\t\t\t\t\t\t\n\t\t\t\t\t\t\t\t\t<\/div>\n\t\t\t\t\t\t\t\t\t\t\t\t\t\t\t\t\t\t\t\t\t\t\t<\/div>\n\n\t\t\t\t\t\t\t\t\t\t\t<\/div>\n\t\t\t\t<\/details>\n\t\t\t\t\t<\/div>\n\t\t\t<div class=\"accordion\">\n\t\t\t\t\t\t\t\t\t\t<details class=\"accordion-item\" data-js-accordion>\n\t\t\t\t\t<summary class=\"accordion-item__header\">\n\t\t\t\t\t\t<div class=\"container\">\n\t\t\t\t\t\t\t<h2 class=\"accordion-item__title h4\">Fen\u00eatre \u00e0 soufflet : A\u00e9ration optimale pour les espaces r\u00e9duits<\/h2>\n\t\t\t\t\t\t\t<div class=\"accordion-item__icon\"><\/div>\n\t\t\t\t\t\t<\/div>\n\t\t\t\t\t<\/summary>\n\t\t\t\t\t<div class=\"accordion-item__content container\">\n\t\t\t\t\t\t\t\t\t\t\t\t\t\t\t\t\t\t\t\t\t\t\t\t\t\t\t\t\t\t\t\t\t\t\t\t\t\t\t\t\t\t\t\t\t\t\t\t\n\t\t\t\t\t\t\t<div class=\"accordion-item__content__row paragraph\">\n\t\t\t\t\t\t\t\t\t\t\t\t\t\t\t\t\t\t\t\t\t\t\t\t\t\t\t\t\t\t\t\t\t\t<div class=\"content-text\">\n\t\t\t\t\t\t\t\t\t\t<p>La fen\u00eatre \u00e0 soufflet est con\u00e7ue pour ventiler les pi\u00e8ces o\u00f9 l\u2019espace est limit\u00e9. Elle s\u2019ouvre en projection vers l\u2019int\u00e9rieur sur un axe horizontal et est particuli\u00e8rement adapt\u00e9e aux caves, buanderies ou garages.<\/p>\n\n\t\t\t\t\t\t\t\t\t\t\n\t\t\t\t\t\t\t\t\t<\/div>\n\t\t\t\t\t\t\t\t\t\t\t\t\t\t\t\t\t\t\t\t\t\t\t<\/div>\n\n\t\t\t\t\t\t\t\t\t\t\t<\/div>\n\t\t\t\t<\/details>\n\t\t\t\t\t<\/div>\n\t\t\t<div class=\"accordion\">\n\t\t\t\t\t\t\t\t\t\t<details class=\"accordion-item\" data-js-accordion>\n\t\t\t\t\t<summary class=\"accordion-item__header\">\n\t\t\t\t\t\t<div class=\"container\">\n\t\t\t\t\t\t\t<h2 class=\"accordion-item__title h4\">Fen\u00eatre basculante : Confort et praticit\u00e9<\/h2>\n\t\t\t\t\t\t\t<div class=\"accordion-item__icon\"><\/div>\n\t\t\t\t\t\t<\/div>\n\t\t\t\t\t<\/summary>\n\t\t\t\t\t<div class=\"accordion-item__content container\">\n\t\t\t\t\t\t\t\t\t\t\t\t\t\t\t\t\t\t\t\t\t\t\t\t\t\t\t\t\t\t\t\t\t\t\t\t\t\t\t\t\t\t\t\t\t\t\t\t\n\t\t\t\t\t\t\t<div class=\"accordion-item__content__row paragraph\">\n\t\t\t\t\t\t\t\t\t\t\t\t\t\t\t\t\t\t\t\t\t\t\t\t\t\t\t\t\t\t\t\t\t\t<div class=\"content-text\">\n\t\t\t\t\t\t\t\t\t\t<p>La fen\u00eatre basculante pivote horizontalement vers l\u2019ext\u00e9rieur, offrant une a\u00e9ration efficace sans encombrer l\u2019espace int\u00e9rieur. Tr\u00e8s utilis\u00e9e comme fen\u00eatre de toit, elle peut \u00eatre motoris\u00e9e pour un confort optimal. Son ouverture par rotation s&#8217;adapte \u00e0 toutes les pentes comprises entre 15 et 90\u00b0C et peut \u00e9galement \u00eatre motoris\u00e9e.<\/p>\n\n\t\t\t\t\t\t\t\t\t\t\n\t\t\t\t\t\t\t\t\t<\/div>\n\t\t\t\t\t\t\t\t\t\t\t\t\t\t\t\t\t\t\t\t\t\t\t<\/div>\n\n\t\t\t\t\t\t\t\t\t\t\t<\/div>\n\t\t\t\t<\/details>\n\t\t\t\t\t<\/div>\n\t\t\t<div class=\"accordion\">\n\t\t\t\t\t\t\t\t\t\t<details class=\"accordion-item\" data-js-accordion>\n\t\t\t\t\t<summary class=\"accordion-item__header\">\n\t\t\t\t\t\t<div class=\"container\">\n\t\t\t\t\t\t\t<h2 class=\"accordion-item__title h4\">Fen\u00eatre \u00e0 l\u2019anglaise : Ouverture vers l\u2019ext\u00e9rieur<\/h2>\n\t\t\t\t\t\t\t<div class=\"accordion-item__icon\"><\/div>\n\t\t\t\t\t\t<\/div>\n\t\t\t\t\t<\/summary>\n\t\t\t\t\t<div class=\"accordion-item__content container\">\n\t\t\t\t\t\t\t\t\t\t\t\t\t\t\t\t\t\t\t\t\t\t\t\t\t\t\t\t\t\t\t\t\t\t\t\t\t\t\t\t\t\t\t\t\t\t\t\t\n\t\t\t\t\t\t\t<div class=\"accordion-item__content__row paragraph\">\n\t\t\t\t\t\t\t\t\t\t\t\t\t\t\t\t\t\t\t\t\t\t\t\t\t\t\t\t\t\t\t\t\t\t<div class=\"content-text\">\n\t\t\t\t\t\t\t\t\t\t<p>Contrairement \u00e0 la fen\u00eatre \u00e0 la fran\u00e7aise, la fen\u00eatre \u00e0 l\u2019anglaise s\u2019ouvre vers l\u2019ext\u00e9rieur, pr\u00e9servant ainsi l\u2019espace int\u00e9rieur. Elle est particuli\u00e8rement adapt\u00e9e aux petits espaces et offre une excellente \u00e9tanch\u00e9it\u00e9.<\/p>\n\n\t\t\t\t\t\t\t\t\t\t\n\t\t\t\t\t\t\t\t\t<\/div>\n\t\t\t\t\t\t\t\t\t\t\t\t\t\t\t\t\t\t\t\t\t\t\t<\/div>\n\n\t\t\t\t\t\t\t\t\t\t\t<\/div>\n\t\t\t\t<\/details>\n\t\t\t\t\t<\/div>\n\t\t\t<div class=\"accordion\">\n\t\t\t\t\t\t\t\t\t\t<details class=\"accordion-item\" data-js-accordion>\n\t\t\t\t\t<summary class=\"accordion-item__header\">\n\t\t\t\t\t\t<div class=\"container\">\n\t\t\t\t\t\t\t<h2 class=\"accordion-item__title h4\">Fen\u00eatre \u00e0 l\u2019italienne : A\u00e9ration naturelle et \u00e9l\u00e9gante <\/h2>\n\t\t\t\t\t\t\t<div class=\"accordion-item__icon\"><\/div>\n\t\t\t\t\t\t<\/div>\n\t\t\t\t\t<\/summary>\n\t\t\t\t\t<div class=\"accordion-item__content container\">\n\t\t\t\t\t\t\t\t\t\t\t\t\t\t\t\t\t\t\t\t\t\t\t\t\t\t\t\t\t\t\t\t\t\t\t\t\t\t\t\t\t\t\t\t\t\t\t\t\n\t\t\t\t\t\t\t<div class=\"accordion-item__content__row paragraph\">\n\t\t\t\t\t\t\t\t\t\t\t\t\t\t\t\t\t\t\t\t\t\t\t\t\t\t\t\t\t\t\t\t\t\t<div class=\"content-text\">\n\t\t\t\t\t\t\t\t\t\t<p>Tr\u00e8s pris\u00e9e dans les r\u00e9gions ensoleill\u00e9es, la fen\u00eatre \u00e0 l\u2019italienne s\u2019ouvre horizontalement vers l\u2019ext\u00e9rieur, permettant une ventilation naturelle sans encombrer la pi\u00e8ce.<\/p>\n\n\t\t\t\t\t\t\t\t\t\t\n\t\t\t\t\t\t\t\t\t<\/div>\n\t\t\t\t\t\t\t\t\t\t\t\t\t\t\t\t\t\t\t\t\t\t\t<\/div>\n\n\t\t\t\t\t\t\t\t\t\t\t<\/div>\n\t\t\t\t<\/details>\n\t\t\t\t\t<\/div>\n\t\n\t<\/div>\n\n<\/div>\n\t<\/div>\n\n\t<\/div>\n","protected":false},"excerpt":{"rendered":"","protected":false},"author":21,"featured_media":1716,"parent":1383,"menu_order":0,"comment_status":"closed","ping_status":"closed","template":"","meta":{"_acf_changed":false,"footnotes":""},"class_list":["post-1393","page","type-page","status-publish","has-post-thumbnail","hentry"],"acf":[],"yoast_head":"<!-- This site is optimized with the Yoast SEO plugin v26.9 - https:\/\/yoast.com\/product\/yoast-seo-wordpress\/ -->\n<title>Fen\u00eatres Battantes en Aluminium - B\u00e2tir en Alu.fr - Professionnels<\/title>\n<meta name=\"description\" content=\"Fen\u00eatres battantes en aluminium : \u00e0 la fran\u00e7aise, oscillo-battante, ouvrant cach\u00e9, \u00e0 soufflet et plus. Isolation, luminosit\u00e9 et design pour tous vos projets b\u00e2timent.\" \/>\n<meta name=\"robots\" content=\"index, follow, max-snippet:-1, max-image-preview:large, max-video-preview:-1\" \/>\n<link rel=\"canonical\" href=\"https:\/\/www.batir-en-alu.fr\/pros\/menuiserie-aluminium\/fenetres-en-aluminium-elegance-performance-et-durabilite\/fenetres-battantes-en-aluminium\/\" \/>\n<meta property=\"og:locale\" content=\"fr_FR\" \/>\n<meta property=\"og:type\" content=\"article\" \/>\n<meta property=\"og:title\" content=\"Fen\u00eatres Battantes en Aluminium - B\u00e2tir en Alu.fr - Professionnels\" \/>\n<meta property=\"og:description\" content=\"Fen\u00eatres battantes en aluminium : \u00e0 la fran\u00e7aise, oscillo-battante, ouvrant cach\u00e9, \u00e0 soufflet et plus. Isolation, luminosit\u00e9 et design pour tous vos projets b\u00e2timent.\" \/>\n<meta property=\"og:url\" content=\"https:\/\/www.batir-en-alu.fr\/pros\/menuiserie-aluminium\/fenetres-en-aluminium-elegance-performance-et-durabilite\/fenetres-battantes-en-aluminium\/\" \/>\n<meta property=\"og:site_name\" content=\"B\u00e2tir en Alu.fr - Professionnels\" \/>\n<meta property=\"article:modified_time\" content=\"2026-02-25T09:37:56+00:00\" \/>\n<meta property=\"og:image\" content=\"https:\/\/www.batir-en-alu.fr\/pros\/wp-content\/uploads\/sites\/3\/2025\/11\/2306_0179.jpg\" \/>\n\t<meta property=\"og:image:width\" content=\"1024\" \/>\n\t<meta property=\"og:image:height\" content=\"606\" \/>\n\t<meta property=\"og:image:type\" content=\"image\/jpeg\" \/>\n<meta name=\"twitter:card\" content=\"summary_large_image\" \/>\n<meta name=\"twitter:label1\" content=\"Dur\u00e9e de lecture estim\u00e9e\" \/>\n\t<meta name=\"twitter:data1\" content=\"1 minute\" \/>\n<script type=\"application\/ld+json\" class=\"yoast-schema-graph\">{\"@context\":\"https:\/\/schema.org\",\"@graph\":[{\"@type\":\"WebPage\",\"@id\":\"https:\/\/www.batir-en-alu.fr\/pros\/menuiserie-aluminium\/fenetres-en-aluminium-elegance-performance-et-durabilite\/fenetres-battantes-en-aluminium\/\",\"url\":\"https:\/\/www.batir-en-alu.fr\/pros\/menuiserie-aluminium\/fenetres-en-aluminium-elegance-performance-et-durabilite\/fenetres-battantes-en-aluminium\/\",\"name\":\"Fen\u00eatres Battantes en Aluminium - B\u00e2tir en Alu.fr - Professionnels\",\"isPartOf\":{\"@id\":\"https:\/\/www.batir-en-alu.fr\/pros\/#website\"},\"primaryImageOfPage\":{\"@id\":\"https:\/\/www.batir-en-alu.fr\/pros\/menuiserie-aluminium\/fenetres-en-aluminium-elegance-performance-et-durabilite\/fenetres-battantes-en-aluminium\/#primaryimage\"},\"image\":{\"@id\":\"https:\/\/www.batir-en-alu.fr\/pros\/menuiserie-aluminium\/fenetres-en-aluminium-elegance-performance-et-durabilite\/fenetres-battantes-en-aluminium\/#primaryimage\"},\"thumbnailUrl\":\"https:\/\/www.batir-en-alu.fr\/pros\/wp-content\/uploads\/sites\/3\/2025\/11\/2306_0179.jpg\",\"datePublished\":\"2025-10-31T10:56:41+00:00\",\"dateModified\":\"2026-02-25T09:37:56+00:00\",\"description\":\"Fen\u00eatres battantes en aluminium : \u00e0 la fran\u00e7aise, oscillo-battante, ouvrant cach\u00e9, \u00e0 soufflet et plus. Isolation, luminosit\u00e9 et design pour tous vos projets b\u00e2timent.\",\"breadcrumb\":{\"@id\":\"https:\/\/www.batir-en-alu.fr\/pros\/menuiserie-aluminium\/fenetres-en-aluminium-elegance-performance-et-durabilite\/fenetres-battantes-en-aluminium\/#breadcrumb\"},\"inLanguage\":\"fr-FR\",\"potentialAction\":[{\"@type\":\"ReadAction\",\"target\":[\"https:\/\/www.batir-en-alu.fr\/pros\/menuiserie-aluminium\/fenetres-en-aluminium-elegance-performance-et-durabilite\/fenetres-battantes-en-aluminium\/\"]}]},{\"@type\":\"ImageObject\",\"inLanguage\":\"fr-FR\",\"@id\":\"https:\/\/www.batir-en-alu.fr\/pros\/menuiserie-aluminium\/fenetres-en-aluminium-elegance-performance-et-durabilite\/fenetres-battantes-en-aluminium\/#primaryimage\",\"url\":\"https:\/\/www.batir-en-alu.fr\/pros\/wp-content\/uploads\/sites\/3\/2025\/11\/2306_0179.jpg\",\"contentUrl\":\"https:\/\/www.batir-en-alu.fr\/pros\/wp-content\/uploads\/sites\/3\/2025\/11\/2306_0179.jpg\",\"width\":1024,\"height\":606},{\"@type\":\"BreadcrumbList\",\"@id\":\"https:\/\/www.batir-en-alu.fr\/pros\/menuiserie-aluminium\/fenetres-en-aluminium-elegance-performance-et-durabilite\/fenetres-battantes-en-aluminium\/#breadcrumb\",\"itemListElement\":[{\"@type\":\"ListItem\",\"position\":1,\"name\":\"\u00b7\u00b7\u00b7\",\"item\":\"https:\/\/www.batir-en-alu.fr\/pros\"},{\"@type\":\"ListItem\",\"position\":2,\"name\":\"B\u00e2tir En Alu\",\"item\":\"https:\/\/www.batir-en-alu.fr\/\"},{\"@type\":\"ListItem\",\"position\":3,\"name\":\"Professionnels\",\"item\":\"https:\/\/www.batir-en-alu.fr\/pros\/\"},{\"@type\":\"ListItem\",\"position\":4,\"name\":\"La menuiserie aluminium\",\"item\":\"https:\/\/www.batir-en-alu.fr\/pros\/menuiserie-aluminium\/\"},{\"@type\":\"ListItem\",\"position\":5,\"name\":\"Fen\u00eatres en aluminium\",\"item\":\"https:\/\/www.batir-en-alu.fr\/pros\/menuiserie-aluminium\/fenetres-en-aluminium-elegance-performance-et-durabilite\/\"},{\"@type\":\"ListItem\",\"position\":6,\"name\":\"Fen\u00eatres Battantes en Aluminium\"}]},{\"@type\":\"WebSite\",\"@id\":\"https:\/\/www.batir-en-alu.fr\/pros\/#website\",\"url\":\"https:\/\/www.batir-en-alu.fr\/pros\/\",\"name\":\"B\u00e2tir en alu Professionnels\",\"description\":\"Professionnels de la Menuiserie aluminium\",\"publisher\":{\"@id\":\"https:\/\/www.batir-en-alu.fr\/pros\/#organization\"},\"potentialAction\":[{\"@type\":\"SearchAction\",\"target\":{\"@type\":\"EntryPoint\",\"urlTemplate\":\"https:\/\/www.batir-en-alu.fr\/pros\/?s={search_term_string}\"},\"query-input\":{\"@type\":\"PropertyValueSpecification\",\"valueRequired\":true,\"valueName\":\"search_term_string\"}}],\"inLanguage\":\"fr-FR\"},{\"@type\":\"Organization\",\"@id\":\"https:\/\/www.batir-en-alu.fr\/pros\/#organization\",\"name\":\"B\u00e2tir en alu Professionnels\",\"url\":\"https:\/\/www.batir-en-alu.fr\/pros\/\",\"logo\":{\"@type\":\"ImageObject\",\"inLanguage\":\"fr-FR\",\"@id\":\"https:\/\/www.batir-en-alu.fr\/pros\/#\/schema\/logo\/image\/\",\"url\":\"https:\/\/www.batir-en-alu.fr\/pros\/wp-content\/uploads\/sites\/3\/2026\/03\/logo-batir-en-alu-pro.webp\",\"contentUrl\":\"https:\/\/www.batir-en-alu.fr\/pros\/wp-content\/uploads\/sites\/3\/2026\/03\/logo-batir-en-alu-pro.webp\",\"width\":276,\"height\":310,\"caption\":\"B\u00e2tir en alu Professionnels\"},\"image\":{\"@id\":\"https:\/\/www.batir-en-alu.fr\/pros\/#\/schema\/logo\/image\/\"}}]}<\/script>\n<!-- \/ Yoast SEO plugin. -->","yoast_head_json":{"title":"Fen\u00eatres Battantes en Aluminium - B\u00e2tir en Alu.fr - Professionnels","description":"Fen\u00eatres battantes en aluminium : \u00e0 la fran\u00e7aise, oscillo-battante, ouvrant cach\u00e9, \u00e0 soufflet et plus. Isolation, luminosit\u00e9 et design pour tous vos projets b\u00e2timent.","robots":{"index":"index","follow":"follow","max-snippet":"max-snippet:-1","max-image-preview":"max-image-preview:large","max-video-preview":"max-video-preview:-1"},"canonical":"https:\/\/www.batir-en-alu.fr\/pros\/menuiserie-aluminium\/fenetres-en-aluminium-elegance-performance-et-durabilite\/fenetres-battantes-en-aluminium\/","og_locale":"fr_FR","og_type":"article","og_title":"Fen\u00eatres Battantes en Aluminium - B\u00e2tir en Alu.fr - Professionnels","og_description":"Fen\u00eatres battantes en aluminium : \u00e0 la fran\u00e7aise, oscillo-battante, ouvrant cach\u00e9, \u00e0 soufflet et plus. Isolation, luminosit\u00e9 et design pour tous vos projets b\u00e2timent.","og_url":"https:\/\/www.batir-en-alu.fr\/pros\/menuiserie-aluminium\/fenetres-en-aluminium-elegance-performance-et-durabilite\/fenetres-battantes-en-aluminium\/","og_site_name":"B\u00e2tir en Alu.fr - Professionnels","article_modified_time":"2026-02-25T09:37:56+00:00","og_image":[{"width":1024,"height":606,"url":"https:\/\/www.batir-en-alu.fr\/pros\/wp-content\/uploads\/sites\/3\/2025\/11\/2306_0179.jpg","type":"image\/jpeg"}],"twitter_card":"summary_large_image","twitter_misc":{"Dur\u00e9e de lecture estim\u00e9e":"1 minute"},"schema":{"@context":"https:\/\/schema.org","@graph":[{"@type":"WebPage","@id":"https:\/\/www.batir-en-alu.fr\/pros\/menuiserie-aluminium\/fenetres-en-aluminium-elegance-performance-et-durabilite\/fenetres-battantes-en-aluminium\/","url":"https:\/\/www.batir-en-alu.fr\/pros\/menuiserie-aluminium\/fenetres-en-aluminium-elegance-performance-et-durabilite\/fenetres-battantes-en-aluminium\/","name":"Fen\u00eatres Battantes en Aluminium - B\u00e2tir en Alu.fr - Professionnels","isPartOf":{"@id":"https:\/\/www.batir-en-alu.fr\/pros\/#website"},"primaryImageOfPage":{"@id":"https:\/\/www.batir-en-alu.fr\/pros\/menuiserie-aluminium\/fenetres-en-aluminium-elegance-performance-et-durabilite\/fenetres-battantes-en-aluminium\/#primaryimage"},"image":{"@id":"https:\/\/www.batir-en-alu.fr\/pros\/menuiserie-aluminium\/fenetres-en-aluminium-elegance-performance-et-durabilite\/fenetres-battantes-en-aluminium\/#primaryimage"},"thumbnailUrl":"https:\/\/www.batir-en-alu.fr\/pros\/wp-content\/uploads\/sites\/3\/2025\/11\/2306_0179.jpg","datePublished":"2025-10-31T10:56:41+00:00","dateModified":"2026-02-25T09:37:56+00:00","description":"Fen\u00eatres battantes en aluminium : \u00e0 la fran\u00e7aise, oscillo-battante, ouvrant cach\u00e9, \u00e0 soufflet et plus. Isolation, luminosit\u00e9 et design pour tous vos projets b\u00e2timent.","breadcrumb":{"@id":"https:\/\/www.batir-en-alu.fr\/pros\/menuiserie-aluminium\/fenetres-en-aluminium-elegance-performance-et-durabilite\/fenetres-battantes-en-aluminium\/#breadcrumb"},"inLanguage":"fr-FR","potentialAction":[{"@type":"ReadAction","target":["https:\/\/www.batir-en-alu.fr\/pros\/menuiserie-aluminium\/fenetres-en-aluminium-elegance-performance-et-durabilite\/fenetres-battantes-en-aluminium\/"]}]},{"@type":"ImageObject","inLanguage":"fr-FR","@id":"https:\/\/www.batir-en-alu.fr\/pros\/menuiserie-aluminium\/fenetres-en-aluminium-elegance-performance-et-durabilite\/fenetres-battantes-en-aluminium\/#primaryimage","url":"https:\/\/www.batir-en-alu.fr\/pros\/wp-content\/uploads\/sites\/3\/2025\/11\/2306_0179.jpg","contentUrl":"https:\/\/www.batir-en-alu.fr\/pros\/wp-content\/uploads\/sites\/3\/2025\/11\/2306_0179.jpg","width":1024,"height":606},{"@type":"BreadcrumbList","@id":"https:\/\/www.batir-en-alu.fr\/pros\/menuiserie-aluminium\/fenetres-en-aluminium-elegance-performance-et-durabilite\/fenetres-battantes-en-aluminium\/#breadcrumb","itemListElement":[{"@type":"ListItem","position":1,"name":"\u00b7\u00b7\u00b7","item":"https:\/\/www.batir-en-alu.fr\/pros"},{"@type":"ListItem","position":2,"name":"B\u00e2tir En Alu","item":"https:\/\/www.batir-en-alu.fr\/"},{"@type":"ListItem","position":3,"name":"Professionnels","item":"https:\/\/www.batir-en-alu.fr\/pros\/"},{"@type":"ListItem","position":4,"name":"La menuiserie aluminium","item":"https:\/\/www.batir-en-alu.fr\/pros\/menuiserie-aluminium\/"},{"@type":"ListItem","position":5,"name":"Fen\u00eatres en aluminium","item":"https:\/\/www.batir-en-alu.fr\/pros\/menuiserie-aluminium\/fenetres-en-aluminium-elegance-performance-et-durabilite\/"},{"@type":"ListItem","position":6,"name":"Fen\u00eatres Battantes en Aluminium"}]},{"@type":"WebSite","@id":"https:\/\/www.batir-en-alu.fr\/pros\/#website","url":"https:\/\/www.batir-en-alu.fr\/pros\/","name":"B\u00e2tir en alu Professionnels","description":"Professionnels de la Menuiserie aluminium","publisher":{"@id":"https:\/\/www.batir-en-alu.fr\/pros\/#organization"},"potentialAction":[{"@type":"SearchAction","target":{"@type":"EntryPoint","urlTemplate":"https:\/\/www.batir-en-alu.fr\/pros\/?s={search_term_string}"},"query-input":{"@type":"PropertyValueSpecification","valueRequired":true,"valueName":"search_term_string"}}],"inLanguage":"fr-FR"},{"@type":"Organization","@id":"https:\/\/www.batir-en-alu.fr\/pros\/#organization","name":"B\u00e2tir en alu Professionnels","url":"https:\/\/www.batir-en-alu.fr\/pros\/","logo":{"@type":"ImageObject","inLanguage":"fr-FR","@id":"https:\/\/www.batir-en-alu.fr\/pros\/#\/schema\/logo\/image\/","url":"https:\/\/www.batir-en-alu.fr\/pros\/wp-content\/uploads\/sites\/3\/2026\/03\/logo-batir-en-alu-pro.webp","contentUrl":"https:\/\/www.batir-en-alu.fr\/pros\/wp-content\/uploads\/sites\/3\/2026\/03\/logo-batir-en-alu-pro.webp","width":276,"height":310,"caption":"B\u00e2tir en alu Professionnels"},"image":{"@id":"https:\/\/www.batir-en-alu.fr\/pros\/#\/schema\/logo\/image\/"}}]}},"_links":{"self":[{"href":"https:\/\/www.batir-en-alu.fr\/pros\/wp-json\/wp\/v2\/pages\/1393","targetHints":{"allow":["GET"]}}],"collection":[{"href":"https:\/\/www.batir-en-alu.fr\/pros\/wp-json\/wp\/v2\/pages"}],"about":[{"href":"https:\/\/www.batir-en-alu.fr\/pros\/wp-json\/wp\/v2\/types\/page"}],"author":[{"embeddable":true,"href":"https:\/\/www.batir-en-alu.fr\/pros\/wp-json\/wp\/v2\/users\/21"}],"replies":[{"embeddable":true,"href":"https:\/\/www.batir-en-alu.fr\/pros\/wp-json\/wp\/v2\/comments?post=1393"}],"version-history":[{"count":6,"href":"https:\/\/www.batir-en-alu.fr\/pros\/wp-json\/wp\/v2\/pages\/1393\/revisions"}],"predecessor-version":[{"id":1870,"href":"https:\/\/www.batir-en-alu.fr\/pros\/wp-json\/wp\/v2\/pages\/1393\/revisions\/1870"}],"up":[{"embeddable":true,"href":"https:\/\/www.batir-en-alu.fr\/pros\/wp-json\/wp\/v2\/pages\/1383"}],"wp:featuredmedia":[{"embeddable":true,"href":"https:\/\/www.batir-en-alu.fr\/pros\/wp-json\/wp\/v2\/media\/1716"}],"wp:attachment":[{"href":"https:\/\/www.batir-en-alu.fr\/pros\/wp-json\/wp\/v2\/media?parent=1393"}],"curies":[{"name":"wp","href":"https:\/\/api.w.org\/{rel}","templated":true}]}}