{"id":1383,"date":"2025-10-31T11:45:44","date_gmt":"2025-10-31T10:45:44","guid":{"rendered":"https:\/\/snfa.grouperougevif.fr\/pros\/?page_id=1383"},"modified":"2026-02-25T11:22:27","modified_gmt":"2026-02-25T10:22:27","slug":"fenetres-en-aluminium-elegance-performance-et-durabilite","status":"publish","type":"page","link":"https:\/\/www.batir-en-alu.fr\/pros\/menuiserie-aluminium\/fenetres-en-aluminium-elegance-performance-et-durabilite\/","title":{"rendered":"Fen\u00eatres en aluminium"},"content":{"rendered":"\n\n\n\t<div class=\"align wp-block-acf-layout-wrap\">\n\n\t\n\n\t\t<div class=\"layout-wrap\" >\n\t\t<div class=\"innerblock\">\n\n\n\n\t<div class=\"align wp-block-acf-paragraphs\">\n\n\t\n\n\t\t<div class=\"paragraphs container\">\n\n\t\t\t\t\t\t\t<div class=\"paragraphs__content\">\n\t\t\t\t\t\t\t\t\t\t\t\t\t\t\t<h2 class=\"paragraphs__content__title h3\">\u00c9l\u00e9gance, performance et durabilit\u00e9<\/h2>\n\t\t\t\t\t\t\t\t\t\t\t\t\t\t\t\t\t\t\t\t\t\t\t\t\t\t\t\t\t\t\t\t\t\t\t\t\t\t\t\t<div class=\"paragraphs__content__text\"><p>L\u2019aluminium est le mat\u00e9riau id\u00e9al pour concevoir des fen\u00eatres sur mesure, alliant esth\u00e9tique moderne, performance thermique et durabilit\u00e9 exceptionnelle. Gr\u00e2ce \u00e0 sa l\u00e9g\u00e8ret\u00e9 et sa r\u00e9sistance, il permet de cr\u00e9er des ouvertures adapt\u00e9es \u00e0 tous les styles architecturaux et \u00e0 tous les projets, qu\u2019il s\u2019agisse de construction neuve ou de r\u00e9novation.<\/p>\n<\/div>\n\t\t\t\t\t\t\t\t\t\t\t\t\t\t\t\t\t\t\t\t\t\t<\/div>\n\t\t\t<\/div>\n\n\t<\/div>\n\n\n\n\n\n\t<div class=\"align wp-block-acf-cascading-subtopics\">\n\n\t\n\n\t\t<div class=\"cascading-subtopics js-cascading-subtopics\">\n\t\t<div class=\"cascading-subtopics__image\">\n\t\t\t\t\t\t\t\t\t<img decoding=\"async\" class=\"img\" src=\"https:\/\/www.batir-en-alu.fr\/pros\/wp-content\/uploads\/sites\/3\/2025\/10\/52-Champs-Elysees-Auvergne-Alu-Paris-JDA_1631.jpg\" srcset=\"https:\/\/www.batir-en-alu.fr\/pros\/wp-content\/uploads\/sites\/3\/2025\/10\/52-Champs-Elysees-Auvergne-Alu-Paris-JDA_1631.jpg 1024w, https:\/\/www.batir-en-alu.fr\/pros\/wp-content\/uploads\/sites\/3\/2025\/10\/52-Champs-Elysees-Auvergne-Alu-Paris-JDA_1631-300x200.jpg 300w, https:\/\/www.batir-en-alu.fr\/pros\/wp-content\/uploads\/sites\/3\/2025\/10\/52-Champs-Elysees-Auvergne-Alu-Paris-JDA_1631-768x512.jpg 768w\" sizes=\"(max-width: 1024px) 100vw, 1024px\" loading=\"lazy\" alt=\"\"\/>\n\t\t\t<\/div>\n\t\t<div class=\"cascading-subtopics__cards container is-cascading\">\n\t\t\t\t\t\t\t<div class=\"item-wrapper\">\n\t\t\t\t\t<div class=\"subtopic\">\n\t\t\t\t\t\t<div class=\"subtopic__content\">\n\t\t\t\t\t\t\t<h3 class=\"subtopic__title\">Fen\u00eatres Battantes en Aluminium  <\/h3>\n\t\t\t\t\t\t\t<div class=\"subtopic__text\"> <\/div>\n\t\t\t\t\t\t\t<div class=\"subtopic__button\">\n\t\t\t\t\t\t\t\t\n\n<a href=\"https:\/\/www.batir-en-alu.fr\/pros\/fenetres-en-aluminium-elegance-performance-et-durabilite\/fenetres-battantes-en-aluminium\/\" class=\"button-primary\"  >\n\t\t\t<span class=\"button__text\">\n\t\t\t\t\t\tEn savoir plus \n\t\t<\/span>\n\t\t\t\t<span class=\"button__arrow\">\n\t\t\t<svg xmlns=\"http:\/\/www.w3.org\/2000\/svg\" viewBox=\"0 0 25.426 11.208\"><g data-name=\"Groupe 11\" fill=\"none\" stroke=\"#248cd9\" stroke-width=\"2\"><path data-name=\"Trac\u00e9 16\" d=\"m19.272 10.501 4.739-4.739L18.956.707\"\/><path data-name=\"Ligne 9\" d=\"M0 5.762h24.011\"\/><\/g><\/svg>\n\t\t<\/span>\n\t<\/a>\n\n\t\t\t\t\t\t\t<\/div>\n\t\t\t\t\t\t<\/div>\n\t\t\t\t\t<\/div>\n\t\t\t\t<\/div>\n\t\t\t\t\t\t\t<div class=\"item-wrapper\">\n\t\t\t\t\t<div class=\"subtopic\">\n\t\t\t\t\t\t<div class=\"subtopic__content\">\n\t\t\t\t\t\t\t<h3 class=\"subtopic__title\">Fen\u00eatres Coulissantes et \u00e0 Galandage  <\/h3>\n\t\t\t\t\t\t\t<div class=\"subtopic__text\"> <\/div>\n\t\t\t\t\t\t\t<div class=\"subtopic__button\">\n\t\t\t\t\t\t\t\t\n\n<a href=\"https:\/\/www.batir-en-alu.fr\/pros\/menuiserie-aluminium\/solutions-aluminium\/fenetres-en-aluminium-elegance-performance-et-durabilite\/fenetres-coulissantes-et-a-galandage\/\" class=\"button-primary\"  >\n\t\t\t<span class=\"button__text\">\n\t\t\t\t\t\tEn savoir plus \n\t\t<\/span>\n\t\t\t\t<span class=\"button__arrow\">\n\t\t\t<svg xmlns=\"http:\/\/www.w3.org\/2000\/svg\" viewBox=\"0 0 25.426 11.208\"><g data-name=\"Groupe 11\" fill=\"none\" stroke=\"#248cd9\" stroke-width=\"2\"><path data-name=\"Trac\u00e9 16\" d=\"m19.272 10.501 4.739-4.739L18.956.707\"\/><path data-name=\"Ligne 9\" d=\"M0 5.762h24.011\"\/><\/g><\/svg>\n\t\t<\/span>\n\t<\/a>\n\n\t\t\t\t\t\t\t<\/div>\n\t\t\t\t\t\t<\/div>\n\t\t\t\t\t<\/div>\n\t\t\t\t<\/div>\n\t\t\t\t\t<\/div>\n\t<\/div>\n\n\t<\/div>\n\n\n\n\n\n\t<div class=\"align wp-block-acf-toolbox\">\n\n\t\n\n\t\t\n\n<div class=\"related-posts is-toolbox\">\n\t<div class=\"related-posts__inner container\">\n\t\t\t\t\t<p class=\"related-posts__title\">Votre bo\u00eete \u00e0 outils<\/p>\n\t\t\t\t<div class=\"related-posts__buttons\">\n\t\t\t\t\t\t\t\t\t\t\t<div class=\"related-posts__buttons__button\">\n\t\t\t\t\t\n\n<a href=\"https:\/\/www.batir-en-alu.fr\/alutheque?produit=fenetres\" class=\"button-secondary has-icon\"  >\n\t\t\t<span class=\"button__text\">\n\t\t\t\t\t\t\t<span class=\"button__icon\" style=\"background-image:url(https:\/\/www.batir-en-alu.fr\/pros\/wp-content\/uploads\/sites\/3\/2024\/07\/icon-alutheque.svg)\"><\/span>\n\t\t\t\t\t\tAlu&#8217;th\u00e8que sur les fen\u00eatres aluminium\n\t\t<\/span>\n\t\t\t\t<span class=\"button__arrow\">\n\t\t\t<svg xmlns=\"http:\/\/www.w3.org\/2000\/svg\" viewBox=\"0 0 25.426 11.208\"><g data-name=\"Groupe 11\" fill=\"none\" stroke=\"#248cd9\" stroke-width=\"2\"><path data-name=\"Trac\u00e9 16\" d=\"m19.272 10.501 4.739-4.739L18.956.707\"\/><path data-name=\"Ligne 9\" d=\"M0 5.762h24.011\"\/><\/g><\/svg>\n\t\t<\/span>\n\t<\/a>\n\n\t\t\t\t<\/div>\n\t\t\t\t\t\t\t\t\t\t\t<div class=\"related-posts__buttons__button\">\n\t\t\t\t\t\n\n<a href=\"https:\/\/www.batir-en-alu.fr\/pros\/annuaire-des-entreprises\/?univers=13\" class=\"button-secondary has-icon\"  >\n\t\t\t<span class=\"button__text\">\n\t\t\t\t\t\t\t<span class=\"button__icon\" style=\"background-image:url(https:\/\/www.batir-en-alu.fr\/pros\/wp-content\/uploads\/sites\/3\/2024\/07\/icon-handshake.svg)\"><\/span>\n\t\t\t\t\t\tTrouvez un professionnel de fen\u00eatres aluminium\n\t\t<\/span>\n\t\t\t\t<span class=\"button__arrow\">\n\t\t\t<svg xmlns=\"http:\/\/www.w3.org\/2000\/svg\" viewBox=\"0 0 25.426 11.208\"><g data-name=\"Groupe 11\" fill=\"none\" stroke=\"#248cd9\" stroke-width=\"2\"><path data-name=\"Trac\u00e9 16\" d=\"m19.272 10.501 4.739-4.739L18.956.707\"\/><path data-name=\"Ligne 9\" d=\"M0 5.762h24.011\"\/><\/g><\/svg>\n\t\t<\/span>\n\t<\/a>\n\n\t\t\t\t<\/div>\n\t\t\t\t\t<\/div>\n\t<\/div>\n<\/div>\n\n\t<\/div>\n\n\n\n\n<style>\n\t#block_3a7d2a3b5c76a2727ee2c6a56d9a2d9b{height:50px;}\n<\/style>\n\n\t<div class=\"align wp-block-acf-spacer\" id=\"block_3a7d2a3b5c76a2727ee2c6a56d9a2d9b\">\n\n\t\n\n\t\t\n\t<\/div>\n\n<\/div>\n\t<\/div>\n\n\t<\/div>\n","protected":false},"excerpt":{"rendered":"","protected":false},"author":21,"featured_media":1372,"parent":466,"menu_order":0,"comment_status":"closed","ping_status":"closed","template":"","meta":{"_acf_changed":false,"footnotes":""},"class_list":["post-1383","page","type-page","status-publish","has-post-thumbnail","hentry"],"acf":[],"yoast_head":"<!-- This site is optimized with the Yoast SEO plugin v26.9 - https:\/\/yoast.com\/product\/yoast-seo-wordpress\/ -->\n<title>Fen\u00eatres en aluminium - B\u00e2tir en Alu.fr - Professionnels<\/title>\n<meta name=\"description\" content=\"Fen\u00eatres en aluminium : battantes, coulissantes et \u00e0 galandage. Performance thermique, design sur mesure et durabilit\u00e9 pour le neuf et la r\u00e9novation. Guide pro.\" \/>\n<meta name=\"robots\" content=\"index, follow, max-snippet:-1, max-image-preview:large, max-video-preview:-1\" \/>\n<link rel=\"canonical\" href=\"https:\/\/www.batir-en-alu.fr\/pros\/menuiserie-aluminium\/fenetres-en-aluminium-elegance-performance-et-durabilite\/\" \/>\n<meta property=\"og:locale\" content=\"fr_FR\" \/>\n<meta property=\"og:type\" content=\"article\" \/>\n<meta property=\"og:title\" content=\"Fen\u00eatres en aluminium - B\u00e2tir en Alu.fr - Professionnels\" \/>\n<meta property=\"og:description\" content=\"Fen\u00eatres en aluminium : battantes, coulissantes et \u00e0 galandage. Performance thermique, design sur mesure et durabilit\u00e9 pour le neuf et la r\u00e9novation. Guide pro.\" \/>\n<meta property=\"og:url\" content=\"https:\/\/www.batir-en-alu.fr\/pros\/menuiserie-aluminium\/fenetres-en-aluminium-elegance-performance-et-durabilite\/\" \/>\n<meta property=\"og:site_name\" content=\"B\u00e2tir en Alu.fr - Professionnels\" \/>\n<meta property=\"article:modified_time\" content=\"2026-02-25T10:22:27+00:00\" \/>\n<meta property=\"og:image\" content=\"https:\/\/www.batir-en-alu.fr\/pros\/wp-content\/uploads\/sites\/3\/2025\/10\/52-Champs-Elysees-Auvergne-Alu-Paris-JDA_1631.jpg\" \/>\n\t<meta property=\"og:image:width\" content=\"1024\" \/>\n\t<meta property=\"og:image:height\" content=\"683\" \/>\n\t<meta property=\"og:image:type\" content=\"image\/jpeg\" \/>\n<meta name=\"twitter:card\" content=\"summary_large_image\" \/>\n<meta name=\"twitter:label1\" content=\"Dur\u00e9e de lecture estim\u00e9e\" \/>\n\t<meta name=\"twitter:data1\" content=\"1 minute\" \/>\n<script type=\"application\/ld+json\" class=\"yoast-schema-graph\">{\"@context\":\"https:\/\/schema.org\",\"@graph\":[{\"@type\":\"WebPage\",\"@id\":\"https:\/\/www.batir-en-alu.fr\/pros\/menuiserie-aluminium\/fenetres-en-aluminium-elegance-performance-et-durabilite\/\",\"url\":\"https:\/\/www.batir-en-alu.fr\/pros\/menuiserie-aluminium\/fenetres-en-aluminium-elegance-performance-et-durabilite\/\",\"name\":\"Fen\u00eatres en aluminium - B\u00e2tir en Alu.fr - Professionnels\",\"isPartOf\":{\"@id\":\"https:\/\/www.batir-en-alu.fr\/pros\/#website\"},\"primaryImageOfPage\":{\"@id\":\"https:\/\/www.batir-en-alu.fr\/pros\/menuiserie-aluminium\/fenetres-en-aluminium-elegance-performance-et-durabilite\/#primaryimage\"},\"image\":{\"@id\":\"https:\/\/www.batir-en-alu.fr\/pros\/menuiserie-aluminium\/fenetres-en-aluminium-elegance-performance-et-durabilite\/#primaryimage\"},\"thumbnailUrl\":\"https:\/\/www.batir-en-alu.fr\/pros\/wp-content\/uploads\/sites\/3\/2025\/10\/52-Champs-Elysees-Auvergne-Alu-Paris-JDA_1631.jpg\",\"datePublished\":\"2025-10-31T10:45:44+00:00\",\"dateModified\":\"2026-02-25T10:22:27+00:00\",\"description\":\"Fen\u00eatres en aluminium : battantes, coulissantes et \u00e0 galandage. Performance thermique, design sur mesure et durabilit\u00e9 pour le neuf et la r\u00e9novation. Guide pro.\",\"breadcrumb\":{\"@id\":\"https:\/\/www.batir-en-alu.fr\/pros\/menuiserie-aluminium\/fenetres-en-aluminium-elegance-performance-et-durabilite\/#breadcrumb\"},\"inLanguage\":\"fr-FR\",\"potentialAction\":[{\"@type\":\"ReadAction\",\"target\":[\"https:\/\/www.batir-en-alu.fr\/pros\/menuiserie-aluminium\/fenetres-en-aluminium-elegance-performance-et-durabilite\/\"]}]},{\"@type\":\"ImageObject\",\"inLanguage\":\"fr-FR\",\"@id\":\"https:\/\/www.batir-en-alu.fr\/pros\/menuiserie-aluminium\/fenetres-en-aluminium-elegance-performance-et-durabilite\/#primaryimage\",\"url\":\"https:\/\/www.batir-en-alu.fr\/pros\/wp-content\/uploads\/sites\/3\/2025\/10\/52-Champs-Elysees-Auvergne-Alu-Paris-JDA_1631.jpg\",\"contentUrl\":\"https:\/\/www.batir-en-alu.fr\/pros\/wp-content\/uploads\/sites\/3\/2025\/10\/52-Champs-Elysees-Auvergne-Alu-Paris-JDA_1631.jpg\",\"width\":1024,\"height\":683,\"caption\":\"52 Champs Elyse\u0301es-Auvergne Alu-63\"},{\"@type\":\"BreadcrumbList\",\"@id\":\"https:\/\/www.batir-en-alu.fr\/pros\/menuiserie-aluminium\/fenetres-en-aluminium-elegance-performance-et-durabilite\/#breadcrumb\",\"itemListElement\":[{\"@type\":\"ListItem\",\"position\":1,\"name\":\"\u00b7\u00b7\u00b7\",\"item\":\"https:\/\/www.batir-en-alu.fr\/pros\"},{\"@type\":\"ListItem\",\"position\":2,\"name\":\"B\u00e2tir En Alu\",\"item\":\"https:\/\/www.batir-en-alu.fr\/\"},{\"@type\":\"ListItem\",\"position\":3,\"name\":\"Professionnels\",\"item\":\"https:\/\/www.batir-en-alu.fr\/pros\/\"},{\"@type\":\"ListItem\",\"position\":4,\"name\":\"La menuiserie aluminium\",\"item\":\"https:\/\/www.batir-en-alu.fr\/pros\/menuiserie-aluminium\/\"},{\"@type\":\"ListItem\",\"position\":5,\"name\":\"Fen\u00eatres en aluminium\"}]},{\"@type\":\"WebSite\",\"@id\":\"https:\/\/www.batir-en-alu.fr\/pros\/#website\",\"url\":\"https:\/\/www.batir-en-alu.fr\/pros\/\",\"name\":\"B\u00e2tir en alu Professionnels\",\"description\":\"Professionnels de la Menuiserie aluminium\",\"publisher\":{\"@id\":\"https:\/\/www.batir-en-alu.fr\/pros\/#organization\"},\"potentialAction\":[{\"@type\":\"SearchAction\",\"target\":{\"@type\":\"EntryPoint\",\"urlTemplate\":\"https:\/\/www.batir-en-alu.fr\/pros\/?s={search_term_string}\"},\"query-input\":{\"@type\":\"PropertyValueSpecification\",\"valueRequired\":true,\"valueName\":\"search_term_string\"}}],\"inLanguage\":\"fr-FR\"},{\"@type\":\"Organization\",\"@id\":\"https:\/\/www.batir-en-alu.fr\/pros\/#organization\",\"name\":\"B\u00e2tir en alu Professionnels\",\"url\":\"https:\/\/www.batir-en-alu.fr\/pros\/\",\"logo\":{\"@type\":\"ImageObject\",\"inLanguage\":\"fr-FR\",\"@id\":\"https:\/\/www.batir-en-alu.fr\/pros\/#\/schema\/logo\/image\/\",\"url\":\"https:\/\/www.batir-en-alu.fr\/pros\/wp-content\/uploads\/sites\/3\/2026\/03\/logo-batir-en-alu-pro.webp\",\"contentUrl\":\"https:\/\/www.batir-en-alu.fr\/pros\/wp-content\/uploads\/sites\/3\/2026\/03\/logo-batir-en-alu-pro.webp\",\"width\":276,\"height\":310,\"caption\":\"B\u00e2tir en alu Professionnels\"},\"image\":{\"@id\":\"https:\/\/www.batir-en-alu.fr\/pros\/#\/schema\/logo\/image\/\"}}]}<\/script>\n<!-- \/ Yoast SEO plugin. -->","yoast_head_json":{"title":"Fen\u00eatres en aluminium - B\u00e2tir en Alu.fr - Professionnels","description":"Fen\u00eatres en aluminium : battantes, coulissantes et \u00e0 galandage. Performance thermique, design sur mesure et durabilit\u00e9 pour le neuf et la r\u00e9novation. Guide pro.","robots":{"index":"index","follow":"follow","max-snippet":"max-snippet:-1","max-image-preview":"max-image-preview:large","max-video-preview":"max-video-preview:-1"},"canonical":"https:\/\/www.batir-en-alu.fr\/pros\/menuiserie-aluminium\/fenetres-en-aluminium-elegance-performance-et-durabilite\/","og_locale":"fr_FR","og_type":"article","og_title":"Fen\u00eatres en aluminium - B\u00e2tir en Alu.fr - Professionnels","og_description":"Fen\u00eatres en aluminium : battantes, coulissantes et \u00e0 galandage. Performance thermique, design sur mesure et durabilit\u00e9 pour le neuf et la r\u00e9novation. Guide pro.","og_url":"https:\/\/www.batir-en-alu.fr\/pros\/menuiserie-aluminium\/fenetres-en-aluminium-elegance-performance-et-durabilite\/","og_site_name":"B\u00e2tir en Alu.fr - Professionnels","article_modified_time":"2026-02-25T10:22:27+00:00","og_image":[{"width":1024,"height":683,"url":"https:\/\/www.batir-en-alu.fr\/pros\/wp-content\/uploads\/sites\/3\/2025\/10\/52-Champs-Elysees-Auvergne-Alu-Paris-JDA_1631.jpg","type":"image\/jpeg"}],"twitter_card":"summary_large_image","twitter_misc":{"Dur\u00e9e de lecture estim\u00e9e":"1 minute"},"schema":{"@context":"https:\/\/schema.org","@graph":[{"@type":"WebPage","@id":"https:\/\/www.batir-en-alu.fr\/pros\/menuiserie-aluminium\/fenetres-en-aluminium-elegance-performance-et-durabilite\/","url":"https:\/\/www.batir-en-alu.fr\/pros\/menuiserie-aluminium\/fenetres-en-aluminium-elegance-performance-et-durabilite\/","name":"Fen\u00eatres en aluminium - B\u00e2tir en Alu.fr - Professionnels","isPartOf":{"@id":"https:\/\/www.batir-en-alu.fr\/pros\/#website"},"primaryImageOfPage":{"@id":"https:\/\/www.batir-en-alu.fr\/pros\/menuiserie-aluminium\/fenetres-en-aluminium-elegance-performance-et-durabilite\/#primaryimage"},"image":{"@id":"https:\/\/www.batir-en-alu.fr\/pros\/menuiserie-aluminium\/fenetres-en-aluminium-elegance-performance-et-durabilite\/#primaryimage"},"thumbnailUrl":"https:\/\/www.batir-en-alu.fr\/pros\/wp-content\/uploads\/sites\/3\/2025\/10\/52-Champs-Elysees-Auvergne-Alu-Paris-JDA_1631.jpg","datePublished":"2025-10-31T10:45:44+00:00","dateModified":"2026-02-25T10:22:27+00:00","description":"Fen\u00eatres en aluminium : battantes, coulissantes et \u00e0 galandage. Performance thermique, design sur mesure et durabilit\u00e9 pour le neuf et la r\u00e9novation. Guide pro.","breadcrumb":{"@id":"https:\/\/www.batir-en-alu.fr\/pros\/menuiserie-aluminium\/fenetres-en-aluminium-elegance-performance-et-durabilite\/#breadcrumb"},"inLanguage":"fr-FR","potentialAction":[{"@type":"ReadAction","target":["https:\/\/www.batir-en-alu.fr\/pros\/menuiserie-aluminium\/fenetres-en-aluminium-elegance-performance-et-durabilite\/"]}]},{"@type":"ImageObject","inLanguage":"fr-FR","@id":"https:\/\/www.batir-en-alu.fr\/pros\/menuiserie-aluminium\/fenetres-en-aluminium-elegance-performance-et-durabilite\/#primaryimage","url":"https:\/\/www.batir-en-alu.fr\/pros\/wp-content\/uploads\/sites\/3\/2025\/10\/52-Champs-Elysees-Auvergne-Alu-Paris-JDA_1631.jpg","contentUrl":"https:\/\/www.batir-en-alu.fr\/pros\/wp-content\/uploads\/sites\/3\/2025\/10\/52-Champs-Elysees-Auvergne-Alu-Paris-JDA_1631.jpg","width":1024,"height":683,"caption":"52 Champs Elyse\u0301es-Auvergne Alu-63"},{"@type":"BreadcrumbList","@id":"https:\/\/www.batir-en-alu.fr\/pros\/menuiserie-aluminium\/fenetres-en-aluminium-elegance-performance-et-durabilite\/#breadcrumb","itemListElement":[{"@type":"ListItem","position":1,"name":"\u00b7\u00b7\u00b7","item":"https:\/\/www.batir-en-alu.fr\/pros"},{"@type":"ListItem","position":2,"name":"B\u00e2tir En Alu","item":"https:\/\/www.batir-en-alu.fr\/"},{"@type":"ListItem","position":3,"name":"Professionnels","item":"https:\/\/www.batir-en-alu.fr\/pros\/"},{"@type":"ListItem","position":4,"name":"La menuiserie aluminium","item":"https:\/\/www.batir-en-alu.fr\/pros\/menuiserie-aluminium\/"},{"@type":"ListItem","position":5,"name":"Fen\u00eatres en aluminium"}]},{"@type":"WebSite","@id":"https:\/\/www.batir-en-alu.fr\/pros\/#website","url":"https:\/\/www.batir-en-alu.fr\/pros\/","name":"B\u00e2tir en alu Professionnels","description":"Professionnels de la Menuiserie aluminium","publisher":{"@id":"https:\/\/www.batir-en-alu.fr\/pros\/#organization"},"potentialAction":[{"@type":"SearchAction","target":{"@type":"EntryPoint","urlTemplate":"https:\/\/www.batir-en-alu.fr\/pros\/?s={search_term_string}"},"query-input":{"@type":"PropertyValueSpecification","valueRequired":true,"valueName":"search_term_string"}}],"inLanguage":"fr-FR"},{"@type":"Organization","@id":"https:\/\/www.batir-en-alu.fr\/pros\/#organization","name":"B\u00e2tir en alu Professionnels","url":"https:\/\/www.batir-en-alu.fr\/pros\/","logo":{"@type":"ImageObject","inLanguage":"fr-FR","@id":"https:\/\/www.batir-en-alu.fr\/pros\/#\/schema\/logo\/image\/","url":"https:\/\/www.batir-en-alu.fr\/pros\/wp-content\/uploads\/sites\/3\/2026\/03\/logo-batir-en-alu-pro.webp","contentUrl":"https:\/\/www.batir-en-alu.fr\/pros\/wp-content\/uploads\/sites\/3\/2026\/03\/logo-batir-en-alu-pro.webp","width":276,"height":310,"caption":"B\u00e2tir en alu Professionnels"},"image":{"@id":"https:\/\/www.batir-en-alu.fr\/pros\/#\/schema\/logo\/image\/"}}]}},"_links":{"self":[{"href":"https:\/\/www.batir-en-alu.fr\/pros\/wp-json\/wp\/v2\/pages\/1383","targetHints":{"allow":["GET"]}}],"collection":[{"href":"https:\/\/www.batir-en-alu.fr\/pros\/wp-json\/wp\/v2\/pages"}],"about":[{"href":"https:\/\/www.batir-en-alu.fr\/pros\/wp-json\/wp\/v2\/types\/page"}],"author":[{"embeddable":true,"href":"https:\/\/www.batir-en-alu.fr\/pros\/wp-json\/wp\/v2\/users\/21"}],"replies":[{"embeddable":true,"href":"https:\/\/www.batir-en-alu.fr\/pros\/wp-json\/wp\/v2\/comments?post=1383"}],"version-history":[{"count":22,"href":"https:\/\/www.batir-en-alu.fr\/pros\/wp-json\/wp\/v2\/pages\/1383\/revisions"}],"predecessor-version":[{"id":2490,"href":"https:\/\/www.batir-en-alu.fr\/pros\/wp-json\/wp\/v2\/pages\/1383\/revisions\/2490"}],"up":[{"embeddable":true,"href":"https:\/\/www.batir-en-alu.fr\/pros\/wp-json\/wp\/v2\/pages\/466"}],"wp:featuredmedia":[{"embeddable":true,"href":"https:\/\/www.batir-en-alu.fr\/pros\/wp-json\/wp\/v2\/media\/1372"}],"wp:attachment":[{"href":"https:\/\/www.batir-en-alu.fr\/pros\/wp-json\/wp\/v2\/media?parent=1383"}],"curies":[{"name":"wp","href":"https:\/\/api.w.org\/{rel}","templated":true}]}}