{"id":1309,"date":"2025-10-30T17:21:08","date_gmt":"2025-10-30T16:21:08","guid":{"rendered":"https:\/\/snfa.grouperougevif.fr\/pros\/?page_id=1309"},"modified":"2026-02-25T10:30:19","modified_gmt":"2026-02-25T09:30:19","slug":"analyse-du-cycle-de-vie-et-fdes","status":"publish","type":"page","link":"https:\/\/www.batir-en-alu.fr\/pros\/demarches-environnementales\/analyse-du-cycle-de-vie-et-fdes\/","title":{"rendered":"Analyse du cycle de vie et FDES"},"content":{"rendered":"\n\n\n\t<div class=\"align wp-block-acf-layout-wrap\">\n\n\t\n\n\t\t<div class=\"layout-wrap\" >\n\t\t<div class=\"innerblock\">\n\n\n\n\t<div class=\"align wp-block-acf-paragraphs\">\n\n\t\n\n\t\t<div class=\"paragraphs container\">\n\n\t\t\t\t\t\t\t<div class=\"paragraphs__content\">\n\t\t\t\t\t\t\t\t\t\t\t\t\t\t\t\t\t\t\t\t<div class=\"paragraphs__content__text\"><p>Dans le cadre de la RE 2020, les donn\u00e9es environnementales sont devenues essentielles pour \u00e9valuer l&#8217;impact des produits de construction. Les <strong>Fiches de D\u00e9claration Environnementale et Sanitaire<\/strong> (FDES) jouent un r\u00f4le crucial dans cette \u00e9valuation, notamment pour les menuiseries aluminium.<\/p>\n<p>Une FDES repr\u00e9sente la carte d&#8217;identit\u00e9 environnementale des produits de construction bas\u00e9e sur les r\u00e9sultats d&#8217;une Analyse du Cycle de vie (AVC), qui quantifie leurs impacts environnementaux, de la fabrication au recyclage, en passant par son transport et leur utilisation.<br \/>\nValables 5 ans, elles sont encadr\u00e9es par la norme NF EN 15804+A2 et son compl\u00e9ment national NF EN 15804+A2\/CN.<br \/>\nElles sont r\u00e9alis\u00e9es \u00e0 partir de m\u00e9thode de calcul harmonis\u00e9es et v\u00e9rifi\u00e9es par des tiers ind\u00e9pendants (v\u00e9rificateur habilit\u00e9 par INIES).<\/p>\n<p>L\u2019<strong>ACV<\/strong> est la m\u00e9thode la plus aboutie en mati\u00e8re de <strong>quantification des impacts environnementaux<\/strong>. Elle mesure ainsi tous les effets et les \u00e9missions d\u2019un produit sur l\u2019environnement en se basant sur le recensement des flux de mati\u00e8res et d\u2019\u00e9nergies tout au long de la vie des produits : de la production des mat\u00e9riaux jusqu\u2019\u00e0 la fin de vie en passant par les transports, la mise en \u0153uvre, et l\u2019utilisation du produit. Elle se d\u00e9coupe en 4 modules A, B, C et D.<\/p>\n<p>Depuis le 1er novembre 2022 et l\u2019application obligatoire de la norme NF EN 15804+A2 en France, les nouvelles FDES doivent obligatoirement d\u00e9clarer le module D relatif aux impacts \u00e9vit\u00e9s en fin de vie.<br \/>\nDans le cas des fen\u00eatres aluminium, il permet de diminuer significativement le poids carbone de la menuiserie, car c&#8217;est un mat\u00e9riau recyclable \u00e0 l&#8217;infini.<\/p>\n<\/div>\n\t\t\t\t\t\t\t\t\t\t\t\t\t\t\t\t\t\t\t\t\t\t<\/div>\n\t\t\t<\/div>\n\n\t<\/div>\n\n\n\n\n\n\t<div class=\"align wp-block-acf-responsive-image\">\n\n\t\n\n\t<div class=\"responsive-image\">\n\t\t\t\t<img decoding=\"async\" class=\"img img-mobile\" src=\"https:\/\/www.batir-en-alu.fr\/pros\/wp-content\/uploads\/sites\/3\/2026\/01\/Schema-cycle-de-vie.png\" srcset=\"https:\/\/www.batir-en-alu.fr\/pros\/wp-content\/uploads\/sites\/3\/2026\/01\/Schema-cycle-de-vie.png 343w, https:\/\/www.batir-en-alu.fr\/pros\/wp-content\/uploads\/sites\/3\/2026\/01\/Schema-cycle-de-vie-300x289.png 300w\" sizes=\"(max-width: 343px) 100vw, 343px\" loading=\"lazy\" alt=\"Cycle de vie d'un produit\"\/>\n\t\t\t\t\t<img decoding=\"async\" class=\"img img-desktop\" src=\"https:\/\/www.batir-en-alu.fr\/pros\/wp-content\/uploads\/sites\/3\/2026\/01\/Schema-cycle-de-vie.png\" srcset=\"https:\/\/www.batir-en-alu.fr\/pros\/wp-content\/uploads\/sites\/3\/2026\/01\/Schema-cycle-de-vie.png 343w, https:\/\/www.batir-en-alu.fr\/pros\/wp-content\/uploads\/sites\/3\/2026\/01\/Schema-cycle-de-vie-300x289.png 300w\" sizes=\"(max-width: 343px) 100vw, 343px\" loading=\"lazy\" alt=\"Cycle de vie d'un produit\"\/>\n\t<\/div>\n\n\t<\/div>\n\n\n\n\n<style>\n\t#block_2912f2afa48805ef93b460fc0bad2486{height:50px;}\n<\/style>\n\n\t<div class=\"align wp-block-acf-spacer\" id=\"block_2912f2afa48805ef93b460fc0bad2486\">\n\n\t\n\n\t\t\n\t<\/div>\n\n\n\n<div class=\"wp-block-buttons is-content-justification-center is-layout-flex wp-container-core-buttons-is-layout-16018d1d wp-block-buttons-is-layout-flex\">\n<div class=\"wp-block-button is-style-outline is-style-outline--1\"><a class=\"wp-block-button__link has-primary-color has-white-background-color has-text-color has-background has-link-color wp-element-button\" href=\"https:\/\/www.batir-en-alu.fr\/pros\/wp-content\/uploads\/sites\/3\/2025\/11\/FDES-SNFA-FDES-fenetre-frappe-2-vantaux-en-profiles-aluminium-superieure-a-2.3-m%C2%B2.pdf\" style=\"border-radius:0px;font-style:normal;font-weight:700\" target=\"_blank\" rel=\"noreferrer noopener nofollow\">Lire une FDES<\/a><\/div>\n<\/div>\n\n\n\n\n<style>\n\t#block_f2e60a5dd0365231044b2e3c570b6a28{height:16px;}\n<\/style>\n\n\t<div class=\"align wp-block-acf-spacer\" id=\"block_f2e60a5dd0365231044b2e3c570b6a28\">\n\n\t\n\n\t\t\n\t<\/div>\n\n\n\n\n\n\t<div class=\"align wp-block-acf-paragraphs\">\n\n\t\n\n\t\t<div class=\"paragraphs container\">\n\n\t\t\t\t\t\t\t<div class=\"paragraphs__content\">\n\t\t\t\t\t\t\t\t\t\t\t\t\t\t\t\t\t\t\t\t<div class=\"paragraphs__content__text\"><p>Par ailleurs, les donn\u00e9es environnementales d\u00e9livr\u00e9es par les FDES ne sont exploitables que dans le cadre de l&#8217;ACV B\u00e2timent, et ce, selon la RE 2020 en vigueur qui d\u00e9finit <strong>une ACV dynamique, sur une dur\u00e9e de vie du b\u00e2timent de 50 ans et int\u00e9grant le module D. <\/strong><\/p>\n<p>Il existe plusieurs types de d\u00e9clarations environnementales pour les produits de construction\u00a0: les FDES individuelles, les FDES collectives et les Donn\u00e9es Environnementales par D\u00e9faut (DED) qui sont utilis\u00e9es en l&#8217;absence de FDES individuelles ou collectives et de permettre le calcul de l&#8217;ACV du b\u00e2timent.<\/p>\n<p>Les FDES collectives peuvent \u00eatre r\u00e9alis\u00e9es notamment par les organisations professionnelles pour le compte de plusieurs fabricants. Les FDES individuelles sont r\u00e9alis\u00e9es par un seul fabricant, et les DED sont mises \u00e0 disposition par le minist\u00e8re de la transition \u00e9cologique. Elles comportent toujours un coefficient de s\u00e9curit\u00e9 afin de couvrir l\u2019incertitude sur la performance environnementale du produit install\u00e9 en l\u2019absence de donn\u00e9e sp\u00e9cifique. Ces donn\u00e9es sont p\u00e9nalisantes car tr\u00e8s peu pr\u00e9cises.<\/p>\n<p>Le SNFA r\u00e9alise donc des FDES collectives et des configurateurs pour r\u00e9pondre au besoin de ses adh\u00e9rents d\u2019avoir des donn\u00e9es environnementales performantes et sp\u00e9cifiques \u00e0 leurs conceptions.<\/p>\n<\/div>\n\t\t\t\t\t\t\t\t\t\t\t\t\t\t\t\t\t\t\t\t\t\t<\/div>\n\t\t\t<\/div>\n\n\t<\/div>\n\n\n\n\n<style>\n\t#block_f2e60a5dd0365231044b2e3c570b6a28{height:16px;}\n<\/style>\n\n\t<div class=\"align wp-block-acf-spacer\" id=\"block_f2e60a5dd0365231044b2e3c570b6a28\">\n\n\t\n\n\t\t\n\t<\/div>\n\n<\/div>\n\t<\/div>\n\n\t<\/div>\n","protected":false},"excerpt":{"rendered":"","protected":false},"author":21,"featured_media":0,"parent":621,"menu_order":0,"comment_status":"closed","ping_status":"closed","template":"","meta":{"_acf_changed":false,"footnotes":""},"class_list":["post-1309","page","type-page","status-publish","hentry"],"acf":[],"yoast_head":"<!-- This site is optimized with the Yoast SEO plugin v26.9 - https:\/\/yoast.com\/product\/yoast-seo-wordpress\/ -->\n<title>Analyse du cycle de vie et FDES - B\u00e2tir en Alu.fr - Professionnels<\/title>\n<meta name=\"description\" content=\"FDES et analyse du cycle de vie des menuiseries aluminium : comprendre les donn\u00e9es environnementales RE2020, le module D et le recyclage. Guide complet par le SNFA.\" \/>\n<meta name=\"robots\" content=\"index, follow, max-snippet:-1, max-image-preview:large, max-video-preview:-1\" \/>\n<link rel=\"canonical\" href=\"https:\/\/www.batir-en-alu.fr\/pros\/demarches-environnementales\/analyse-du-cycle-de-vie-et-fdes\/\" \/>\n<meta property=\"og:locale\" content=\"fr_FR\" \/>\n<meta property=\"og:type\" content=\"article\" \/>\n<meta property=\"og:title\" content=\"Analyse du cycle de vie et FDES - B\u00e2tir en Alu.fr - Professionnels\" \/>\n<meta property=\"og:description\" content=\"FDES et analyse du cycle de vie des menuiseries aluminium : comprendre les donn\u00e9es environnementales RE2020, le module D et le recyclage. Guide complet par le SNFA.\" \/>\n<meta property=\"og:url\" content=\"https:\/\/www.batir-en-alu.fr\/pros\/demarches-environnementales\/analyse-du-cycle-de-vie-et-fdes\/\" \/>\n<meta property=\"og:site_name\" content=\"B\u00e2tir en Alu.fr - Professionnels\" \/>\n<meta property=\"article:modified_time\" content=\"2026-02-25T09:30:19+00:00\" \/>\n<meta name=\"twitter:card\" content=\"summary_large_image\" \/>\n<meta name=\"twitter:label1\" content=\"Dur\u00e9e de lecture estim\u00e9e\" \/>\n\t<meta name=\"twitter:data1\" content=\"1 minute\" \/>\n<script type=\"application\/ld+json\" class=\"yoast-schema-graph\">{\"@context\":\"https:\/\/schema.org\",\"@graph\":[{\"@type\":\"WebPage\",\"@id\":\"https:\/\/www.batir-en-alu.fr\/pros\/demarches-environnementales\/analyse-du-cycle-de-vie-et-fdes\/\",\"url\":\"https:\/\/www.batir-en-alu.fr\/pros\/demarches-environnementales\/analyse-du-cycle-de-vie-et-fdes\/\",\"name\":\"Analyse du cycle de vie et FDES - B\u00e2tir en Alu.fr - Professionnels\",\"isPartOf\":{\"@id\":\"https:\/\/www.batir-en-alu.fr\/pros\/#website\"},\"datePublished\":\"2025-10-30T16:21:08+00:00\",\"dateModified\":\"2026-02-25T09:30:19+00:00\",\"description\":\"FDES et analyse du cycle de vie des menuiseries aluminium : comprendre les donn\u00e9es environnementales RE2020, le module D et le recyclage. Guide complet par le SNFA.\",\"breadcrumb\":{\"@id\":\"https:\/\/www.batir-en-alu.fr\/pros\/demarches-environnementales\/analyse-du-cycle-de-vie-et-fdes\/#breadcrumb\"},\"inLanguage\":\"fr-FR\",\"potentialAction\":[{\"@type\":\"ReadAction\",\"target\":[\"https:\/\/www.batir-en-alu.fr\/pros\/demarches-environnementales\/analyse-du-cycle-de-vie-et-fdes\/\"]}]},{\"@type\":\"BreadcrumbList\",\"@id\":\"https:\/\/www.batir-en-alu.fr\/pros\/demarches-environnementales\/analyse-du-cycle-de-vie-et-fdes\/#breadcrumb\",\"itemListElement\":[{\"@type\":\"ListItem\",\"position\":1,\"name\":\"\u00b7\u00b7\u00b7\",\"item\":\"https:\/\/www.batir-en-alu.fr\/pros\"},{\"@type\":\"ListItem\",\"position\":2,\"name\":\"B\u00e2tir En Alu\",\"item\":\"https:\/\/www.batir-en-alu.fr\/\"},{\"@type\":\"ListItem\",\"position\":3,\"name\":\"Professionnels\",\"item\":\"https:\/\/www.batir-en-alu.fr\/pros\/\"},{\"@type\":\"ListItem\",\"position\":4,\"name\":\"D\u00e9marches environnementales\",\"item\":\"https:\/\/www.batir-en-alu.fr\/pros\/demarches-environnementales\/\"},{\"@type\":\"ListItem\",\"position\":5,\"name\":\"Analyse du cycle de vie et FDES\"}]},{\"@type\":\"WebSite\",\"@id\":\"https:\/\/www.batir-en-alu.fr\/pros\/#website\",\"url\":\"https:\/\/www.batir-en-alu.fr\/pros\/\",\"name\":\"B\u00e2tir en alu Professionnels\",\"description\":\"Professionnels de la Menuiserie aluminium\",\"publisher\":{\"@id\":\"https:\/\/www.batir-en-alu.fr\/pros\/#organization\"},\"potentialAction\":[{\"@type\":\"SearchAction\",\"target\":{\"@type\":\"EntryPoint\",\"urlTemplate\":\"https:\/\/www.batir-en-alu.fr\/pros\/?s={search_term_string}\"},\"query-input\":{\"@type\":\"PropertyValueSpecification\",\"valueRequired\":true,\"valueName\":\"search_term_string\"}}],\"inLanguage\":\"fr-FR\"},{\"@type\":\"Organization\",\"@id\":\"https:\/\/www.batir-en-alu.fr\/pros\/#organization\",\"name\":\"B\u00e2tir en alu Professionnels\",\"url\":\"https:\/\/www.batir-en-alu.fr\/pros\/\",\"logo\":{\"@type\":\"ImageObject\",\"inLanguage\":\"fr-FR\",\"@id\":\"https:\/\/www.batir-en-alu.fr\/pros\/#\/schema\/logo\/image\/\",\"url\":\"https:\/\/www.batir-en-alu.fr\/pros\/wp-content\/uploads\/sites\/3\/2026\/03\/logo-batir-en-alu-pro.webp\",\"contentUrl\":\"https:\/\/www.batir-en-alu.fr\/pros\/wp-content\/uploads\/sites\/3\/2026\/03\/logo-batir-en-alu-pro.webp\",\"width\":276,\"height\":310,\"caption\":\"B\u00e2tir en alu Professionnels\"},\"image\":{\"@id\":\"https:\/\/www.batir-en-alu.fr\/pros\/#\/schema\/logo\/image\/\"}}]}<\/script>\n<!-- \/ Yoast SEO plugin. -->","yoast_head_json":{"title":"Analyse du cycle de vie et FDES - B\u00e2tir en Alu.fr - Professionnels","description":"FDES et analyse du cycle de vie des menuiseries aluminium : comprendre les donn\u00e9es environnementales RE2020, le module D et le recyclage. Guide complet par le SNFA.","robots":{"index":"index","follow":"follow","max-snippet":"max-snippet:-1","max-image-preview":"max-image-preview:large","max-video-preview":"max-video-preview:-1"},"canonical":"https:\/\/www.batir-en-alu.fr\/pros\/demarches-environnementales\/analyse-du-cycle-de-vie-et-fdes\/","og_locale":"fr_FR","og_type":"article","og_title":"Analyse du cycle de vie et FDES - B\u00e2tir en Alu.fr - Professionnels","og_description":"FDES et analyse du cycle de vie des menuiseries aluminium : comprendre les donn\u00e9es environnementales RE2020, le module D et le recyclage. Guide complet par le SNFA.","og_url":"https:\/\/www.batir-en-alu.fr\/pros\/demarches-environnementales\/analyse-du-cycle-de-vie-et-fdes\/","og_site_name":"B\u00e2tir en Alu.fr - Professionnels","article_modified_time":"2026-02-25T09:30:19+00:00","twitter_card":"summary_large_image","twitter_misc":{"Dur\u00e9e de lecture estim\u00e9e":"1 minute"},"schema":{"@context":"https:\/\/schema.org","@graph":[{"@type":"WebPage","@id":"https:\/\/www.batir-en-alu.fr\/pros\/demarches-environnementales\/analyse-du-cycle-de-vie-et-fdes\/","url":"https:\/\/www.batir-en-alu.fr\/pros\/demarches-environnementales\/analyse-du-cycle-de-vie-et-fdes\/","name":"Analyse du cycle de vie et FDES - B\u00e2tir en Alu.fr - Professionnels","isPartOf":{"@id":"https:\/\/www.batir-en-alu.fr\/pros\/#website"},"datePublished":"2025-10-30T16:21:08+00:00","dateModified":"2026-02-25T09:30:19+00:00","description":"FDES et analyse du cycle de vie des menuiseries aluminium : comprendre les donn\u00e9es environnementales RE2020, le module D et le recyclage. Guide complet par le SNFA.","breadcrumb":{"@id":"https:\/\/www.batir-en-alu.fr\/pros\/demarches-environnementales\/analyse-du-cycle-de-vie-et-fdes\/#breadcrumb"},"inLanguage":"fr-FR","potentialAction":[{"@type":"ReadAction","target":["https:\/\/www.batir-en-alu.fr\/pros\/demarches-environnementales\/analyse-du-cycle-de-vie-et-fdes\/"]}]},{"@type":"BreadcrumbList","@id":"https:\/\/www.batir-en-alu.fr\/pros\/demarches-environnementales\/analyse-du-cycle-de-vie-et-fdes\/#breadcrumb","itemListElement":[{"@type":"ListItem","position":1,"name":"\u00b7\u00b7\u00b7","item":"https:\/\/www.batir-en-alu.fr\/pros"},{"@type":"ListItem","position":2,"name":"B\u00e2tir En Alu","item":"https:\/\/www.batir-en-alu.fr\/"},{"@type":"ListItem","position":3,"name":"Professionnels","item":"https:\/\/www.batir-en-alu.fr\/pros\/"},{"@type":"ListItem","position":4,"name":"D\u00e9marches environnementales","item":"https:\/\/www.batir-en-alu.fr\/pros\/demarches-environnementales\/"},{"@type":"ListItem","position":5,"name":"Analyse du cycle de vie et FDES"}]},{"@type":"WebSite","@id":"https:\/\/www.batir-en-alu.fr\/pros\/#website","url":"https:\/\/www.batir-en-alu.fr\/pros\/","name":"B\u00e2tir en alu Professionnels","description":"Professionnels de la Menuiserie aluminium","publisher":{"@id":"https:\/\/www.batir-en-alu.fr\/pros\/#organization"},"potentialAction":[{"@type":"SearchAction","target":{"@type":"EntryPoint","urlTemplate":"https:\/\/www.batir-en-alu.fr\/pros\/?s={search_term_string}"},"query-input":{"@type":"PropertyValueSpecification","valueRequired":true,"valueName":"search_term_string"}}],"inLanguage":"fr-FR"},{"@type":"Organization","@id":"https:\/\/www.batir-en-alu.fr\/pros\/#organization","name":"B\u00e2tir en alu Professionnels","url":"https:\/\/www.batir-en-alu.fr\/pros\/","logo":{"@type":"ImageObject","inLanguage":"fr-FR","@id":"https:\/\/www.batir-en-alu.fr\/pros\/#\/schema\/logo\/image\/","url":"https:\/\/www.batir-en-alu.fr\/pros\/wp-content\/uploads\/sites\/3\/2026\/03\/logo-batir-en-alu-pro.webp","contentUrl":"https:\/\/www.batir-en-alu.fr\/pros\/wp-content\/uploads\/sites\/3\/2026\/03\/logo-batir-en-alu-pro.webp","width":276,"height":310,"caption":"B\u00e2tir en alu Professionnels"},"image":{"@id":"https:\/\/www.batir-en-alu.fr\/pros\/#\/schema\/logo\/image\/"}}]}},"_links":{"self":[{"href":"https:\/\/www.batir-en-alu.fr\/pros\/wp-json\/wp\/v2\/pages\/1309","targetHints":{"allow":["GET"]}}],"collection":[{"href":"https:\/\/www.batir-en-alu.fr\/pros\/wp-json\/wp\/v2\/pages"}],"about":[{"href":"https:\/\/www.batir-en-alu.fr\/pros\/wp-json\/wp\/v2\/types\/page"}],"author":[{"embeddable":true,"href":"https:\/\/www.batir-en-alu.fr\/pros\/wp-json\/wp\/v2\/users\/21"}],"replies":[{"embeddable":true,"href":"https:\/\/www.batir-en-alu.fr\/pros\/wp-json\/wp\/v2\/comments?post=1309"}],"version-history":[{"count":18,"href":"https:\/\/www.batir-en-alu.fr\/pros\/wp-json\/wp\/v2\/pages\/1309\/revisions"}],"predecessor-version":[{"id":2255,"href":"https:\/\/www.batir-en-alu.fr\/pros\/wp-json\/wp\/v2\/pages\/1309\/revisions\/2255"}],"up":[{"embeddable":true,"href":"https:\/\/www.batir-en-alu.fr\/pros\/wp-json\/wp\/v2\/pages\/621"}],"wp:attachment":[{"href":"https:\/\/www.batir-en-alu.fr\/pros\/wp-json\/wp\/v2\/media?parent=1309"}],"curies":[{"name":"wp","href":"https:\/\/api.w.org\/{rel}","templated":true}]}}