{"id":1273,"date":"2025-10-30T15:42:00","date_gmt":"2025-10-30T14:42:00","guid":{"rendered":"https:\/\/snfa.grouperougevif.fr\/pros\/?page_id=1273"},"modified":"2026-02-25T11:05:55","modified_gmt":"2026-02-25T10:05:55","slug":"la-demarche-qualite-systeme","status":"publish","type":"page","link":"https:\/\/www.batir-en-alu.fr\/pros\/demarches-qualite\/la-demarche-qualite-systeme\/","title":{"rendered":"Le DTA : Document Technique d&#8217;Application"},"content":{"rendered":"\n\n\n\t<div class=\"align wp-block-acf-layout-wrap\">\n\n\t\n\n\t\t<div class=\"layout-wrap\" >\n\t\t<div class=\"innerblock\">\n\n\n\n\t<div class=\"wp-block-acf-container\">\n\n\t\n\n\t\t<div class=\"container\" >\n\t\t<div class=\"innerblock\">\n\n\n\n\t<div class=\"align wp-block-acf-paragraphs\">\n\n\t\n\n\t\t<div class=\"paragraphs container\">\n\n\t\t\t\t\t<div class=\"paragraphs__left\">\n\n\t\t\t\t\t\t\t\t\t<div class=\"paragraphs__image\">\n\t\t\t\t\t\t\t\t\t\t\t\t\t\t\t\t<img decoding=\"async\" class=\"img\" src=\"https:\/\/www.batir-en-alu.fr\/pros\/wp-content\/uploads\/sites\/3\/2026\/01\/DTA_Logo.webp\" srcset=\"https:\/\/www.batir-en-alu.fr\/pros\/wp-content\/uploads\/sites\/3\/2026\/01\/DTA_Logo.webp 855w, https:\/\/www.batir-en-alu.fr\/pros\/wp-content\/uploads\/sites\/3\/2026\/01\/DTA_Logo-300x280.webp 300w, https:\/\/www.batir-en-alu.fr\/pros\/wp-content\/uploads\/sites\/3\/2026\/01\/DTA_Logo-768x718.webp 768w\" sizes=\"(max-width: 855px) 100vw, 855px\" loading=\"lazy\" alt=\"DTA : Document Technique d'Application\"\/>\n\t\t\t\t\t\t\t\t\t\t\t\t<\/div>\n\t\t\t\t\n\t\t\t\t\t\t\t<\/div>\n\t\t\t\t\t\t\t<div class=\"paragraphs__content\">\n\t\t\t\t\t\t\t\t\t\t\t\t\t\t\t\t\t\t\t\t<div class=\"paragraphs__content__text\"><p>Le Document Technique d\u2019Application (DTA) est un avis technique \u00e9mis pour l&#8217;utilisation de produits ou composants soumis au marquage CE. Pour les produits non soumis \u00e0 ce marquage, on utilise le terme Avis Technique. Le DTA est d\u00e9livr\u00e9 par un comit\u00e9 d&#8217;experts apr\u00e8s \u00e9valuation par le CSTB (Centre Scientifique et Technique du B\u00e2timent).<\/p>\n<p>La demande de DTA est une d\u00e9marche volontaire bas\u00e9e sur une \u00e9valuation technique coll\u00e9giale, objective et reconnue. Ce document sert de r\u00e9f\u00e9rence pour les assureurs et les contr\u00f4leurs techniques, offrant g\u00e9n\u00e9ralement des conditions d&#8217;assurance similaires \u00e0 celles des domaines traditionnels couverts par des normes et des DTU.<\/p>\n<p>La dur\u00e9e de validit\u00e9 d&#8217;un DTA varie entre 2 et 7 ans, d\u00e9termin\u00e9e par le comit\u00e9 d&#8217;experts en fonction du retour d&#8217;exp\u00e9rience acquis.<\/p>\n<ul>\n<li>Pour un syst\u00e8me de fen\u00eatre en aluminium, le DTA certifie des performances v\u00e9rifi\u00e9es et une conception durable conforme aux exigences du DTU 36.5.<\/li>\n<li>Pour un syst\u00e8me de fa\u00e7ade en aluminium, il r\u00e9pond aux exigences du DTU 37.1.<\/li>\n<li>Pour les syst\u00e8mes de v\u00e9randa et de pergola en aluminium, le DTA certifie la conformit\u00e9 aux exigences des r\u00e8gles professionnelles.<\/li>\n<\/ul>\n<\/div>\n\t\t\t\t\t\t\t\t\t\t\t\t\t\t\t\t\t\t\t\t\t\t<\/div>\n\t\t\t<\/div>\n\n\t<\/div>\n\n\n\n<p class=\"has-white-color has-primary-alt-background-color has-text-color has-background has-link-color wp-elements-0f377787ffe8495767262ab0a04e2938\"><strong>Les entreprises du SNFA d\u00e9tiennent des DTA sur les gammes de produits&nbsp;: fen\u00eatres, fa\u00e7ades, v\u00e9randas, pergolas<\/strong><\/p>\n\n<\/div>\n\t<\/div>\n\n\t<\/div>\n\n\n\n\n<style>\n\t#block_e7b0ef9536ba793b2eba45bb019ea1d3{height:16px;}\n<\/style>\n\n\t<div class=\"align wp-block-acf-spacer\" id=\"block_e7b0ef9536ba793b2eba45bb019ea1d3\">\n\n\t\n\n\t\t\n\t<\/div>\n\n<\/div>\n\t<\/div>\n\n\t<\/div>\n","protected":false},"excerpt":{"rendered":"","protected":false},"author":21,"featured_media":0,"parent":332,"menu_order":0,"comment_status":"closed","ping_status":"closed","template":"","meta":{"_acf_changed":false,"footnotes":""},"class_list":["post-1273","page","type-page","status-publish","hentry"],"acf":[],"yoast_head":"<!-- This site is optimized with the Yoast SEO plugin v26.9 - https:\/\/yoast.com\/product\/yoast-seo-wordpress\/ -->\n<title>Le DTA : Document Technique d&#039;Application - B\u00e2tir en Alu.fr - Professionnels<\/title>\n<meta name=\"description\" content=\"DTA menuiserie aluminium : Document Technique d&#039;Application d\u00e9livr\u00e9 par le CSTB pour fen\u00eatres (DTU 36.5), fa\u00e7ades (DTU 37.1), v\u00e9randas et pergolas. Guide SNFA.\" \/>\n<meta name=\"robots\" content=\"index, follow, max-snippet:-1, max-image-preview:large, max-video-preview:-1\" \/>\n<link rel=\"canonical\" href=\"https:\/\/www.batir-en-alu.fr\/pros\/demarches-qualite\/la-demarche-qualite-systeme\/\" \/>\n<meta property=\"og:locale\" content=\"fr_FR\" \/>\n<meta property=\"og:type\" content=\"article\" \/>\n<meta property=\"og:title\" content=\"Le DTA : Document Technique d&#039;Application - B\u00e2tir en Alu.fr - Professionnels\" \/>\n<meta property=\"og:description\" content=\"DTA menuiserie aluminium : Document Technique d&#039;Application d\u00e9livr\u00e9 par le CSTB pour fen\u00eatres (DTU 36.5), fa\u00e7ades (DTU 37.1), v\u00e9randas et pergolas. Guide SNFA.\" \/>\n<meta property=\"og:url\" content=\"https:\/\/www.batir-en-alu.fr\/pros\/demarches-qualite\/la-demarche-qualite-systeme\/\" \/>\n<meta property=\"og:site_name\" content=\"B\u00e2tir en Alu.fr - Professionnels\" \/>\n<meta property=\"article:modified_time\" content=\"2026-02-25T10:05:55+00:00\" \/>\n<meta name=\"twitter:card\" content=\"summary_large_image\" \/>\n<meta name=\"twitter:label1\" content=\"Dur\u00e9e de lecture estim\u00e9e\" \/>\n\t<meta name=\"twitter:data1\" content=\"1 minute\" \/>\n<script type=\"application\/ld+json\" class=\"yoast-schema-graph\">{\"@context\":\"https:\/\/schema.org\",\"@graph\":[{\"@type\":\"WebPage\",\"@id\":\"https:\/\/www.batir-en-alu.fr\/pros\/demarches-qualite\/la-demarche-qualite-systeme\/\",\"url\":\"https:\/\/www.batir-en-alu.fr\/pros\/demarches-qualite\/la-demarche-qualite-systeme\/\",\"name\":\"Le DTA : Document Technique d'Application - B\u00e2tir en Alu.fr - Professionnels\",\"isPartOf\":{\"@id\":\"https:\/\/www.batir-en-alu.fr\/pros\/#website\"},\"datePublished\":\"2025-10-30T14:42:00+00:00\",\"dateModified\":\"2026-02-25T10:05:55+00:00\",\"description\":\"DTA menuiserie aluminium : Document Technique d'Application d\u00e9livr\u00e9 par le CSTB pour fen\u00eatres (DTU 36.5), fa\u00e7ades (DTU 37.1), v\u00e9randas et pergolas. Guide SNFA.\",\"breadcrumb\":{\"@id\":\"https:\/\/www.batir-en-alu.fr\/pros\/demarches-qualite\/la-demarche-qualite-systeme\/#breadcrumb\"},\"inLanguage\":\"fr-FR\",\"potentialAction\":[{\"@type\":\"ReadAction\",\"target\":[\"https:\/\/www.batir-en-alu.fr\/pros\/demarches-qualite\/la-demarche-qualite-systeme\/\"]}]},{\"@type\":\"BreadcrumbList\",\"@id\":\"https:\/\/www.batir-en-alu.fr\/pros\/demarches-qualite\/la-demarche-qualite-systeme\/#breadcrumb\",\"itemListElement\":[{\"@type\":\"ListItem\",\"position\":1,\"name\":\"\u00b7\u00b7\u00b7\",\"item\":\"https:\/\/www.batir-en-alu.fr\/pros\"},{\"@type\":\"ListItem\",\"position\":2,\"name\":\"B\u00e2tir En Alu\",\"item\":\"https:\/\/www.batir-en-alu.fr\/\"},{\"@type\":\"ListItem\",\"position\":3,\"name\":\"Professionnels\",\"item\":\"https:\/\/www.batir-en-alu.fr\/pros\/\"},{\"@type\":\"ListItem\",\"position\":4,\"name\":\"Les 5 d\u00e9marches qualit\u00e9\",\"item\":\"https:\/\/www.batir-en-alu.fr\/pros\/demarches-qualite\/\"},{\"@type\":\"ListItem\",\"position\":5,\"name\":\"Le DTA : Document Technique d&#8217;Application\"}]},{\"@type\":\"WebSite\",\"@id\":\"https:\/\/www.batir-en-alu.fr\/pros\/#website\",\"url\":\"https:\/\/www.batir-en-alu.fr\/pros\/\",\"name\":\"B\u00e2tir en alu Professionnels\",\"description\":\"Professionnels de la Menuiserie aluminium\",\"publisher\":{\"@id\":\"https:\/\/www.batir-en-alu.fr\/pros\/#organization\"},\"potentialAction\":[{\"@type\":\"SearchAction\",\"target\":{\"@type\":\"EntryPoint\",\"urlTemplate\":\"https:\/\/www.batir-en-alu.fr\/pros\/?s={search_term_string}\"},\"query-input\":{\"@type\":\"PropertyValueSpecification\",\"valueRequired\":true,\"valueName\":\"search_term_string\"}}],\"inLanguage\":\"fr-FR\"},{\"@type\":\"Organization\",\"@id\":\"https:\/\/www.batir-en-alu.fr\/pros\/#organization\",\"name\":\"B\u00e2tir en alu Professionnels\",\"url\":\"https:\/\/www.batir-en-alu.fr\/pros\/\",\"logo\":{\"@type\":\"ImageObject\",\"inLanguage\":\"fr-FR\",\"@id\":\"https:\/\/www.batir-en-alu.fr\/pros\/#\/schema\/logo\/image\/\",\"url\":\"https:\/\/www.batir-en-alu.fr\/pros\/wp-content\/uploads\/sites\/3\/2026\/03\/logo-batir-en-alu-pro.webp\",\"contentUrl\":\"https:\/\/www.batir-en-alu.fr\/pros\/wp-content\/uploads\/sites\/3\/2026\/03\/logo-batir-en-alu-pro.webp\",\"width\":276,\"height\":310,\"caption\":\"B\u00e2tir en alu Professionnels\"},\"image\":{\"@id\":\"https:\/\/www.batir-en-alu.fr\/pros\/#\/schema\/logo\/image\/\"}}]}<\/script>\n<!-- \/ Yoast SEO plugin. -->","yoast_head_json":{"title":"Le DTA : Document Technique d'Application - B\u00e2tir en Alu.fr - Professionnels","description":"DTA menuiserie aluminium : Document Technique d'Application d\u00e9livr\u00e9 par le CSTB pour fen\u00eatres (DTU 36.5), fa\u00e7ades (DTU 37.1), v\u00e9randas et pergolas. Guide SNFA.","robots":{"index":"index","follow":"follow","max-snippet":"max-snippet:-1","max-image-preview":"max-image-preview:large","max-video-preview":"max-video-preview:-1"},"canonical":"https:\/\/www.batir-en-alu.fr\/pros\/demarches-qualite\/la-demarche-qualite-systeme\/","og_locale":"fr_FR","og_type":"article","og_title":"Le DTA : Document Technique d'Application - B\u00e2tir en Alu.fr - Professionnels","og_description":"DTA menuiserie aluminium : Document Technique d'Application d\u00e9livr\u00e9 par le CSTB pour fen\u00eatres (DTU 36.5), fa\u00e7ades (DTU 37.1), v\u00e9randas et pergolas. Guide SNFA.","og_url":"https:\/\/www.batir-en-alu.fr\/pros\/demarches-qualite\/la-demarche-qualite-systeme\/","og_site_name":"B\u00e2tir en Alu.fr - Professionnels","article_modified_time":"2026-02-25T10:05:55+00:00","twitter_card":"summary_large_image","twitter_misc":{"Dur\u00e9e de lecture estim\u00e9e":"1 minute"},"schema":{"@context":"https:\/\/schema.org","@graph":[{"@type":"WebPage","@id":"https:\/\/www.batir-en-alu.fr\/pros\/demarches-qualite\/la-demarche-qualite-systeme\/","url":"https:\/\/www.batir-en-alu.fr\/pros\/demarches-qualite\/la-demarche-qualite-systeme\/","name":"Le DTA : Document Technique d'Application - B\u00e2tir en Alu.fr - Professionnels","isPartOf":{"@id":"https:\/\/www.batir-en-alu.fr\/pros\/#website"},"datePublished":"2025-10-30T14:42:00+00:00","dateModified":"2026-02-25T10:05:55+00:00","description":"DTA menuiserie aluminium : Document Technique d'Application d\u00e9livr\u00e9 par le CSTB pour fen\u00eatres (DTU 36.5), fa\u00e7ades (DTU 37.1), v\u00e9randas et pergolas. Guide SNFA.","breadcrumb":{"@id":"https:\/\/www.batir-en-alu.fr\/pros\/demarches-qualite\/la-demarche-qualite-systeme\/#breadcrumb"},"inLanguage":"fr-FR","potentialAction":[{"@type":"ReadAction","target":["https:\/\/www.batir-en-alu.fr\/pros\/demarches-qualite\/la-demarche-qualite-systeme\/"]}]},{"@type":"BreadcrumbList","@id":"https:\/\/www.batir-en-alu.fr\/pros\/demarches-qualite\/la-demarche-qualite-systeme\/#breadcrumb","itemListElement":[{"@type":"ListItem","position":1,"name":"\u00b7\u00b7\u00b7","item":"https:\/\/www.batir-en-alu.fr\/pros"},{"@type":"ListItem","position":2,"name":"B\u00e2tir En Alu","item":"https:\/\/www.batir-en-alu.fr\/"},{"@type":"ListItem","position":3,"name":"Professionnels","item":"https:\/\/www.batir-en-alu.fr\/pros\/"},{"@type":"ListItem","position":4,"name":"Les 5 d\u00e9marches qualit\u00e9","item":"https:\/\/www.batir-en-alu.fr\/pros\/demarches-qualite\/"},{"@type":"ListItem","position":5,"name":"Le DTA : Document Technique d&#8217;Application"}]},{"@type":"WebSite","@id":"https:\/\/www.batir-en-alu.fr\/pros\/#website","url":"https:\/\/www.batir-en-alu.fr\/pros\/","name":"B\u00e2tir en alu Professionnels","description":"Professionnels de la Menuiserie aluminium","publisher":{"@id":"https:\/\/www.batir-en-alu.fr\/pros\/#organization"},"potentialAction":[{"@type":"SearchAction","target":{"@type":"EntryPoint","urlTemplate":"https:\/\/www.batir-en-alu.fr\/pros\/?s={search_term_string}"},"query-input":{"@type":"PropertyValueSpecification","valueRequired":true,"valueName":"search_term_string"}}],"inLanguage":"fr-FR"},{"@type":"Organization","@id":"https:\/\/www.batir-en-alu.fr\/pros\/#organization","name":"B\u00e2tir en alu Professionnels","url":"https:\/\/www.batir-en-alu.fr\/pros\/","logo":{"@type":"ImageObject","inLanguage":"fr-FR","@id":"https:\/\/www.batir-en-alu.fr\/pros\/#\/schema\/logo\/image\/","url":"https:\/\/www.batir-en-alu.fr\/pros\/wp-content\/uploads\/sites\/3\/2026\/03\/logo-batir-en-alu-pro.webp","contentUrl":"https:\/\/www.batir-en-alu.fr\/pros\/wp-content\/uploads\/sites\/3\/2026\/03\/logo-batir-en-alu-pro.webp","width":276,"height":310,"caption":"B\u00e2tir en alu Professionnels"},"image":{"@id":"https:\/\/www.batir-en-alu.fr\/pros\/#\/schema\/logo\/image\/"}}]}},"_links":{"self":[{"href":"https:\/\/www.batir-en-alu.fr\/pros\/wp-json\/wp\/v2\/pages\/1273","targetHints":{"allow":["GET"]}}],"collection":[{"href":"https:\/\/www.batir-en-alu.fr\/pros\/wp-json\/wp\/v2\/pages"}],"about":[{"href":"https:\/\/www.batir-en-alu.fr\/pros\/wp-json\/wp\/v2\/types\/page"}],"author":[{"embeddable":true,"href":"https:\/\/www.batir-en-alu.fr\/pros\/wp-json\/wp\/v2\/users\/21"}],"replies":[{"embeddable":true,"href":"https:\/\/www.batir-en-alu.fr\/pros\/wp-json\/wp\/v2\/comments?post=1273"}],"version-history":[{"count":11,"href":"https:\/\/www.batir-en-alu.fr\/pros\/wp-json\/wp\/v2\/pages\/1273\/revisions"}],"predecessor-version":[{"id":2223,"href":"https:\/\/www.batir-en-alu.fr\/pros\/wp-json\/wp\/v2\/pages\/1273\/revisions\/2223"}],"up":[{"embeddable":true,"href":"https:\/\/www.batir-en-alu.fr\/pros\/wp-json\/wp\/v2\/pages\/332"}],"wp:attachment":[{"href":"https:\/\/www.batir-en-alu.fr\/pros\/wp-json\/wp\/v2\/media?parent=1273"}],"curies":[{"name":"wp","href":"https:\/\/api.w.org\/{rel}","templated":true}]}}