{"id":1232,"date":"2025-10-30T12:26:56","date_gmt":"2025-10-30T11:26:56","guid":{"rendered":"https:\/\/snfa.grouperougevif.fr\/pros\/?page_id=1232"},"modified":"2026-02-25T11:01:41","modified_gmt":"2026-02-25T10:01:41","slug":"les-demarches-qualite-entreprises-rge","status":"publish","type":"page","link":"https:\/\/www.batir-en-alu.fr\/pros\/demarches-qualite\/les-demarches-qualite-entreprises-rge\/","title":{"rendered":"Les d\u00e9marches qualit\u00e9 entreprises"},"content":{"rendered":"\n\n\n\t<div class=\"align wp-block-acf-layout-wrap\">\n\n\t\n\n\t\t<div class=\"layout-wrap\" >\n\t\t<div class=\"innerblock\">\n\n\n\n\t<div class=\"align wp-block-acf-paragraphs\">\n\n\t\n\n\t\t<div class=\"paragraphs container\">\n\n\t\t\t\t\t<div class=\"paragraphs__left\">\n\n\t\t\t\t\t\t\t\t\t<div class=\"paragraphs__image\">\n\t\t\t\t\t\t\t\t\t\t\t\t\t\t\t\t<img decoding=\"async\" class=\"img\" src=\"https:\/\/www.batir-en-alu.fr\/pros\/wp-content\/uploads\/sites\/3\/2025\/10\/logo_qualibat.png\" srcset=\"https:\/\/www.batir-en-alu.fr\/pros\/wp-content\/uploads\/sites\/3\/2025\/10\/logo_qualibat.png 2000w, https:\/\/www.batir-en-alu.fr\/pros\/wp-content\/uploads\/sites\/3\/2025\/10\/logo_qualibat-247x300.png 247w, https:\/\/www.batir-en-alu.fr\/pros\/wp-content\/uploads\/sites\/3\/2025\/10\/logo_qualibat-844x1024.png 844w, https:\/\/www.batir-en-alu.fr\/pros\/wp-content\/uploads\/sites\/3\/2025\/10\/logo_qualibat-768x932.png 768w, https:\/\/www.batir-en-alu.fr\/pros\/wp-content\/uploads\/sites\/3\/2025\/10\/logo_qualibat-1266x1536.png 1266w, https:\/\/www.batir-en-alu.fr\/pros\/wp-content\/uploads\/sites\/3\/2025\/10\/logo_qualibat-1688x2048.png 1688w\" sizes=\"(max-width: 2000px) 100vw, 2000px\" loading=\"lazy\" alt=\"Logo RGE QUALIBAT\"\/>\n\t\t\t\t\t\t\t\t\t\t\t\t<\/div>\n\t\t\t\t\n\t\t\t\t\t\t\t<\/div>\n\t\t\t\t\t\t\t<div class=\"paragraphs__content\">\n\t\t\t\t\t\t\t\t\t\t\t\t\t\t\t<h2 class=\"paragraphs__content__title h3\">Le signe de qualit\u00e9 RGE<\/h2>\n\t\t\t\t\t\t\t\t\t\t\t\t\t\t\t\t\t\t\t\t\t\t\t\t\t\t\t\t\t\t\t\t\t\t\t\t\t\t\t\t<div class=\"paragraphs__content__text\"><p>Depuis le 1<sup>er <\/sup>septembre 2014, le principe d&#8217;\u00e9co-conditionnalit\u00e9 est en vigueur. Cela signifie que pour b\u00e9n\u00e9ficier d&#8217;aides financi\u00e8res pour des travaux de r\u00e9novation \u00e9nerg\u00e9tique, les particuliers doivent faire appel \u00e0 une entreprise certifi\u00e9e RGE (Reconnu Garant de l&#8217;Environnement).<\/p>\n<p>Obtenir le signe de qualit\u00e9 RGE implique que l&#8217;entreprise respecte des d\u00e9marches qualit\u00e9 strictes, de la conception \u00e0 l&#8217;installation. Pour les particuliers, cela garantit une fen\u00eatre de qualit\u00e9, install\u00e9e par des professionnels qualifi\u00e9s et form\u00e9s aux \u00e9conomies d&#8217;\u00e9nergie.<\/p>\n<p>Les entreprises RGE doivent se conformer au r\u00e9f\u00e9rentiel de la qualification Qualibat 351, assurant ainsi une double exigence : qualit\u00e9 de la conception et qualit\u00e9 de la fabrication.<\/p>\n<\/div>\n\t\t\t\t\t\t\t\t\t\t\t\t\t\t\t\t\t\t\t\t\t\t\t\t\t\t\t\t\t\t<h2 class=\"paragraphs__content__title h3\">Le principe d&#8217;obtention du signe de qualit\u00e9 RGE<\/h2>\n\t\t\t\t\t\t\t\t\t\t\t\t\t\t\t\t\t\t\t\t\t\t\t\t\t\t\t<\/div>\n\t\t\t<\/div>\n\n\t<\/div>\n\n\n<div class=\"wp-block-image\">\n<figure class=\"aligncenter size-full\"><img loading=\"lazy\" decoding=\"async\" width=\"385\" height=\"289\" src=\"https:\/\/www.batir-en-alu.fr\/pros\/wp-content\/uploads\/sites\/3\/2025\/10\/professiionnel-RGE.png\" alt=\"Principe d\u2019obtention du signe de qualit\u00e9 RGE...\" class=\"wp-image-1242\" srcset=\"https:\/\/www.batir-en-alu.fr\/pros\/wp-content\/uploads\/sites\/3\/2025\/10\/professiionnel-RGE.png 385w, https:\/\/www.batir-en-alu.fr\/pros\/wp-content\/uploads\/sites\/3\/2025\/10\/professiionnel-RGE-300x225.png 300w\" sizes=\"auto, (max-width: 385px) 100vw, 385px\" \/><\/figure>\n<\/div>\n\n\n<div style=\"height:40px\" aria-hidden=\"true\" class=\"wp-block-spacer\"><\/div>\n\n<\/div>\n\t<\/div>\n\n\t<\/div>\n\n\n\n<p><\/p>\n","protected":false},"excerpt":{"rendered":"","protected":false},"author":21,"featured_media":0,"parent":332,"menu_order":0,"comment_status":"closed","ping_status":"closed","template":"","meta":{"_acf_changed":false,"footnotes":""},"class_list":["post-1232","page","type-page","status-publish","hentry"],"acf":[],"yoast_head":"<!-- This site is optimized with the Yoast SEO plugin v26.9 - https:\/\/yoast.com\/product\/yoast-seo-wordpress\/ -->\n<title>Les d\u00e9marches qualit\u00e9 entreprises - B\u00e2tir en Alu.fr - Professionnels<\/title>\n<meta name=\"description\" content=\"Signe de qualit\u00e9 RGE pour menuiseries aluminium : \u00e9co-conditionnalit\u00e9, aides \u00e0 la r\u00e9novation \u00e9nerg\u00e9tique, qualification Qualibat 351. Obtention et exigences.\" \/>\n<meta name=\"robots\" content=\"index, follow, max-snippet:-1, max-image-preview:large, max-video-preview:-1\" \/>\n<link rel=\"canonical\" href=\"https:\/\/www.batir-en-alu.fr\/pros\/demarches-qualite\/les-demarches-qualite-entreprises-rge\/\" \/>\n<meta property=\"og:locale\" content=\"fr_FR\" \/>\n<meta property=\"og:type\" content=\"article\" \/>\n<meta property=\"og:title\" content=\"Les d\u00e9marches qualit\u00e9 entreprises - B\u00e2tir en Alu.fr - Professionnels\" \/>\n<meta property=\"og:description\" content=\"Signe de qualit\u00e9 RGE pour menuiseries aluminium : \u00e9co-conditionnalit\u00e9, aides \u00e0 la r\u00e9novation \u00e9nerg\u00e9tique, qualification Qualibat 351. Obtention et exigences.\" \/>\n<meta property=\"og:url\" content=\"https:\/\/www.batir-en-alu.fr\/pros\/demarches-qualite\/les-demarches-qualite-entreprises-rge\/\" \/>\n<meta property=\"og:site_name\" content=\"B\u00e2tir en Alu.fr - Professionnels\" \/>\n<meta property=\"article:modified_time\" content=\"2026-02-25T10:01:41+00:00\" \/>\n<meta property=\"og:image\" content=\"https:\/\/www.batir-en-alu.fr\/pros\/wp-content\/uploads\/sites\/3\/2025\/10\/professiionnel-RGE.png\" \/>\n<meta name=\"twitter:card\" content=\"summary_large_image\" \/>\n<meta name=\"twitter:label1\" content=\"Dur\u00e9e de lecture estim\u00e9e\" \/>\n\t<meta name=\"twitter:data1\" content=\"1 minute\" \/>\n<script type=\"application\/ld+json\" class=\"yoast-schema-graph\">{\"@context\":\"https:\/\/schema.org\",\"@graph\":[{\"@type\":\"WebPage\",\"@id\":\"https:\/\/www.batir-en-alu.fr\/pros\/demarches-qualite\/les-demarches-qualite-entreprises-rge\/\",\"url\":\"https:\/\/www.batir-en-alu.fr\/pros\/demarches-qualite\/les-demarches-qualite-entreprises-rge\/\",\"name\":\"Les d\u00e9marches qualit\u00e9 entreprises - B\u00e2tir en Alu.fr - Professionnels\",\"isPartOf\":{\"@id\":\"https:\/\/www.batir-en-alu.fr\/pros\/#website\"},\"primaryImageOfPage\":{\"@id\":\"https:\/\/www.batir-en-alu.fr\/pros\/demarches-qualite\/les-demarches-qualite-entreprises-rge\/#primaryimage\"},\"image\":{\"@id\":\"https:\/\/www.batir-en-alu.fr\/pros\/demarches-qualite\/les-demarches-qualite-entreprises-rge\/#primaryimage\"},\"thumbnailUrl\":\"https:\/\/www.batir-en-alu.fr\/pros\/wp-content\/uploads\/sites\/3\/2025\/10\/professiionnel-RGE.png\",\"datePublished\":\"2025-10-30T11:26:56+00:00\",\"dateModified\":\"2026-02-25T10:01:41+00:00\",\"description\":\"Signe de qualit\u00e9 RGE pour menuiseries aluminium : \u00e9co-conditionnalit\u00e9, aides \u00e0 la r\u00e9novation \u00e9nerg\u00e9tique, qualification Qualibat 351. Obtention et exigences.\",\"breadcrumb\":{\"@id\":\"https:\/\/www.batir-en-alu.fr\/pros\/demarches-qualite\/les-demarches-qualite-entreprises-rge\/#breadcrumb\"},\"inLanguage\":\"fr-FR\",\"potentialAction\":[{\"@type\":\"ReadAction\",\"target\":[\"https:\/\/www.batir-en-alu.fr\/pros\/demarches-qualite\/les-demarches-qualite-entreprises-rge\/\"]}]},{\"@type\":\"ImageObject\",\"inLanguage\":\"fr-FR\",\"@id\":\"https:\/\/www.batir-en-alu.fr\/pros\/demarches-qualite\/les-demarches-qualite-entreprises-rge\/#primaryimage\",\"url\":\"https:\/\/www.batir-en-alu.fr\/pros\/wp-content\/uploads\/sites\/3\/2025\/10\/professiionnel-RGE.png\",\"contentUrl\":\"https:\/\/www.batir-en-alu.fr\/pros\/wp-content\/uploads\/sites\/3\/2025\/10\/professiionnel-RGE.png\",\"width\":385,\"height\":289,\"caption\":\"Principe d\u2019obtention du signe de qualit\u00e9 RGE\"},{\"@type\":\"BreadcrumbList\",\"@id\":\"https:\/\/www.batir-en-alu.fr\/pros\/demarches-qualite\/les-demarches-qualite-entreprises-rge\/#breadcrumb\",\"itemListElement\":[{\"@type\":\"ListItem\",\"position\":1,\"name\":\"\u00b7\u00b7\u00b7\",\"item\":\"https:\/\/www.batir-en-alu.fr\/pros\"},{\"@type\":\"ListItem\",\"position\":2,\"name\":\"B\u00e2tir En Alu\",\"item\":\"https:\/\/www.batir-en-alu.fr\/\"},{\"@type\":\"ListItem\",\"position\":3,\"name\":\"Professionnels\",\"item\":\"https:\/\/www.batir-en-alu.fr\/pros\/\"},{\"@type\":\"ListItem\",\"position\":4,\"name\":\"Les 5 d\u00e9marches qualit\u00e9\",\"item\":\"https:\/\/www.batir-en-alu.fr\/pros\/demarches-qualite\/\"},{\"@type\":\"ListItem\",\"position\":5,\"name\":\"Les d\u00e9marches qualit\u00e9 entreprises\"}]},{\"@type\":\"WebSite\",\"@id\":\"https:\/\/www.batir-en-alu.fr\/pros\/#website\",\"url\":\"https:\/\/www.batir-en-alu.fr\/pros\/\",\"name\":\"B\u00e2tir en alu Professionnels\",\"description\":\"Professionnels de la Menuiserie aluminium\",\"publisher\":{\"@id\":\"https:\/\/www.batir-en-alu.fr\/pros\/#organization\"},\"potentialAction\":[{\"@type\":\"SearchAction\",\"target\":{\"@type\":\"EntryPoint\",\"urlTemplate\":\"https:\/\/www.batir-en-alu.fr\/pros\/?s={search_term_string}\"},\"query-input\":{\"@type\":\"PropertyValueSpecification\",\"valueRequired\":true,\"valueName\":\"search_term_string\"}}],\"inLanguage\":\"fr-FR\"},{\"@type\":\"Organization\",\"@id\":\"https:\/\/www.batir-en-alu.fr\/pros\/#organization\",\"name\":\"B\u00e2tir en alu Professionnels\",\"url\":\"https:\/\/www.batir-en-alu.fr\/pros\/\",\"logo\":{\"@type\":\"ImageObject\",\"inLanguage\":\"fr-FR\",\"@id\":\"https:\/\/www.batir-en-alu.fr\/pros\/#\/schema\/logo\/image\/\",\"url\":\"https:\/\/www.batir-en-alu.fr\/pros\/wp-content\/uploads\/sites\/3\/2026\/03\/logo-batir-en-alu-pro.webp\",\"contentUrl\":\"https:\/\/www.batir-en-alu.fr\/pros\/wp-content\/uploads\/sites\/3\/2026\/03\/logo-batir-en-alu-pro.webp\",\"width\":276,\"height\":310,\"caption\":\"B\u00e2tir en alu Professionnels\"},\"image\":{\"@id\":\"https:\/\/www.batir-en-alu.fr\/pros\/#\/schema\/logo\/image\/\"}}]}<\/script>\n<!-- \/ Yoast SEO plugin. -->","yoast_head_json":{"title":"Les d\u00e9marches qualit\u00e9 entreprises - B\u00e2tir en Alu.fr - Professionnels","description":"Signe de qualit\u00e9 RGE pour menuiseries aluminium : \u00e9co-conditionnalit\u00e9, aides \u00e0 la r\u00e9novation \u00e9nerg\u00e9tique, qualification Qualibat 351. Obtention et exigences.","robots":{"index":"index","follow":"follow","max-snippet":"max-snippet:-1","max-image-preview":"max-image-preview:large","max-video-preview":"max-video-preview:-1"},"canonical":"https:\/\/www.batir-en-alu.fr\/pros\/demarches-qualite\/les-demarches-qualite-entreprises-rge\/","og_locale":"fr_FR","og_type":"article","og_title":"Les d\u00e9marches qualit\u00e9 entreprises - B\u00e2tir en Alu.fr - Professionnels","og_description":"Signe de qualit\u00e9 RGE pour menuiseries aluminium : \u00e9co-conditionnalit\u00e9, aides \u00e0 la r\u00e9novation \u00e9nerg\u00e9tique, qualification Qualibat 351. Obtention et exigences.","og_url":"https:\/\/www.batir-en-alu.fr\/pros\/demarches-qualite\/les-demarches-qualite-entreprises-rge\/","og_site_name":"B\u00e2tir en Alu.fr - Professionnels","article_modified_time":"2026-02-25T10:01:41+00:00","og_image":[{"url":"https:\/\/www.batir-en-alu.fr\/pros\/wp-content\/uploads\/sites\/3\/2025\/10\/professiionnel-RGE.png","type":"","width":"","height":""}],"twitter_card":"summary_large_image","twitter_misc":{"Dur\u00e9e de lecture estim\u00e9e":"1 minute"},"schema":{"@context":"https:\/\/schema.org","@graph":[{"@type":"WebPage","@id":"https:\/\/www.batir-en-alu.fr\/pros\/demarches-qualite\/les-demarches-qualite-entreprises-rge\/","url":"https:\/\/www.batir-en-alu.fr\/pros\/demarches-qualite\/les-demarches-qualite-entreprises-rge\/","name":"Les d\u00e9marches qualit\u00e9 entreprises - B\u00e2tir en Alu.fr - Professionnels","isPartOf":{"@id":"https:\/\/www.batir-en-alu.fr\/pros\/#website"},"primaryImageOfPage":{"@id":"https:\/\/www.batir-en-alu.fr\/pros\/demarches-qualite\/les-demarches-qualite-entreprises-rge\/#primaryimage"},"image":{"@id":"https:\/\/www.batir-en-alu.fr\/pros\/demarches-qualite\/les-demarches-qualite-entreprises-rge\/#primaryimage"},"thumbnailUrl":"https:\/\/www.batir-en-alu.fr\/pros\/wp-content\/uploads\/sites\/3\/2025\/10\/professiionnel-RGE.png","datePublished":"2025-10-30T11:26:56+00:00","dateModified":"2026-02-25T10:01:41+00:00","description":"Signe de qualit\u00e9 RGE pour menuiseries aluminium : \u00e9co-conditionnalit\u00e9, aides \u00e0 la r\u00e9novation \u00e9nerg\u00e9tique, qualification Qualibat 351. Obtention et exigences.","breadcrumb":{"@id":"https:\/\/www.batir-en-alu.fr\/pros\/demarches-qualite\/les-demarches-qualite-entreprises-rge\/#breadcrumb"},"inLanguage":"fr-FR","potentialAction":[{"@type":"ReadAction","target":["https:\/\/www.batir-en-alu.fr\/pros\/demarches-qualite\/les-demarches-qualite-entreprises-rge\/"]}]},{"@type":"ImageObject","inLanguage":"fr-FR","@id":"https:\/\/www.batir-en-alu.fr\/pros\/demarches-qualite\/les-demarches-qualite-entreprises-rge\/#primaryimage","url":"https:\/\/www.batir-en-alu.fr\/pros\/wp-content\/uploads\/sites\/3\/2025\/10\/professiionnel-RGE.png","contentUrl":"https:\/\/www.batir-en-alu.fr\/pros\/wp-content\/uploads\/sites\/3\/2025\/10\/professiionnel-RGE.png","width":385,"height":289,"caption":"Principe d\u2019obtention du signe de qualit\u00e9 RGE"},{"@type":"BreadcrumbList","@id":"https:\/\/www.batir-en-alu.fr\/pros\/demarches-qualite\/les-demarches-qualite-entreprises-rge\/#breadcrumb","itemListElement":[{"@type":"ListItem","position":1,"name":"\u00b7\u00b7\u00b7","item":"https:\/\/www.batir-en-alu.fr\/pros"},{"@type":"ListItem","position":2,"name":"B\u00e2tir En Alu","item":"https:\/\/www.batir-en-alu.fr\/"},{"@type":"ListItem","position":3,"name":"Professionnels","item":"https:\/\/www.batir-en-alu.fr\/pros\/"},{"@type":"ListItem","position":4,"name":"Les 5 d\u00e9marches qualit\u00e9","item":"https:\/\/www.batir-en-alu.fr\/pros\/demarches-qualite\/"},{"@type":"ListItem","position":5,"name":"Les d\u00e9marches qualit\u00e9 entreprises"}]},{"@type":"WebSite","@id":"https:\/\/www.batir-en-alu.fr\/pros\/#website","url":"https:\/\/www.batir-en-alu.fr\/pros\/","name":"B\u00e2tir en alu Professionnels","description":"Professionnels de la Menuiserie aluminium","publisher":{"@id":"https:\/\/www.batir-en-alu.fr\/pros\/#organization"},"potentialAction":[{"@type":"SearchAction","target":{"@type":"EntryPoint","urlTemplate":"https:\/\/www.batir-en-alu.fr\/pros\/?s={search_term_string}"},"query-input":{"@type":"PropertyValueSpecification","valueRequired":true,"valueName":"search_term_string"}}],"inLanguage":"fr-FR"},{"@type":"Organization","@id":"https:\/\/www.batir-en-alu.fr\/pros\/#organization","name":"B\u00e2tir en alu Professionnels","url":"https:\/\/www.batir-en-alu.fr\/pros\/","logo":{"@type":"ImageObject","inLanguage":"fr-FR","@id":"https:\/\/www.batir-en-alu.fr\/pros\/#\/schema\/logo\/image\/","url":"https:\/\/www.batir-en-alu.fr\/pros\/wp-content\/uploads\/sites\/3\/2026\/03\/logo-batir-en-alu-pro.webp","contentUrl":"https:\/\/www.batir-en-alu.fr\/pros\/wp-content\/uploads\/sites\/3\/2026\/03\/logo-batir-en-alu-pro.webp","width":276,"height":310,"caption":"B\u00e2tir en alu Professionnels"},"image":{"@id":"https:\/\/www.batir-en-alu.fr\/pros\/#\/schema\/logo\/image\/"}}]}},"_links":{"self":[{"href":"https:\/\/www.batir-en-alu.fr\/pros\/wp-json\/wp\/v2\/pages\/1232","targetHints":{"allow":["GET"]}}],"collection":[{"href":"https:\/\/www.batir-en-alu.fr\/pros\/wp-json\/wp\/v2\/pages"}],"about":[{"href":"https:\/\/www.batir-en-alu.fr\/pros\/wp-json\/wp\/v2\/types\/page"}],"author":[{"embeddable":true,"href":"https:\/\/www.batir-en-alu.fr\/pros\/wp-json\/wp\/v2\/users\/21"}],"replies":[{"embeddable":true,"href":"https:\/\/www.batir-en-alu.fr\/pros\/wp-json\/wp\/v2\/comments?post=1232"}],"version-history":[{"count":9,"href":"https:\/\/www.batir-en-alu.fr\/pros\/wp-json\/wp\/v2\/pages\/1232\/revisions"}],"predecessor-version":[{"id":1877,"href":"https:\/\/www.batir-en-alu.fr\/pros\/wp-json\/wp\/v2\/pages\/1232\/revisions\/1877"}],"up":[{"embeddable":true,"href":"https:\/\/www.batir-en-alu.fr\/pros\/wp-json\/wp\/v2\/pages\/332"}],"wp:attachment":[{"href":"https:\/\/www.batir-en-alu.fr\/pros\/wp-json\/wp\/v2\/media?parent=1232"}],"curies":[{"name":"wp","href":"https:\/\/api.w.org\/{rel}","templated":true}]}}