{"id":1080,"date":"2025-10-24T15:59:13","date_gmt":"2025-10-24T13:59:13","guid":{"rendered":"https:\/\/snfa.grouperougevif.fr\/pros\/?page_id=1080"},"modified":"2026-02-25T10:45:56","modified_gmt":"2026-02-25T09:45:56","slug":"les-regles-de-lart","status":"publish","type":"page","link":"https:\/\/www.batir-en-alu.fr\/pros\/menuiserie-aluminium\/garde-corps-en-aluminium\/les-regles-de-lart\/","title":{"rendered":"Les r\u00e8gles de l&#8217;art"},"content":{"rendered":"\n\n\n\t<div class=\"align wp-block-acf-layout-wrap\">\n\n\t\n\n\t\t<div class=\"layout-wrap\" >\n\t\t<div class=\"innerblock\">\n\n\n\n\t<div class=\"wp-block-acf-container\">\n\n\t\n\n\t\t<div class=\"container\" >\n\t\t<div class=\"innerblock\">\n\n<p><strong>Le garde-corps n\u2019est pas seulement un \u00e9l\u00e9ment d\u00e9coratif, c\u2019est avant tout un \u00e9l\u00e9ment de s\u00e9curit\u00e9 qui r\u00e9pond \u00e0 des normes strictes de dimensionnement et de mise en \u0153uvre.<\/strong><\/p>\n\n<\/div>\n\t<\/div>\n\n\t<\/div>\n\n\n\n\n\n\t<div class=\"align wp-block-acf-paragraphs\">\n\n\t\n\n\t\t<div class=\"paragraphs container\">\n\n\t\t\t\t\t\t\t<div class=\"paragraphs__content\">\n\t\t\t\t\t\t\t\t\t\t\t\t\t\t\t<h2 class=\"paragraphs__content__title h3\">Professionnels et r\u00e8gles de l&#8217;art<\/h2>\n\t\t\t\t\t\t\t\t\t\t\t\t\t\t\t\t\t\t\t\t\t\t\t\t\t\t\t\t\t\t\t\t\t\t\t\t\t\t\t\t<div class=\"paragraphs__content__text\"><p>Il est important de rappeler que le choix du type de garde-corps d\u00e9pend avant tout du support et que bien que son montage soit souvent simple, il est n\u00e9cessaire de le faire r\u00e9aliser par des professionnels qui assureront la pose dans le respect des r\u00e8gles de l\u2019art.<\/p>\n<\/div>\n\t\t\t\t\t\t\t\t\t\t\t\t\t\t\t\t\t\t\t\t\t\t\t\t\t\t\t\t\t\t<h2 class=\"paragraphs__content__title h3\">Les normes \u00e0 respecter<\/h2>\n\t\t\t\t\t\t\t\t\t\t\t\t\t\t\t\t\t\t\t\t\t\t\t\t\t\t\t\t\t\t\t\t\t\t\t\t\t\t\t\t<div class=\"paragraphs__content__text\"><p>Les garde-corps sont encadr\u00e9s par des normes qui fixent les exigences en mati\u00e8re de s\u00e9curit\u00e9 :<\/p>\n<ul>\n<li>les garde-corps pour terrasses, balcons et appuis de fen\u00eatres sont soumis \u00e0 la norme <strong>NF P01-012<\/strong> qui r\u00e9git les exigences de dimensionnement et les normes <strong>NF P01-013<\/strong> et <strong>NF P06-111<\/strong> qui r\u00e9gissent les exigences de r\u00e9sistance<\/li>\n<li>les garde-corps pour toitures-terrasses inaccessibles au public sont soumis \u00e0 la norme <strong>NF E 85-015<\/strong><\/li>\n<li>les barri\u00e8res de piscine r\u00e9pondent \u00e0 une r\u00e9glementation sp\u00e9cifique : la <strong>NF P90-306<\/strong><\/li>\n<\/ul>\n<p>&nbsp;<\/p>\n<\/div>\n\t\t\t\t\t\t\t\t\t\t\t\t\t\t\t\t\t\t\t\t\t\t<\/div>\n\t\t\t<\/div>\n\n\t<\/div>\n\n<\/div>\n\t<\/div>\n\n\t<\/div>\n","protected":false},"excerpt":{"rendered":"","protected":false},"author":21,"featured_media":0,"parent":544,"menu_order":0,"comment_status":"closed","ping_status":"closed","template":"","meta":{"_acf_changed":false,"footnotes":""},"class_list":["post-1080","page","type-page","status-publish","hentry"],"acf":[],"yoast_head":"<!-- This site is optimized with the Yoast SEO plugin v26.9 - https:\/\/yoast.com\/product\/yoast-seo-wordpress\/ -->\n<title>Les r\u00e8gles de l&#039;art - B\u00e2tir en Alu.fr - Professionnels<\/title>\n<meta name=\"description\" content=\"Normes garde-corps aluminium : NF P01-012, NF P01-013, NF E 85-015 et NF P90-306. R\u00e8gles de dimensionnement, r\u00e9sistance et mise en \u0153uvre. Exigences de s\u00e9curit\u00e9.\" \/>\n<meta name=\"robots\" content=\"index, follow, max-snippet:-1, max-image-preview:large, max-video-preview:-1\" \/>\n<link rel=\"canonical\" href=\"https:\/\/www.batir-en-alu.fr\/pros\/menuiserie-aluminium\/garde-corps-en-aluminium\/les-regles-de-lart\/\" \/>\n<meta property=\"og:locale\" content=\"fr_FR\" \/>\n<meta property=\"og:type\" content=\"article\" \/>\n<meta property=\"og:title\" content=\"Les r\u00e8gles de l&#039;art - B\u00e2tir en Alu.fr - Professionnels\" \/>\n<meta property=\"og:description\" content=\"Normes garde-corps aluminium : NF P01-012, NF P01-013, NF E 85-015 et NF P90-306. R\u00e8gles de dimensionnement, r\u00e9sistance et mise en \u0153uvre. Exigences de s\u00e9curit\u00e9.\" \/>\n<meta property=\"og:url\" content=\"https:\/\/www.batir-en-alu.fr\/pros\/menuiserie-aluminium\/garde-corps-en-aluminium\/les-regles-de-lart\/\" \/>\n<meta property=\"og:site_name\" content=\"B\u00e2tir en Alu.fr - Professionnels\" \/>\n<meta property=\"article:modified_time\" content=\"2026-02-25T09:45:56+00:00\" \/>\n<meta name=\"twitter:card\" content=\"summary_large_image\" \/>\n<meta name=\"twitter:label1\" content=\"Dur\u00e9e de lecture estim\u00e9e\" \/>\n\t<meta name=\"twitter:data1\" content=\"1 minute\" \/>\n<script type=\"application\/ld+json\" class=\"yoast-schema-graph\">{\"@context\":\"https:\/\/schema.org\",\"@graph\":[{\"@type\":\"WebPage\",\"@id\":\"https:\/\/www.batir-en-alu.fr\/pros\/menuiserie-aluminium\/garde-corps-en-aluminium\/les-regles-de-lart\/\",\"url\":\"https:\/\/www.batir-en-alu.fr\/pros\/menuiserie-aluminium\/garde-corps-en-aluminium\/les-regles-de-lart\/\",\"name\":\"Les r\u00e8gles de l'art - B\u00e2tir en Alu.fr - Professionnels\",\"isPartOf\":{\"@id\":\"https:\/\/www.batir-en-alu.fr\/pros\/#website\"},\"datePublished\":\"2025-10-24T13:59:13+00:00\",\"dateModified\":\"2026-02-25T09:45:56+00:00\",\"description\":\"Normes garde-corps aluminium : NF P01-012, NF P01-013, NF E 85-015 et NF P90-306. R\u00e8gles de dimensionnement, r\u00e9sistance et mise en \u0153uvre. Exigences de s\u00e9curit\u00e9.\",\"breadcrumb\":{\"@id\":\"https:\/\/www.batir-en-alu.fr\/pros\/menuiserie-aluminium\/garde-corps-en-aluminium\/les-regles-de-lart\/#breadcrumb\"},\"inLanguage\":\"fr-FR\",\"potentialAction\":[{\"@type\":\"ReadAction\",\"target\":[\"https:\/\/www.batir-en-alu.fr\/pros\/menuiserie-aluminium\/garde-corps-en-aluminium\/les-regles-de-lart\/\"]}]},{\"@type\":\"BreadcrumbList\",\"@id\":\"https:\/\/www.batir-en-alu.fr\/pros\/menuiserie-aluminium\/garde-corps-en-aluminium\/les-regles-de-lart\/#breadcrumb\",\"itemListElement\":[{\"@type\":\"ListItem\",\"position\":1,\"name\":\"\u00b7\u00b7\u00b7\",\"item\":\"https:\/\/www.batir-en-alu.fr\/pros\"},{\"@type\":\"ListItem\",\"position\":2,\"name\":\"B\u00e2tir En Alu\",\"item\":\"https:\/\/www.batir-en-alu.fr\/\"},{\"@type\":\"ListItem\",\"position\":3,\"name\":\"Professionnels\",\"item\":\"https:\/\/www.batir-en-alu.fr\/pros\/\"},{\"@type\":\"ListItem\",\"position\":4,\"name\":\"La menuiserie aluminium\",\"item\":\"https:\/\/www.batir-en-alu.fr\/pros\/menuiserie-aluminium\/\"},{\"@type\":\"ListItem\",\"position\":5,\"name\":\"Le garde-corps en aluminium\",\"item\":\"https:\/\/www.batir-en-alu.fr\/pros\/menuiserie-aluminium\/garde-corps-en-aluminium\/\"},{\"@type\":\"ListItem\",\"position\":6,\"name\":\"Les r\u00e8gles de l&#8217;art\"}]},{\"@type\":\"WebSite\",\"@id\":\"https:\/\/www.batir-en-alu.fr\/pros\/#website\",\"url\":\"https:\/\/www.batir-en-alu.fr\/pros\/\",\"name\":\"B\u00e2tir en alu Professionnels\",\"description\":\"Professionnels de la Menuiserie aluminium\",\"publisher\":{\"@id\":\"https:\/\/www.batir-en-alu.fr\/pros\/#organization\"},\"potentialAction\":[{\"@type\":\"SearchAction\",\"target\":{\"@type\":\"EntryPoint\",\"urlTemplate\":\"https:\/\/www.batir-en-alu.fr\/pros\/?s={search_term_string}\"},\"query-input\":{\"@type\":\"PropertyValueSpecification\",\"valueRequired\":true,\"valueName\":\"search_term_string\"}}],\"inLanguage\":\"fr-FR\"},{\"@type\":\"Organization\",\"@id\":\"https:\/\/www.batir-en-alu.fr\/pros\/#organization\",\"name\":\"B\u00e2tir en alu Professionnels\",\"url\":\"https:\/\/www.batir-en-alu.fr\/pros\/\",\"logo\":{\"@type\":\"ImageObject\",\"inLanguage\":\"fr-FR\",\"@id\":\"https:\/\/www.batir-en-alu.fr\/pros\/#\/schema\/logo\/image\/\",\"url\":\"https:\/\/www.batir-en-alu.fr\/pros\/wp-content\/uploads\/sites\/3\/2026\/03\/logo-batir-en-alu-pro.webp\",\"contentUrl\":\"https:\/\/www.batir-en-alu.fr\/pros\/wp-content\/uploads\/sites\/3\/2026\/03\/logo-batir-en-alu-pro.webp\",\"width\":276,\"height\":310,\"caption\":\"B\u00e2tir en alu Professionnels\"},\"image\":{\"@id\":\"https:\/\/www.batir-en-alu.fr\/pros\/#\/schema\/logo\/image\/\"}}]}<\/script>\n<!-- \/ Yoast SEO plugin. -->","yoast_head_json":{"title":"Les r\u00e8gles de l'art - B\u00e2tir en Alu.fr - Professionnels","description":"Normes garde-corps aluminium : NF P01-012, NF P01-013, NF E 85-015 et NF P90-306. R\u00e8gles de dimensionnement, r\u00e9sistance et mise en \u0153uvre. Exigences de s\u00e9curit\u00e9.","robots":{"index":"index","follow":"follow","max-snippet":"max-snippet:-1","max-image-preview":"max-image-preview:large","max-video-preview":"max-video-preview:-1"},"canonical":"https:\/\/www.batir-en-alu.fr\/pros\/menuiserie-aluminium\/garde-corps-en-aluminium\/les-regles-de-lart\/","og_locale":"fr_FR","og_type":"article","og_title":"Les r\u00e8gles de l'art - B\u00e2tir en Alu.fr - Professionnels","og_description":"Normes garde-corps aluminium : NF P01-012, NF P01-013, NF E 85-015 et NF P90-306. R\u00e8gles de dimensionnement, r\u00e9sistance et mise en \u0153uvre. Exigences de s\u00e9curit\u00e9.","og_url":"https:\/\/www.batir-en-alu.fr\/pros\/menuiserie-aluminium\/garde-corps-en-aluminium\/les-regles-de-lart\/","og_site_name":"B\u00e2tir en Alu.fr - Professionnels","article_modified_time":"2026-02-25T09:45:56+00:00","twitter_card":"summary_large_image","twitter_misc":{"Dur\u00e9e de lecture estim\u00e9e":"1 minute"},"schema":{"@context":"https:\/\/schema.org","@graph":[{"@type":"WebPage","@id":"https:\/\/www.batir-en-alu.fr\/pros\/menuiserie-aluminium\/garde-corps-en-aluminium\/les-regles-de-lart\/","url":"https:\/\/www.batir-en-alu.fr\/pros\/menuiserie-aluminium\/garde-corps-en-aluminium\/les-regles-de-lart\/","name":"Les r\u00e8gles de l'art - B\u00e2tir en Alu.fr - Professionnels","isPartOf":{"@id":"https:\/\/www.batir-en-alu.fr\/pros\/#website"},"datePublished":"2025-10-24T13:59:13+00:00","dateModified":"2026-02-25T09:45:56+00:00","description":"Normes garde-corps aluminium : NF P01-012, NF P01-013, NF E 85-015 et NF P90-306. R\u00e8gles de dimensionnement, r\u00e9sistance et mise en \u0153uvre. Exigences de s\u00e9curit\u00e9.","breadcrumb":{"@id":"https:\/\/www.batir-en-alu.fr\/pros\/menuiserie-aluminium\/garde-corps-en-aluminium\/les-regles-de-lart\/#breadcrumb"},"inLanguage":"fr-FR","potentialAction":[{"@type":"ReadAction","target":["https:\/\/www.batir-en-alu.fr\/pros\/menuiserie-aluminium\/garde-corps-en-aluminium\/les-regles-de-lart\/"]}]},{"@type":"BreadcrumbList","@id":"https:\/\/www.batir-en-alu.fr\/pros\/menuiserie-aluminium\/garde-corps-en-aluminium\/les-regles-de-lart\/#breadcrumb","itemListElement":[{"@type":"ListItem","position":1,"name":"\u00b7\u00b7\u00b7","item":"https:\/\/www.batir-en-alu.fr\/pros"},{"@type":"ListItem","position":2,"name":"B\u00e2tir En Alu","item":"https:\/\/www.batir-en-alu.fr\/"},{"@type":"ListItem","position":3,"name":"Professionnels","item":"https:\/\/www.batir-en-alu.fr\/pros\/"},{"@type":"ListItem","position":4,"name":"La menuiserie aluminium","item":"https:\/\/www.batir-en-alu.fr\/pros\/menuiserie-aluminium\/"},{"@type":"ListItem","position":5,"name":"Le garde-corps en aluminium","item":"https:\/\/www.batir-en-alu.fr\/pros\/menuiserie-aluminium\/garde-corps-en-aluminium\/"},{"@type":"ListItem","position":6,"name":"Les r\u00e8gles de l&#8217;art"}]},{"@type":"WebSite","@id":"https:\/\/www.batir-en-alu.fr\/pros\/#website","url":"https:\/\/www.batir-en-alu.fr\/pros\/","name":"B\u00e2tir en alu Professionnels","description":"Professionnels de la Menuiserie aluminium","publisher":{"@id":"https:\/\/www.batir-en-alu.fr\/pros\/#organization"},"potentialAction":[{"@type":"SearchAction","target":{"@type":"EntryPoint","urlTemplate":"https:\/\/www.batir-en-alu.fr\/pros\/?s={search_term_string}"},"query-input":{"@type":"PropertyValueSpecification","valueRequired":true,"valueName":"search_term_string"}}],"inLanguage":"fr-FR"},{"@type":"Organization","@id":"https:\/\/www.batir-en-alu.fr\/pros\/#organization","name":"B\u00e2tir en alu Professionnels","url":"https:\/\/www.batir-en-alu.fr\/pros\/","logo":{"@type":"ImageObject","inLanguage":"fr-FR","@id":"https:\/\/www.batir-en-alu.fr\/pros\/#\/schema\/logo\/image\/","url":"https:\/\/www.batir-en-alu.fr\/pros\/wp-content\/uploads\/sites\/3\/2026\/03\/logo-batir-en-alu-pro.webp","contentUrl":"https:\/\/www.batir-en-alu.fr\/pros\/wp-content\/uploads\/sites\/3\/2026\/03\/logo-batir-en-alu-pro.webp","width":276,"height":310,"caption":"B\u00e2tir en alu Professionnels"},"image":{"@id":"https:\/\/www.batir-en-alu.fr\/pros\/#\/schema\/logo\/image\/"}}]}},"_links":{"self":[{"href":"https:\/\/www.batir-en-alu.fr\/pros\/wp-json\/wp\/v2\/pages\/1080","targetHints":{"allow":["GET"]}}],"collection":[{"href":"https:\/\/www.batir-en-alu.fr\/pros\/wp-json\/wp\/v2\/pages"}],"about":[{"href":"https:\/\/www.batir-en-alu.fr\/pros\/wp-json\/wp\/v2\/types\/page"}],"author":[{"embeddable":true,"href":"https:\/\/www.batir-en-alu.fr\/pros\/wp-json\/wp\/v2\/users\/21"}],"replies":[{"embeddable":true,"href":"https:\/\/www.batir-en-alu.fr\/pros\/wp-json\/wp\/v2\/comments?post=1080"}],"version-history":[{"count":6,"href":"https:\/\/www.batir-en-alu.fr\/pros\/wp-json\/wp\/v2\/pages\/1080\/revisions"}],"predecessor-version":[{"id":1965,"href":"https:\/\/www.batir-en-alu.fr\/pros\/wp-json\/wp\/v2\/pages\/1080\/revisions\/1965"}],"up":[{"embeddable":true,"href":"https:\/\/www.batir-en-alu.fr\/pros\/wp-json\/wp\/v2\/pages\/544"}],"wp:attachment":[{"href":"https:\/\/www.batir-en-alu.fr\/pros\/wp-json\/wp\/v2\/media?parent=1080"}],"curies":[{"name":"wp","href":"https:\/\/api.w.org\/{rel}","templated":true}]}}