{"id":1042,"date":"2025-10-24T15:18:25","date_gmt":"2025-10-24T13:18:25","guid":{"rendered":"https:\/\/snfa.grouperougevif.fr\/pros\/?page_id=1042"},"modified":"2026-02-25T10:48:51","modified_gmt":"2026-02-25T09:48:51","slug":"garde-corps-a-barreaudage","status":"publish","type":"page","link":"https:\/\/www.batir-en-alu.fr\/pros\/menuiserie-aluminium\/garde-corps-en-aluminium\/les-types-de-garde-corps-en-aluminium\/garde-corps-a-barreaudage\/","title":{"rendered":"Garde-corps \u00e0 barreaudage"},"content":{"rendered":"\n\n\n\t<div class=\"align wp-block-acf-layout-wrap\">\n\n\t\n\n\t\t<div class=\"layout-wrap\" >\n\t\t<div class=\"innerblock\">\n\n\n\n\t<div class=\"align wp-block-acf-paragraphs\">\n\n\t\n\n\t\t<div class=\"paragraphs container\">\n\n\t\t\t\t\t<div class=\"paragraphs__left\">\n\n\t\t\t\t\t\t\t\t\t<div class=\"paragraphs__image\">\n\t\t\t\t\t\t\t\t\t\t\t\t\t\t\t\t<img decoding=\"async\" class=\"img\" src=\"https:\/\/www.batir-en-alu.fr\/pros\/wp-content\/uploads\/sites\/3\/2025\/12\/2016-12-13-15.28.57-multiplicite-des-formes.jpg\" srcset=\"https:\/\/www.batir-en-alu.fr\/pros\/wp-content\/uploads\/sites\/3\/2025\/12\/2016-12-13-15.28.57-multiplicite-des-formes.jpg 300w, https:\/\/www.batir-en-alu.fr\/pros\/wp-content\/uploads\/sites\/3\/2025\/12\/2016-12-13-15.28.57-multiplicite-des-formes-225x300.jpg 225w\" sizes=\"(max-width: 300px) 100vw, 300px\" loading=\"lazy\" alt=\"Garde-corps \u00e0 barreaudage\"\/>\n\t\t\t\t\t\t\t\t\t\t\t\t<\/div>\n\t\t\t\t\n\t\t\t\t\t\t\t<\/div>\n\t\t\t\t\t\t\t<div class=\"paragraphs__content\">\n\t\t\t\t\t\t\t\t\t\t\t\t\t\t\t\t\t\t\t\t<div class=\"paragraphs__content__text\"><p>Esth\u00e9tiques et fonctionnels,\u00a0les garde-corps \u00e0 barreaudage\u00a0vertical r\u00e9ussissent le pari d\u2019une int\u00e9gration parfaite \u00e0 l\u2019habitat. Avec ou sans\u00a0vide sous la main courante, un barreaudage vertical peut \u00eatre droit, courb\u00e9 ou inclin\u00e9, s\u2019adaptant ainsi \u00e0 tous les types de pose et d\u2019architecture. D\u00e9clinables en plusieurs coloris et aspects, le garde-corps alu \u00e9pouse toutes les formes de fa\u00e7ades, pour mieux les rythmer. D\u00e9veloppant chacun leur propre esth\u00e9tique, chaque mod\u00e8le de garde-corps est con\u00e7u sur-mesure pour le b\u00e2timent ou l\u2019ouvrage qu\u2019il doit s\u00e9curiser.<\/p>\n<p>El\u00e9ment incontournable de l\u2019architecture, le garde-corps est devenu ces derni\u00e8res ann\u00e9es bien plus qu\u2019une s\u00e9curit\u00e9 aux chutes.<\/p>\n<\/div>\n\t\t\t\t\t\t\t\t\t\t\t\t\t\t\t\t\t\t\t\t\t\t<\/div>\n\t\t\t<\/div>\n\n\t<\/div>\n\n\n\n<div style=\"height:40px\" aria-hidden=\"true\" class=\"wp-block-spacer\"><\/div>\n\n<\/div>\n\t<\/div>\n\n\t<\/div>\n","protected":false},"excerpt":{"rendered":"","protected":false},"author":21,"featured_media":1046,"parent":1030,"menu_order":0,"comment_status":"closed","ping_status":"closed","template":"","meta":{"_acf_changed":false,"footnotes":""},"class_list":["post-1042","page","type-page","status-publish","has-post-thumbnail","hentry"],"acf":[],"yoast_head":"<!-- This site is optimized with the Yoast SEO plugin v27.5 - https:\/\/yoast.com\/product\/yoast-seo-wordpress\/ -->\n<title>Garde-corps \u00e0 barreaudage - B\u00e2tir en Alu.fr - Professionnels<\/title>\n<meta name=\"description\" content=\"Garde-corps \u00e0 barreaudage en aluminium : droit, courb\u00e9 ou inclin\u00e9, con\u00e7u sur mesure. S\u00e9curit\u00e9, esth\u00e9tique et int\u00e9gration architecturale pour balcons et fa\u00e7ades.\" \/>\n<meta name=\"robots\" content=\"index, follow, max-snippet:-1, max-image-preview:large, max-video-preview:-1\" \/>\n<link rel=\"canonical\" href=\"https:\/\/www.batir-en-alu.fr\/pros\/menuiserie-aluminium\/garde-corps-en-aluminium\/les-types-de-garde-corps-en-aluminium\/garde-corps-a-barreaudage\/\" \/>\n<meta property=\"og:locale\" content=\"fr_FR\" \/>\n<meta property=\"og:type\" content=\"article\" \/>\n<meta property=\"og:title\" content=\"Garde-corps \u00e0 barreaudage - B\u00e2tir en Alu.fr - Professionnels\" \/>\n<meta property=\"og:description\" content=\"Garde-corps \u00e0 barreaudage en aluminium : droit, courb\u00e9 ou inclin\u00e9, con\u00e7u sur mesure. S\u00e9curit\u00e9, esth\u00e9tique et int\u00e9gration architecturale pour balcons et fa\u00e7ades.\" \/>\n<meta property=\"og:url\" content=\"https:\/\/www.batir-en-alu.fr\/pros\/menuiserie-aluminium\/garde-corps-en-aluminium\/les-types-de-garde-corps-en-aluminium\/garde-corps-a-barreaudage\/\" \/>\n<meta property=\"og:site_name\" content=\"B\u00e2tir en Alu.fr - Professionnels\" \/>\n<meta property=\"article:modified_time\" content=\"2026-02-25T09:48:51+00:00\" \/>\n<meta property=\"og:image\" content=\"https:\/\/www.batir-en-alu.fr\/pros\/wp-content\/uploads\/sites\/3\/2025\/10\/Garde-corps-a-barreaudage.png\" \/>\n\t<meta property=\"og:image:width\" content=\"180\" \/>\n\t<meta property=\"og:image:height\" content=\"100\" \/>\n\t<meta property=\"og:image:type\" content=\"image\/png\" \/>\n<meta name=\"twitter:card\" content=\"summary_large_image\" \/>\n<meta name=\"twitter:label1\" content=\"Dur\u00e9e de lecture estim\u00e9e\" \/>\n\t<meta name=\"twitter:data1\" content=\"1 minute\" \/>\n<script type=\"application\/ld+json\" class=\"yoast-schema-graph\">{\"@context\":\"https:\\\/\\\/schema.org\",\"@graph\":[{\"@type\":\"WebPage\",\"@id\":\"https:\\\/\\\/www.batir-en-alu.fr\\\/pros\\\/menuiserie-aluminium\\\/garde-corps-en-aluminium\\\/les-types-de-garde-corps-en-aluminium\\\/garde-corps-a-barreaudage\\\/\",\"url\":\"https:\\\/\\\/www.batir-en-alu.fr\\\/pros\\\/menuiserie-aluminium\\\/garde-corps-en-aluminium\\\/les-types-de-garde-corps-en-aluminium\\\/garde-corps-a-barreaudage\\\/\",\"name\":\"Garde-corps \u00e0 barreaudage - B\u00e2tir en Alu.fr - Professionnels\",\"isPartOf\":{\"@id\":\"https:\\\/\\\/www.batir-en-alu.fr\\\/pros\\\/#website\"},\"primaryImageOfPage\":{\"@id\":\"https:\\\/\\\/www.batir-en-alu.fr\\\/pros\\\/menuiserie-aluminium\\\/garde-corps-en-aluminium\\\/les-types-de-garde-corps-en-aluminium\\\/garde-corps-a-barreaudage\\\/#primaryimage\"},\"image\":{\"@id\":\"https:\\\/\\\/www.batir-en-alu.fr\\\/pros\\\/menuiserie-aluminium\\\/garde-corps-en-aluminium\\\/les-types-de-garde-corps-en-aluminium\\\/garde-corps-a-barreaudage\\\/#primaryimage\"},\"thumbnailUrl\":\"https:\\\/\\\/www.batir-en-alu.fr\\\/pros\\\/wp-content\\\/uploads\\\/sites\\\/3\\\/2025\\\/10\\\/Garde-corps-a-barreaudage.png\",\"datePublished\":\"2025-10-24T13:18:25+00:00\",\"dateModified\":\"2026-02-25T09:48:51+00:00\",\"description\":\"Garde-corps \u00e0 barreaudage en aluminium : droit, courb\u00e9 ou inclin\u00e9, con\u00e7u sur mesure. S\u00e9curit\u00e9, esth\u00e9tique et int\u00e9gration architecturale pour balcons et fa\u00e7ades.\",\"breadcrumb\":{\"@id\":\"https:\\\/\\\/www.batir-en-alu.fr\\\/pros\\\/menuiserie-aluminium\\\/garde-corps-en-aluminium\\\/les-types-de-garde-corps-en-aluminium\\\/garde-corps-a-barreaudage\\\/#breadcrumb\"},\"inLanguage\":\"fr-FR\",\"potentialAction\":[{\"@type\":\"ReadAction\",\"target\":[\"https:\\\/\\\/www.batir-en-alu.fr\\\/pros\\\/menuiserie-aluminium\\\/garde-corps-en-aluminium\\\/les-types-de-garde-corps-en-aluminium\\\/garde-corps-a-barreaudage\\\/\"]}]},{\"@type\":\"ImageObject\",\"inLanguage\":\"fr-FR\",\"@id\":\"https:\\\/\\\/www.batir-en-alu.fr\\\/pros\\\/menuiserie-aluminium\\\/garde-corps-en-aluminium\\\/les-types-de-garde-corps-en-aluminium\\\/garde-corps-a-barreaudage\\\/#primaryimage\",\"url\":\"https:\\\/\\\/www.batir-en-alu.fr\\\/pros\\\/wp-content\\\/uploads\\\/sites\\\/3\\\/2025\\\/10\\\/Garde-corps-a-barreaudage.png\",\"contentUrl\":\"https:\\\/\\\/www.batir-en-alu.fr\\\/pros\\\/wp-content\\\/uploads\\\/sites\\\/3\\\/2025\\\/10\\\/Garde-corps-a-barreaudage.png\",\"width\":180,\"height\":100,\"caption\":\"Garde-corps \u00e0 barreaudage\"},{\"@type\":\"BreadcrumbList\",\"@id\":\"https:\\\/\\\/www.batir-en-alu.fr\\\/pros\\\/menuiserie-aluminium\\\/garde-corps-en-aluminium\\\/les-types-de-garde-corps-en-aluminium\\\/garde-corps-a-barreaudage\\\/#breadcrumb\",\"itemListElement\":[{\"@type\":\"ListItem\",\"position\":1,\"name\":\"\u00b7\u00b7\u00b7\",\"item\":\"https:\\\/\\\/www.batir-en-alu.fr\\\/pros\"},{\"@type\":\"ListItem\",\"position\":2,\"name\":\"B\u00e2tir En Alu\",\"item\":\"https:\\\/\\\/www.batir-en-alu.fr\\\/\"},{\"@type\":\"ListItem\",\"position\":3,\"name\":\"Professionnels\",\"item\":\"https:\\\/\\\/www.batir-en-alu.fr\\\/pros\\\/\"},{\"@type\":\"ListItem\",\"position\":4,\"name\":\"La menuiserie aluminium\",\"item\":\"https:\\\/\\\/www.batir-en-alu.fr\\\/pros\\\/menuiserie-aluminium\\\/\"},{\"@type\":\"ListItem\",\"position\":5,\"name\":\"Le garde-corps en aluminium\",\"item\":\"https:\\\/\\\/www.batir-en-alu.fr\\\/pros\\\/menuiserie-aluminium\\\/garde-corps-en-aluminium\\\/\"},{\"@type\":\"ListItem\",\"position\":6,\"name\":\"Les types de garde-corps en aluminium\",\"item\":\"https:\\\/\\\/www.batir-en-alu.fr\\\/pros\\\/menuiserie-aluminium\\\/garde-corps-en-aluminium\\\/les-types-de-garde-corps-en-aluminium\\\/\"},{\"@type\":\"ListItem\",\"position\":7,\"name\":\"Garde-corps \u00e0 barreaudage\"}]},{\"@type\":\"WebSite\",\"@id\":\"https:\\\/\\\/www.batir-en-alu.fr\\\/pros\\\/#website\",\"url\":\"https:\\\/\\\/www.batir-en-alu.fr\\\/pros\\\/\",\"name\":\"B\u00e2tir en alu Professionnels\",\"description\":\"Professionnels de la Menuiserie aluminium\",\"publisher\":{\"@id\":\"https:\\\/\\\/www.batir-en-alu.fr\\\/pros\\\/#organization\"},\"potentialAction\":[{\"@type\":\"SearchAction\",\"target\":{\"@type\":\"EntryPoint\",\"urlTemplate\":\"https:\\\/\\\/www.batir-en-alu.fr\\\/pros\\\/?s={search_term_string}\"},\"query-input\":{\"@type\":\"PropertyValueSpecification\",\"valueRequired\":true,\"valueName\":\"search_term_string\"}}],\"inLanguage\":\"fr-FR\"},{\"@type\":\"Organization\",\"@id\":\"https:\\\/\\\/www.batir-en-alu.fr\\\/pros\\\/#organization\",\"name\":\"B\u00e2tir en alu Professionnels\",\"url\":\"https:\\\/\\\/www.batir-en-alu.fr\\\/pros\\\/\",\"logo\":{\"@type\":\"ImageObject\",\"inLanguage\":\"fr-FR\",\"@id\":\"https:\\\/\\\/www.batir-en-alu.fr\\\/pros\\\/#\\\/schema\\\/logo\\\/image\\\/\",\"url\":\"https:\\\/\\\/www.batir-en-alu.fr\\\/pros\\\/wp-content\\\/uploads\\\/sites\\\/3\\\/2026\\\/03\\\/logo-batir-en-alu-pro.webp\",\"contentUrl\":\"https:\\\/\\\/www.batir-en-alu.fr\\\/pros\\\/wp-content\\\/uploads\\\/sites\\\/3\\\/2026\\\/03\\\/logo-batir-en-alu-pro.webp\",\"width\":276,\"height\":310,\"caption\":\"B\u00e2tir en alu Professionnels\"},\"image\":{\"@id\":\"https:\\\/\\\/www.batir-en-alu.fr\\\/pros\\\/#\\\/schema\\\/logo\\\/image\\\/\"}}]}<\/script>\n<!-- \/ Yoast SEO plugin. -->","yoast_head_json":{"title":"Garde-corps \u00e0 barreaudage - B\u00e2tir en Alu.fr - Professionnels","description":"Garde-corps \u00e0 barreaudage en aluminium : droit, courb\u00e9 ou inclin\u00e9, con\u00e7u sur mesure. S\u00e9curit\u00e9, esth\u00e9tique et int\u00e9gration architecturale pour balcons et fa\u00e7ades.","robots":{"index":"index","follow":"follow","max-snippet":"max-snippet:-1","max-image-preview":"max-image-preview:large","max-video-preview":"max-video-preview:-1"},"canonical":"https:\/\/www.batir-en-alu.fr\/pros\/menuiserie-aluminium\/garde-corps-en-aluminium\/les-types-de-garde-corps-en-aluminium\/garde-corps-a-barreaudage\/","og_locale":"fr_FR","og_type":"article","og_title":"Garde-corps \u00e0 barreaudage - B\u00e2tir en Alu.fr - Professionnels","og_description":"Garde-corps \u00e0 barreaudage en aluminium : droit, courb\u00e9 ou inclin\u00e9, con\u00e7u sur mesure. S\u00e9curit\u00e9, esth\u00e9tique et int\u00e9gration architecturale pour balcons et fa\u00e7ades.","og_url":"https:\/\/www.batir-en-alu.fr\/pros\/menuiserie-aluminium\/garde-corps-en-aluminium\/les-types-de-garde-corps-en-aluminium\/garde-corps-a-barreaudage\/","og_site_name":"B\u00e2tir en Alu.fr - Professionnels","article_modified_time":"2026-02-25T09:48:51+00:00","og_image":[{"width":180,"height":100,"url":"https:\/\/www.batir-en-alu.fr\/pros\/wp-content\/uploads\/sites\/3\/2025\/10\/Garde-corps-a-barreaudage.png","type":"image\/png"}],"twitter_card":"summary_large_image","twitter_misc":{"Dur\u00e9e de lecture estim\u00e9e":"1 minute"},"schema":{"@context":"https:\/\/schema.org","@graph":[{"@type":"WebPage","@id":"https:\/\/www.batir-en-alu.fr\/pros\/menuiserie-aluminium\/garde-corps-en-aluminium\/les-types-de-garde-corps-en-aluminium\/garde-corps-a-barreaudage\/","url":"https:\/\/www.batir-en-alu.fr\/pros\/menuiserie-aluminium\/garde-corps-en-aluminium\/les-types-de-garde-corps-en-aluminium\/garde-corps-a-barreaudage\/","name":"Garde-corps \u00e0 barreaudage - B\u00e2tir en Alu.fr - Professionnels","isPartOf":{"@id":"https:\/\/www.batir-en-alu.fr\/pros\/#website"},"primaryImageOfPage":{"@id":"https:\/\/www.batir-en-alu.fr\/pros\/menuiserie-aluminium\/garde-corps-en-aluminium\/les-types-de-garde-corps-en-aluminium\/garde-corps-a-barreaudage\/#primaryimage"},"image":{"@id":"https:\/\/www.batir-en-alu.fr\/pros\/menuiserie-aluminium\/garde-corps-en-aluminium\/les-types-de-garde-corps-en-aluminium\/garde-corps-a-barreaudage\/#primaryimage"},"thumbnailUrl":"https:\/\/www.batir-en-alu.fr\/pros\/wp-content\/uploads\/sites\/3\/2025\/10\/Garde-corps-a-barreaudage.png","datePublished":"2025-10-24T13:18:25+00:00","dateModified":"2026-02-25T09:48:51+00:00","description":"Garde-corps \u00e0 barreaudage en aluminium : droit, courb\u00e9 ou inclin\u00e9, con\u00e7u sur mesure. S\u00e9curit\u00e9, esth\u00e9tique et int\u00e9gration architecturale pour balcons et fa\u00e7ades.","breadcrumb":{"@id":"https:\/\/www.batir-en-alu.fr\/pros\/menuiserie-aluminium\/garde-corps-en-aluminium\/les-types-de-garde-corps-en-aluminium\/garde-corps-a-barreaudage\/#breadcrumb"},"inLanguage":"fr-FR","potentialAction":[{"@type":"ReadAction","target":["https:\/\/www.batir-en-alu.fr\/pros\/menuiserie-aluminium\/garde-corps-en-aluminium\/les-types-de-garde-corps-en-aluminium\/garde-corps-a-barreaudage\/"]}]},{"@type":"ImageObject","inLanguage":"fr-FR","@id":"https:\/\/www.batir-en-alu.fr\/pros\/menuiserie-aluminium\/garde-corps-en-aluminium\/les-types-de-garde-corps-en-aluminium\/garde-corps-a-barreaudage\/#primaryimage","url":"https:\/\/www.batir-en-alu.fr\/pros\/wp-content\/uploads\/sites\/3\/2025\/10\/Garde-corps-a-barreaudage.png","contentUrl":"https:\/\/www.batir-en-alu.fr\/pros\/wp-content\/uploads\/sites\/3\/2025\/10\/Garde-corps-a-barreaudage.png","width":180,"height":100,"caption":"Garde-corps \u00e0 barreaudage"},{"@type":"BreadcrumbList","@id":"https:\/\/www.batir-en-alu.fr\/pros\/menuiserie-aluminium\/garde-corps-en-aluminium\/les-types-de-garde-corps-en-aluminium\/garde-corps-a-barreaudage\/#breadcrumb","itemListElement":[{"@type":"ListItem","position":1,"name":"\u00b7\u00b7\u00b7","item":"https:\/\/www.batir-en-alu.fr\/pros"},{"@type":"ListItem","position":2,"name":"B\u00e2tir En Alu","item":"https:\/\/www.batir-en-alu.fr\/"},{"@type":"ListItem","position":3,"name":"Professionnels","item":"https:\/\/www.batir-en-alu.fr\/pros\/"},{"@type":"ListItem","position":4,"name":"La menuiserie aluminium","item":"https:\/\/www.batir-en-alu.fr\/pros\/menuiserie-aluminium\/"},{"@type":"ListItem","position":5,"name":"Le garde-corps en aluminium","item":"https:\/\/www.batir-en-alu.fr\/pros\/menuiserie-aluminium\/garde-corps-en-aluminium\/"},{"@type":"ListItem","position":6,"name":"Les types de garde-corps en aluminium","item":"https:\/\/www.batir-en-alu.fr\/pros\/menuiserie-aluminium\/garde-corps-en-aluminium\/les-types-de-garde-corps-en-aluminium\/"},{"@type":"ListItem","position":7,"name":"Garde-corps \u00e0 barreaudage"}]},{"@type":"WebSite","@id":"https:\/\/www.batir-en-alu.fr\/pros\/#website","url":"https:\/\/www.batir-en-alu.fr\/pros\/","name":"B\u00e2tir en alu Professionnels","description":"Professionnels de la Menuiserie aluminium","publisher":{"@id":"https:\/\/www.batir-en-alu.fr\/pros\/#organization"},"potentialAction":[{"@type":"SearchAction","target":{"@type":"EntryPoint","urlTemplate":"https:\/\/www.batir-en-alu.fr\/pros\/?s={search_term_string}"},"query-input":{"@type":"PropertyValueSpecification","valueRequired":true,"valueName":"search_term_string"}}],"inLanguage":"fr-FR"},{"@type":"Organization","@id":"https:\/\/www.batir-en-alu.fr\/pros\/#organization","name":"B\u00e2tir en alu Professionnels","url":"https:\/\/www.batir-en-alu.fr\/pros\/","logo":{"@type":"ImageObject","inLanguage":"fr-FR","@id":"https:\/\/www.batir-en-alu.fr\/pros\/#\/schema\/logo\/image\/","url":"https:\/\/www.batir-en-alu.fr\/pros\/wp-content\/uploads\/sites\/3\/2026\/03\/logo-batir-en-alu-pro.webp","contentUrl":"https:\/\/www.batir-en-alu.fr\/pros\/wp-content\/uploads\/sites\/3\/2026\/03\/logo-batir-en-alu-pro.webp","width":276,"height":310,"caption":"B\u00e2tir en alu Professionnels"},"image":{"@id":"https:\/\/www.batir-en-alu.fr\/pros\/#\/schema\/logo\/image\/"}}]}},"_links":{"self":[{"href":"https:\/\/www.batir-en-alu.fr\/pros\/wp-json\/wp\/v2\/pages\/1042","targetHints":{"allow":["GET"]}}],"collection":[{"href":"https:\/\/www.batir-en-alu.fr\/pros\/wp-json\/wp\/v2\/pages"}],"about":[{"href":"https:\/\/www.batir-en-alu.fr\/pros\/wp-json\/wp\/v2\/types\/page"}],"author":[{"embeddable":true,"href":"https:\/\/www.batir-en-alu.fr\/pros\/wp-json\/wp\/v2\/users\/21"}],"replies":[{"embeddable":true,"href":"https:\/\/www.batir-en-alu.fr\/pros\/wp-json\/wp\/v2\/comments?post=1042"}],"version-history":[{"count":9,"href":"https:\/\/www.batir-en-alu.fr\/pros\/wp-json\/wp\/v2\/pages\/1042\/revisions"}],"predecessor-version":[{"id":2192,"href":"https:\/\/www.batir-en-alu.fr\/pros\/wp-json\/wp\/v2\/pages\/1042\/revisions\/2192"}],"up":[{"embeddable":true,"href":"https:\/\/www.batir-en-alu.fr\/pros\/wp-json\/wp\/v2\/pages\/1030"}],"wp:featuredmedia":[{"embeddable":true,"href":"https:\/\/www.batir-en-alu.fr\/pros\/wp-json\/wp\/v2\/media\/1046"}],"wp:attachment":[{"href":"https:\/\/www.batir-en-alu.fr\/pros\/wp-json\/wp\/v2\/media?parent=1042"}],"curies":[{"name":"wp","href":"https:\/\/api.w.org\/{rel}","templated":true}]}}