{"id":1030,"date":"2025-10-24T14:48:14","date_gmt":"2025-10-24T12:48:14","guid":{"rendered":"https:\/\/snfa.grouperougevif.fr\/pros\/?page_id=1030"},"modified":"2026-02-25T10:46:58","modified_gmt":"2026-02-25T09:46:58","slug":"les-types-de-garde-corps-en-aluminium","status":"publish","type":"page","link":"https:\/\/www.batir-en-alu.fr\/pros\/menuiserie-aluminium\/garde-corps-en-aluminium\/les-types-de-garde-corps-en-aluminium\/","title":{"rendered":"Les types de garde-corps en aluminium"},"content":{"rendered":"\n\n\n\t<div class=\"align wp-block-acf-layout-wrap\">\n\n\t\n\n\t\t<div class=\"layout-wrap\" >\n\t\t<div class=\"innerblock\">\n\n\n\n\t<div class=\"wp-block-acf-container\">\n\n\t\n\n\t\t<div class=\"container\" >\n\t\t<div class=\"innerblock\">\n\n<h2 class=\"wp-block-heading has-primary-alt-color has-text-color has-link-color wp-elements-9b2cf916b73863a4ac8c3a10f39952f7\" style=\"font-size:50px;font-style:normal;font-weight:400\">Un choix divers de garde-corps<\/h2>\n\n\n\n<p>Deux grandes familles se distinguent&nbsp;:&nbsp; garde-corps vitr\u00e9s et \u00e0 barreaudage, les garde-corps permettent de r\u00e9pondre \u00e0 toutes les exigences, tant en termes de s\u00e9curit\u00e9 que de confort et d\u2019esth\u00e9tique. Bien les conna\u00eetre est primordial pour faire son choix en toute tranquillit\u00e9.&nbsp;<\/p>\n\n<\/div>\n\t<\/div>\n\n\t<\/div>\n\n\n\n\n\n\t<div class=\"align wp-block-acf-cascading-subtopics\">\n\n\t\n\n\t\t<div class=\"cascading-subtopics js-cascading-subtopics\">\n\t\t<div class=\"cascading-subtopics__image\">\n\t\t\t\t\t\t\t\t\t<img decoding=\"async\" class=\"img\" src=\"https:\/\/www.batir-en-alu.fr\/pros\/wp-content\/uploads\/sites\/3\/2025\/11\/XAVIER-121.jpg\" srcset=\"https:\/\/www.batir-en-alu.fr\/pros\/wp-content\/uploads\/sites\/3\/2025\/11\/XAVIER-121.jpg 757w, https:\/\/www.batir-en-alu.fr\/pros\/wp-content\/uploads\/sites\/3\/2025\/11\/XAVIER-121-222x300.jpg 222w\" sizes=\"(max-width: 757px) 100vw, 757px\" loading=\"lazy\" alt=\"\"\/>\n\t\t\t<\/div>\n\t\t<div class=\"cascading-subtopics__cards container is-cascading\">\n\t\t\t\t\t\t\t<div class=\"item-wrapper\">\n\t\t\t\t\t<div class=\"subtopic\">\n\t\t\t\t\t\t<div class=\"subtopic__content\">\n\t\t\t\t\t\t\t<h3 class=\"subtopic__title\">Garde-corps \u00e0 remplissage <\/h3>\n\t\t\t\t\t\t\t<div class=\"subtopic__text\">Design, adaptation et simplicit\u00e9 : le garde-corps en aluminium soigne son aspect avec une multitude de remplissages. Et en multipliant les possibilit\u00e9s de fixation, le garde-corps alu joue enti\u00e8rement la carte de l\u2019adaptabilit\u00e9, en neuf comme en r\u00e9novation.  <\/div>\n\t\t\t\t\t\t\t<div class=\"subtopic__button\">\n\t\t\t\t\t\t\t\t\n\n<a href=\"https:\/\/www.batir-en-alu.fr\/pros\/menuiserie-aluminium\/solutions-aluminium\/garde-corps-en-aluminium\/les-types-de-garde-corps-en-aluminium\/garde-corps-a-remplissage\/\" class=\"button-primary\"  >\n\t\t\t<span class=\"button__text\">\n\t\t\t\t\t\tEn savoir plus\n\t\t<\/span>\n\t\t\t\t<span class=\"button__arrow\">\n\t\t\t<svg xmlns=\"http:\/\/www.w3.org\/2000\/svg\" viewBox=\"0 0 25.426 11.208\"><g data-name=\"Groupe 11\" fill=\"none\" stroke=\"#248cd9\" stroke-width=\"2\"><path data-name=\"Trac\u00e9 16\" d=\"m19.272 10.501 4.739-4.739L18.956.707\"\/><path data-name=\"Ligne 9\" d=\"M0 5.762h24.011\"\/><\/g><\/svg>\n\t\t<\/span>\n\t<\/a>\n\n\t\t\t\t\t\t\t<\/div>\n\t\t\t\t\t\t<\/div>\n\t\t\t\t\t<\/div>\n\t\t\t\t<\/div>\n\t\t\t\t\t\t\t<div class=\"item-wrapper\">\n\t\t\t\t\t<div class=\"subtopic\">\n\t\t\t\t\t\t<div class=\"subtopic__content\">\n\t\t\t\t\t\t\t<h3 class=\"subtopic__title\">Garde-corps \u00e0 barreaudage <\/h3>\n\t\t\t\t\t\t\t<div class=\"subtopic__text\">Contemporains ou classiques, les garde-corps \u00e0 barreaudage s\u00e9curisent et valorisent l\u2019habitat. Petit tour d\u2019horizon des diff\u00e9rentes possibilit\u00e9s.  <\/div>\n\t\t\t\t\t\t\t<div class=\"subtopic__button\">\n\t\t\t\t\t\t\t\t\n\n<a href=\"https:\/\/www.batir-en-alu.fr\/pros\/menuiserie-aluminium\/solutions-aluminium\/garde-corps-en-aluminium\/les-types-de-garde-corps-en-aluminium\/garde-corps-a-barreaudage\/\" class=\"button-primary\"  >\n\t\t\t<span class=\"button__text\">\n\t\t\t\t\t\tEn savoir plus\n\t\t<\/span>\n\t\t\t\t<span class=\"button__arrow\">\n\t\t\t<svg xmlns=\"http:\/\/www.w3.org\/2000\/svg\" viewBox=\"0 0 25.426 11.208\"><g data-name=\"Groupe 11\" fill=\"none\" stroke=\"#248cd9\" stroke-width=\"2\"><path data-name=\"Trac\u00e9 16\" d=\"m19.272 10.501 4.739-4.739L18.956.707\"\/><path data-name=\"Ligne 9\" d=\"M0 5.762h24.011\"\/><\/g><\/svg>\n\t\t<\/span>\n\t<\/a>\n\n\t\t\t\t\t\t\t<\/div>\n\t\t\t\t\t\t<\/div>\n\t\t\t\t\t<\/div>\n\t\t\t\t<\/div>\n\t\t\t\t\t\t\t<div class=\"item-wrapper\">\n\t\t\t\t\t<div class=\"subtopic\">\n\t\t\t\t\t\t<div class=\"subtopic__content\">\n\t\t\t\t\t\t\t<h3 class=\"subtopic__title\">Garde-corps sur muret <\/h3>\n\t\t\t\t\t\t\t<div class=\"subtopic__text\">Le garde-corps sur muret r\u00e9pond \u00e0 une r\u00e9glementation sp\u00e9cifique. Le plus souvent r\u00e9alis\u00e9 en version lisses horizontales, le garde-corps sur muret autorise des compositions diverses qui prolongent l\u2019esth\u00e9tique existante de l\u2019habitat.  <\/div>\n\t\t\t\t\t\t\t<div class=\"subtopic__button\">\n\t\t\t\t\t\t\t\t\n\n<a href=\"https:\/\/www.batir-en-alu.fr\/pros\/menuiserie-aluminium\/solutions-aluminium\/garde-corps-en-aluminium\/les-types-de-garde-corps-en-aluminium\/garde-corps-sur-muret\/\" class=\"button-primary\"  >\n\t\t\t<span class=\"button__text\">\n\t\t\t\t\t\tEn savoir plus\n\t\t<\/span>\n\t\t\t\t<span class=\"button__arrow\">\n\t\t\t<svg xmlns=\"http:\/\/www.w3.org\/2000\/svg\" viewBox=\"0 0 25.426 11.208\"><g data-name=\"Groupe 11\" fill=\"none\" stroke=\"#248cd9\" stroke-width=\"2\"><path data-name=\"Trac\u00e9 16\" d=\"m19.272 10.501 4.739-4.739L18.956.707\"\/><path data-name=\"Ligne 9\" d=\"M0 5.762h24.011\"\/><\/g><\/svg>\n\t\t<\/span>\n\t<\/a>\n\n\t\t\t\t\t\t\t<\/div>\n\t\t\t\t\t\t<\/div>\n\t\t\t\t\t<\/div>\n\t\t\t\t<\/div>\n\t\t\t\t\t\t\t<div class=\"item-wrapper\">\n\t\t\t\t\t<div class=\"subtopic\">\n\t\t\t\t\t\t<div class=\"subtopic__content\">\n\t\t\t\t\t\t\t<h3 class=\"subtopic__title\">Autres types de garde-corps alu <\/h3>\n\t\t\t\t\t\t\t<div class=\"subtopic__text\">Le design des menuiseries en aluminium s\u2019est consid\u00e9rablement \u00e9toff\u00e9 ces derni\u00e8res ann\u00e9es. Efficace et compl\u00e8te, l\u2019offre des menuiseries aluminium dispense un large choix de protections aussi bien pour l\u2019int\u00e9rieur que l\u2019ext\u00e9rieur : s\u00e9paratifs de balcons, barri\u00e8res de piscine.  <\/div>\n\t\t\t\t\t\t\t<div class=\"subtopic__button\">\n\t\t\t\t\t\t\t\t\n\n<a href=\"https:\/\/www.batir-en-alu.fr\/pros\/menuiserie-aluminium\/solutions-aluminium\/garde-corps-en-aluminium\/les-types-de-garde-corps-en-aluminium\/autres-types-de-garde-corps-alu\/\" class=\"button-primary\"  >\n\t\t\t<span class=\"button__text\">\n\t\t\t\t\t\tEn savoir plus\n\t\t<\/span>\n\t\t\t\t<span class=\"button__arrow\">\n\t\t\t<svg xmlns=\"http:\/\/www.w3.org\/2000\/svg\" viewBox=\"0 0 25.426 11.208\"><g data-name=\"Groupe 11\" fill=\"none\" stroke=\"#248cd9\" stroke-width=\"2\"><path data-name=\"Trac\u00e9 16\" d=\"m19.272 10.501 4.739-4.739L18.956.707\"\/><path data-name=\"Ligne 9\" d=\"M0 5.762h24.011\"\/><\/g><\/svg>\n\t\t<\/span>\n\t<\/a>\n\n\t\t\t\t\t\t\t<\/div>\n\t\t\t\t\t\t<\/div>\n\t\t\t\t\t<\/div>\n\t\t\t\t<\/div>\n\t\t\t\t\t<\/div>\n\t<\/div>\n\n\t<\/div>\n\n<\/div>\n\t<\/div>\n\n\t<\/div>\n","protected":false},"excerpt":{"rendered":"","protected":false},"author":21,"featured_media":1031,"parent":544,"menu_order":0,"comment_status":"closed","ping_status":"closed","template":"","meta":{"_acf_changed":false,"footnotes":""},"class_list":["post-1030","page","type-page","status-publish","has-post-thumbnail","hentry"],"acf":[],"yoast_head":"<!-- This site is optimized with the Yoast SEO plugin v26.9 - https:\/\/yoast.com\/product\/yoast-seo-wordpress\/ -->\n<title>Les types de garde-corps en aluminium - B\u00e2tir en Alu.fr - Professionnels<\/title>\n<meta name=\"description\" content=\"Types de garde-corps en aluminium : \u00e0 remplissage, \u00e0 barreaudage, sur muret ou s\u00e9paratif de balcon. Comparez les solutions pour choisir le mod\u00e8le adapt\u00e9 \u00e0 votre projet.\" \/>\n<meta name=\"robots\" content=\"index, follow, max-snippet:-1, max-image-preview:large, max-video-preview:-1\" \/>\n<link rel=\"canonical\" href=\"https:\/\/www.batir-en-alu.fr\/pros\/menuiserie-aluminium\/garde-corps-en-aluminium\/les-types-de-garde-corps-en-aluminium\/\" \/>\n<meta property=\"og:locale\" content=\"fr_FR\" \/>\n<meta property=\"og:type\" content=\"article\" \/>\n<meta property=\"og:title\" content=\"Les types de garde-corps en aluminium - B\u00e2tir en Alu.fr - Professionnels\" \/>\n<meta property=\"og:description\" content=\"Types de garde-corps en aluminium : \u00e0 remplissage, \u00e0 barreaudage, sur muret ou s\u00e9paratif de balcon. Comparez les solutions pour choisir le mod\u00e8le adapt\u00e9 \u00e0 votre projet.\" \/>\n<meta property=\"og:url\" content=\"https:\/\/www.batir-en-alu.fr\/pros\/menuiserie-aluminium\/garde-corps-en-aluminium\/les-types-de-garde-corps-en-aluminium\/\" \/>\n<meta property=\"og:site_name\" content=\"B\u00e2tir en Alu.fr - Professionnels\" \/>\n<meta property=\"article:modified_time\" content=\"2026-02-25T09:46:58+00:00\" \/>\n<meta property=\"og:image\" content=\"https:\/\/www.batir-en-alu.fr\/pros\/wp-content\/uploads\/sites\/3\/2025\/10\/types-garde-corps.png\" \/>\n\t<meta property=\"og:image:width\" content=\"180\" \/>\n\t<meta property=\"og:image:height\" content=\"100\" \/>\n\t<meta property=\"og:image:type\" content=\"image\/png\" \/>\n<meta name=\"twitter:card\" content=\"summary_large_image\" \/>\n<meta name=\"twitter:label1\" content=\"Dur\u00e9e de lecture estim\u00e9e\" \/>\n\t<meta name=\"twitter:data1\" content=\"1 minute\" \/>\n<script type=\"application\/ld+json\" class=\"yoast-schema-graph\">{\"@context\":\"https:\/\/schema.org\",\"@graph\":[{\"@type\":\"WebPage\",\"@id\":\"https:\/\/www.batir-en-alu.fr\/pros\/menuiserie-aluminium\/garde-corps-en-aluminium\/les-types-de-garde-corps-en-aluminium\/\",\"url\":\"https:\/\/www.batir-en-alu.fr\/pros\/menuiserie-aluminium\/garde-corps-en-aluminium\/les-types-de-garde-corps-en-aluminium\/\",\"name\":\"Les types de garde-corps en aluminium - B\u00e2tir en Alu.fr - Professionnels\",\"isPartOf\":{\"@id\":\"https:\/\/www.batir-en-alu.fr\/pros\/#website\"},\"primaryImageOfPage\":{\"@id\":\"https:\/\/www.batir-en-alu.fr\/pros\/menuiserie-aluminium\/garde-corps-en-aluminium\/les-types-de-garde-corps-en-aluminium\/#primaryimage\"},\"image\":{\"@id\":\"https:\/\/www.batir-en-alu.fr\/pros\/menuiserie-aluminium\/garde-corps-en-aluminium\/les-types-de-garde-corps-en-aluminium\/#primaryimage\"},\"thumbnailUrl\":\"https:\/\/www.batir-en-alu.fr\/pros\/wp-content\/uploads\/sites\/3\/2025\/10\/types-garde-corps.png\",\"datePublished\":\"2025-10-24T12:48:14+00:00\",\"dateModified\":\"2026-02-25T09:46:58+00:00\",\"description\":\"Types de garde-corps en aluminium : \u00e0 remplissage, \u00e0 barreaudage, sur muret ou s\u00e9paratif de balcon. Comparez les solutions pour choisir le mod\u00e8le adapt\u00e9 \u00e0 votre projet.\",\"breadcrumb\":{\"@id\":\"https:\/\/www.batir-en-alu.fr\/pros\/menuiserie-aluminium\/garde-corps-en-aluminium\/les-types-de-garde-corps-en-aluminium\/#breadcrumb\"},\"inLanguage\":\"fr-FR\",\"potentialAction\":[{\"@type\":\"ReadAction\",\"target\":[\"https:\/\/www.batir-en-alu.fr\/pros\/menuiserie-aluminium\/garde-corps-en-aluminium\/les-types-de-garde-corps-en-aluminium\/\"]}]},{\"@type\":\"ImageObject\",\"inLanguage\":\"fr-FR\",\"@id\":\"https:\/\/www.batir-en-alu.fr\/pros\/menuiserie-aluminium\/garde-corps-en-aluminium\/les-types-de-garde-corps-en-aluminium\/#primaryimage\",\"url\":\"https:\/\/www.batir-en-alu.fr\/pros\/wp-content\/uploads\/sites\/3\/2025\/10\/types-garde-corps.png\",\"contentUrl\":\"https:\/\/www.batir-en-alu.fr\/pros\/wp-content\/uploads\/sites\/3\/2025\/10\/types-garde-corps.png\",\"width\":180,\"height\":100,\"caption\":\"les types de garde-corps en aluminium\"},{\"@type\":\"BreadcrumbList\",\"@id\":\"https:\/\/www.batir-en-alu.fr\/pros\/menuiserie-aluminium\/garde-corps-en-aluminium\/les-types-de-garde-corps-en-aluminium\/#breadcrumb\",\"itemListElement\":[{\"@type\":\"ListItem\",\"position\":1,\"name\":\"\u00b7\u00b7\u00b7\",\"item\":\"https:\/\/www.batir-en-alu.fr\/pros\"},{\"@type\":\"ListItem\",\"position\":2,\"name\":\"B\u00e2tir En Alu\",\"item\":\"https:\/\/www.batir-en-alu.fr\/\"},{\"@type\":\"ListItem\",\"position\":3,\"name\":\"Professionnels\",\"item\":\"https:\/\/www.batir-en-alu.fr\/pros\/\"},{\"@type\":\"ListItem\",\"position\":4,\"name\":\"La menuiserie aluminium\",\"item\":\"https:\/\/www.batir-en-alu.fr\/pros\/menuiserie-aluminium\/\"},{\"@type\":\"ListItem\",\"position\":5,\"name\":\"Le garde-corps en aluminium\",\"item\":\"https:\/\/www.batir-en-alu.fr\/pros\/menuiserie-aluminium\/garde-corps-en-aluminium\/\"},{\"@type\":\"ListItem\",\"position\":6,\"name\":\"Les types de garde-corps en aluminium\"}]},{\"@type\":\"WebSite\",\"@id\":\"https:\/\/www.batir-en-alu.fr\/pros\/#website\",\"url\":\"https:\/\/www.batir-en-alu.fr\/pros\/\",\"name\":\"B\u00e2tir en alu Professionnels\",\"description\":\"Professionnels de la Menuiserie aluminium\",\"publisher\":{\"@id\":\"https:\/\/www.batir-en-alu.fr\/pros\/#organization\"},\"potentialAction\":[{\"@type\":\"SearchAction\",\"target\":{\"@type\":\"EntryPoint\",\"urlTemplate\":\"https:\/\/www.batir-en-alu.fr\/pros\/?s={search_term_string}\"},\"query-input\":{\"@type\":\"PropertyValueSpecification\",\"valueRequired\":true,\"valueName\":\"search_term_string\"}}],\"inLanguage\":\"fr-FR\"},{\"@type\":\"Organization\",\"@id\":\"https:\/\/www.batir-en-alu.fr\/pros\/#organization\",\"name\":\"B\u00e2tir en alu Professionnels\",\"url\":\"https:\/\/www.batir-en-alu.fr\/pros\/\",\"logo\":{\"@type\":\"ImageObject\",\"inLanguage\":\"fr-FR\",\"@id\":\"https:\/\/www.batir-en-alu.fr\/pros\/#\/schema\/logo\/image\/\",\"url\":\"https:\/\/www.batir-en-alu.fr\/pros\/wp-content\/uploads\/sites\/3\/2026\/03\/logo-batir-en-alu-pro.webp\",\"contentUrl\":\"https:\/\/www.batir-en-alu.fr\/pros\/wp-content\/uploads\/sites\/3\/2026\/03\/logo-batir-en-alu-pro.webp\",\"width\":276,\"height\":310,\"caption\":\"B\u00e2tir en alu Professionnels\"},\"image\":{\"@id\":\"https:\/\/www.batir-en-alu.fr\/pros\/#\/schema\/logo\/image\/\"}}]}<\/script>\n<!-- \/ Yoast SEO plugin. -->","yoast_head_json":{"title":"Les types de garde-corps en aluminium - B\u00e2tir en Alu.fr - Professionnels","description":"Types de garde-corps en aluminium : \u00e0 remplissage, \u00e0 barreaudage, sur muret ou s\u00e9paratif de balcon. Comparez les solutions pour choisir le mod\u00e8le adapt\u00e9 \u00e0 votre projet.","robots":{"index":"index","follow":"follow","max-snippet":"max-snippet:-1","max-image-preview":"max-image-preview:large","max-video-preview":"max-video-preview:-1"},"canonical":"https:\/\/www.batir-en-alu.fr\/pros\/menuiserie-aluminium\/garde-corps-en-aluminium\/les-types-de-garde-corps-en-aluminium\/","og_locale":"fr_FR","og_type":"article","og_title":"Les types de garde-corps en aluminium - B\u00e2tir en Alu.fr - Professionnels","og_description":"Types de garde-corps en aluminium : \u00e0 remplissage, \u00e0 barreaudage, sur muret ou s\u00e9paratif de balcon. Comparez les solutions pour choisir le mod\u00e8le adapt\u00e9 \u00e0 votre projet.","og_url":"https:\/\/www.batir-en-alu.fr\/pros\/menuiserie-aluminium\/garde-corps-en-aluminium\/les-types-de-garde-corps-en-aluminium\/","og_site_name":"B\u00e2tir en Alu.fr - Professionnels","article_modified_time":"2026-02-25T09:46:58+00:00","og_image":[{"width":180,"height":100,"url":"https:\/\/www.batir-en-alu.fr\/pros\/wp-content\/uploads\/sites\/3\/2025\/10\/types-garde-corps.png","type":"image\/png"}],"twitter_card":"summary_large_image","twitter_misc":{"Dur\u00e9e de lecture estim\u00e9e":"1 minute"},"schema":{"@context":"https:\/\/schema.org","@graph":[{"@type":"WebPage","@id":"https:\/\/www.batir-en-alu.fr\/pros\/menuiserie-aluminium\/garde-corps-en-aluminium\/les-types-de-garde-corps-en-aluminium\/","url":"https:\/\/www.batir-en-alu.fr\/pros\/menuiserie-aluminium\/garde-corps-en-aluminium\/les-types-de-garde-corps-en-aluminium\/","name":"Les types de garde-corps en aluminium - B\u00e2tir en Alu.fr - Professionnels","isPartOf":{"@id":"https:\/\/www.batir-en-alu.fr\/pros\/#website"},"primaryImageOfPage":{"@id":"https:\/\/www.batir-en-alu.fr\/pros\/menuiserie-aluminium\/garde-corps-en-aluminium\/les-types-de-garde-corps-en-aluminium\/#primaryimage"},"image":{"@id":"https:\/\/www.batir-en-alu.fr\/pros\/menuiserie-aluminium\/garde-corps-en-aluminium\/les-types-de-garde-corps-en-aluminium\/#primaryimage"},"thumbnailUrl":"https:\/\/www.batir-en-alu.fr\/pros\/wp-content\/uploads\/sites\/3\/2025\/10\/types-garde-corps.png","datePublished":"2025-10-24T12:48:14+00:00","dateModified":"2026-02-25T09:46:58+00:00","description":"Types de garde-corps en aluminium : \u00e0 remplissage, \u00e0 barreaudage, sur muret ou s\u00e9paratif de balcon. Comparez les solutions pour choisir le mod\u00e8le adapt\u00e9 \u00e0 votre projet.","breadcrumb":{"@id":"https:\/\/www.batir-en-alu.fr\/pros\/menuiserie-aluminium\/garde-corps-en-aluminium\/les-types-de-garde-corps-en-aluminium\/#breadcrumb"},"inLanguage":"fr-FR","potentialAction":[{"@type":"ReadAction","target":["https:\/\/www.batir-en-alu.fr\/pros\/menuiserie-aluminium\/garde-corps-en-aluminium\/les-types-de-garde-corps-en-aluminium\/"]}]},{"@type":"ImageObject","inLanguage":"fr-FR","@id":"https:\/\/www.batir-en-alu.fr\/pros\/menuiserie-aluminium\/garde-corps-en-aluminium\/les-types-de-garde-corps-en-aluminium\/#primaryimage","url":"https:\/\/www.batir-en-alu.fr\/pros\/wp-content\/uploads\/sites\/3\/2025\/10\/types-garde-corps.png","contentUrl":"https:\/\/www.batir-en-alu.fr\/pros\/wp-content\/uploads\/sites\/3\/2025\/10\/types-garde-corps.png","width":180,"height":100,"caption":"les types de garde-corps en aluminium"},{"@type":"BreadcrumbList","@id":"https:\/\/www.batir-en-alu.fr\/pros\/menuiserie-aluminium\/garde-corps-en-aluminium\/les-types-de-garde-corps-en-aluminium\/#breadcrumb","itemListElement":[{"@type":"ListItem","position":1,"name":"\u00b7\u00b7\u00b7","item":"https:\/\/www.batir-en-alu.fr\/pros"},{"@type":"ListItem","position":2,"name":"B\u00e2tir En Alu","item":"https:\/\/www.batir-en-alu.fr\/"},{"@type":"ListItem","position":3,"name":"Professionnels","item":"https:\/\/www.batir-en-alu.fr\/pros\/"},{"@type":"ListItem","position":4,"name":"La menuiserie aluminium","item":"https:\/\/www.batir-en-alu.fr\/pros\/menuiserie-aluminium\/"},{"@type":"ListItem","position":5,"name":"Le garde-corps en aluminium","item":"https:\/\/www.batir-en-alu.fr\/pros\/menuiserie-aluminium\/garde-corps-en-aluminium\/"},{"@type":"ListItem","position":6,"name":"Les types de garde-corps en aluminium"}]},{"@type":"WebSite","@id":"https:\/\/www.batir-en-alu.fr\/pros\/#website","url":"https:\/\/www.batir-en-alu.fr\/pros\/","name":"B\u00e2tir en alu Professionnels","description":"Professionnels de la Menuiserie aluminium","publisher":{"@id":"https:\/\/www.batir-en-alu.fr\/pros\/#organization"},"potentialAction":[{"@type":"SearchAction","target":{"@type":"EntryPoint","urlTemplate":"https:\/\/www.batir-en-alu.fr\/pros\/?s={search_term_string}"},"query-input":{"@type":"PropertyValueSpecification","valueRequired":true,"valueName":"search_term_string"}}],"inLanguage":"fr-FR"},{"@type":"Organization","@id":"https:\/\/www.batir-en-alu.fr\/pros\/#organization","name":"B\u00e2tir en alu Professionnels","url":"https:\/\/www.batir-en-alu.fr\/pros\/","logo":{"@type":"ImageObject","inLanguage":"fr-FR","@id":"https:\/\/www.batir-en-alu.fr\/pros\/#\/schema\/logo\/image\/","url":"https:\/\/www.batir-en-alu.fr\/pros\/wp-content\/uploads\/sites\/3\/2026\/03\/logo-batir-en-alu-pro.webp","contentUrl":"https:\/\/www.batir-en-alu.fr\/pros\/wp-content\/uploads\/sites\/3\/2026\/03\/logo-batir-en-alu-pro.webp","width":276,"height":310,"caption":"B\u00e2tir en alu Professionnels"},"image":{"@id":"https:\/\/www.batir-en-alu.fr\/pros\/#\/schema\/logo\/image\/"}}]}},"_links":{"self":[{"href":"https:\/\/www.batir-en-alu.fr\/pros\/wp-json\/wp\/v2\/pages\/1030","targetHints":{"allow":["GET"]}}],"collection":[{"href":"https:\/\/www.batir-en-alu.fr\/pros\/wp-json\/wp\/v2\/pages"}],"about":[{"href":"https:\/\/www.batir-en-alu.fr\/pros\/wp-json\/wp\/v2\/types\/page"}],"author":[{"embeddable":true,"href":"https:\/\/www.batir-en-alu.fr\/pros\/wp-json\/wp\/v2\/users\/21"}],"replies":[{"embeddable":true,"href":"https:\/\/www.batir-en-alu.fr\/pros\/wp-json\/wp\/v2\/comments?post=1030"}],"version-history":[{"count":9,"href":"https:\/\/www.batir-en-alu.fr\/pros\/wp-json\/wp\/v2\/pages\/1030\/revisions"}],"predecessor-version":[{"id":1707,"href":"https:\/\/www.batir-en-alu.fr\/pros\/wp-json\/wp\/v2\/pages\/1030\/revisions\/1707"}],"up":[{"embeddable":true,"href":"https:\/\/www.batir-en-alu.fr\/pros\/wp-json\/wp\/v2\/pages\/544"}],"wp:featuredmedia":[{"embeddable":true,"href":"https:\/\/www.batir-en-alu.fr\/pros\/wp-json\/wp\/v2\/media\/1031"}],"wp:attachment":[{"href":"https:\/\/www.batir-en-alu.fr\/pros\/wp-json\/wp\/v2\/media?parent=1030"}],"curies":[{"name":"wp","href":"https:\/\/api.w.org\/{rel}","templated":true}]}}