{"id":237,"date":"2022-08-08T11:58:12","date_gmt":"2022-08-08T09:58:12","guid":{"rendered":"https:\/\/www.batir-en-alu.fr\/metiers\/?page_id=237"},"modified":"2025-06-03T11:53:27","modified_gmt":"2025-06-03T09:53:27","slug":"qui-sommes-nous","status":"publish","type":"page","link":"https:\/\/www.batir-en-alu.fr\/metiers\/qui-sommes-nous\/","title":{"rendered":"Qui sommes-nous ?"},"content":{"rendered":"\t\t<div data-elementor-type=\"wp-page\" data-elementor-id=\"237\" class=\"elementor elementor-237\">\n\t\t\t\t\t\t<div class=\"elementor-inner\">\n\t\t\t\t<div class=\"elementor-section-wrap\">\n\t\t\t\t\t\t\t\t\t<section class=\"elementor-section elementor-top-section elementor-element elementor-element-1cf99eb s-white-text s-bleed-right s-mob-bg-blue elementor-section-content-middle elementor-reverse-mobile elementor-section-boxed elementor-section-height-default elementor-section-height-default\" data-id=\"1cf99eb\" data-element_type=\"section\" data-settings=\"{&quot;background_background&quot;:&quot;gradient&quot;}\">\n\t\t\t\t\t\t<div class=\"elementor-container elementor-column-gap-extended\">\n\t\t\t\t\t\t\t<div class=\"elementor-row\">\n\t\t\t\t\t<div class=\"elementor-column elementor-col-50 elementor-top-column elementor-element elementor-element-e7eca27\" data-id=\"e7eca27\" data-element_type=\"column\">\n\t\t\t<div class=\"elementor-column-wrap elementor-element-populated\">\n\t\t\t\t\t\t\t<div class=\"elementor-widget-wrap\">\n\t\t\t\t\t\t<div class=\"elementor-element elementor-element-bca8f9c elementor-widget elementor-widget-heading\" data-id=\"bca8f9c\" data-element_type=\"widget\" data-widget_type=\"heading.default\">\n\t\t\t\t<div class=\"elementor-widget-container\">\n\t\t\t<h1 class=\"elementor-heading-title elementor-size-default\">QUI SOMMES-NOUS ?<\/h1>\t\t<\/div>\n\t\t\t\t<\/div>\n\t\t\t\t<div class=\"elementor-element elementor-element-118379d elementor-widget elementor-widget-text-editor\" data-id=\"118379d\" data-element_type=\"widget\" data-widget_type=\"text-editor.default\">\n\t\t\t\t<div class=\"elementor-widget-container\">\n\t\t\t\t\t\t\t\t<div class=\"elementor-text-editor elementor-clearfix\">\n\t\t\t\t<p>La plateforme b\u00e2tir-en-alu.fr\/m\u00e9tiers est une initiative port\u00e9e par le SNFA, qui regroupe les sp\u00e9cialistes des solutions aluminium \u00e0 destination du secteur du b\u00e2timent.<\/p><p>Son expertise pointue et une collaboration pouss\u00e9e avec ses entreprises adh\u00e9rentes, lui permettent de r\u00e9pondre aux enjeux du secteur et anticiper les d\u00e9fis \u00e0 venir.<\/p><p>L\u2019int\u00e9r\u00eat pour notre organisation est de proposer un espace enti\u00e8rement d\u00e9di\u00e9 \u00e0 la fili\u00e8re des m\u00e9tiers de la menuiserie aluminium.<\/p>\t\t\t\t\t<\/div>\n\t\t\t\t\t\t<\/div>\n\t\t\t\t<\/div>\n\t\t\t\t\t\t<\/div>\n\t\t\t\t\t<\/div>\n\t\t<\/div>\n\t\t\t\t<div class=\"elementor-column elementor-col-50 elementor-top-column elementor-element elementor-element-f08e447\" data-id=\"f08e447\" data-element_type=\"column\">\n\t\t\t<div class=\"elementor-column-wrap elementor-element-populated\">\n\t\t\t\t\t\t\t<div class=\"elementor-widget-wrap\">\n\t\t\t\t\t\t<div class=\"elementor-element elementor-element-e2fb87e w-full-bleed elementor-widget elementor-widget-image\" data-id=\"e2fb87e\" data-element_type=\"widget\" data-widget_type=\"image.default\">\n\t\t\t\t<div class=\"elementor-widget-container\">\n\t\t\t\t\t\t\t\t<div class=\"elementor-image\">\n\t\t\t\t\t\t\t\t\t\t\t\t<img loading=\"lazy\" decoding=\"async\" width=\"584\" height=\"448\" src=\"https:\/\/www.batir-en-alu.fr\/metiers\/wp-content\/uploads\/sites\/2\/2022\/08\/Tours-Duo-71.jpg\" class=\"attachment-large size-large\" alt=\"Fa\u00e7ade Aluminium\" srcset=\"https:\/\/www.batir-en-alu.fr\/metiers\/wp-content\/uploads\/sites\/2\/2022\/08\/Tours-Duo-71.jpg 584w, https:\/\/www.batir-en-alu.fr\/metiers\/wp-content\/uploads\/sites\/2\/2022\/08\/Tours-Duo-71-300x230.jpg 300w\" sizes=\"auto, (max-width: 584px) 100vw, 584px\" \/>\t\t\t\t\t\t\t\t\t\t\t\t\t\t<\/div>\n\t\t\t\t\t\t<\/div>\n\t\t\t\t<\/div>\n\t\t\t\t\t\t<\/div>\n\t\t\t\t\t<\/div>\n\t\t<\/div>\n\t\t\t\t\t\t\t\t<\/div>\n\t\t\t\t\t<\/div>\n\t\t<\/section>\n\t\t\t\t<section class=\"elementor-section elementor-top-section elementor-element elementor-element-f272eae elementor-section-boxed elementor-section-height-default elementor-section-height-default\" data-id=\"f272eae\" data-element_type=\"section\">\n\t\t\t\t\t\t<div class=\"elementor-container elementor-column-gap-default\">\n\t\t\t\t\t\t\t<div class=\"elementor-row\">\n\t\t\t\t\t<div class=\"elementor-column elementor-col-100 elementor-top-column elementor-element elementor-element-075dae8\" data-id=\"075dae8\" data-element_type=\"column\">\n\t\t\t<div class=\"elementor-column-wrap elementor-element-populated\">\n\t\t\t\t\t\t\t<div class=\"elementor-widget-wrap\">\n\t\t\t\t\t\t<div class=\"elementor-element elementor-element-173585c w-underline w-underline--blue2 elementor-widget elementor-widget-heading\" data-id=\"173585c\" data-element_type=\"widget\" data-widget_type=\"heading.default\">\n\t\t\t\t<div class=\"elementor-widget-container\">\n\t\t\t<h2 class=\"elementor-heading-title elementor-size-default\">SNFA<\/h2>\t\t<\/div>\n\t\t\t\t<\/div>\n\t\t\t\t<section class=\"elementor-section elementor-inner-section elementor-element elementor-element-8eafd7e elementor-reverse-mobile elementor-section-boxed elementor-section-height-default elementor-section-height-default\" data-id=\"8eafd7e\" data-element_type=\"section\">\n\t\t\t\t\t\t<div class=\"elementor-container elementor-column-gap-wider\">\n\t\t\t\t\t\t\t<div class=\"elementor-row\">\n\t\t\t\t\t<div class=\"elementor-column elementor-col-50 elementor-inner-column elementor-element elementor-element-c7ae304\" data-id=\"c7ae304\" data-element_type=\"column\">\n\t\t\t<div class=\"elementor-column-wrap elementor-element-populated\">\n\t\t\t\t\t\t\t<div class=\"elementor-widget-wrap\">\n\t\t\t\t\t\t<div class=\"elementor-element elementor-element-30493b5 w-full-bleed elementor-widget elementor-widget-image\" data-id=\"30493b5\" data-element_type=\"widget\" data-widget_type=\"image.default\">\n\t\t\t\t<div class=\"elementor-widget-container\">\n\t\t\t\t\t\t\t\t<div class=\"elementor-image\">\n\t\t\t\t\t\t\t\t\t\t\t\t<img loading=\"lazy\" decoding=\"async\" width=\"460\" height=\"460\" src=\"https:\/\/www.batir-en-alu.fr\/metiers\/wp-content\/uploads\/sites\/2\/2022\/08\/SEB3776.jpg\" class=\"attachment-large size-large\" alt=\"Fa\u00e7ade Aluminium\" srcset=\"https:\/\/www.batir-en-alu.fr\/metiers\/wp-content\/uploads\/sites\/2\/2022\/08\/SEB3776.jpg 460w, https:\/\/www.batir-en-alu.fr\/metiers\/wp-content\/uploads\/sites\/2\/2022\/08\/SEB3776-300x300.jpg 300w, https:\/\/www.batir-en-alu.fr\/metiers\/wp-content\/uploads\/sites\/2\/2022\/08\/SEB3776-150x150.jpg 150w\" sizes=\"auto, (max-width: 460px) 100vw, 460px\" \/>\t\t\t\t\t\t\t\t\t\t\t\t\t\t<\/div>\n\t\t\t\t\t\t<\/div>\n\t\t\t\t<\/div>\n\t\t\t\t\t\t<\/div>\n\t\t\t\t\t<\/div>\n\t\t<\/div>\n\t\t\t\t<div class=\"elementor-column elementor-col-50 elementor-inner-column elementor-element elementor-element-7a47f86\" data-id=\"7a47f86\" data-element_type=\"column\">\n\t\t\t<div class=\"elementor-column-wrap elementor-element-populated\">\n\t\t\t\t\t\t\t<div class=\"elementor-widget-wrap\">\n\t\t\t\t\t\t<div class=\"elementor-element elementor-element-31c8d8d elementor-widget elementor-widget-text-editor\" data-id=\"31c8d8d\" data-element_type=\"widget\" data-widget_type=\"text-editor.default\">\n\t\t\t\t<div class=\"elementor-widget-container\">\n\t\t\t\t\t\t\t\t<div class=\"elementor-text-editor elementor-clearfix\">\n\t\t\t\t<p>Le SNFA est l\u2019organisation professionnelle qui repr\u00e9sente les entreprises fran\u00e7aises qui con\u00e7oivent, fabriquent et installent des menuiseries en profil\u00e9s aluminium (fa\u00e7ades, fen\u00eatres, v\u00e9randas, pergolas, garde-corps et cloisons). Cr\u00e9\u00e9e en 1935, elle a pour objectif de regrouper ses membres autour de r\u00e8gles techniques et de d\u00e9marches volontaires de qualit\u00e9.<\/p><p><strong>Le SNFA est membre de :<\/strong><\/p><ul><li>la F\u00e9d\u00e9ration fran\u00e7aise du b\u00e2timent (FFB) ;<\/li><li>l&#8217;Association des industries de mat\u00e9riaux, produits, composants et \u00e9quipements pour la construction (AIMCC) ;<\/li><li>la F\u00e9d\u00e9ration des associations europ\u00e9ennes de constructeurs de fen\u00eatres et fa\u00e7ades (FAECF), qu&#8217;il a co-fond\u00e9e ;<\/li><li>l&#8217;Association Effinergie dont il soutient les objectifs : la promotion de fa\u00e7on dynamique des constructions \u00e0 basse consommation d&#8217;\u00e9nergie en neuf et en r\u00e9novation ;<\/li><li>l&#8217;Association HQE avec laquelle il contribue \u00e0 l&#8217;am\u00e9lioration de la performance environnementale des b\u00e2timents ;<\/li><li>Valobat \u2013 \u00e9co-organisme candidat \u00e0 l\u2019agr\u00e9ment REP PMCB (produits et mat\u00e9riaux de construction du b\u00e2timent) \u2013 pour lequel le SNFA est associ\u00e9 fondateur &#8211; <a href=\"http:\/\/www.valobat.fr\">valobat.fr<\/a><\/li><\/ul><p>\u00a0<\/p><p><strong>Le SNFA s\u2019associe aux organisations de l\u2019industrie de l\u2019aluminium fran\u00e7aises et europ\u00e9ennes :<\/strong><\/p><ul><li><a href=\"https:\/\/www.aluminium.fr\/\">Aluminium France (AF)<\/a><\/li><li>le Groupement des fileurs d\u2019aluminium (GFA)<\/li><li>l&#8217;Association pour le d\u00e9veloppement de l\u2019aluminium anodis\u00e9 \/ laqu\u00e9 (ADAL)<\/li><li><a href=\"https:\/\/www.european-aluminium.eu\/\">Association europ\u00e9enne de l&#8217;aluminium (EAA)<\/a><\/li><\/ul>\t\t\t\t\t<\/div>\n\t\t\t\t\t\t<\/div>\n\t\t\t\t<\/div>\n\t\t\t\t<div class=\"elementor-element elementor-element-0350f95 w-btn-bb2 elementor-widget elementor-widget-button\" data-id=\"0350f95\" data-element_type=\"widget\" data-widget_type=\"button.default\">\n\t\t\t\t<div class=\"elementor-widget-container\">\n\t\t\t\t\t<div class=\"elementor-button-wrapper\">\n\t\t\t<a href=\"https:\/\/www.snfa.fr\/\" target=\"_blank\" class=\"elementor-button-link elementor-button elementor-size-sm\" role=\"button\">\n\t\t\t\t\t\t<span class=\"elementor-button-content-wrapper\">\n\t\t\t\t\t\t<span class=\"elementor-button-text\">EN SAVOIR PLUS<\/span>\n\t\t<\/span>\n\t\t\t\t\t<\/a>\n\t\t<\/div>\n\t\t\t\t<\/div>\n\t\t\t\t<\/div>\n\t\t\t\t\t\t<\/div>\n\t\t\t\t\t<\/div>\n\t\t<\/div>\n\t\t\t\t\t\t\t\t<\/div>\n\t\t\t\t\t<\/div>\n\t\t<\/section>\n\t\t\t\t\t\t<\/div>\n\t\t\t\t\t<\/div>\n\t\t<\/div>\n\t\t\t\t\t\t\t\t<\/div>\n\t\t\t\t\t<\/div>\n\t\t<\/section>\n\t\t\t\t\t\t\t\t\t<\/div>\n\t\t\t<\/div>\n\t\t\t\t\t<\/div>\n\t\t","protected":false},"excerpt":{"rendered":"<p>QUI SOMMES-NOUS ? La plateforme b\u00e2tir-en-alu.fr\/m\u00e9tiers est une initiative port\u00e9e par le SNFA, qui regroupe les sp\u00e9cialistes des solutions aluminium \u00e0 destination du secteur du b\u00e2timent. Son expertise pointue et une collaboration pouss\u00e9e avec ses entreprises adh\u00e9rentes, lui permettent de r\u00e9pondre aux enjeux du secteur et anticiper les d\u00e9fis \u00e0 venir. L\u2019int\u00e9r\u00eat pour notre organisation [&hellip;]<\/p>\n","protected":false},"author":1,"featured_media":0,"parent":0,"menu_order":0,"comment_status":"closed","ping_status":"closed","template":"","meta":{"_acf_changed":false,"footnotes":""},"categorie_metier":[],"class_list":["post-237","page","type-page","status-publish","hentry"],"acf":[],"_links":{"self":[{"href":"https:\/\/www.batir-en-alu.fr\/metiers\/wp-json\/wp\/v2\/pages\/237","targetHints":{"allow":["GET"]}}],"collection":[{"href":"https:\/\/www.batir-en-alu.fr\/metiers\/wp-json\/wp\/v2\/pages"}],"about":[{"href":"https:\/\/www.batir-en-alu.fr\/metiers\/wp-json\/wp\/v2\/types\/page"}],"author":[{"embeddable":true,"href":"https:\/\/www.batir-en-alu.fr\/metiers\/wp-json\/wp\/v2\/users\/1"}],"replies":[{"embeddable":true,"href":"https:\/\/www.batir-en-alu.fr\/metiers\/wp-json\/wp\/v2\/comments?post=237"}],"version-history":[{"count":24,"href":"https:\/\/www.batir-en-alu.fr\/metiers\/wp-json\/wp\/v2\/pages\/237\/revisions"}],"predecessor-version":[{"id":4762,"href":"https:\/\/www.batir-en-alu.fr\/metiers\/wp-json\/wp\/v2\/pages\/237\/revisions\/4762"}],"wp:attachment":[{"href":"https:\/\/www.batir-en-alu.fr\/metiers\/wp-json\/wp\/v2\/media?parent=237"}],"wp:term":[{"taxonomy":"categorie_metier","embeddable":true,"href":"https:\/\/www.batir-en-alu.fr\/metiers\/wp-json\/wp\/v2\/categorie_metier?post=237"}],"curies":[{"name":"wp","href":"https:\/\/api.w.org\/{rel}","templated":true}]}}