{"id":232,"date":"2022-08-08T11:56:08","date_gmt":"2022-08-08T09:56:08","guid":{"rendered":"https:\/\/www.batir-en-alu.fr\/metiers\/?page_id=232"},"modified":"2025-05-28T15:00:52","modified_gmt":"2025-05-28T13:00:52","slug":"les-concours","status":"publish","type":"page","link":"https:\/\/www.batir-en-alu.fr\/metiers\/la-filiere-aluminium\/les-concours\/","title":{"rendered":"Les concours"},"content":{"rendered":"\t\t<div data-elementor-type=\"wp-page\" data-elementor-id=\"232\" class=\"elementor elementor-232\">\n\t\t\t\t\t\t<div class=\"elementor-inner\">\n\t\t\t\t<div class=\"elementor-section-wrap\">\n\t\t\t\t\t\t\t\t\t<section class=\"elementor-section elementor-top-section elementor-element elementor-element-cad06b9 s-mob-bg-white elementor-section-content-middle elementor-reverse-mobile elementor-section-boxed elementor-section-height-default elementor-section-height-default\" data-id=\"cad06b9\" data-element_type=\"section\" data-settings=\"{&quot;background_background&quot;:&quot;gradient&quot;}\">\n\t\t\t\t\t\t<div class=\"elementor-container elementor-column-gap-extended\">\n\t\t\t\t\t\t\t<div class=\"elementor-row\">\n\t\t\t\t\t<div class=\"elementor-column elementor-col-50 elementor-top-column elementor-element elementor-element-0807248\" data-id=\"0807248\" data-element_type=\"column\">\n\t\t\t<div class=\"elementor-column-wrap elementor-element-populated\">\n\t\t\t\t\t\t\t<div class=\"elementor-widget-wrap\">\n\t\t\t\t\t\t<div class=\"elementor-element elementor-element-42e3170 elementor-widget elementor-widget-heading\" data-id=\"42e3170\" data-element_type=\"widget\" data-widget_type=\"heading.default\">\n\t\t\t\t<div class=\"elementor-widget-container\">\n\t\t\t<h1 class=\"elementor-heading-title elementor-size-default\">Les concours Menuiserie Aluminium<\/h1>\t\t<\/div>\n\t\t\t\t<\/div>\n\t\t\t\t<div class=\"elementor-element elementor-element-caee0f0 elementor-widget elementor-widget-text-editor\" data-id=\"caee0f0\" data-element_type=\"widget\" data-widget_type=\"text-editor.default\">\n\t\t\t\t<div class=\"elementor-widget-container\">\n\t\t\t\t\t\t\t\t<div class=\"elementor-text-editor elementor-clearfix\">\n\t\t\t\t<p>La menuiserie aluminium demande de la pr\u00e9cision, de la dext\u00e9rit\u00e9 et de la cr\u00e9ativit\u00e9. En plus de se former, les \u00e9tudiants peuvent s\u2019affronter lors de concours connus, pour certains, dans le monde entier.<\/p><p>Ces \u00e9preuves mettent en comp\u00e9tition des jeunes talentueux et passionn\u00e9s qui pratiquent leur futur m\u00e9tier comme un art d\u2019excellence.<\/p><p>Int\u00e9grez cette unit\u00e9 d\u2019\u00e9lite !<\/p>\t\t\t\t\t<\/div>\n\t\t\t\t\t\t<\/div>\n\t\t\t\t<\/div>\n\t\t\t\t\t\t<\/div>\n\t\t\t\t\t<\/div>\n\t\t<\/div>\n\t\t\t\t<div class=\"elementor-column elementor-col-50 elementor-top-column elementor-element elementor-element-a276b05\" data-id=\"a276b05\" data-element_type=\"column\">\n\t\t\t<div class=\"elementor-column-wrap elementor-element-populated\">\n\t\t\t\t\t\t\t<div class=\"elementor-widget-wrap\">\n\t\t\t\t\t\t<div class=\"elementor-element elementor-element-35eda4b w-full-bleed elementor-widget elementor-widget-image\" data-id=\"35eda4b\" data-element_type=\"widget\" data-widget_type=\"image.default\">\n\t\t\t\t<div class=\"elementor-widget-container\">\n\t\t\t\t\t\t\t\t<div class=\"elementor-image\">\n\t\t\t\t\t\t\t\t\t\t\t\t<img loading=\"lazy\" decoding=\"async\" width=\"461\" height=\"448\" src=\"https:\/\/www.batir-en-alu.fr\/metiers\/wp-content\/uploads\/sites\/2\/2022\/09\/20200702_092913-carre.jpg\" class=\"attachment-large size-large\" alt=\"Les concours Menuiserie Aluminium\" srcset=\"https:\/\/www.batir-en-alu.fr\/metiers\/wp-content\/uploads\/sites\/2\/2022\/09\/20200702_092913-carre.jpg 461w, https:\/\/www.batir-en-alu.fr\/metiers\/wp-content\/uploads\/sites\/2\/2022\/09\/20200702_092913-carre-300x292.jpg 300w\" sizes=\"auto, (max-width: 461px) 100vw, 461px\" \/>\t\t\t\t\t\t\t\t\t\t\t\t\t\t<\/div>\n\t\t\t\t\t\t<\/div>\n\t\t\t\t<\/div>\n\t\t\t\t\t\t<\/div>\n\t\t\t\t\t<\/div>\n\t\t<\/div>\n\t\t\t\t\t\t\t\t<\/div>\n\t\t\t\t\t<\/div>\n\t\t<\/section>\n\t\t\t\t<section class=\"elementor-section elementor-top-section elementor-element elementor-element-842686b elementor-section-boxed elementor-section-height-default elementor-section-height-default\" data-id=\"842686b\" data-element_type=\"section\">\n\t\t\t\t\t\t<div class=\"elementor-container elementor-column-gap-default\">\n\t\t\t\t\t\t\t<div class=\"elementor-row\">\n\t\t\t\t\t<div class=\"elementor-column elementor-col-100 elementor-top-column elementor-element elementor-element-cf2c41f\" data-id=\"cf2c41f\" data-element_type=\"column\">\n\t\t\t<div class=\"elementor-column-wrap elementor-element-populated\">\n\t\t\t\t\t\t\t<div class=\"elementor-widget-wrap\">\n\t\t\t\t\t\t<div class=\"elementor-element elementor-element-e6f0415 w-underline w-underline--blue2 w-mw-800 elementor-widget elementor-widget-heading\" data-id=\"e6f0415\" data-element_type=\"widget\" data-widget_type=\"heading.default\">\n\t\t\t\t<div class=\"elementor-widget-container\">\n\t\t\t<h2 class=\"elementor-heading-title elementor-size-default\">LES WORLDSKILLS<\/h2>\t\t<\/div>\n\t\t\t\t<\/div>\n\t\t\t\t\t\t<\/div>\n\t\t\t\t\t<\/div>\n\t\t<\/div>\n\t\t\t\t\t\t\t\t<\/div>\n\t\t\t\t\t<\/div>\n\t\t<\/section>\n\t\t\t\t<section class=\"elementor-section elementor-top-section elementor-element elementor-element-df72368 elementor-reverse-mobile elementor-section-boxed elementor-section-height-default elementor-section-height-default\" data-id=\"df72368\" data-element_type=\"section\">\n\t\t\t\t\t\t<div class=\"elementor-container elementor-column-gap-extended\">\n\t\t\t\t\t\t\t<div class=\"elementor-row\">\n\t\t\t\t\t<div class=\"elementor-column elementor-col-50 elementor-top-column elementor-element elementor-element-0161214\" data-id=\"0161214\" data-element_type=\"column\">\n\t\t\t<div class=\"elementor-column-wrap elementor-element-populated\">\n\t\t\t\t\t\t\t<div class=\"elementor-widget-wrap\">\n\t\t\t\t\t\t<div class=\"elementor-element elementor-element-0ebe51a elementor-widget elementor-widget-image\" data-id=\"0ebe51a\" data-element_type=\"widget\" data-widget_type=\"image.default\">\n\t\t\t\t<div class=\"elementor-widget-container\">\n\t\t\t\t\t\t\t\t<div class=\"elementor-image\">\n\t\t\t\t\t\t\t\t\t\t\t\t<img loading=\"lazy\" decoding=\"async\" width=\"444\" height=\"306\" src=\"https:\/\/www.batir-en-alu.fr\/metiers\/wp-content\/uploads\/sites\/2\/2022\/09\/worldskills-logo.jpg\" class=\"attachment-large size-large\" alt=\"WorldSkills\" srcset=\"https:\/\/www.batir-en-alu.fr\/metiers\/wp-content\/uploads\/sites\/2\/2022\/09\/worldskills-logo.jpg 444w, https:\/\/www.batir-en-alu.fr\/metiers\/wp-content\/uploads\/sites\/2\/2022\/09\/worldskills-logo-300x207.jpg 300w\" sizes=\"auto, (max-width: 444px) 100vw, 444px\" \/>\t\t\t\t\t\t\t\t\t\t\t\t\t\t<\/div>\n\t\t\t\t\t\t<\/div>\n\t\t\t\t<\/div>\n\t\t\t\t\t\t<\/div>\n\t\t\t\t\t<\/div>\n\t\t<\/div>\n\t\t\t\t<div class=\"elementor-column elementor-col-50 elementor-top-column elementor-element elementor-element-7a935ce\" data-id=\"7a935ce\" data-element_type=\"column\">\n\t\t\t<div class=\"elementor-column-wrap elementor-element-populated\">\n\t\t\t\t\t\t\t<div class=\"elementor-widget-wrap\">\n\t\t\t\t\t\t<div class=\"elementor-element elementor-element-22a94ea elementor-widget elementor-widget-text-editor\" data-id=\"22a94ea\" data-element_type=\"widget\" data-widget_type=\"text-editor.default\">\n\t\t\t\t<div class=\"elementor-widget-container\">\n\t\t\t\t\t\t\t\t<div class=\"elementor-text-editor elementor-clearfix\">\n\t\t\t\t<p>Cr\u00e9\u00e9 en 1947, le premier Concours de formation professionnelle ouvri\u00e8re est organis\u00e9 en Espagne, \u00e0 l\u2019initiative du ministre Francisco Albert Vida. Ouvert aux jeunes en formation aux m\u00e9tiers ouvriers issus des diff\u00e9rentes provinces espagnoles, il totalise plus de 7 000 jeunes participants.<\/p><p>Depuis, la comp\u00e9tition n\u2019a cess\u00e9 de cro\u00eetre et de nombreux pays se sont joints au mouvement, dont la France en 1955. Ce concept d\u2019un concours des m\u00e9tiers, r\u00e9v\u00e9lateur de l\u2019habilet\u00e9 et des comp\u00e9tences professionnelles de chaque participant, peut \u00eatre compar\u00e9, dans le fond comme dans la forme, aux Jeux olympiques de Pierre de Coubertin. Aujourd\u2019hui, les WorldSkills, ce sont 85 pays participants qui se mettent \u00e0 l\u2019\u00e9preuve dans pr\u00e8s de cinquante m\u00e9tiers. Organis\u00e9e tous les deux ans sous l\u2019\u00e9gide de l\u2019association WorldSkills International, la WorldsKills Competition est le plus grand concours des m\u00e9tiers au monde.<\/p>\t\t\t\t\t<\/div>\n\t\t\t\t\t\t<\/div>\n\t\t\t\t<\/div>\n\t\t\t\t\t\t<\/div>\n\t\t\t\t\t<\/div>\n\t\t<\/div>\n\t\t\t\t\t\t\t\t<\/div>\n\t\t\t\t\t<\/div>\n\t\t<\/section>\n\t\t\t\t<section class=\"elementor-section elementor-top-section elementor-element elementor-element-281e374 elementor-section-boxed elementor-section-height-default elementor-section-height-default\" data-id=\"281e374\" data-element_type=\"section\">\n\t\t\t\t\t\t<div class=\"elementor-container elementor-column-gap-default\">\n\t\t\t\t\t\t\t<div class=\"elementor-row\">\n\t\t\t\t\t<div class=\"elementor-column elementor-col-100 elementor-top-column elementor-element elementor-element-25d50c3 c-mw-900\" data-id=\"25d50c3\" data-element_type=\"column\">\n\t\t\t<div class=\"elementor-column-wrap elementor-element-populated\">\n\t\t\t\t\t\t\t<div class=\"elementor-widget-wrap\">\n\t\t\t\t\t\t<div class=\"elementor-element elementor-element-16fb584 elementor-widget elementor-widget-text-editor\" data-id=\"16fb584\" data-element_type=\"widget\" data-widget_type=\"text-editor.default\">\n\t\t\t\t<div class=\"elementor-widget-container\">\n\t\t\t\t\t\t\t\t<div class=\"elementor-text-editor elementor-clearfix\">\n\t\t\t\t<p><span style=\"color: #0f5991;\"><strong>QUI PEUT PARTICIPER ?<\/strong><\/span><br \/>Tous les jeunes de moins de 26 ans quels que soient la formation et le statut : apprenti.e, en alternance, \u00e9l\u00e8ve de lyc\u00e9e professionnel, \u00e9tudiant.e, entrepreneur.se, jeune salari\u00e9\u2026<\/p><p><span style=\"color: #0f5991;\"><strong>FONCTIONNEMENT DE LA COMP\u00c9TITION<\/strong><\/span><br \/>La comp\u00e9tition d\u00e9bute par des s\u00e9lection r\u00e9gionales, puis sont organis\u00e9s les finales nationales qui conduisent aux finales internationales avec les europ\u00e9ennes (EuroSkills) et les mondiales (WorldSkills).<\/p>\t\t\t\t\t<\/div>\n\t\t\t\t\t\t<\/div>\n\t\t\t\t<\/div>\n\t\t\t\t\t\t<\/div>\n\t\t\t\t\t<\/div>\n\t\t<\/div>\n\t\t\t\t\t\t\t\t<\/div>\n\t\t\t\t\t<\/div>\n\t\t<\/section>\n\t\t\t\t<section class=\"elementor-section elementor-top-section elementor-element elementor-element-ed9b7dd elementor-section-boxed elementor-section-height-default elementor-section-height-default\" data-id=\"ed9b7dd\" data-element_type=\"section\">\n\t\t\t\t\t\t<div class=\"elementor-container elementor-column-gap-default\">\n\t\t\t\t\t\t\t<div class=\"elementor-row\">\n\t\t\t\t\t<div class=\"elementor-column elementor-col-100 elementor-top-column elementor-element elementor-element-db74778\" data-id=\"db74778\" data-element_type=\"column\">\n\t\t\t<div class=\"elementor-column-wrap elementor-element-populated\">\n\t\t\t\t\t\t\t<div class=\"elementor-widget-wrap\">\n\t\t\t\t\t\t<div class=\"elementor-element elementor-element-b2223f0 w-boxed-accordion elementor-widget elementor-widget-accordion\" data-id=\"b2223f0\" data-element_type=\"widget\" data-widget_type=\"accordion.default\">\n\t\t\t\t<div class=\"elementor-widget-container\">\n\t\t\t\t\t<div class=\"elementor-accordion\" role=\"tablist\">\n\t\t\t\t\t\t\t<div class=\"elementor-accordion-item\">\n\t\t\t\t\t<div id=\"elementor-tab-title-1861\" class=\"elementor-tab-title\" data-tab=\"1\" role=\"tab\" aria-controls=\"elementor-tab-content-1861\" aria-expanded=\"false\">\n\t\t\t\t\t\t\t\t\t\t\t\t\t<span class=\"elementor-accordion-icon elementor-accordion-icon-left\" aria-hidden=\"true\">\n\t\t\t\t\t\t\t\t\t\t\t\t\t\t\t<span class=\"elementor-accordion-icon-closed\"><i class=\"fas fa-plus\"><\/i><\/span>\n\t\t\t\t\t\t\t\t<span class=\"elementor-accordion-icon-opened\"><i class=\"fas fa-minus\"><\/i><\/span>\n\t\t\t\t\t\t\t\t\t\t\t\t\t\t<\/span>\n\t\t\t\t\t\t\t\t\t\t\t\t<a class=\"elementor-accordion-title\" href=\"\">\u00c9TAPE 1 : Les s\u00e9lections r\u00e9gionales (Olympiades des M\u00e9tiers)<\/a>\n\t\t\t\t\t<\/div>\n\t\t\t\t\t<div id=\"elementor-tab-content-1861\" class=\"elementor-tab-content elementor-clearfix\" data-tab=\"1\" role=\"tabpanel\" aria-labelledby=\"elementor-tab-title-1861\"><p>Organis\u00e9s dans les 15 r\u00e9gions de France m\u00e9tropolitaine et d\u2019outre-mer par les conseils r\u00e9gionaux ou les organisations professionnelles, supervis\u00e9es par des jurys de professionnels et d\u2019enseignants, elles s\u00e9lectionnent les meilleurs talents dans chaque m\u00e9tier.<\/p><p>Cette \u00e9tape permet aux m\u00e9daill\u00e9s d\u2019or de chaque m\u00e9tier en comp\u00e9tition d\u2019acc\u00e9der \u00e0 l\u2019\u00e9tape 2\u00a0: les finales nationales<\/p><p>Par ailleurs, c\u2019est en 2020 que s\u2019est tenue la premi\u00e8re s\u00e9lection r\u00e9gionale pour la menuiserie aluminium en <a href=\"https:\/\/www.olympiadesmetiers.fr\/metier\/menuiserie-aluminium\/\">Nouvelle Aquitaine<\/a>, ouvrant ainsi aux autres r\u00e9gions cette nouvelle discipline.<\/p><\/div>\n\t\t\t\t<\/div>\n\t\t\t\t\t\t\t<div class=\"elementor-accordion-item\">\n\t\t\t\t\t<div id=\"elementor-tab-title-1862\" class=\"elementor-tab-title\" data-tab=\"2\" role=\"tab\" aria-controls=\"elementor-tab-content-1862\" aria-expanded=\"false\">\n\t\t\t\t\t\t\t\t\t\t\t\t\t<span class=\"elementor-accordion-icon elementor-accordion-icon-left\" aria-hidden=\"true\">\n\t\t\t\t\t\t\t\t\t\t\t\t\t\t\t<span class=\"elementor-accordion-icon-closed\"><i class=\"fas fa-plus\"><\/i><\/span>\n\t\t\t\t\t\t\t\t<span class=\"elementor-accordion-icon-opened\"><i class=\"fas fa-minus\"><\/i><\/span>\n\t\t\t\t\t\t\t\t\t\t\t\t\t\t<\/span>\n\t\t\t\t\t\t\t\t\t\t\t\t<a class=\"elementor-accordion-title\" href=\"\">\u00c9TAPE 2 : Les finales nationales (Worldskills France)<\/a>\n\t\t\t\t\t<\/div>\n\t\t\t\t\t<div id=\"elementor-tab-content-1862\" class=\"elementor-tab-content elementor-clearfix\" data-tab=\"2\" role=\"tabpanel\" aria-labelledby=\"elementor-tab-title-1862\"><p>Pendant trois jours, l\u2019ensemble des champions r\u00e9gionaux se mesureront les uns aux autres. Lors de cette comp\u00e9tition ils devront faire appel \u00e0 leur savoir-faire et \u00e0 leur talent pour \u00eatre d\u00e9partag\u00e9s.<\/p><p>Les vainqueurs rentreront alors dans l\u2019\u00e9quipe de France des m\u00e9tiers et repr\u00e9senteront le drapeau tricolore lors des comp\u00e9titions europ\u00e9ennes (EuroSkills) et mondiales (WorldSkills), lors des finales internationales.<\/p><\/div>\n\t\t\t\t<\/div>\n\t\t\t\t\t\t\t<div class=\"elementor-accordion-item\">\n\t\t\t\t\t<div id=\"elementor-tab-title-1863\" class=\"elementor-tab-title\" data-tab=\"3\" role=\"tab\" aria-controls=\"elementor-tab-content-1863\" aria-expanded=\"false\">\n\t\t\t\t\t\t\t\t\t\t\t\t\t<span class=\"elementor-accordion-icon elementor-accordion-icon-left\" aria-hidden=\"true\">\n\t\t\t\t\t\t\t\t\t\t\t\t\t\t\t<span class=\"elementor-accordion-icon-closed\"><i class=\"fas fa-plus\"><\/i><\/span>\n\t\t\t\t\t\t\t\t<span class=\"elementor-accordion-icon-opened\"><i class=\"fas fa-minus\"><\/i><\/span>\n\t\t\t\t\t\t\t\t\t\t\t\t\t\t<\/span>\n\t\t\t\t\t\t\t\t\t\t\t\t<a class=\"elementor-accordion-title\" href=\"\">\u00c9TAPE 3 : Les finales internationales (EuroSkills et WorldSkills)<\/a>\n\t\t\t\t\t<\/div>\n\t\t\t\t\t<div id=\"elementor-tab-content-1863\" class=\"elementor-tab-content elementor-clearfix\" data-tab=\"3\" role=\"tabpanel\" aria-labelledby=\"elementor-tab-title-1863\"><p>Les titulaires de l&#8217;\u00e9quipe de France des m\u00e9tiers s\u00e9lectionn\u00e9s pour les comp\u00e9titions EuroSkills et WorldSkills b\u00e9n\u00e9ficient des meilleurs encadrements et accompagnements dans le cadre de leur pr\u00e9paration supervis\u00e9e par WorldSkills France et ce, d\u00e8s la fin des finales nationales. Ils pourront alors d\u00e9fendre fi\u00e8rement le savoir-faire fran\u00e7ais et leurs comp\u00e9tences m\u00e9tiers face aux autres concurrents venus du monde entier.<\/p><\/div>\n\t\t\t\t<\/div>\n\t\t\t\t\t\t\t\t<\/div>\n\t\t\t\t<\/div>\n\t\t\t\t<\/div>\n\t\t\t\t\t\t<\/div>\n\t\t\t\t\t<\/div>\n\t\t<\/div>\n\t\t\t\t\t\t\t\t<\/div>\n\t\t\t\t\t<\/div>\n\t\t<\/section>\n\t\t\t\t<section class=\"elementor-section elementor-top-section elementor-element elementor-element-2063fe7 s-white-text elementor-section-boxed elementor-section-height-default elementor-section-height-default\" data-id=\"2063fe7\" data-element_type=\"section\" data-settings=\"{&quot;background_background&quot;:&quot;classic&quot;}\">\n\t\t\t\t\t\t<div class=\"elementor-container elementor-column-gap-default\">\n\t\t\t\t\t\t\t<div class=\"elementor-row\">\n\t\t\t\t\t<div class=\"elementor-column elementor-col-100 elementor-top-column elementor-element elementor-element-201b8f5\" data-id=\"201b8f5\" data-element_type=\"column\">\n\t\t\t<div class=\"elementor-column-wrap elementor-element-populated\">\n\t\t\t\t\t\t\t<div class=\"elementor-widget-wrap\">\n\t\t\t\t\t\t<div class=\"elementor-element elementor-element-7d5de4f w-underline w-underline--blue2 elementor-widget elementor-widget-heading\" data-id=\"7d5de4f\" data-element_type=\"widget\" data-widget_type=\"heading.default\">\n\t\t\t\t<div class=\"elementor-widget-container\">\n\t\t\t<h2 class=\"elementor-heading-title elementor-size-default\">LES MAF \u2013 MEILLEURS APPRENTIS DE FRANCE<\/h2>\t\t<\/div>\n\t\t\t\t<\/div>\n\t\t\t\t\t\t<\/div>\n\t\t\t\t\t<\/div>\n\t\t<\/div>\n\t\t\t\t\t\t\t\t<\/div>\n\t\t\t\t\t<\/div>\n\t\t<\/section>\n\t\t\t\t<section class=\"elementor-section elementor-top-section elementor-element elementor-element-f88ea47 elementor-reverse-mobile s-white-text elementor-section-boxed elementor-section-height-default elementor-section-height-default\" data-id=\"f88ea47\" data-element_type=\"section\" data-settings=\"{&quot;background_background&quot;:&quot;classic&quot;}\">\n\t\t\t\t\t\t<div class=\"elementor-container elementor-column-gap-default\">\n\t\t\t\t\t\t\t<div class=\"elementor-row\">\n\t\t\t\t\t<div class=\"elementor-column elementor-col-50 elementor-top-column elementor-element elementor-element-e242234\" data-id=\"e242234\" data-element_type=\"column\">\n\t\t\t<div class=\"elementor-column-wrap elementor-element-populated\">\n\t\t\t\t\t\t\t<div class=\"elementor-widget-wrap\">\n\t\t\t\t\t\t<div class=\"elementor-element elementor-element-a046537 w-full-bleed elementor-widget elementor-widget-image\" data-id=\"a046537\" data-element_type=\"widget\" data-widget_type=\"image.default\">\n\t\t\t\t<div class=\"elementor-widget-container\">\n\t\t\t\t\t\t\t\t<div class=\"elementor-image\">\n\t\t\t\t\t\t\t\t\t\t\t\t<img loading=\"lazy\" decoding=\"async\" width=\"384\" height=\"391\" src=\"https:\/\/www.batir-en-alu.fr\/metiers\/wp-content\/uploads\/sites\/2\/2022\/09\/MAF.jpg\" class=\"attachment-large size-large\" alt=\"MAF\" srcset=\"https:\/\/www.batir-en-alu.fr\/metiers\/wp-content\/uploads\/sites\/2\/2022\/09\/MAF.jpg 384w, https:\/\/www.batir-en-alu.fr\/metiers\/wp-content\/uploads\/sites\/2\/2022\/09\/MAF-295x300.jpg 295w\" sizes=\"auto, (max-width: 384px) 100vw, 384px\" \/>\t\t\t\t\t\t\t\t\t\t\t\t\t\t<\/div>\n\t\t\t\t\t\t<\/div>\n\t\t\t\t<\/div>\n\t\t\t\t\t\t<\/div>\n\t\t\t\t\t<\/div>\n\t\t<\/div>\n\t\t\t\t<div class=\"elementor-column elementor-col-50 elementor-top-column elementor-element elementor-element-62a5dc4\" data-id=\"62a5dc4\" data-element_type=\"column\">\n\t\t\t<div class=\"elementor-column-wrap elementor-element-populated\">\n\t\t\t\t\t\t\t<div class=\"elementor-widget-wrap\">\n\t\t\t\t\t\t<div class=\"elementor-element elementor-element-aea156d w-arrow-li elementor-widget elementor-widget-text-editor\" data-id=\"aea156d\" data-element_type=\"widget\" data-widget_type=\"text-editor.default\">\n\t\t\t\t<div class=\"elementor-widget-container\">\n\t\t\t\t\t\t\t\t<div class=\"elementor-text-editor elementor-clearfix\">\n\t\t\t\t<p>Cr\u00e9\u00e9 en 1985 par le MOF Paul Labourier, \u00ab Un des Meilleurs Apprentis de France \u00bb est un concours ouvert aux jeunes \u00e2g\u00e9s de moins de 21 ans en formation CAP ou Bac Pro et provenant d\u2019\u00e9tablissements publics ou priv\u00e9s, sous statut scolaire ou sous contrat d\u2019apprentissage. Ce concours se d\u00e9roulent en trois \u00e9tapes :<\/p><ul><li>D\u00e9partementale, o\u00f9 les jurys professionnels attribuent trois m\u00e9dailles (Or, Argent et Bronze)<\/li><li>R\u00e9gionale o\u00f9 les jurys professionnels attribuent deux m\u00e9dailles (Or, Argent)<\/li><li>Nationale o\u00f9 seuls les d\u00e9tenteurs de m\u00e9dailles d\u2019or en r\u00e9gionale peuvent participer aux \u00e9preuves finales<\/li><\/ul><p>Ce concours est une incroyable opportunit\u00e9 pour les jeunes candidats de d\u00e9velopper leur savoir-faire, d\u2019affirmer leur personnalit\u00e9 et de monter en comp\u00e9tence, tout en s\u2019assurant un travail, car reconnu par les entreprises.<\/p>\t\t\t\t\t<\/div>\n\t\t\t\t\t\t<\/div>\n\t\t\t\t<\/div>\n\t\t\t\t\t\t<\/div>\n\t\t\t\t\t<\/div>\n\t\t<\/div>\n\t\t\t\t\t\t\t\t<\/div>\n\t\t\t\t\t<\/div>\n\t\t<\/section>\n\t\t\t\t\t\t\t\t\t<\/div>\n\t\t\t<\/div>\n\t\t\t\t\t<\/div>\n\t\t","protected":false},"excerpt":{"rendered":"<p>Les concours Menuiserie Aluminium La menuiserie aluminium demande de la pr\u00e9cision, de la dext\u00e9rit\u00e9 et de la cr\u00e9ativit\u00e9. En plus de se former, les \u00e9tudiants peuvent s\u2019affronter lors de concours connus, pour certains, dans le monde entier. Ces \u00e9preuves mettent en comp\u00e9tition des jeunes talentueux et passionn\u00e9s qui pratiquent leur futur m\u00e9tier comme un art [&hellip;]<\/p>\n","protected":false},"author":1,"featured_media":0,"parent":226,"menu_order":0,"comment_status":"closed","ping_status":"closed","template":"","meta":{"_acf_changed":false,"footnotes":""},"categorie_metier":[],"class_list":["post-232","page","type-page","status-publish","hentry"],"acf":[],"_links":{"self":[{"href":"https:\/\/www.batir-en-alu.fr\/metiers\/wp-json\/wp\/v2\/pages\/232","targetHints":{"allow":["GET"]}}],"collection":[{"href":"https:\/\/www.batir-en-alu.fr\/metiers\/wp-json\/wp\/v2\/pages"}],"about":[{"href":"https:\/\/www.batir-en-alu.fr\/metiers\/wp-json\/wp\/v2\/types\/page"}],"author":[{"embeddable":true,"href":"https:\/\/www.batir-en-alu.fr\/metiers\/wp-json\/wp\/v2\/users\/1"}],"replies":[{"embeddable":true,"href":"https:\/\/www.batir-en-alu.fr\/metiers\/wp-json\/wp\/v2\/comments?post=232"}],"version-history":[{"count":15,"href":"https:\/\/www.batir-en-alu.fr\/metiers\/wp-json\/wp\/v2\/pages\/232\/revisions"}],"predecessor-version":[{"id":6311,"href":"https:\/\/www.batir-en-alu.fr\/metiers\/wp-json\/wp\/v2\/pages\/232\/revisions\/6311"}],"up":[{"embeddable":true,"href":"https:\/\/www.batir-en-alu.fr\/metiers\/wp-json\/wp\/v2\/pages\/226"}],"wp:attachment":[{"href":"https:\/\/www.batir-en-alu.fr\/metiers\/wp-json\/wp\/v2\/media?parent=232"}],"wp:term":[{"taxonomy":"categorie_metier","embeddable":true,"href":"https:\/\/www.batir-en-alu.fr\/metiers\/wp-json\/wp\/v2\/categorie_metier?post=232"}],"curies":[{"name":"wp","href":"https:\/\/api.w.org\/{rel}","templated":true}]}}