{"id":226,"date":"2022-08-08T11:54:25","date_gmt":"2022-08-08T09:54:25","guid":{"rendered":"https:\/\/www.batir-en-alu.fr\/metiers\/?page_id=226"},"modified":"2025-05-28T14:52:34","modified_gmt":"2025-05-28T12:52:34","slug":"la-filiere-aluminium","status":"publish","type":"page","link":"https:\/\/www.batir-en-alu.fr\/metiers\/la-filiere-aluminium\/","title":{"rendered":"La fili\u00e8re aluminium"},"content":{"rendered":"\t\t<div data-elementor-type=\"wp-page\" data-elementor-id=\"226\" class=\"elementor elementor-226\">\n\t\t\t\t\t\t<div class=\"elementor-inner\">\n\t\t\t\t<div class=\"elementor-section-wrap\">\n\t\t\t\t\t\t\t\t\t<section class=\"elementor-section elementor-top-section elementor-element elementor-element-b5847a9 s-white-text elementor-reverse-mobile elementor-section-boxed elementor-section-height-default elementor-section-height-default\" data-id=\"b5847a9\" data-element_type=\"section\" data-settings=\"{&quot;background_background&quot;:&quot;classic&quot;}\">\n\t\t\t\t\t\t<div class=\"elementor-container elementor-column-gap-extended\">\n\t\t\t\t\t\t\t<div class=\"elementor-row\">\n\t\t\t\t\t<div class=\"elementor-column elementor-col-100 elementor-top-column elementor-element elementor-element-61135b6 c-mw-920\" data-id=\"61135b6\" data-element_type=\"column\">\n\t\t\t<div class=\"elementor-column-wrap elementor-element-populated\">\n\t\t\t\t\t\t\t<div class=\"elementor-widget-wrap\">\n\t\t\t\t\t\t<div class=\"elementor-element elementor-element-0dfdb7b elementor-widget elementor-widget-heading\" data-id=\"0dfdb7b\" data-element_type=\"widget\" data-widget_type=\"heading.default\">\n\t\t\t\t<div class=\"elementor-widget-container\">\n\t\t\t<h1 class=\"elementor-heading-title elementor-size-default\">LA FILI\u00c8RE ALUMINIUM<\/h1>\t\t<\/div>\n\t\t\t\t<\/div>\n\t\t\t\t<div class=\"elementor-element elementor-element-73632a3 elementor-widget elementor-widget-text-editor\" data-id=\"73632a3\" data-element_type=\"widget\" data-widget_type=\"text-editor.default\">\n\t\t\t\t<div class=\"elementor-widget-container\">\n\t\t\t\t\t\t\t\t<div class=\"elementor-text-editor elementor-clearfix\">\n\t\t\t\t<p>La fili\u00e8re de la menuiserie aluminium rassemble des femmes et des hommes qui con\u00e7oivent, fabriquent et installent des fen\u00eatres, portes, fa\u00e7ades, garde-corps, v\u00e9randas, pergolas, cloisons en profil\u00e9s aluminium. Ces produits embellissent notre cadre de vie !<\/p>\t\t\t\t\t<\/div>\n\t\t\t\t\t\t<\/div>\n\t\t\t\t<\/div>\n\t\t\t\t\t\t<\/div>\n\t\t\t\t\t<\/div>\n\t\t<\/div>\n\t\t\t\t\t\t\t\t<\/div>\n\t\t\t\t\t<\/div>\n\t\t<\/section>\n\t\t\t\t<section class=\"elementor-section elementor-top-section elementor-element elementor-element-a5201d0 s-space-between s-mob-bg-blue-190 elementor-section-boxed elementor-section-height-default elementor-section-height-default\" data-id=\"a5201d0\" data-element_type=\"section\" data-settings=\"{&quot;background_background&quot;:&quot;gradient&quot;}\">\n\t\t\t\t\t\t<div class=\"elementor-container elementor-column-gap-wide\">\n\t\t\t\t\t\t\t<div class=\"elementor-row\">\n\t\t\t\t\t<div class=\"elementor-column elementor-col-33 elementor-top-column elementor-element elementor-element-087e46b c-mw-332\" data-id=\"087e46b\" data-element_type=\"column\">\n\t\t\t<div class=\"elementor-column-wrap elementor-element-populated\">\n\t\t\t\t\t\t\t<div class=\"elementor-widget-wrap\">\n\t\t\t\t\t\t<div class=\"elementor-element elementor-element-e0bad43 w-btn-square w-btn-square--rounded w-btn-wbb2o elementor-widget elementor-widget-button\" data-id=\"e0bad43\" data-element_type=\"widget\" data-widget_type=\"button.default\">\n\t\t\t\t<div class=\"elementor-widget-container\">\n\t\t\t\t\t<div class=\"elementor-button-wrapper\">\n\t\t\t<a href=\"https:\/\/www.batir-en-alu.fr\/metiers\/la-filiere-aluminium\/presentation-de-la-filiere\/\" class=\"elementor-button-link elementor-button elementor-size-sm\" role=\"button\">\n\t\t\t\t\t\t<span class=\"elementor-button-content-wrapper\">\n\t\t\t\t\t\t\t<span class=\"elementor-button-icon elementor-align-icon-left\">\n\t\t\t\t<svg xmlns=\"http:\/\/www.w3.org\/2000\/svg\" width=\"138.534\" height=\"93.527\" viewBox=\"0 0 138.534 93.527\"><g id=\"Groupe_1317\" data-name=\"Groupe 1317\" transform=\"translate(-203.738 -634.733)\"><path id=\"Trac&#xE9;_216\" data-name=\"Trac&#xE9; 216\" d=\"M62.079,69.418c-2.915,1.135-6.04.1-6.977-2.312L32.067,7.888c-.937-2.413.665-5.29,3.58-6.428s6.04-.1,6.978,2.315L65.659,62.993C66.6,65.405,64.994,68.283,62.079,69.418Z\" transform=\"translate(250.698 635.5)\" fill=\"none\" stroke=\"#e1622b\" stroke-width=\"3.5\"><\/path><path id=\"Trac&#xE9;_217\" data-name=\"Trac&#xE9; 217\" d=\"M7.744,44.315a5.614,5.614,0,0,0-2.265,6.8l8.278,21.277a5.606,5.606,0,0,0,6.265,3.48L94.869,61.79,72.411,4.05Z\" transform=\"translate(210.644 640.075)\" fill=\"none\" stroke=\"#e1622b\" stroke-width=\"3.5\"><\/path><path id=\"Trac&#xE9;_218\" data-name=\"Trac&#xE9; 218\" d=\"M19.61,42.969l-9.365,3.648a2.425,2.425,0,0,1-3.14-1.38L1.165,29.964a2.429,2.429,0,0,1,1.38-3.142l9.365-3.648Z\" transform=\"translate(204.5 668.761)\" fill=\"none\" stroke=\"#e1622b\" stroke-linecap=\"round\" stroke-width=\"3.5\"><\/path><path id=\"Trac&#xE9;_219\" data-name=\"Trac&#xE9; 219\" d=\"M17.331,44.739a3.614,3.614,0,0,0,4.27,2.807l20.178-4.188a3.615,3.615,0,0,0,2.8-4.275l-1.9-9.165-27.358,5.15Z\" transform=\"translate(225.989 678.878)\" fill=\"none\" stroke=\"#e1622b\" stroke-width=\"3.5\"><\/path><line id=\"Ligne_86\" data-name=\"Ligne 86\" y1=\"7.232\" x2=\"18.565\" transform=\"translate(314.667 657.822)\" fill=\"none\" stroke=\"#e1622b\" stroke-linecap=\"round\" stroke-width=\"3.5\"><\/line><line id=\"Ligne_87\" data-name=\"Ligne 87\" x2=\"21.48\" y2=\"0.258\" transform=\"translate(319.021 676.248)\" fill=\"none\" stroke=\"#e1622b\" stroke-linecap=\"round\" stroke-width=\"3.5\"><\/line><line id=\"Ligne_88\" data-name=\"Ligne 88\" x1=\"15.653\" y2=\"14.722\" transform=\"translate(310.313 639.138)\" fill=\"none\" stroke=\"#e1622b\" stroke-linecap=\"round\" stroke-width=\"3.5\"><\/line><\/g><\/svg>\t\t\t<\/span>\n\t\t\t\t\t\t<span class=\"elementor-button-text\">Pr\u00e9sentation de la fili\u00e8re<\/span>\n\t\t<\/span>\n\t\t\t\t\t<\/a>\n\t\t<\/div>\n\t\t\t\t<\/div>\n\t\t\t\t<\/div>\n\t\t\t\t\t\t<\/div>\n\t\t\t\t\t<\/div>\n\t\t<\/div>\n\t\t\t\t<div class=\"elementor-column elementor-col-33 elementor-top-column elementor-element elementor-element-ebbdd4b c-mw-332\" data-id=\"ebbdd4b\" data-element_type=\"column\">\n\t\t\t<div class=\"elementor-column-wrap elementor-element-populated\">\n\t\t\t\t\t\t\t<div class=\"elementor-widget-wrap\">\n\t\t\t\t\t\t<div class=\"elementor-element elementor-element-6dc182a w-btn-square w-btn-square--rounded w-btn-wbb2o elementor-widget elementor-widget-button\" data-id=\"6dc182a\" data-element_type=\"widget\" data-widget_type=\"button.default\">\n\t\t\t\t<div class=\"elementor-widget-container\">\n\t\t\t\t\t<div class=\"elementor-button-wrapper\">\n\t\t\t<a href=\"https:\/\/www.batir-en-alu.fr\/metiers\/la-filiere-aluminium\/les-entreprises-de-la-filiere\/\" class=\"elementor-button-link elementor-button elementor-size-sm\" role=\"button\">\n\t\t\t\t\t\t<span class=\"elementor-button-content-wrapper\">\n\t\t\t\t\t\t\t<span class=\"elementor-button-icon elementor-align-icon-left\">\n\t\t\t\t<svg xmlns=\"http:\/\/www.w3.org\/2000\/svg\" xmlns:xlink=\"http:\/\/www.w3.org\/1999\/xlink\" width=\"143.007\" height=\"95\" viewBox=\"0 0 143.007 95\"><defs><clipPath id=\"clip-path\"><rect id=\"Rectangle_266\" data-name=\"Rectangle 266\" width=\"143.007\" height=\"95\" fill=\"none\" stroke=\"#e1622b\" stroke-width=\"3.5\"><\/rect><\/clipPath><\/defs><g id=\"Groupe_588\" data-name=\"Groupe 588\" transform=\"translate(0 0)\"><g id=\"Groupe_587\" data-name=\"Groupe 587\" transform=\"translate(0 0)\" clip-path=\"url(#clip-path)\"><rect id=\"Rectangle_264\" data-name=\"Rectangle 264\" width=\"17.333\" height=\"47.669\" transform=\"translate(102.828 10.451) rotate(-28.558)\" fill=\"none\" stroke=\"#e1622b\" stroke-linecap=\"round\" stroke-linejoin=\"round\" stroke-width=\"3.5\"><\/rect><path id=\"Trac&#xE9;_211\" data-name=\"Trac&#xE9; 211\" d=\"M77.062,2.412,99.844,44.283,92.277,55.147a26.087,26.087,0,0,1-8.91,7.969L44.99,84a6.5,6.5,0,1,1-6.214-11.419L52.1,65.335,31.166,76.728a6.5,6.5,0,1,1-6.214-11.419L45.887,53.916,17.337,69.448a6.5,6.5,0,0,1-6.214-11.415l28.549-15.54L18.737,53.89a6.5,6.5,0,1,1-6.214-11.423L21.094,37.8\" transform=\"translate(25.768 8.039)\" fill=\"none\" stroke=\"#e1622b\" stroke-linecap=\"round\" stroke-linejoin=\"round\" stroke-width=\"3.5\"><\/path><rect id=\"Rectangle_265\" data-name=\"Rectangle 265\" width=\"47.671\" height=\"17.334\" transform=\"matrix(0.241, -0.971, 0.971, 0.241, 2.169, 52.002)\" fill=\"none\" stroke=\"#e1622b\" stroke-linecap=\"round\" stroke-linejoin=\"round\" stroke-width=\"3.5\"><\/rect><path id=\"Trac&#xE9;_212\" data-name=\"Trac&#xE9; 212\" d=\"M14.449,59.863l-10.067-8.6L15.875,5,28.8,2.105a25.926,25.926,0,0,1,11.943.139l34,8.446A6.5,6.5,0,1,1,71.6,23.305L52.679,18.6a17.331,17.331,0,0,1-21,12.645L27.471,30.2\" transform=\"translate(14.608 4.918)\" fill=\"none\" stroke=\"#e1622b\" stroke-linecap=\"round\" stroke-linejoin=\"round\" stroke-width=\"3.5\"><\/path><\/g><\/g><\/svg>\t\t\t<\/span>\n\t\t\t\t\t\t<span class=\"elementor-button-text\">Les entreprises de la fili\u00e8re<\/span>\n\t\t<\/span>\n\t\t\t\t\t<\/a>\n\t\t<\/div>\n\t\t\t\t<\/div>\n\t\t\t\t<\/div>\n\t\t\t\t\t\t<\/div>\n\t\t\t\t\t<\/div>\n\t\t<\/div>\n\t\t\t\t<div class=\"elementor-column elementor-col-33 elementor-top-column elementor-element elementor-element-01a7297 c-mw-332\" data-id=\"01a7297\" data-element_type=\"column\">\n\t\t\t<div class=\"elementor-column-wrap elementor-element-populated\">\n\t\t\t\t\t\t\t<div class=\"elementor-widget-wrap\">\n\t\t\t\t\t\t<div class=\"elementor-element elementor-element-5de8d5d w-btn-square w-btn-square--rounded w-btn-wbb2o elementor-widget elementor-widget-button\" data-id=\"5de8d5d\" data-element_type=\"widget\" data-widget_type=\"button.default\">\n\t\t\t\t<div class=\"elementor-widget-container\">\n\t\t\t\t\t<div class=\"elementor-button-wrapper\">\n\t\t\t<a href=\"https:\/\/www.batir-en-alu.fr\/metiers\/la-filiere-aluminium\/les-concours\/\" class=\"elementor-button-link elementor-button elementor-size-sm\" role=\"button\">\n\t\t\t\t\t\t<span class=\"elementor-button-content-wrapper\">\n\t\t\t\t\t\t<span class=\"elementor-button-text\">Concours<\/span>\n\t\t<\/span>\n\t\t\t\t\t<\/a>\n\t\t<\/div>\n\t\t\t\t<\/div>\n\t\t\t\t<\/div>\n\t\t\t\t\t\t<\/div>\n\t\t\t\t\t<\/div>\n\t\t<\/div>\n\t\t\t\t\t\t\t\t<\/div>\n\t\t\t\t\t<\/div>\n\t\t<\/section>\n\t\t\t\t<section class=\"elementor-section elementor-top-section elementor-element elementor-element-2b27571 elementor-section-boxed elementor-section-height-default elementor-section-height-default\" data-id=\"2b27571\" data-element_type=\"section\">\n\t\t\t\t\t\t<div class=\"elementor-container elementor-column-gap-default\">\n\t\t\t\t\t\t\t<div class=\"elementor-row\">\n\t\t\t\t\t<div class=\"elementor-column elementor-col-100 elementor-top-column elementor-element elementor-element-4fc07f3\" data-id=\"4fc07f3\" data-element_type=\"column\">\n\t\t\t<div class=\"elementor-column-wrap elementor-element-populated\">\n\t\t\t\t\t\t\t<div class=\"elementor-widget-wrap\">\n\t\t\t\t\t\t<div class=\"elementor-element elementor-element-113aece w-full-bleed elementor-aspect-ratio-169 elementor-widget elementor-widget-video\" data-id=\"113aece\" data-element_type=\"widget\" data-settings=\"{&quot;youtube_url&quot;:&quot;https:\\\/\\\/www.youtube.com\\\/watch?v=fiaU7zhhQQE&amp;feature=youtu.be&quot;,&quot;video_type&quot;:&quot;youtube&quot;,&quot;controls&quot;:&quot;yes&quot;,&quot;aspect_ratio&quot;:&quot;169&quot;}\" data-widget_type=\"video.default\">\n\t\t\t\t<div class=\"elementor-widget-container\">\n\t\t\t\t\t<div class=\"elementor-wrapper elementor-fit-aspect-ratio elementor-open-inline\">\n\t\t\t<div class=\"elementor-video\"><\/div>\t\t<\/div>\n\t\t\t\t<\/div>\n\t\t\t\t<\/div>\n\t\t\t\t\t\t<\/div>\n\t\t\t\t\t<\/div>\n\t\t<\/div>\n\t\t\t\t\t\t\t\t<\/div>\n\t\t\t\t\t<\/div>\n\t\t<\/section>\n\t\t\t\t\t\t\t\t\t<\/div>\n\t\t\t<\/div>\n\t\t\t\t\t<\/div>\n\t\t","protected":false},"excerpt":{"rendered":"<p>LA FILI\u00c8RE ALUMINIUM La fili\u00e8re de la menuiserie aluminium rassemble des femmes et des hommes qui con\u00e7oivent, fabriquent et installent des fen\u00eatres, portes, fa\u00e7ades, garde-corps, v\u00e9randas, pergolas, cloisons en profil\u00e9s aluminium. Ces produits embellissent notre cadre de vie ! Pr\u00e9sentation de la fili\u00e8re Les entreprises de la fili\u00e8re Concours<\/p>\n","protected":false},"author":1,"featured_media":0,"parent":0,"menu_order":0,"comment_status":"closed","ping_status":"closed","template":"","meta":{"_acf_changed":false,"footnotes":""},"categorie_metier":[],"class_list":["post-226","page","type-page","status-publish","hentry"],"acf":[],"_links":{"self":[{"href":"https:\/\/www.batir-en-alu.fr\/metiers\/wp-json\/wp\/v2\/pages\/226","targetHints":{"allow":["GET"]}}],"collection":[{"href":"https:\/\/www.batir-en-alu.fr\/metiers\/wp-json\/wp\/v2\/pages"}],"about":[{"href":"https:\/\/www.batir-en-alu.fr\/metiers\/wp-json\/wp\/v2\/types\/page"}],"author":[{"embeddable":true,"href":"https:\/\/www.batir-en-alu.fr\/metiers\/wp-json\/wp\/v2\/users\/1"}],"replies":[{"embeddable":true,"href":"https:\/\/www.batir-en-alu.fr\/metiers\/wp-json\/wp\/v2\/comments?post=226"}],"version-history":[{"count":12,"href":"https:\/\/www.batir-en-alu.fr\/metiers\/wp-json\/wp\/v2\/pages\/226\/revisions"}],"predecessor-version":[{"id":4212,"href":"https:\/\/www.batir-en-alu.fr\/metiers\/wp-json\/wp\/v2\/pages\/226\/revisions\/4212"}],"wp:attachment":[{"href":"https:\/\/www.batir-en-alu.fr\/metiers\/wp-json\/wp\/v2\/media?parent=226"}],"wp:term":[{"taxonomy":"categorie_metier","embeddable":true,"href":"https:\/\/www.batir-en-alu.fr\/metiers\/wp-json\/wp\/v2\/categorie_metier?post=226"}],"curies":[{"name":"wp","href":"https:\/\/api.w.org\/{rel}","templated":true}]}}